{"id":108,"date":"2022-05-31T23:32:42","date_gmt":"2022-05-31T20:32:42","guid":{"rendered":"https:\/\/tekcevisa.com\/?page_id=108"},"modified":"2024-08-12T19:07:55","modified_gmt":"2024-08-12T16:07:55","slug":"ciudadania","status":"publish","type":"page","link":"https:\/\/tekcevisa.com\/es\/ciudadania\/","title":{"rendered":"Ciudadania"},"content":{"rendered":"","protected":false},"excerpt":{"rendered":"","protected":false},"author":5,"featured_media":0,"parent":0,"menu_order":0,"comment_status":"closed","ping_status":"closed","template":"","meta":{"footnotes":""},"class_list":["post-108","page","type-page","status-publish","hentry"],"yoast_head":"<!-- This site is optimized with the Yoast SEO plugin v21.9.1 - https:\/\/yoast.com\/wordpress\/plugins\/seo\/ -->\n<title>Programas de Ciudadan\u00eda - Tekce Visa<\/title>\n<meta name=\"description\" content=\"El n\u00famero de pa\u00edses con programas de ciudadan\u00eda va en aumento. Consulta nuestra p\u00e1gina para obtener m\u00e1s informaci\u00f3n y solicitar la nacionalidad.\" \/>\n<meta name=\"robots\" content=\"index, follow, max-snippet:-1, max-image-preview:large, max-video-preview:-1\" \/>\n<link rel=\"canonical\" href=\"https:\/\/tekcevisa.com\/es\/ciudadania\/\" \/>\n<meta property=\"og:locale\" content=\"tr_TR\" \/>\n<meta property=\"og:type\" content=\"article\" \/>\n<meta property=\"og:title\" content=\"Programas de Ciudadan\u00eda - Tekce Visa\" \/>\n<meta property=\"og:description\" content=\"El n\u00famero de pa\u00edses con programas de ciudadan\u00eda va en aumento. Consulta nuestra p\u00e1gina para obtener m\u00e1s informaci\u00f3n y solicitar la nacionalidad.\" \/>\n<meta property=\"og:url\" content=\"https:\/\/tekcevisa.com\/es\/ciudadania\/\" \/>\n<meta property=\"og:site_name\" content=\"Tekce Visa\" \/>\n<meta property=\"article:modified_time\" content=\"2024-08-12T16:07:55+00:00\" \/>\n<meta name=\"twitter:card\" content=\"summary_large_image\" \/>\n<script type=\"application\/ld+json\" class=\"yoast-schema-graph\">{\"@context\":\"https:\/\/schema.org\",\"@graph\":[{\"@type\":\"WebPage\",\"@id\":\"https:\/\/tekcevisa.com\/es\/ciudadania\/\",\"url\":\"https:\/\/tekcevisa.com\/es\/ciudadania\/\",\"name\":\"Programas de Ciudadan\u00eda - Tekce Visa\",\"isPartOf\":{\"@id\":\"https:\/\/tekcevisa.com\/es\/#website\"},\"datePublished\":\"2022-05-31T20:32:42+00:00\",\"dateModified\":\"2024-08-12T16:07:55+00:00\",\"description\":\"El n\u00famero de pa\u00edses con programas de ciudadan\u00eda va en aumento. Consulta nuestra p\u00e1gina para obtener m\u00e1s informaci\u00f3n y solicitar la nacionalidad.\",\"breadcrumb\":{\"@id\":\"https:\/\/tekcevisa.com\/es\/ciudadania\/#breadcrumb\"},\"inLanguage\":\"tr\",\"potentialAction\":[{\"@type\":\"ReadAction\",\"target\":[\"https:\/\/tekcevisa.com\/es\/ciudadania\/\"]}]},{\"@type\":\"BreadcrumbList\",\"@id\":\"https:\/\/tekcevisa.com\/es\/ciudadania\/#breadcrumb\",\"itemListElement\":[{\"@type\":\"ListItem\",\"position\":1,\"name\":\"Anasayfa\",\"item\":\"https:\/\/tekcevisa.com\/es\/\"},{\"@type\":\"ListItem\",\"position\":2,\"name\":\"Ciudadania\"}]},{\"@type\":\"WebSite\",\"@id\":\"https:\/\/tekcevisa.com\/es\/#website\",\"url\":\"https:\/\/tekcevisa.com\/es\/\",\"name\":\"Tekce Visa\",\"description\":\"Consultor\u00eda Jur\u00eddica Global\",\"publisher\":{\"@id\":\"https:\/\/tekcevisa.com\/es\/#organization\"},\"potentialAction\":[{\"@type\":\"SearchAction\",\"target\":{\"@type\":\"EntryPoint\",\"urlTemplate\":\"https:\/\/tekcevisa.com\/es\/?s={search_term_string}\"},\"query-input\":\"required name=search_term_string\"}],\"inLanguage\":\"tr\"},{\"@type\":\"Organization\",\"@id\":\"https:\/\/tekcevisa.com\/es\/#organization\",\"name\":\"Tekce Visa\",\"url\":\"https:\/\/tekcevisa.com\/es\/\",\"logo\":{\"@type\":\"ImageObject\",\"inLanguage\":\"tr\",\"@id\":\"https:\/\/tekcevisa.com\/es\/#\/schema\/logo\/image\/\",\"url\":\"https:\/\/tekcevisa.com\/es\/wp-content\/uploads\/2025\/08\/ah-tekce-visa-opened-1-removebg-preview.png\",\"contentUrl\":\"https:\/\/tekcevisa.com\/es\/wp-content\/uploads\/2025\/08\/ah-tekce-visa-opened-1-removebg-preview.png\",\"width\":360,\"height\":360,\"caption\":\"Tekce Visa\"},\"image\":{\"@id\":\"https:\/\/tekcevisa.com\/es\/#\/schema\/logo\/image\/\"}}]}<\/script>\n<!-- \/ Yoast SEO plugin. -->","yoast_head_json":{"title":"Programas de Ciudadan\u00eda - Tekce Visa","description":"El n\u00famero de pa\u00edses con programas de ciudadan\u00eda va en aumento. Consulta nuestra p\u00e1gina para obtener m\u00e1s informaci\u00f3n y solicitar la nacionalidad.","robots":{"index":"index","follow":"follow","max-snippet":"max-snippet:-1","max-image-preview":"max-image-preview:large","max-video-preview":"max-video-preview:-1"},"canonical":"https:\/\/tekcevisa.com\/es\/ciudadania\/","og_locale":"tr_TR","og_type":"article","og_title":"Programas de Ciudadan\u00eda - Tekce Visa","og_description":"El n\u00famero de pa\u00edses con programas de ciudadan\u00eda va en aumento. Consulta nuestra p\u00e1gina para obtener m\u00e1s informaci\u00f3n y solicitar la nacionalidad.","og_url":"https:\/\/tekcevisa.com\/es\/ciudadania\/","og_site_name":"Tekce Visa","article_modified_time":"2024-08-12T16:07:55+00:00","twitter_card":"summary_large_image","schema":{"@context":"https:\/\/schema.org","@graph":[{"@type":"WebPage","@id":"https:\/\/tekcevisa.com\/es\/ciudadania\/","url":"https:\/\/tekcevisa.com\/es\/ciudadania\/","name":"Programas de Ciudadan\u00eda - Tekce Visa","isPartOf":{"@id":"https:\/\/tekcevisa.com\/es\/#website"},"datePublished":"2022-05-31T20:32:42+00:00","dateModified":"2024-08-12T16:07:55+00:00","description":"El n\u00famero de pa\u00edses con programas de ciudadan\u00eda va en aumento. Consulta nuestra p\u00e1gina para obtener m\u00e1s informaci\u00f3n y solicitar la nacionalidad.","breadcrumb":{"@id":"https:\/\/tekcevisa.com\/es\/ciudadania\/#breadcrumb"},"inLanguage":"tr","potentialAction":[{"@type":"ReadAction","target":["https:\/\/tekcevisa.com\/es\/ciudadania\/"]}]},{"@type":"BreadcrumbList","@id":"https:\/\/tekcevisa.com\/es\/ciudadania\/#breadcrumb","itemListElement":[{"@type":"ListItem","position":1,"name":"Anasayfa","item":"https:\/\/tekcevisa.com\/es\/"},{"@type":"ListItem","position":2,"name":"Ciudadania"}]},{"@type":"WebSite","@id":"https:\/\/tekcevisa.com\/es\/#website","url":"https:\/\/tekcevisa.com\/es\/","name":"Tekce Visa","description":"Consultor\u00eda Jur\u00eddica Global","publisher":{"@id":"https:\/\/tekcevisa.com\/es\/#organization"},"potentialAction":[{"@type":"SearchAction","target":{"@type":"EntryPoint","urlTemplate":"https:\/\/tekcevisa.com\/es\/?s={search_term_string}"},"query-input":"required name=search_term_string"}],"inLanguage":"tr"},{"@type":"Organization","@id":"https:\/\/tekcevisa.com\/es\/#organization","name":"Tekce Visa","url":"https:\/\/tekcevisa.com\/es\/","logo":{"@type":"ImageObject","inLanguage":"tr","@id":"https:\/\/tekcevisa.com\/es\/#\/schema\/logo\/image\/","url":"https:\/\/tekcevisa.com\/es\/wp-content\/uploads\/2025\/08\/ah-tekce-visa-opened-1-removebg-preview.png","contentUrl":"https:\/\/tekcevisa.com\/es\/wp-content\/uploads\/2025\/08\/ah-tekce-visa-opened-1-removebg-preview.png","width":360,"height":360,"caption":"Tekce Visa"},"image":{"@id":"https:\/\/tekcevisa.com\/es\/#\/schema\/logo\/image\/"}}]}},"_links":{"self":[{"href":"https:\/\/tekcevisa.com\/es\/wp-json\/wp\/v2\/pages\/108","targetHints":{"allow":["GET"]}}],"collection":[{"href":"https:\/\/tekcevisa.com\/es\/wp-json\/wp\/v2\/pages"}],"about":[{"href":"https:\/\/tekcevisa.com\/es\/wp-json\/wp\/v2\/types\/page"}],"author":[{"embeddable":true,"href":"https:\/\/tekcevisa.com\/es\/wp-json\/wp\/v2\/users\/5"}],"replies":[{"embeddable":true,"href":"https:\/\/tekcevisa.com\/es\/wp-json\/wp\/v2\/comments?post=108"}],"version-history":[{"count":4,"href":"https:\/\/tekcevisa.com\/es\/wp-json\/wp\/v2\/pages\/108\/revisions"}],"predecessor-version":[{"id":5027,"href":"https:\/\/tekcevisa.com\/es\/wp-json\/wp\/v2\/pages\/108\/revisions\/5027"}],"wp:attachment":[{"href":"https:\/\/tekcevisa.com\/es\/wp-json\/wp\/v2\/media?parent=108"}],"curies":[{"name":"wp","href":"https:\/\/api.w.org\/{rel}","templated":true}]}}