{"id":2314,"date":"2023-02-13T23:19:14","date_gmt":"2023-02-13T20:19:14","guid":{"rendered":"https:\/\/tekcevisa.com\/?page_id=2314"},"modified":"2025-08-27T11:47:30","modified_gmt":"2025-08-27T08:47:30","slug":"malaga","status":"publish","type":"page","link":"https:\/\/tekcevisa.com\/es\/contacto\/malaga\/","title":{"rendered":"Malaga"},"content":{"rendered":"<p>Tekce Visa dispone de una oficina en M\u00e1laga para prestar servicios de consultor\u00eda en diversos campos del derecho en el extranjero. Nuestra oficina de M\u00e1laga es el hogar de nuestros consultores profesionales. Nuestro equipo tiene experiencia desde la creaci\u00f3n de empresas, solicitud de visados de oro y permisos de residencia hasta la apertura de cuentas bancarias.<\/p>\n<p>Como Tekce Visa, tenemos 2 oficinas en Espa\u00f1a. Adem\u00e1s de nuestra oficina de M\u00e1laga, tenemos una oficina en Alicante. Estas dos ubicaciones de las oficinas est\u00e1n idealmente elegidas para ser f\u00e1cilmente accesibles por nuestros clientes en las zonas m\u00e1s demandadas por los extranjeros.<\/p>\n<p>Nuestro equipo no s\u00f3lo le guiar\u00e1 a trav\u00e9s de su proceso, sino que tambi\u00e9n puede completar todo el proceso en su nombre. Con un poder notarial, puede completar su caso a distancia sin ni siquiera viajar a Espa\u00f1a.<\/p>\n<p>Si desea obtener asesoramiento jur\u00eddico en el extranjero, puede ponerse en contacto con nosotros en cualquier momento. Puede utilizar varios m\u00e9todos para iniciar su proceso de consulta. Puede enviar un correo electr\u00f3nico, llamar por tel\u00e9fono o rellenar el formulario de contacto. Nuestros expertos se pondr\u00e1n en contacto con usted lo antes posible.<\/p>\n<p>La calidad de nuestros amplios servicios se basa en los valores de nuestra empresa. Valoramos a cada uno de nuestros clientes ofreci\u00e9ndoles servicios amplios y adaptados a sus casos. Entendemos a nuestros clientes y completamos su proceso de la forma m\u00e1s r\u00e1pida y sencilla posible.<\/p>\n<p>Los profesionales de Tekce Visa saben que los procedimientos legales en el extranjero son dif\u00edciles de desafiar individualmente. Con nuestra profesionalidad y experiencia, puede completar f\u00e1cilmente todos sus procesos sin problemas y con \u00e9xito.<\/p>\n<p>Si necesita asesoramiento en diversos \u00e1mbitos, como solicitudes de ciudadan\u00eda, permisos de residencia, establecimiento de empresas o inmigraci\u00f3n, puede ponerse en contacto con nosotros en cualquier momento. Nuestro equipo de profesionales estar\u00e1 encantado de ayudarle durante su proceso legal.<\/p>\n","protected":false},"excerpt":{"rendered":"<p>Tekce Visa dispone de una oficina en M\u00e1laga para prestar<span class=\"excerpt-hellip\"> [\u2026]<\/span><\/p>\n","protected":false},"author":5,"featured_media":0,"parent":14,"menu_order":0,"comment_status":"closed","ping_status":"closed","template":"","meta":{"footnotes":""},"class_list":["post-2314","page","type-page","status-publish","hentry"],"yoast_head":"<!-- This site is optimized with the Yoast SEO plugin v21.9.1 - https:\/\/yoast.com\/wordpress\/plugins\/seo\/ -->\n<title>Malaga - Tekce Visa<\/title>\n<meta name=\"description\" content=\"Oficina M\u00e1laga: ideal para conocer al equipo de Tekce Visa. Contactos aqu\u00ed.\" \/>\n<meta name=\"robots\" content=\"index, follow, max-snippet:-1, max-image-preview:large, max-video-preview:-1\" \/>\n<link rel=\"canonical\" href=\"https:\/\/tekcevisa.com\/es\/contacto\/malaga\/\" \/>\n<meta property=\"og:locale\" content=\"tr_TR\" \/>\n<meta property=\"og:type\" content=\"article\" \/>\n<meta property=\"og:title\" content=\"Malaga - Tekce Visa\" \/>\n<meta property=\"og:description\" content=\"Oficina M\u00e1laga: ideal para conocer al equipo de Tekce Visa. Contactos aqu\u00ed.\" \/>\n<meta property=\"og:url\" content=\"https:\/\/tekcevisa.com\/es\/contacto\/malaga\/\" \/>\n<meta property=\"og:site_name\" content=\"Tekce Visa\" \/>\n<meta property=\"article:modified_time\" content=\"2025-08-27T08:47:30+00:00\" \/>\n<meta name=\"twitter:card\" content=\"summary_large_image\" \/>\n<meta name=\"twitter:label1\" content=\"Tahmini okuma s\u00fcresi\" \/>\n\t<meta name=\"twitter:data1\" content=\"2 dakika\" \/>\n<script type=\"application\/ld+json\" class=\"yoast-schema-graph\">{\"@context\":\"https:\/\/schema.org\",\"@graph\":[{\"@type\":\"WebPage\",\"@id\":\"https:\/\/tekcevisa.com\/es\/contacto\/malaga\/\",\"url\":\"https:\/\/tekcevisa.com\/es\/contacto\/malaga\/\",\"name\":\"Malaga - Tekce Visa\",\"isPartOf\":{\"@id\":\"https:\/\/tekcevisa.com\/es\/#website\"},\"datePublished\":\"2023-02-13T20:19:14+00:00\",\"dateModified\":\"2025-08-27T08:47:30+00:00\",\"description\":\"Oficina M\u00e1laga: ideal para conocer al equipo de Tekce Visa. Contactos aqu\u00ed.\",\"breadcrumb\":{\"@id\":\"https:\/\/tekcevisa.com\/es\/contacto\/malaga\/#breadcrumb\"},\"inLanguage\":\"tr\",\"potentialAction\":[{\"@type\":\"ReadAction\",\"target\":[\"https:\/\/tekcevisa.com\/es\/contacto\/malaga\/\"]}]},{\"@type\":\"BreadcrumbList\",\"@id\":\"https:\/\/tekcevisa.com\/es\/contacto\/malaga\/#breadcrumb\",\"itemListElement\":[{\"@type\":\"ListItem\",\"position\":1,\"name\":\"Anasayfa\",\"item\":\"https:\/\/tekcevisa.com\/es\/\"},{\"@type\":\"ListItem\",\"position\":2,\"name\":\"Contacto\",\"item\":\"https:\/\/tekcevisa.com\/es\/contacto\/\"},{\"@type\":\"ListItem\",\"position\":3,\"name\":\"Malaga\"}]},{\"@type\":\"WebSite\",\"@id\":\"https:\/\/tekcevisa.com\/es\/#website\",\"url\":\"https:\/\/tekcevisa.com\/es\/\",\"name\":\"Tekce Visa\",\"description\":\"Consultor\u00eda Jur\u00eddica Global\",\"publisher\":{\"@id\":\"https:\/\/tekcevisa.com\/es\/#organization\"},\"potentialAction\":[{\"@type\":\"SearchAction\",\"target\":{\"@type\":\"EntryPoint\",\"urlTemplate\":\"https:\/\/tekcevisa.com\/es\/?s={search_term_string}\"},\"query-input\":\"required name=search_term_string\"}],\"inLanguage\":\"tr\"},{\"@type\":\"Organization\",\"@id\":\"https:\/\/tekcevisa.com\/es\/#organization\",\"name\":\"Tekce Visa\",\"url\":\"https:\/\/tekcevisa.com\/es\/\",\"logo\":{\"@type\":\"ImageObject\",\"inLanguage\":\"tr\",\"@id\":\"https:\/\/tekcevisa.com\/es\/#\/schema\/logo\/image\/\",\"url\":\"https:\/\/tekcevisa.com\/es\/wp-content\/uploads\/2025\/08\/ah-tekce-visa-opened-1-removebg-preview.png\",\"contentUrl\":\"https:\/\/tekcevisa.com\/es\/wp-content\/uploads\/2025\/08\/ah-tekce-visa-opened-1-removebg-preview.png\",\"width\":360,\"height\":360,\"caption\":\"Tekce Visa\"},\"image\":{\"@id\":\"https:\/\/tekcevisa.com\/es\/#\/schema\/logo\/image\/\"}}]}<\/script>\n<!-- \/ Yoast SEO plugin. -->","yoast_head_json":{"title":"Malaga - Tekce Visa","description":"Oficina M\u00e1laga: ideal para conocer al equipo de Tekce Visa. Contactos aqu\u00ed.","robots":{"index":"index","follow":"follow","max-snippet":"max-snippet:-1","max-image-preview":"max-image-preview:large","max-video-preview":"max-video-preview:-1"},"canonical":"https:\/\/tekcevisa.com\/es\/contacto\/malaga\/","og_locale":"tr_TR","og_type":"article","og_title":"Malaga - Tekce Visa","og_description":"Oficina M\u00e1laga: ideal para conocer al equipo de Tekce Visa. Contactos aqu\u00ed.","og_url":"https:\/\/tekcevisa.com\/es\/contacto\/malaga\/","og_site_name":"Tekce Visa","article_modified_time":"2025-08-27T08:47:30+00:00","twitter_card":"summary_large_image","twitter_misc":{"Tahmini okuma s\u00fcresi":"2 dakika"},"schema":{"@context":"https:\/\/schema.org","@graph":[{"@type":"WebPage","@id":"https:\/\/tekcevisa.com\/es\/contacto\/malaga\/","url":"https:\/\/tekcevisa.com\/es\/contacto\/malaga\/","name":"Malaga - Tekce Visa","isPartOf":{"@id":"https:\/\/tekcevisa.com\/es\/#website"},"datePublished":"2023-02-13T20:19:14+00:00","dateModified":"2025-08-27T08:47:30+00:00","description":"Oficina M\u00e1laga: ideal para conocer al equipo de Tekce Visa. Contactos aqu\u00ed.","breadcrumb":{"@id":"https:\/\/tekcevisa.com\/es\/contacto\/malaga\/#breadcrumb"},"inLanguage":"tr","potentialAction":[{"@type":"ReadAction","target":["https:\/\/tekcevisa.com\/es\/contacto\/malaga\/"]}]},{"@type":"BreadcrumbList","@id":"https:\/\/tekcevisa.com\/es\/contacto\/malaga\/#breadcrumb","itemListElement":[{"@type":"ListItem","position":1,"name":"Anasayfa","item":"https:\/\/tekcevisa.com\/es\/"},{"@type":"ListItem","position":2,"name":"Contacto","item":"https:\/\/tekcevisa.com\/es\/contacto\/"},{"@type":"ListItem","position":3,"name":"Malaga"}]},{"@type":"WebSite","@id":"https:\/\/tekcevisa.com\/es\/#website","url":"https:\/\/tekcevisa.com\/es\/","name":"Tekce Visa","description":"Consultor\u00eda Jur\u00eddica Global","publisher":{"@id":"https:\/\/tekcevisa.com\/es\/#organization"},"potentialAction":[{"@type":"SearchAction","target":{"@type":"EntryPoint","urlTemplate":"https:\/\/tekcevisa.com\/es\/?s={search_term_string}"},"query-input":"required name=search_term_string"}],"inLanguage":"tr"},{"@type":"Organization","@id":"https:\/\/tekcevisa.com\/es\/#organization","name":"Tekce Visa","url":"https:\/\/tekcevisa.com\/es\/","logo":{"@type":"ImageObject","inLanguage":"tr","@id":"https:\/\/tekcevisa.com\/es\/#\/schema\/logo\/image\/","url":"https:\/\/tekcevisa.com\/es\/wp-content\/uploads\/2025\/08\/ah-tekce-visa-opened-1-removebg-preview.png","contentUrl":"https:\/\/tekcevisa.com\/es\/wp-content\/uploads\/2025\/08\/ah-tekce-visa-opened-1-removebg-preview.png","width":360,"height":360,"caption":"Tekce Visa"},"image":{"@id":"https:\/\/tekcevisa.com\/es\/#\/schema\/logo\/image\/"}}]}},"_links":{"self":[{"href":"https:\/\/tekcevisa.com\/es\/wp-json\/wp\/v2\/pages\/2314","targetHints":{"allow":["GET"]}}],"collection":[{"href":"https:\/\/tekcevisa.com\/es\/wp-json\/wp\/v2\/pages"}],"about":[{"href":"https:\/\/tekcevisa.com\/es\/wp-json\/wp\/v2\/types\/page"}],"author":[{"embeddable":true,"href":"https:\/\/tekcevisa.com\/es\/wp-json\/wp\/v2\/users\/5"}],"replies":[{"embeddable":true,"href":"https:\/\/tekcevisa.com\/es\/wp-json\/wp\/v2\/comments?post=2314"}],"version-history":[{"count":1,"href":"https:\/\/tekcevisa.com\/es\/wp-json\/wp\/v2\/pages\/2314\/revisions"}],"predecessor-version":[{"id":4604,"href":"https:\/\/tekcevisa.com\/es\/wp-json\/wp\/v2\/pages\/2314\/revisions\/4604"}],"up":[{"embeddable":true,"href":"https:\/\/tekcevisa.com\/es\/wp-json\/wp\/v2\/pages\/14"}],"wp:attachment":[{"href":"https:\/\/tekcevisa.com\/es\/wp-json\/wp\/v2\/media?parent=2314"}],"curies":[{"name":"wp","href":"https:\/\/api.w.org\/{rel}","templated":true}]}}