{"id":2473,"date":"2023-02-14T01:58:23","date_gmt":"2023-02-13T22:58:23","guid":{"rendered":"https:\/\/tekcevisa.com\/?page_id=2473"},"modified":"2025-08-27T11:53:08","modified_gmt":"2025-08-27T08:53:08","slug":"antalya","status":"publish","type":"page","link":"https:\/\/tekcevisa.com\/es\/contacto\/antalya\/","title":{"rendered":"Antalya"},"content":{"rendered":"<p>Bienvenido a la informaci\u00f3n de contacto de la oficina de Antalya de la empresa de asesor\u00eda jur\u00eddica Tekce Visa. En nuestra oficina de Antalya contamos con un equipo de abogados expertos en solicitudes de ciudadan\u00eda, permisos de residencia, inmigraci\u00f3n y derecho de sucesiones y obligaciones. Nuestro equipo est\u00e1 comprometido a darle el mejor servicio y conocimiento posible.<\/p>\n<p>Tekce Visa tiene actualmente 5 oficinas en Antalya. Estas oficinas se encuentran en Lara, Konyaalti, Alanya, Belek, y Dosemealti. Las ubicaciones de nuestras oficinas est\u00e1n idealmente decididas para acceder a todas las partes de la ciudad. Adem\u00e1s, son f\u00e1cilmente accesibles tanto en transporte p\u00fablico como privado.<\/p>\n<p>Nuestro equipo profesional en Antalya proporcionar\u00e1 todos los servicios necesarios en la consulta legal. Con nuestra consulta legal, conocer los procedimientos legales de otros pa\u00edses es muy f\u00e1cil. Nuestro equipo le guiar\u00e1 en cada paso.<\/p>\n<p>Puede ponerse en contacto con nuestra oficina en cualquier momento por tel\u00e9fono, correo electr\u00f3nico o formulario de contacto. Nuestro equipo se pondr\u00e1 en contacto con usted lo antes posible para entender su situaci\u00f3n y proporcionarle toda la informaci\u00f3n necesaria sobre el proceso. Nuestro personal fijar\u00e1 una fecha de consulta adecuada para usted.<\/p>\n<p>Nuestro valor empresarial de excelencia nos hace presentar la mejor experiencia posible a nuestros clientes desde el primer contacto. Por lo tanto, cuando usted se pone en contacto con nosotros, entendemos su situaci\u00f3n y le damos la mejor consulta para su caso.<\/p>\n<p>En Tekce Visa, sabemos que los procedimientos legales en el extranjero son un reto sin ayuda profesional. Nuestros asesores locales que hablan su idioma har\u00e1n que todo el proceso le resulte lo m\u00e1s c\u00f3modo posible.<\/p>\n<p>Para concertar una cita con nuestros asesores expertos en Antalya, puede utilizar los siguientes datos de contacto. Puede llamarnos o enviarnos un correo electr\u00f3nico, as\u00ed como visitar nuestra oficina. Estaremos encantados de ayudarle durante todo el proceso.<\/p>\n","protected":false},"excerpt":{"rendered":"<p>Bienvenido a la informaci\u00f3n de contacto de la oficina de<span class=\"excerpt-hellip\"> [\u2026]<\/span><\/p>\n","protected":false},"author":5,"featured_media":0,"parent":14,"menu_order":0,"comment_status":"closed","ping_status":"closed","template":"","meta":{"footnotes":""},"class_list":["post-2473","page","type-page","status-publish","hentry"],"yoast_head":"<!-- This site is optimized with the Yoast SEO plugin v21.9.1 - https:\/\/yoast.com\/wordpress\/plugins\/seo\/ -->\n<title>Antalya - Tekce Visa<\/title>\n<meta name=\"description\" content=\"Oficina Antalya: equipo experimentado para ofrecerle lo mejor. Contactos aqu\u00ed.\" \/>\n<meta name=\"robots\" content=\"index, follow, max-snippet:-1, max-image-preview:large, max-video-preview:-1\" \/>\n<link rel=\"canonical\" href=\"https:\/\/tekcevisa.com\/es\/contacto\/antalya\/\" \/>\n<meta property=\"og:locale\" content=\"tr_TR\" \/>\n<meta property=\"og:type\" content=\"article\" \/>\n<meta property=\"og:title\" content=\"Antalya - Tekce Visa\" \/>\n<meta property=\"og:description\" content=\"Oficina Antalya: equipo experimentado para ofrecerle lo mejor. Contactos aqu\u00ed.\" \/>\n<meta property=\"og:url\" content=\"https:\/\/tekcevisa.com\/es\/contacto\/antalya\/\" \/>\n<meta property=\"og:site_name\" content=\"Tekce Visa\" \/>\n<meta property=\"article:modified_time\" content=\"2025-08-27T08:53:08+00:00\" \/>\n<meta name=\"twitter:card\" content=\"summary_large_image\" \/>\n<meta name=\"twitter:label1\" content=\"Tahmini okuma s\u00fcresi\" \/>\n\t<meta name=\"twitter:data1\" content=\"2 dakika\" \/>\n<script type=\"application\/ld+json\" class=\"yoast-schema-graph\">{\"@context\":\"https:\/\/schema.org\",\"@graph\":[{\"@type\":\"WebPage\",\"@id\":\"https:\/\/tekcevisa.com\/es\/contacto\/antalya\/\",\"url\":\"https:\/\/tekcevisa.com\/es\/contacto\/antalya\/\",\"name\":\"Antalya - Tekce Visa\",\"isPartOf\":{\"@id\":\"https:\/\/tekcevisa.com\/es\/#website\"},\"datePublished\":\"2023-02-13T22:58:23+00:00\",\"dateModified\":\"2025-08-27T08:53:08+00:00\",\"description\":\"Oficina Antalya: equipo experimentado para ofrecerle lo mejor. Contactos aqu\u00ed.\",\"breadcrumb\":{\"@id\":\"https:\/\/tekcevisa.com\/es\/contacto\/antalya\/#breadcrumb\"},\"inLanguage\":\"tr\",\"potentialAction\":[{\"@type\":\"ReadAction\",\"target\":[\"https:\/\/tekcevisa.com\/es\/contacto\/antalya\/\"]}]},{\"@type\":\"BreadcrumbList\",\"@id\":\"https:\/\/tekcevisa.com\/es\/contacto\/antalya\/#breadcrumb\",\"itemListElement\":[{\"@type\":\"ListItem\",\"position\":1,\"name\":\"Anasayfa\",\"item\":\"https:\/\/tekcevisa.com\/es\/\"},{\"@type\":\"ListItem\",\"position\":2,\"name\":\"Contacto\",\"item\":\"https:\/\/tekcevisa.com\/es\/contacto\/\"},{\"@type\":\"ListItem\",\"position\":3,\"name\":\"Antalya\"}]},{\"@type\":\"WebSite\",\"@id\":\"https:\/\/tekcevisa.com\/es\/#website\",\"url\":\"https:\/\/tekcevisa.com\/es\/\",\"name\":\"Tekce Visa\",\"description\":\"Consultor\u00eda Jur\u00eddica Global\",\"publisher\":{\"@id\":\"https:\/\/tekcevisa.com\/es\/#organization\"},\"potentialAction\":[{\"@type\":\"SearchAction\",\"target\":{\"@type\":\"EntryPoint\",\"urlTemplate\":\"https:\/\/tekcevisa.com\/es\/?s={search_term_string}\"},\"query-input\":\"required name=search_term_string\"}],\"inLanguage\":\"tr\"},{\"@type\":\"Organization\",\"@id\":\"https:\/\/tekcevisa.com\/es\/#organization\",\"name\":\"Tekce Visa\",\"url\":\"https:\/\/tekcevisa.com\/es\/\",\"logo\":{\"@type\":\"ImageObject\",\"inLanguage\":\"tr\",\"@id\":\"https:\/\/tekcevisa.com\/es\/#\/schema\/logo\/image\/\",\"url\":\"https:\/\/tekcevisa.com\/es\/wp-content\/uploads\/2025\/08\/ah-tekce-visa-opened-1-removebg-preview.png\",\"contentUrl\":\"https:\/\/tekcevisa.com\/es\/wp-content\/uploads\/2025\/08\/ah-tekce-visa-opened-1-removebg-preview.png\",\"width\":360,\"height\":360,\"caption\":\"Tekce Visa\"},\"image\":{\"@id\":\"https:\/\/tekcevisa.com\/es\/#\/schema\/logo\/image\/\"}}]}<\/script>\n<!-- \/ Yoast SEO plugin. -->","yoast_head_json":{"title":"Antalya - Tekce Visa","description":"Oficina Antalya: equipo experimentado para ofrecerle lo mejor. Contactos aqu\u00ed.","robots":{"index":"index","follow":"follow","max-snippet":"max-snippet:-1","max-image-preview":"max-image-preview:large","max-video-preview":"max-video-preview:-1"},"canonical":"https:\/\/tekcevisa.com\/es\/contacto\/antalya\/","og_locale":"tr_TR","og_type":"article","og_title":"Antalya - Tekce Visa","og_description":"Oficina Antalya: equipo experimentado para ofrecerle lo mejor. Contactos aqu\u00ed.","og_url":"https:\/\/tekcevisa.com\/es\/contacto\/antalya\/","og_site_name":"Tekce Visa","article_modified_time":"2025-08-27T08:53:08+00:00","twitter_card":"summary_large_image","twitter_misc":{"Tahmini okuma s\u00fcresi":"2 dakika"},"schema":{"@context":"https:\/\/schema.org","@graph":[{"@type":"WebPage","@id":"https:\/\/tekcevisa.com\/es\/contacto\/antalya\/","url":"https:\/\/tekcevisa.com\/es\/contacto\/antalya\/","name":"Antalya - Tekce Visa","isPartOf":{"@id":"https:\/\/tekcevisa.com\/es\/#website"},"datePublished":"2023-02-13T22:58:23+00:00","dateModified":"2025-08-27T08:53:08+00:00","description":"Oficina Antalya: equipo experimentado para ofrecerle lo mejor. Contactos aqu\u00ed.","breadcrumb":{"@id":"https:\/\/tekcevisa.com\/es\/contacto\/antalya\/#breadcrumb"},"inLanguage":"tr","potentialAction":[{"@type":"ReadAction","target":["https:\/\/tekcevisa.com\/es\/contacto\/antalya\/"]}]},{"@type":"BreadcrumbList","@id":"https:\/\/tekcevisa.com\/es\/contacto\/antalya\/#breadcrumb","itemListElement":[{"@type":"ListItem","position":1,"name":"Anasayfa","item":"https:\/\/tekcevisa.com\/es\/"},{"@type":"ListItem","position":2,"name":"Contacto","item":"https:\/\/tekcevisa.com\/es\/contacto\/"},{"@type":"ListItem","position":3,"name":"Antalya"}]},{"@type":"WebSite","@id":"https:\/\/tekcevisa.com\/es\/#website","url":"https:\/\/tekcevisa.com\/es\/","name":"Tekce Visa","description":"Consultor\u00eda Jur\u00eddica Global","publisher":{"@id":"https:\/\/tekcevisa.com\/es\/#organization"},"potentialAction":[{"@type":"SearchAction","target":{"@type":"EntryPoint","urlTemplate":"https:\/\/tekcevisa.com\/es\/?s={search_term_string}"},"query-input":"required name=search_term_string"}],"inLanguage":"tr"},{"@type":"Organization","@id":"https:\/\/tekcevisa.com\/es\/#organization","name":"Tekce Visa","url":"https:\/\/tekcevisa.com\/es\/","logo":{"@type":"ImageObject","inLanguage":"tr","@id":"https:\/\/tekcevisa.com\/es\/#\/schema\/logo\/image\/","url":"https:\/\/tekcevisa.com\/es\/wp-content\/uploads\/2025\/08\/ah-tekce-visa-opened-1-removebg-preview.png","contentUrl":"https:\/\/tekcevisa.com\/es\/wp-content\/uploads\/2025\/08\/ah-tekce-visa-opened-1-removebg-preview.png","width":360,"height":360,"caption":"Tekce Visa"},"image":{"@id":"https:\/\/tekcevisa.com\/es\/#\/schema\/logo\/image\/"}}]}},"_links":{"self":[{"href":"https:\/\/tekcevisa.com\/es\/wp-json\/wp\/v2\/pages\/2473","targetHints":{"allow":["GET"]}}],"collection":[{"href":"https:\/\/tekcevisa.com\/es\/wp-json\/wp\/v2\/pages"}],"about":[{"href":"https:\/\/tekcevisa.com\/es\/wp-json\/wp\/v2\/types\/page"}],"author":[{"embeddable":true,"href":"https:\/\/tekcevisa.com\/es\/wp-json\/wp\/v2\/users\/5"}],"replies":[{"embeddable":true,"href":"https:\/\/tekcevisa.com\/es\/wp-json\/wp\/v2\/comments?post=2473"}],"version-history":[{"count":1,"href":"https:\/\/tekcevisa.com\/es\/wp-json\/wp\/v2\/pages\/2473\/revisions"}],"predecessor-version":[{"id":4615,"href":"https:\/\/tekcevisa.com\/es\/wp-json\/wp\/v2\/pages\/2473\/revisions\/4615"}],"up":[{"embeddable":true,"href":"https:\/\/tekcevisa.com\/es\/wp-json\/wp\/v2\/pages\/14"}],"wp:attachment":[{"href":"https:\/\/tekcevisa.com\/es\/wp-json\/wp\/v2\/media?parent=2473"}],"curies":[{"name":"wp","href":"https:\/\/api.w.org\/{rel}","templated":true}]}}