{"id":2488,"date":"2023-02-14T02:11:51","date_gmt":"2023-02-13T23:11:51","guid":{"rendered":"https:\/\/tekcevisa.com\/?page_id=2488"},"modified":"2025-08-27T11:37:22","modified_gmt":"2025-08-27T08:37:22","slug":"girne","status":"publish","type":"page","link":"https:\/\/tekcevisa.com\/es\/contacto\/girne\/","title":{"rendered":"Girne"},"content":{"rendered":"<p>Bienvenido a la p\u00e1gina de contacto de la oficina de Tekce Visa en el norte de Chipre. Nuestro equipo de expertos en la oficina de Chipre del Norte Girne presenta la m\u00e1s alta calidad de servicios de consulta legal internacional y est\u00e1 listo para proporcionar soluciones para sus asuntos legales.<\/p>\n<p>El equipo profesional de Tekce Visa se compone de abogados especializados con a\u00f1os de experiencia y expertos locales. Ofrecemos soluciones adecuadas para una amplia gama de asuntos legales relacionados con vivir o hacer una inversi\u00f3n en el norte de Chipre. Nuestros servicios incluyen la apertura de cuentas bancarias, la adquisici\u00f3n del n\u00famero de identificaci\u00f3n fiscal, el traspaso de propiedades, el establecimiento de empresas, la exenci\u00f3n de impuestos, el asesoramiento sobre herencias y mucho m\u00e1s.<\/p>\n<p>Como equipo de asesores jur\u00eddicos con a\u00f1os de experiencia en transacciones financieras internacionales transacciones financieras internacionales, inversiones en el extranjero y otros asuntos legales relacionados, entendemos que la gesti\u00f3n de los procedimientos legales para estos asuntos en un pa\u00eds extranjero puede parecer complicada. Nuestros expertos multiling\u00fces le guiar\u00e1n a trav\u00e9s de todos los procedimientos y le garantizar\u00e1n soluciones eficaces para sus asuntos legales.<\/p>\n<p>Nuestra oficina de Girne, en el norte de Chipre, est\u00e1 situada en la zona de Be\u015fparmaklar de Girne, una popular zona rodeada de numerosos complejos vacacionales y clubes de playa. Nuestra oficina de Girne est\u00e1 situada justo al lado de la autopista principal y es f\u00e1cilmente accesible. No dude en pasar por nuestra oficina para una consulta cara a cara y una taza de caf\u00e9.<\/p>\n<p>Tambi\u00e9n puede ponerse en contacto con nosotros f\u00e1cilmente por tel\u00e9fono, correo electr\u00f3nico o rellenando el formulario de contacto de esta p\u00e1gina para concertar una consulta en el momento que m\u00e1s le convenga. Estamos esperando su llamada.<\/p>\n","protected":false},"excerpt":{"rendered":"<p>Bienvenido a la p\u00e1gina de contacto de la oficina de<span class=\"excerpt-hellip\"> [\u2026]<\/span><\/p>\n","protected":false},"author":5,"featured_media":0,"parent":14,"menu_order":0,"comment_status":"closed","ping_status":"closed","template":"","meta":{"footnotes":""},"class_list":["post-2488","page","type-page","status-publish","hentry"],"yoast_head":"<!-- This site is optimized with the Yoast SEO plugin v21.9.1 - https:\/\/yoast.com\/wordpress\/plugins\/seo\/ -->\n<title>Girne - Tekce Visa<\/title>\n<meta name=\"description\" content=\"Tekce Visa Girne, Chipre: equipo experto. Ver contactos detallados aqu\u00ed.\" \/>\n<meta name=\"robots\" content=\"index, follow, max-snippet:-1, max-image-preview:large, max-video-preview:-1\" \/>\n<link rel=\"canonical\" href=\"https:\/\/tekcevisa.com\/es\/contacto\/girne\/\" \/>\n<meta property=\"og:locale\" content=\"tr_TR\" \/>\n<meta property=\"og:type\" content=\"article\" \/>\n<meta property=\"og:title\" content=\"Girne - Tekce Visa\" \/>\n<meta property=\"og:description\" content=\"Tekce Visa Girne, Chipre: equipo experto. Ver contactos detallados aqu\u00ed.\" \/>\n<meta property=\"og:url\" content=\"https:\/\/tekcevisa.com\/es\/contacto\/girne\/\" \/>\n<meta property=\"og:site_name\" content=\"Tekce Visa\" \/>\n<meta property=\"article:modified_time\" content=\"2025-08-27T08:37:22+00:00\" \/>\n<meta name=\"twitter:card\" content=\"summary_large_image\" \/>\n<meta name=\"twitter:label1\" content=\"Tahmini okuma s\u00fcresi\" \/>\n\t<meta name=\"twitter:data1\" content=\"2 dakika\" \/>\n<script type=\"application\/ld+json\" class=\"yoast-schema-graph\">{\"@context\":\"https:\/\/schema.org\",\"@graph\":[{\"@type\":\"WebPage\",\"@id\":\"https:\/\/tekcevisa.com\/es\/contacto\/girne\/\",\"url\":\"https:\/\/tekcevisa.com\/es\/contacto\/girne\/\",\"name\":\"Girne - Tekce Visa\",\"isPartOf\":{\"@id\":\"https:\/\/tekcevisa.com\/es\/#website\"},\"datePublished\":\"2023-02-13T23:11:51+00:00\",\"dateModified\":\"2025-08-27T08:37:22+00:00\",\"description\":\"Tekce Visa Girne, Chipre: equipo experto. Ver contactos detallados aqu\u00ed.\",\"breadcrumb\":{\"@id\":\"https:\/\/tekcevisa.com\/es\/contacto\/girne\/#breadcrumb\"},\"inLanguage\":\"tr\",\"potentialAction\":[{\"@type\":\"ReadAction\",\"target\":[\"https:\/\/tekcevisa.com\/es\/contacto\/girne\/\"]}]},{\"@type\":\"BreadcrumbList\",\"@id\":\"https:\/\/tekcevisa.com\/es\/contacto\/girne\/#breadcrumb\",\"itemListElement\":[{\"@type\":\"ListItem\",\"position\":1,\"name\":\"Anasayfa\",\"item\":\"https:\/\/tekcevisa.com\/es\/\"},{\"@type\":\"ListItem\",\"position\":2,\"name\":\"Contacto\",\"item\":\"https:\/\/tekcevisa.com\/es\/contacto\/\"},{\"@type\":\"ListItem\",\"position\":3,\"name\":\"Girne\"}]},{\"@type\":\"WebSite\",\"@id\":\"https:\/\/tekcevisa.com\/es\/#website\",\"url\":\"https:\/\/tekcevisa.com\/es\/\",\"name\":\"Tekce Visa\",\"description\":\"Consultor\u00eda Jur\u00eddica Global\",\"publisher\":{\"@id\":\"https:\/\/tekcevisa.com\/es\/#organization\"},\"potentialAction\":[{\"@type\":\"SearchAction\",\"target\":{\"@type\":\"EntryPoint\",\"urlTemplate\":\"https:\/\/tekcevisa.com\/es\/?s={search_term_string}\"},\"query-input\":\"required name=search_term_string\"}],\"inLanguage\":\"tr\"},{\"@type\":\"Organization\",\"@id\":\"https:\/\/tekcevisa.com\/es\/#organization\",\"name\":\"Tekce Visa\",\"url\":\"https:\/\/tekcevisa.com\/es\/\",\"logo\":{\"@type\":\"ImageObject\",\"inLanguage\":\"tr\",\"@id\":\"https:\/\/tekcevisa.com\/es\/#\/schema\/logo\/image\/\",\"url\":\"https:\/\/tekcevisa.com\/es\/wp-content\/uploads\/2025\/08\/ah-tekce-visa-opened-1-removebg-preview.png\",\"contentUrl\":\"https:\/\/tekcevisa.com\/es\/wp-content\/uploads\/2025\/08\/ah-tekce-visa-opened-1-removebg-preview.png\",\"width\":360,\"height\":360,\"caption\":\"Tekce Visa\"},\"image\":{\"@id\":\"https:\/\/tekcevisa.com\/es\/#\/schema\/logo\/image\/\"}}]}<\/script>\n<!-- \/ Yoast SEO plugin. -->","yoast_head_json":{"title":"Girne - Tekce Visa","description":"Tekce Visa Girne, Chipre: equipo experto. Ver contactos detallados aqu\u00ed.","robots":{"index":"index","follow":"follow","max-snippet":"max-snippet:-1","max-image-preview":"max-image-preview:large","max-video-preview":"max-video-preview:-1"},"canonical":"https:\/\/tekcevisa.com\/es\/contacto\/girne\/","og_locale":"tr_TR","og_type":"article","og_title":"Girne - Tekce Visa","og_description":"Tekce Visa Girne, Chipre: equipo experto. Ver contactos detallados aqu\u00ed.","og_url":"https:\/\/tekcevisa.com\/es\/contacto\/girne\/","og_site_name":"Tekce Visa","article_modified_time":"2025-08-27T08:37:22+00:00","twitter_card":"summary_large_image","twitter_misc":{"Tahmini okuma s\u00fcresi":"2 dakika"},"schema":{"@context":"https:\/\/schema.org","@graph":[{"@type":"WebPage","@id":"https:\/\/tekcevisa.com\/es\/contacto\/girne\/","url":"https:\/\/tekcevisa.com\/es\/contacto\/girne\/","name":"Girne - Tekce Visa","isPartOf":{"@id":"https:\/\/tekcevisa.com\/es\/#website"},"datePublished":"2023-02-13T23:11:51+00:00","dateModified":"2025-08-27T08:37:22+00:00","description":"Tekce Visa Girne, Chipre: equipo experto. Ver contactos detallados aqu\u00ed.","breadcrumb":{"@id":"https:\/\/tekcevisa.com\/es\/contacto\/girne\/#breadcrumb"},"inLanguage":"tr","potentialAction":[{"@type":"ReadAction","target":["https:\/\/tekcevisa.com\/es\/contacto\/girne\/"]}]},{"@type":"BreadcrumbList","@id":"https:\/\/tekcevisa.com\/es\/contacto\/girne\/#breadcrumb","itemListElement":[{"@type":"ListItem","position":1,"name":"Anasayfa","item":"https:\/\/tekcevisa.com\/es\/"},{"@type":"ListItem","position":2,"name":"Contacto","item":"https:\/\/tekcevisa.com\/es\/contacto\/"},{"@type":"ListItem","position":3,"name":"Girne"}]},{"@type":"WebSite","@id":"https:\/\/tekcevisa.com\/es\/#website","url":"https:\/\/tekcevisa.com\/es\/","name":"Tekce Visa","description":"Consultor\u00eda Jur\u00eddica Global","publisher":{"@id":"https:\/\/tekcevisa.com\/es\/#organization"},"potentialAction":[{"@type":"SearchAction","target":{"@type":"EntryPoint","urlTemplate":"https:\/\/tekcevisa.com\/es\/?s={search_term_string}"},"query-input":"required name=search_term_string"}],"inLanguage":"tr"},{"@type":"Organization","@id":"https:\/\/tekcevisa.com\/es\/#organization","name":"Tekce Visa","url":"https:\/\/tekcevisa.com\/es\/","logo":{"@type":"ImageObject","inLanguage":"tr","@id":"https:\/\/tekcevisa.com\/es\/#\/schema\/logo\/image\/","url":"https:\/\/tekcevisa.com\/es\/wp-content\/uploads\/2025\/08\/ah-tekce-visa-opened-1-removebg-preview.png","contentUrl":"https:\/\/tekcevisa.com\/es\/wp-content\/uploads\/2025\/08\/ah-tekce-visa-opened-1-removebg-preview.png","width":360,"height":360,"caption":"Tekce Visa"},"image":{"@id":"https:\/\/tekcevisa.com\/es\/#\/schema\/logo\/image\/"}}]}},"_links":{"self":[{"href":"https:\/\/tekcevisa.com\/es\/wp-json\/wp\/v2\/pages\/2488","targetHints":{"allow":["GET"]}}],"collection":[{"href":"https:\/\/tekcevisa.com\/es\/wp-json\/wp\/v2\/pages"}],"about":[{"href":"https:\/\/tekcevisa.com\/es\/wp-json\/wp\/v2\/types\/page"}],"author":[{"embeddable":true,"href":"https:\/\/tekcevisa.com\/es\/wp-json\/wp\/v2\/users\/5"}],"replies":[{"embeddable":true,"href":"https:\/\/tekcevisa.com\/es\/wp-json\/wp\/v2\/comments?post=2488"}],"version-history":[{"count":1,"href":"https:\/\/tekcevisa.com\/es\/wp-json\/wp\/v2\/pages\/2488\/revisions"}],"predecessor-version":[{"id":4595,"href":"https:\/\/tekcevisa.com\/es\/wp-json\/wp\/v2\/pages\/2488\/revisions\/4595"}],"up":[{"embeddable":true,"href":"https:\/\/tekcevisa.com\/es\/wp-json\/wp\/v2\/pages\/14"}],"wp:attachment":[{"href":"https:\/\/tekcevisa.com\/es\/wp-json\/wp\/v2\/media?parent=2488"}],"curies":[{"name":"wp","href":"https:\/\/api.w.org\/{rel}","templated":true}]}}