{"id":2499,"date":"2023-02-14T02:58:27","date_gmt":"2023-02-13T23:58:27","guid":{"rendered":"https:\/\/tekcevisa.com\/?page_id=2499"},"modified":"2025-08-27T11:54:55","modified_gmt":"2025-08-27T08:54:55","slug":"alicante","status":"publish","type":"page","link":"https:\/\/tekcevisa.com\/es\/contacto\/alicante\/","title":{"rendered":"Alicante"},"content":{"rendered":"<p>Esta es la oficina de Alicante de Tekce Visa, el lugar donde sus sue\u00f1os se hacen realidad. En nuestra oficina de Alicante, nuestros visitantes tienen la oportunidad de ponerse en contacto con los abogados y expertos legales m\u00e1s profesionales de Espa\u00f1a.<\/p>\n<p>Nuestro entusiasta equipo est\u00e1 deseoso de ofrecer los servicios de consultor\u00eda m\u00e1s exclusivos con sus profundos conocimientos y experiencia en la materia. Con un enfoque orientado a la soluci\u00f3n, combinado con a\u00f1os de experiencia en el \u00e1mbito jur\u00eddico de Espa\u00f1a, le aseguramos una experiencia despreocupada con sus litigios y procedimientos legales.<\/p>\n<p>Tratar con cualquier situaci\u00f3n jur\u00eddica en el extranjero puede ser confuso debido a la falta de familiaridad. Aqu\u00ed, en nuestra oficina de Alicante, nuestro objetivo es eliminar la posibilidad de un error legal en situaciones intrincadas. Prestamos servicios de asesoramiento en procedimientos jur\u00eddicos que van desde la residencia hasta la transmisi\u00f3n de la propiedad, desde el derecho de sucesiones hasta la constituci\u00f3n de empresas.<\/p>\n<p>Nuestra oficina de Alicante se encuentra a poca distancia tanto de la ciudad de Alicante como de Murcia. A pocos minutos del famoso centro comercial a cielo abierto de La Zenia Boulevard y de la playa de La Zenia de Orihuela Costa, puede llegar a nuestro despacho de Alicante en coche o en transporte p\u00fablico.<\/p>\n<p>P\u00f3ngase en contacto con nosotros o pase por nuestra oficina de Alicante para concertar una cita con nuestro equipo de expertos y compartir una taza de caf\u00e9 con leche. Esperamos tener noticias suyas.<\/p>\n","protected":false},"excerpt":{"rendered":"<p>Esta es la oficina de Alicante de Tekce Visa, el<span class=\"excerpt-hellip\"> [\u2026]<\/span><\/p>\n","protected":false},"author":5,"featured_media":0,"parent":14,"menu_order":0,"comment_status":"closed","ping_status":"closed","template":"","meta":{"footnotes":""},"class_list":["post-2499","page","type-page","status-publish","hentry"],"yoast_head":"<!-- This site is optimized with the Yoast SEO plugin v21.9.1 - https:\/\/yoast.com\/wordpress\/plugins\/seo\/ -->\n<title>Alicante - Tekce Visa<\/title>\n<meta name=\"description\" content=\"Contactos completos de la oficina de Alicante. Conozca a nuestro equipo.\" \/>\n<meta name=\"robots\" content=\"index, follow, max-snippet:-1, max-image-preview:large, max-video-preview:-1\" \/>\n<link rel=\"canonical\" href=\"https:\/\/tekcevisa.com\/es\/contacto\/alicante\/\" \/>\n<meta property=\"og:locale\" content=\"tr_TR\" \/>\n<meta property=\"og:type\" content=\"article\" \/>\n<meta property=\"og:title\" content=\"Alicante - Tekce Visa\" \/>\n<meta property=\"og:description\" content=\"Contactos completos de la oficina de Alicante. Conozca a nuestro equipo.\" \/>\n<meta property=\"og:url\" content=\"https:\/\/tekcevisa.com\/es\/contacto\/alicante\/\" \/>\n<meta property=\"og:site_name\" content=\"Tekce Visa\" \/>\n<meta property=\"article:modified_time\" content=\"2025-08-27T08:54:55+00:00\" \/>\n<meta name=\"twitter:card\" content=\"summary_large_image\" \/>\n<meta name=\"twitter:label1\" content=\"Tahmini okuma s\u00fcresi\" \/>\n\t<meta name=\"twitter:data1\" content=\"2 dakika\" \/>\n<script type=\"application\/ld+json\" class=\"yoast-schema-graph\">{\"@context\":\"https:\/\/schema.org\",\"@graph\":[{\"@type\":\"WebPage\",\"@id\":\"https:\/\/tekcevisa.com\/es\/contacto\/alicante\/\",\"url\":\"https:\/\/tekcevisa.com\/es\/contacto\/alicante\/\",\"name\":\"Alicante - Tekce Visa\",\"isPartOf\":{\"@id\":\"https:\/\/tekcevisa.com\/es\/#website\"},\"datePublished\":\"2023-02-13T23:58:27+00:00\",\"dateModified\":\"2025-08-27T08:54:55+00:00\",\"description\":\"Contactos completos de la oficina de Alicante. Conozca a nuestro equipo.\",\"breadcrumb\":{\"@id\":\"https:\/\/tekcevisa.com\/es\/contacto\/alicante\/#breadcrumb\"},\"inLanguage\":\"tr\",\"potentialAction\":[{\"@type\":\"ReadAction\",\"target\":[\"https:\/\/tekcevisa.com\/es\/contacto\/alicante\/\"]}]},{\"@type\":\"BreadcrumbList\",\"@id\":\"https:\/\/tekcevisa.com\/es\/contacto\/alicante\/#breadcrumb\",\"itemListElement\":[{\"@type\":\"ListItem\",\"position\":1,\"name\":\"Anasayfa\",\"item\":\"https:\/\/tekcevisa.com\/es\/\"},{\"@type\":\"ListItem\",\"position\":2,\"name\":\"Contacto\",\"item\":\"https:\/\/tekcevisa.com\/es\/contacto\/\"},{\"@type\":\"ListItem\",\"position\":3,\"name\":\"Alicante\"}]},{\"@type\":\"WebSite\",\"@id\":\"https:\/\/tekcevisa.com\/es\/#website\",\"url\":\"https:\/\/tekcevisa.com\/es\/\",\"name\":\"Tekce Visa\",\"description\":\"Consultor\u00eda Jur\u00eddica Global\",\"publisher\":{\"@id\":\"https:\/\/tekcevisa.com\/es\/#organization\"},\"potentialAction\":[{\"@type\":\"SearchAction\",\"target\":{\"@type\":\"EntryPoint\",\"urlTemplate\":\"https:\/\/tekcevisa.com\/es\/?s={search_term_string}\"},\"query-input\":\"required name=search_term_string\"}],\"inLanguage\":\"tr\"},{\"@type\":\"Organization\",\"@id\":\"https:\/\/tekcevisa.com\/es\/#organization\",\"name\":\"Tekce Visa\",\"url\":\"https:\/\/tekcevisa.com\/es\/\",\"logo\":{\"@type\":\"ImageObject\",\"inLanguage\":\"tr\",\"@id\":\"https:\/\/tekcevisa.com\/es\/#\/schema\/logo\/image\/\",\"url\":\"https:\/\/tekcevisa.com\/es\/wp-content\/uploads\/2025\/08\/ah-tekce-visa-opened-1-removebg-preview.png\",\"contentUrl\":\"https:\/\/tekcevisa.com\/es\/wp-content\/uploads\/2025\/08\/ah-tekce-visa-opened-1-removebg-preview.png\",\"width\":360,\"height\":360,\"caption\":\"Tekce Visa\"},\"image\":{\"@id\":\"https:\/\/tekcevisa.com\/es\/#\/schema\/logo\/image\/\"}}]}<\/script>\n<!-- \/ Yoast SEO plugin. -->","yoast_head_json":{"title":"Alicante - Tekce Visa","description":"Contactos completos de la oficina de Alicante. Conozca a nuestro equipo.","robots":{"index":"index","follow":"follow","max-snippet":"max-snippet:-1","max-image-preview":"max-image-preview:large","max-video-preview":"max-video-preview:-1"},"canonical":"https:\/\/tekcevisa.com\/es\/contacto\/alicante\/","og_locale":"tr_TR","og_type":"article","og_title":"Alicante - Tekce Visa","og_description":"Contactos completos de la oficina de Alicante. Conozca a nuestro equipo.","og_url":"https:\/\/tekcevisa.com\/es\/contacto\/alicante\/","og_site_name":"Tekce Visa","article_modified_time":"2025-08-27T08:54:55+00:00","twitter_card":"summary_large_image","twitter_misc":{"Tahmini okuma s\u00fcresi":"2 dakika"},"schema":{"@context":"https:\/\/schema.org","@graph":[{"@type":"WebPage","@id":"https:\/\/tekcevisa.com\/es\/contacto\/alicante\/","url":"https:\/\/tekcevisa.com\/es\/contacto\/alicante\/","name":"Alicante - Tekce Visa","isPartOf":{"@id":"https:\/\/tekcevisa.com\/es\/#website"},"datePublished":"2023-02-13T23:58:27+00:00","dateModified":"2025-08-27T08:54:55+00:00","description":"Contactos completos de la oficina de Alicante. Conozca a nuestro equipo.","breadcrumb":{"@id":"https:\/\/tekcevisa.com\/es\/contacto\/alicante\/#breadcrumb"},"inLanguage":"tr","potentialAction":[{"@type":"ReadAction","target":["https:\/\/tekcevisa.com\/es\/contacto\/alicante\/"]}]},{"@type":"BreadcrumbList","@id":"https:\/\/tekcevisa.com\/es\/contacto\/alicante\/#breadcrumb","itemListElement":[{"@type":"ListItem","position":1,"name":"Anasayfa","item":"https:\/\/tekcevisa.com\/es\/"},{"@type":"ListItem","position":2,"name":"Contacto","item":"https:\/\/tekcevisa.com\/es\/contacto\/"},{"@type":"ListItem","position":3,"name":"Alicante"}]},{"@type":"WebSite","@id":"https:\/\/tekcevisa.com\/es\/#website","url":"https:\/\/tekcevisa.com\/es\/","name":"Tekce Visa","description":"Consultor\u00eda Jur\u00eddica Global","publisher":{"@id":"https:\/\/tekcevisa.com\/es\/#organization"},"potentialAction":[{"@type":"SearchAction","target":{"@type":"EntryPoint","urlTemplate":"https:\/\/tekcevisa.com\/es\/?s={search_term_string}"},"query-input":"required name=search_term_string"}],"inLanguage":"tr"},{"@type":"Organization","@id":"https:\/\/tekcevisa.com\/es\/#organization","name":"Tekce Visa","url":"https:\/\/tekcevisa.com\/es\/","logo":{"@type":"ImageObject","inLanguage":"tr","@id":"https:\/\/tekcevisa.com\/es\/#\/schema\/logo\/image\/","url":"https:\/\/tekcevisa.com\/es\/wp-content\/uploads\/2025\/08\/ah-tekce-visa-opened-1-removebg-preview.png","contentUrl":"https:\/\/tekcevisa.com\/es\/wp-content\/uploads\/2025\/08\/ah-tekce-visa-opened-1-removebg-preview.png","width":360,"height":360,"caption":"Tekce Visa"},"image":{"@id":"https:\/\/tekcevisa.com\/es\/#\/schema\/logo\/image\/"}}]}},"_links":{"self":[{"href":"https:\/\/tekcevisa.com\/es\/wp-json\/wp\/v2\/pages\/2499","targetHints":{"allow":["GET"]}}],"collection":[{"href":"https:\/\/tekcevisa.com\/es\/wp-json\/wp\/v2\/pages"}],"about":[{"href":"https:\/\/tekcevisa.com\/es\/wp-json\/wp\/v2\/types\/page"}],"author":[{"embeddable":true,"href":"https:\/\/tekcevisa.com\/es\/wp-json\/wp\/v2\/users\/5"}],"replies":[{"embeddable":true,"href":"https:\/\/tekcevisa.com\/es\/wp-json\/wp\/v2\/comments?post=2499"}],"version-history":[{"count":1,"href":"https:\/\/tekcevisa.com\/es\/wp-json\/wp\/v2\/pages\/2499\/revisions"}],"predecessor-version":[{"id":4600,"href":"https:\/\/tekcevisa.com\/es\/wp-json\/wp\/v2\/pages\/2499\/revisions\/4600"}],"up":[{"embeddable":true,"href":"https:\/\/tekcevisa.com\/es\/wp-json\/wp\/v2\/pages\/14"}],"wp:attachment":[{"href":"https:\/\/tekcevisa.com\/es\/wp-json\/wp\/v2\/media?parent=2499"}],"curies":[{"name":"wp","href":"https:\/\/api.w.org\/{rel}","templated":true}]}}