{"id":2512,"date":"2023-02-14T03:07:24","date_gmt":"2023-02-14T00:07:24","guid":{"rendered":"https:\/\/tekcevisa.com\/?page_id=2512"},"modified":"2025-08-27T11:47:09","modified_gmt":"2025-08-27T08:47:09","slug":"cevizlibag","status":"publish","type":"page","link":"https:\/\/tekcevisa.com\/es\/contacto\/cevizlibag\/","title":{"rendered":"Cevizliba\u011f"},"content":{"rendered":"<p>Bienvenido a la p\u00e1gina de contacto de la oficina de Tekce Visa en Estambul, Cevizlibag. En esta p\u00e1gina, usted puede encontrar toda la informaci\u00f3n de contacto para ponerse en contacto con nuestros consultores en la oficina de Cevizlibag. Nuestro equipo de profesionales con experiencia en solicitudes de residencia, ciudadan\u00eda, inmigraci\u00f3n y derecho de extranjer\u00eda se encuentra aqu\u00ed para ofrecerle los mejores servicios posibles.<\/p>\n<p>Tenemos 2 oficinas en Estambul. Mientras que la oficina de Cevizlibag est\u00e1 en el lado europeo, tenemos la oficina de Goztepe en el lado asi\u00e1tico. Al tener 2 oficinas en cada lado de Estambul, siempre estamos f\u00e1cilmente accesibles para nuestros clientes.<\/p>\n<p>Nuestro equipo de expertos en derecho en el extranjero da la mejor consultor\u00eda para asegurar %100 Felicidad para nuestros clientes. Nuestro equipo entiende sus necesidades y deseos en su situaci\u00f3n. Nuestros consultores siempre trabajan en base a cada caso para dar las soluciones m\u00e1s adaptadas.<\/p>\n<p>Puede ponerse en contacto con nuestra oficina de Cevizlibag en cualquier momento utilizando todos los m\u00e9todos posibles. Puede llamarnos, enviarnos un correo electr\u00f3nico o rellenar f\u00e1cilmente el formulario de contacto. Nos pondremos en contacto con usted lo antes posible. Tras el primer contacto, conoceremos su situaci\u00f3n y le daremos la primera informaci\u00f3n al respecto.<\/p>\n<p>Los valores de nuestra empresa se basan en la Bondad con un %100 de felicidad del cliente y la Excelencia con cero fallos. Por lo tanto, experimentar\u00e1 un asesoramiento profesional desde el primer contacto con nuestros asesores expertos.<\/p>\n<p>Entendemos que tratar con leyes extranjeras es en la mayor\u00eda de los casos un reto. Nuestros consultores profesionales que hablan en su idioma tienen a\u00f1os de experiencia en solicitudes de ciudadan\u00eda, permisos de residencia, derecho de sucesiones y obligaciones para extranjeros e inmigraci\u00f3n.<\/p>\n<p>Puede utilizar las siguientes opciones de contacto para concertar una reuni\u00f3n con nuestros asesores. Tambi\u00e9n puede visitar nuestra oficina para conocernos primero en persona. Estaremos encantados de ofrecerle los mejores servicios de consulta jur\u00eddica en el extranjero.<\/p>\n","protected":false},"excerpt":{"rendered":"<p>Bienvenido a la p\u00e1gina de contacto de la oficina de<span class=\"excerpt-hellip\"> [\u2026]<\/span><\/p>\n","protected":false},"author":5,"featured_media":0,"parent":14,"menu_order":0,"comment_status":"closed","ping_status":"closed","template":"","meta":{"footnotes":""},"class_list":["post-2512","page","type-page","status-publish","hentry"],"yoast_head":"<!-- This site is optimized with the Yoast SEO plugin v21.9.1 - https:\/\/yoast.com\/wordpress\/plugins\/seo\/ -->\n<title>Cevizliba\u011f - Tekce Visa<\/title>\n<meta name=\"description\" content=\"Oficina Cevizlibag en Estambul. Contacto detallado aqu\u00ed.\" \/>\n<meta name=\"robots\" content=\"index, follow, max-snippet:-1, max-image-preview:large, max-video-preview:-1\" \/>\n<link rel=\"canonical\" href=\"https:\/\/tekcevisa.com\/es\/contacto\/cevizlibag\/\" \/>\n<meta property=\"og:locale\" content=\"tr_TR\" \/>\n<meta property=\"og:type\" content=\"article\" \/>\n<meta property=\"og:title\" content=\"Cevizliba\u011f - Tekce Visa\" \/>\n<meta property=\"og:description\" content=\"Oficina Cevizlibag en Estambul. Contacto detallado aqu\u00ed.\" \/>\n<meta property=\"og:url\" content=\"https:\/\/tekcevisa.com\/es\/contacto\/cevizlibag\/\" \/>\n<meta property=\"og:site_name\" content=\"Tekce Visa\" \/>\n<meta property=\"article:modified_time\" content=\"2025-08-27T08:47:09+00:00\" \/>\n<meta name=\"twitter:card\" content=\"summary_large_image\" \/>\n<meta name=\"twitter:label1\" content=\"Tahmini okuma s\u00fcresi\" \/>\n\t<meta name=\"twitter:data1\" content=\"2 dakika\" \/>\n<script type=\"application\/ld+json\" class=\"yoast-schema-graph\">{\"@context\":\"https:\/\/schema.org\",\"@graph\":[{\"@type\":\"WebPage\",\"@id\":\"https:\/\/tekcevisa.com\/es\/contacto\/cevizlibag\/\",\"url\":\"https:\/\/tekcevisa.com\/es\/contacto\/cevizlibag\/\",\"name\":\"Cevizliba\u011f - Tekce Visa\",\"isPartOf\":{\"@id\":\"https:\/\/tekcevisa.com\/es\/#website\"},\"datePublished\":\"2023-02-14T00:07:24+00:00\",\"dateModified\":\"2025-08-27T08:47:09+00:00\",\"description\":\"Oficina Cevizlibag en Estambul. Contacto detallado aqu\u00ed.\",\"breadcrumb\":{\"@id\":\"https:\/\/tekcevisa.com\/es\/contacto\/cevizlibag\/#breadcrumb\"},\"inLanguage\":\"tr\",\"potentialAction\":[{\"@type\":\"ReadAction\",\"target\":[\"https:\/\/tekcevisa.com\/es\/contacto\/cevizlibag\/\"]}]},{\"@type\":\"BreadcrumbList\",\"@id\":\"https:\/\/tekcevisa.com\/es\/contacto\/cevizlibag\/#breadcrumb\",\"itemListElement\":[{\"@type\":\"ListItem\",\"position\":1,\"name\":\"Anasayfa\",\"item\":\"https:\/\/tekcevisa.com\/es\/\"},{\"@type\":\"ListItem\",\"position\":2,\"name\":\"Contacto\",\"item\":\"https:\/\/tekcevisa.com\/es\/contacto\/\"},{\"@type\":\"ListItem\",\"position\":3,\"name\":\"Cevizliba\u011f\"}]},{\"@type\":\"WebSite\",\"@id\":\"https:\/\/tekcevisa.com\/es\/#website\",\"url\":\"https:\/\/tekcevisa.com\/es\/\",\"name\":\"Tekce Visa\",\"description\":\"Consultor\u00eda Jur\u00eddica Global\",\"publisher\":{\"@id\":\"https:\/\/tekcevisa.com\/es\/#organization\"},\"potentialAction\":[{\"@type\":\"SearchAction\",\"target\":{\"@type\":\"EntryPoint\",\"urlTemplate\":\"https:\/\/tekcevisa.com\/es\/?s={search_term_string}\"},\"query-input\":\"required name=search_term_string\"}],\"inLanguage\":\"tr\"},{\"@type\":\"Organization\",\"@id\":\"https:\/\/tekcevisa.com\/es\/#organization\",\"name\":\"Tekce Visa\",\"url\":\"https:\/\/tekcevisa.com\/es\/\",\"logo\":{\"@type\":\"ImageObject\",\"inLanguage\":\"tr\",\"@id\":\"https:\/\/tekcevisa.com\/es\/#\/schema\/logo\/image\/\",\"url\":\"https:\/\/tekcevisa.com\/es\/wp-content\/uploads\/2025\/08\/ah-tekce-visa-opened-1-removebg-preview.png\",\"contentUrl\":\"https:\/\/tekcevisa.com\/es\/wp-content\/uploads\/2025\/08\/ah-tekce-visa-opened-1-removebg-preview.png\",\"width\":360,\"height\":360,\"caption\":\"Tekce Visa\"},\"image\":{\"@id\":\"https:\/\/tekcevisa.com\/es\/#\/schema\/logo\/image\/\"}}]}<\/script>\n<!-- \/ Yoast SEO plugin. -->","yoast_head_json":{"title":"Cevizliba\u011f - Tekce Visa","description":"Oficina Cevizlibag en Estambul. Contacto detallado aqu\u00ed.","robots":{"index":"index","follow":"follow","max-snippet":"max-snippet:-1","max-image-preview":"max-image-preview:large","max-video-preview":"max-video-preview:-1"},"canonical":"https:\/\/tekcevisa.com\/es\/contacto\/cevizlibag\/","og_locale":"tr_TR","og_type":"article","og_title":"Cevizliba\u011f - Tekce Visa","og_description":"Oficina Cevizlibag en Estambul. Contacto detallado aqu\u00ed.","og_url":"https:\/\/tekcevisa.com\/es\/contacto\/cevizlibag\/","og_site_name":"Tekce Visa","article_modified_time":"2025-08-27T08:47:09+00:00","twitter_card":"summary_large_image","twitter_misc":{"Tahmini okuma s\u00fcresi":"2 dakika"},"schema":{"@context":"https:\/\/schema.org","@graph":[{"@type":"WebPage","@id":"https:\/\/tekcevisa.com\/es\/contacto\/cevizlibag\/","url":"https:\/\/tekcevisa.com\/es\/contacto\/cevizlibag\/","name":"Cevizliba\u011f - Tekce Visa","isPartOf":{"@id":"https:\/\/tekcevisa.com\/es\/#website"},"datePublished":"2023-02-14T00:07:24+00:00","dateModified":"2025-08-27T08:47:09+00:00","description":"Oficina Cevizlibag en Estambul. Contacto detallado aqu\u00ed.","breadcrumb":{"@id":"https:\/\/tekcevisa.com\/es\/contacto\/cevizlibag\/#breadcrumb"},"inLanguage":"tr","potentialAction":[{"@type":"ReadAction","target":["https:\/\/tekcevisa.com\/es\/contacto\/cevizlibag\/"]}]},{"@type":"BreadcrumbList","@id":"https:\/\/tekcevisa.com\/es\/contacto\/cevizlibag\/#breadcrumb","itemListElement":[{"@type":"ListItem","position":1,"name":"Anasayfa","item":"https:\/\/tekcevisa.com\/es\/"},{"@type":"ListItem","position":2,"name":"Contacto","item":"https:\/\/tekcevisa.com\/es\/contacto\/"},{"@type":"ListItem","position":3,"name":"Cevizliba\u011f"}]},{"@type":"WebSite","@id":"https:\/\/tekcevisa.com\/es\/#website","url":"https:\/\/tekcevisa.com\/es\/","name":"Tekce Visa","description":"Consultor\u00eda Jur\u00eddica Global","publisher":{"@id":"https:\/\/tekcevisa.com\/es\/#organization"},"potentialAction":[{"@type":"SearchAction","target":{"@type":"EntryPoint","urlTemplate":"https:\/\/tekcevisa.com\/es\/?s={search_term_string}"},"query-input":"required name=search_term_string"}],"inLanguage":"tr"},{"@type":"Organization","@id":"https:\/\/tekcevisa.com\/es\/#organization","name":"Tekce Visa","url":"https:\/\/tekcevisa.com\/es\/","logo":{"@type":"ImageObject","inLanguage":"tr","@id":"https:\/\/tekcevisa.com\/es\/#\/schema\/logo\/image\/","url":"https:\/\/tekcevisa.com\/es\/wp-content\/uploads\/2025\/08\/ah-tekce-visa-opened-1-removebg-preview.png","contentUrl":"https:\/\/tekcevisa.com\/es\/wp-content\/uploads\/2025\/08\/ah-tekce-visa-opened-1-removebg-preview.png","width":360,"height":360,"caption":"Tekce Visa"},"image":{"@id":"https:\/\/tekcevisa.com\/es\/#\/schema\/logo\/image\/"}}]}},"_links":{"self":[{"href":"https:\/\/tekcevisa.com\/es\/wp-json\/wp\/v2\/pages\/2512","targetHints":{"allow":["GET"]}}],"collection":[{"href":"https:\/\/tekcevisa.com\/es\/wp-json\/wp\/v2\/pages"}],"about":[{"href":"https:\/\/tekcevisa.com\/es\/wp-json\/wp\/v2\/types\/page"}],"author":[{"embeddable":true,"href":"https:\/\/tekcevisa.com\/es\/wp-json\/wp\/v2\/users\/5"}],"replies":[{"embeddable":true,"href":"https:\/\/tekcevisa.com\/es\/wp-json\/wp\/v2\/comments?post=2512"}],"version-history":[{"count":2,"href":"https:\/\/tekcevisa.com\/es\/wp-json\/wp\/v2\/pages\/2512\/revisions"}],"predecessor-version":[{"id":4697,"href":"https:\/\/tekcevisa.com\/es\/wp-json\/wp\/v2\/pages\/2512\/revisions\/4697"}],"up":[{"embeddable":true,"href":"https:\/\/tekcevisa.com\/es\/wp-json\/wp\/v2\/pages\/14"}],"wp:attachment":[{"href":"https:\/\/tekcevisa.com\/es\/wp-json\/wp\/v2\/media?parent=2512"}],"curies":[{"name":"wp","href":"https:\/\/api.w.org\/{rel}","templated":true}]}}