{"id":2526,"date":"2023-02-14T03:19:29","date_gmt":"2023-02-14T00:19:29","guid":{"rendered":"https:\/\/tekcevisa.com\/?page_id=2526"},"modified":"2025-08-27T11:37:46","modified_gmt":"2025-08-27T08:37:46","slug":"ankara","status":"publish","type":"page","link":"https:\/\/tekcevisa.com\/es\/contacto\/ankara\/","title":{"rendered":"Ankara"},"content":{"rendered":"<p>Bienvenido a la p\u00e1gina de contacto de la oficina de Ankara de la empresa de asesor\u00eda jur\u00eddica Tekce Visa. Nuestro equipo de abogados y profesionales experimentados en Ankara se dedica a ofrecerle el m\u00e1s alto nivel de servicio y experiencia.<\/p>\n<p>Si usted est\u00e1 planeando vivir o hacer una inversi\u00f3n en Ankara y necesita asesoramiento jur\u00eddico sobre asuntos relacionados, estamos aqu\u00ed para ayudarle. Nuestro equipo tiene a\u00f1os de experiencia y puede ayudarle con una amplia gama de asuntos legales relacionados. Nuestros servicios incluyen el traspaso de propiedades, contratos de arrendamiento, solicitudes de ciudadan\u00eda y permiso de residencia a trav\u00e9s de inversiones inmobiliarias, establecimiento de empresas, obtenci\u00f3n de un n\u00famero de identificaci\u00f3n fiscal, apertura de una cuenta bancaria, exenci\u00f3n de impuestos, asesoramiento sobre herencias y mucho m\u00e1s.<\/p>\n<p>Nuestra oficina de Ankara est\u00e1 situada en pleno centro de la ciudad y es f\u00e1cilmente accesible en transporte p\u00fablico. Tambi\u00e9n puede ponerse en contacto con nuestros expertos por tel\u00e9fono, correo electr\u00f3nico o rellenando el formulario de contacto de esta p\u00e1gina. Nuestro equipo responder\u00e1 con prontitud a su consulta y programar\u00e1 una cita a su conveniencia.<\/p>\n<p>En la empresa de asesor\u00eda jur\u00eddica Tekce Visa, entendemos que mudarse a otro pa\u00eds, comprar o vender una propiedad, establecer una empresa y comenzar una nueva vida all\u00ed puede ser un proceso complejo y estresante. Por eso damos prioridad a las necesidades de nuestros clientes y trabajamos sin descanso para asegurarnos de que sus asuntos legales se resuelven con rapidez y eficacia.<\/p>\n<p>P\u00f3ngase en contacto con nosotros hoy mismo para programar una consulta con uno de nuestros abogados expertos y especialistas en Ankara. Esperamos tener noticias suyas y ayudarle con sus necesidades legales.<\/p>\n","protected":false},"excerpt":{"rendered":"<p>Bienvenido a la p\u00e1gina de contacto de la oficina de<span class=\"excerpt-hellip\"> [\u2026]<\/span><\/p>\n","protected":false},"author":5,"featured_media":0,"parent":14,"menu_order":0,"comment_status":"closed","ping_status":"closed","template":"","meta":{"footnotes":""},"class_list":["post-2526","page","type-page","status-publish","hentry"],"yoast_head":"<!-- This site is optimized with the Yoast SEO plugin v21.9.1 - https:\/\/yoast.com\/wordpress\/plugins\/seo\/ -->\n<title>Ankara - Tekce Visa<\/title>\n<meta name=\"description\" content=\"Contactos completos de Tekce Visa Ankara. Bienvenido por nuestro equipo profesional.\" \/>\n<meta name=\"robots\" content=\"index, follow, max-snippet:-1, max-image-preview:large, max-video-preview:-1\" \/>\n<link rel=\"canonical\" href=\"https:\/\/tekcevisa.com\/es\/contacto\/ankara\/\" \/>\n<meta property=\"og:locale\" content=\"tr_TR\" \/>\n<meta property=\"og:type\" content=\"article\" \/>\n<meta property=\"og:title\" content=\"Ankara - Tekce Visa\" \/>\n<meta property=\"og:description\" content=\"Contactos completos de Tekce Visa Ankara. Bienvenido por nuestro equipo profesional.\" \/>\n<meta property=\"og:url\" content=\"https:\/\/tekcevisa.com\/es\/contacto\/ankara\/\" \/>\n<meta property=\"og:site_name\" content=\"Tekce Visa\" \/>\n<meta property=\"article:modified_time\" content=\"2025-08-27T08:37:46+00:00\" \/>\n<meta name=\"twitter:card\" content=\"summary_large_image\" \/>\n<meta name=\"twitter:label1\" content=\"Tahmini okuma s\u00fcresi\" \/>\n\t<meta name=\"twitter:data1\" content=\"2 dakika\" \/>\n<script type=\"application\/ld+json\" class=\"yoast-schema-graph\">{\"@context\":\"https:\/\/schema.org\",\"@graph\":[{\"@type\":\"WebPage\",\"@id\":\"https:\/\/tekcevisa.com\/es\/contacto\/ankara\/\",\"url\":\"https:\/\/tekcevisa.com\/es\/contacto\/ankara\/\",\"name\":\"Ankara - Tekce Visa\",\"isPartOf\":{\"@id\":\"https:\/\/tekcevisa.com\/es\/#website\"},\"datePublished\":\"2023-02-14T00:19:29+00:00\",\"dateModified\":\"2025-08-27T08:37:46+00:00\",\"description\":\"Contactos completos de Tekce Visa Ankara. Bienvenido por nuestro equipo profesional.\",\"breadcrumb\":{\"@id\":\"https:\/\/tekcevisa.com\/es\/contacto\/ankara\/#breadcrumb\"},\"inLanguage\":\"tr\",\"potentialAction\":[{\"@type\":\"ReadAction\",\"target\":[\"https:\/\/tekcevisa.com\/es\/contacto\/ankara\/\"]}]},{\"@type\":\"BreadcrumbList\",\"@id\":\"https:\/\/tekcevisa.com\/es\/contacto\/ankara\/#breadcrumb\",\"itemListElement\":[{\"@type\":\"ListItem\",\"position\":1,\"name\":\"Anasayfa\",\"item\":\"https:\/\/tekcevisa.com\/es\/\"},{\"@type\":\"ListItem\",\"position\":2,\"name\":\"Contacto\",\"item\":\"https:\/\/tekcevisa.com\/es\/contacto\/\"},{\"@type\":\"ListItem\",\"position\":3,\"name\":\"Ankara\"}]},{\"@type\":\"WebSite\",\"@id\":\"https:\/\/tekcevisa.com\/es\/#website\",\"url\":\"https:\/\/tekcevisa.com\/es\/\",\"name\":\"Tekce Visa\",\"description\":\"Consultor\u00eda Jur\u00eddica Global\",\"publisher\":{\"@id\":\"https:\/\/tekcevisa.com\/es\/#organization\"},\"potentialAction\":[{\"@type\":\"SearchAction\",\"target\":{\"@type\":\"EntryPoint\",\"urlTemplate\":\"https:\/\/tekcevisa.com\/es\/?s={search_term_string}\"},\"query-input\":\"required name=search_term_string\"}],\"inLanguage\":\"tr\"},{\"@type\":\"Organization\",\"@id\":\"https:\/\/tekcevisa.com\/es\/#organization\",\"name\":\"Tekce Visa\",\"url\":\"https:\/\/tekcevisa.com\/es\/\",\"logo\":{\"@type\":\"ImageObject\",\"inLanguage\":\"tr\",\"@id\":\"https:\/\/tekcevisa.com\/es\/#\/schema\/logo\/image\/\",\"url\":\"https:\/\/tekcevisa.com\/es\/wp-content\/uploads\/2025\/08\/ah-tekce-visa-opened-1-removebg-preview.png\",\"contentUrl\":\"https:\/\/tekcevisa.com\/es\/wp-content\/uploads\/2025\/08\/ah-tekce-visa-opened-1-removebg-preview.png\",\"width\":360,\"height\":360,\"caption\":\"Tekce Visa\"},\"image\":{\"@id\":\"https:\/\/tekcevisa.com\/es\/#\/schema\/logo\/image\/\"}}]}<\/script>\n<!-- \/ Yoast SEO plugin. -->","yoast_head_json":{"title":"Ankara - Tekce Visa","description":"Contactos completos de Tekce Visa Ankara. Bienvenido por nuestro equipo profesional.","robots":{"index":"index","follow":"follow","max-snippet":"max-snippet:-1","max-image-preview":"max-image-preview:large","max-video-preview":"max-video-preview:-1"},"canonical":"https:\/\/tekcevisa.com\/es\/contacto\/ankara\/","og_locale":"tr_TR","og_type":"article","og_title":"Ankara - Tekce Visa","og_description":"Contactos completos de Tekce Visa Ankara. Bienvenido por nuestro equipo profesional.","og_url":"https:\/\/tekcevisa.com\/es\/contacto\/ankara\/","og_site_name":"Tekce Visa","article_modified_time":"2025-08-27T08:37:46+00:00","twitter_card":"summary_large_image","twitter_misc":{"Tahmini okuma s\u00fcresi":"2 dakika"},"schema":{"@context":"https:\/\/schema.org","@graph":[{"@type":"WebPage","@id":"https:\/\/tekcevisa.com\/es\/contacto\/ankara\/","url":"https:\/\/tekcevisa.com\/es\/contacto\/ankara\/","name":"Ankara - Tekce Visa","isPartOf":{"@id":"https:\/\/tekcevisa.com\/es\/#website"},"datePublished":"2023-02-14T00:19:29+00:00","dateModified":"2025-08-27T08:37:46+00:00","description":"Contactos completos de Tekce Visa Ankara. Bienvenido por nuestro equipo profesional.","breadcrumb":{"@id":"https:\/\/tekcevisa.com\/es\/contacto\/ankara\/#breadcrumb"},"inLanguage":"tr","potentialAction":[{"@type":"ReadAction","target":["https:\/\/tekcevisa.com\/es\/contacto\/ankara\/"]}]},{"@type":"BreadcrumbList","@id":"https:\/\/tekcevisa.com\/es\/contacto\/ankara\/#breadcrumb","itemListElement":[{"@type":"ListItem","position":1,"name":"Anasayfa","item":"https:\/\/tekcevisa.com\/es\/"},{"@type":"ListItem","position":2,"name":"Contacto","item":"https:\/\/tekcevisa.com\/es\/contacto\/"},{"@type":"ListItem","position":3,"name":"Ankara"}]},{"@type":"WebSite","@id":"https:\/\/tekcevisa.com\/es\/#website","url":"https:\/\/tekcevisa.com\/es\/","name":"Tekce Visa","description":"Consultor\u00eda Jur\u00eddica Global","publisher":{"@id":"https:\/\/tekcevisa.com\/es\/#organization"},"potentialAction":[{"@type":"SearchAction","target":{"@type":"EntryPoint","urlTemplate":"https:\/\/tekcevisa.com\/es\/?s={search_term_string}"},"query-input":"required name=search_term_string"}],"inLanguage":"tr"},{"@type":"Organization","@id":"https:\/\/tekcevisa.com\/es\/#organization","name":"Tekce Visa","url":"https:\/\/tekcevisa.com\/es\/","logo":{"@type":"ImageObject","inLanguage":"tr","@id":"https:\/\/tekcevisa.com\/es\/#\/schema\/logo\/image\/","url":"https:\/\/tekcevisa.com\/es\/wp-content\/uploads\/2025\/08\/ah-tekce-visa-opened-1-removebg-preview.png","contentUrl":"https:\/\/tekcevisa.com\/es\/wp-content\/uploads\/2025\/08\/ah-tekce-visa-opened-1-removebg-preview.png","width":360,"height":360,"caption":"Tekce Visa"},"image":{"@id":"https:\/\/tekcevisa.com\/es\/#\/schema\/logo\/image\/"}}]}},"_links":{"self":[{"href":"https:\/\/tekcevisa.com\/es\/wp-json\/wp\/v2\/pages\/2526","targetHints":{"allow":["GET"]}}],"collection":[{"href":"https:\/\/tekcevisa.com\/es\/wp-json\/wp\/v2\/pages"}],"about":[{"href":"https:\/\/tekcevisa.com\/es\/wp-json\/wp\/v2\/types\/page"}],"author":[{"embeddable":true,"href":"https:\/\/tekcevisa.com\/es\/wp-json\/wp\/v2\/users\/5"}],"replies":[{"embeddable":true,"href":"https:\/\/tekcevisa.com\/es\/wp-json\/wp\/v2\/comments?post=2526"}],"version-history":[{"count":1,"href":"https:\/\/tekcevisa.com\/es\/wp-json\/wp\/v2\/pages\/2526\/revisions"}],"predecessor-version":[{"id":4685,"href":"https:\/\/tekcevisa.com\/es\/wp-json\/wp\/v2\/pages\/2526\/revisions\/4685"}],"up":[{"embeddable":true,"href":"https:\/\/tekcevisa.com\/es\/wp-json\/wp\/v2\/pages\/14"}],"wp:attachment":[{"href":"https:\/\/tekcevisa.com\/es\/wp-json\/wp\/v2\/media?parent=2526"}],"curies":[{"name":"wp","href":"https:\/\/api.w.org\/{rel}","templated":true}]}}