{"id":2537,"date":"2023-02-14T03:27:56","date_gmt":"2023-02-14T00:27:56","guid":{"rendered":"https:\/\/tekcevisa.com\/?page_id=2537"},"modified":"2025-08-27T11:50:05","modified_gmt":"2025-08-27T08:50:05","slug":"stockholm","status":"publish","type":"page","link":"https:\/\/tekcevisa.com\/es\/contacto\/stockholm\/","title":{"rendered":"Stockholm"},"content":{"rendered":"<p>Esta es la oficina de Estocolmo de la empresa de asesor\u00eda jur\u00eddica Tekce Visa. Nuestro equipo altamente experimentado de consultores jur\u00eddicos opera nuestro negocio aqu\u00ed en Suecia, el coraz\u00f3n de Escandinavia. Nos dedicamos a atender las necesidades de orientaci\u00f3n de particulares, organizaciones y empresas en diversos procedimientos legales.<\/p>\n<p>Nuestro principal objetivo es proporcionarle una experiencia sin complicaciones con miembros del equipo ansiosos que tienen un profundo conocimiento de los procedimientos judiciales. Aqu\u00ed en Bromma, Estocolmo; nuestro completo equipo incluye asesores jur\u00eddicos altamente cualificados con a\u00f1os de experiencia en derecho de sucesiones, residencia en el extranjero, establecimiento de empresas, derecho de inmigraci\u00f3n y mucho m\u00e1s.<\/p>\n<p>Nos esforzamos por gestionar todos nuestros asuntos con total transparencia para proporcionar una experiencia despreocupada en situaciones intrincadas. Damos prioridad a la gratificaci\u00f3n de nuestros clientes y al \u00e9xito de cualquier procedimiento que sigamos. Y para ello, los miembros de nuestro cualificado equipo operan cada acci\u00f3n legal con cautela bajo la pol\u00edtica de Cero Fallos y un enfoque orientado al cliente.<\/p>\n<p>Nuestra oficina de Bromma, en Estocolmo (Suecia), se encuentra en un lugar de f\u00e1cil acceso, tanto en veh\u00edculo privado como en transporte p\u00fablico. Puede ponerse en contacto f\u00e1cilmente con uno de nuestros representantes, concertar una reuni\u00f3n y pasar por nuestra oficina para encontrar una soluci\u00f3n a sus disputas legales. El amplio equipo de asesores jur\u00eddicos de Tekce Visa est\u00e1 preparado para guiarle a lo largo de todo el proceso, de la A a la Z.<\/p>\n","protected":false},"excerpt":{"rendered":"<p>Esta es la oficina de Estocolmo de la empresa de<span class=\"excerpt-hellip\"> [\u2026]<\/span><\/p>\n","protected":false},"author":5,"featured_media":0,"parent":14,"menu_order":0,"comment_status":"closed","ping_status":"closed","template":"","meta":{"footnotes":""},"class_list":["post-2537","page","type-page","status-publish","hentry"],"yoast_head":"<!-- This site is optimized with the Yoast SEO plugin v21.9.1 - https:\/\/yoast.com\/wordpress\/plugins\/seo\/ -->\n<title>Stockholm - Tekce Visa<\/title>\n<meta name=\"description\" content=\"Tekce Visa Estocolmo le espera. Contactos completos aqu\u00ed.\" \/>\n<meta name=\"robots\" content=\"index, follow, max-snippet:-1, max-image-preview:large, max-video-preview:-1\" \/>\n<link rel=\"canonical\" href=\"https:\/\/tekcevisa.com\/es\/contacto\/stockholm\/\" \/>\n<meta property=\"og:locale\" content=\"tr_TR\" \/>\n<meta property=\"og:type\" content=\"article\" \/>\n<meta property=\"og:title\" content=\"Stockholm - Tekce Visa\" \/>\n<meta property=\"og:description\" content=\"Tekce Visa Estocolmo le espera. Contactos completos aqu\u00ed.\" \/>\n<meta property=\"og:url\" content=\"https:\/\/tekcevisa.com\/es\/contacto\/stockholm\/\" \/>\n<meta property=\"og:site_name\" content=\"Tekce Visa\" \/>\n<meta property=\"article:modified_time\" content=\"2025-08-27T08:50:05+00:00\" \/>\n<meta name=\"twitter:card\" content=\"summary_large_image\" \/>\n<meta name=\"twitter:label1\" content=\"Tahmini okuma s\u00fcresi\" \/>\n\t<meta name=\"twitter:data1\" content=\"2 dakika\" \/>\n<script type=\"application\/ld+json\" class=\"yoast-schema-graph\">{\"@context\":\"https:\/\/schema.org\",\"@graph\":[{\"@type\":\"WebPage\",\"@id\":\"https:\/\/tekcevisa.com\/es\/contacto\/stockholm\/\",\"url\":\"https:\/\/tekcevisa.com\/es\/contacto\/stockholm\/\",\"name\":\"Stockholm - Tekce Visa\",\"isPartOf\":{\"@id\":\"https:\/\/tekcevisa.com\/es\/#website\"},\"datePublished\":\"2023-02-14T00:27:56+00:00\",\"dateModified\":\"2025-08-27T08:50:05+00:00\",\"description\":\"Tekce Visa Estocolmo le espera. Contactos completos aqu\u00ed.\",\"breadcrumb\":{\"@id\":\"https:\/\/tekcevisa.com\/es\/contacto\/stockholm\/#breadcrumb\"},\"inLanguage\":\"tr\",\"potentialAction\":[{\"@type\":\"ReadAction\",\"target\":[\"https:\/\/tekcevisa.com\/es\/contacto\/stockholm\/\"]}]},{\"@type\":\"BreadcrumbList\",\"@id\":\"https:\/\/tekcevisa.com\/es\/contacto\/stockholm\/#breadcrumb\",\"itemListElement\":[{\"@type\":\"ListItem\",\"position\":1,\"name\":\"Anasayfa\",\"item\":\"https:\/\/tekcevisa.com\/es\/\"},{\"@type\":\"ListItem\",\"position\":2,\"name\":\"Contacto\",\"item\":\"https:\/\/tekcevisa.com\/es\/contacto\/\"},{\"@type\":\"ListItem\",\"position\":3,\"name\":\"Stockholm\"}]},{\"@type\":\"WebSite\",\"@id\":\"https:\/\/tekcevisa.com\/es\/#website\",\"url\":\"https:\/\/tekcevisa.com\/es\/\",\"name\":\"Tekce Visa\",\"description\":\"Consultor\u00eda Jur\u00eddica Global\",\"publisher\":{\"@id\":\"https:\/\/tekcevisa.com\/es\/#organization\"},\"potentialAction\":[{\"@type\":\"SearchAction\",\"target\":{\"@type\":\"EntryPoint\",\"urlTemplate\":\"https:\/\/tekcevisa.com\/es\/?s={search_term_string}\"},\"query-input\":\"required name=search_term_string\"}],\"inLanguage\":\"tr\"},{\"@type\":\"Organization\",\"@id\":\"https:\/\/tekcevisa.com\/es\/#organization\",\"name\":\"Tekce Visa\",\"url\":\"https:\/\/tekcevisa.com\/es\/\",\"logo\":{\"@type\":\"ImageObject\",\"inLanguage\":\"tr\",\"@id\":\"https:\/\/tekcevisa.com\/es\/#\/schema\/logo\/image\/\",\"url\":\"https:\/\/tekcevisa.com\/es\/wp-content\/uploads\/2025\/08\/ah-tekce-visa-opened-1-removebg-preview.png\",\"contentUrl\":\"https:\/\/tekcevisa.com\/es\/wp-content\/uploads\/2025\/08\/ah-tekce-visa-opened-1-removebg-preview.png\",\"width\":360,\"height\":360,\"caption\":\"Tekce Visa\"},\"image\":{\"@id\":\"https:\/\/tekcevisa.com\/es\/#\/schema\/logo\/image\/\"}}]}<\/script>\n<!-- \/ Yoast SEO plugin. -->","yoast_head_json":{"title":"Stockholm - Tekce Visa","description":"Tekce Visa Estocolmo le espera. Contactos completos aqu\u00ed.","robots":{"index":"index","follow":"follow","max-snippet":"max-snippet:-1","max-image-preview":"max-image-preview:large","max-video-preview":"max-video-preview:-1"},"canonical":"https:\/\/tekcevisa.com\/es\/contacto\/stockholm\/","og_locale":"tr_TR","og_type":"article","og_title":"Stockholm - Tekce Visa","og_description":"Tekce Visa Estocolmo le espera. Contactos completos aqu\u00ed.","og_url":"https:\/\/tekcevisa.com\/es\/contacto\/stockholm\/","og_site_name":"Tekce Visa","article_modified_time":"2025-08-27T08:50:05+00:00","twitter_card":"summary_large_image","twitter_misc":{"Tahmini okuma s\u00fcresi":"2 dakika"},"schema":{"@context":"https:\/\/schema.org","@graph":[{"@type":"WebPage","@id":"https:\/\/tekcevisa.com\/es\/contacto\/stockholm\/","url":"https:\/\/tekcevisa.com\/es\/contacto\/stockholm\/","name":"Stockholm - Tekce Visa","isPartOf":{"@id":"https:\/\/tekcevisa.com\/es\/#website"},"datePublished":"2023-02-14T00:27:56+00:00","dateModified":"2025-08-27T08:50:05+00:00","description":"Tekce Visa Estocolmo le espera. Contactos completos aqu\u00ed.","breadcrumb":{"@id":"https:\/\/tekcevisa.com\/es\/contacto\/stockholm\/#breadcrumb"},"inLanguage":"tr","potentialAction":[{"@type":"ReadAction","target":["https:\/\/tekcevisa.com\/es\/contacto\/stockholm\/"]}]},{"@type":"BreadcrumbList","@id":"https:\/\/tekcevisa.com\/es\/contacto\/stockholm\/#breadcrumb","itemListElement":[{"@type":"ListItem","position":1,"name":"Anasayfa","item":"https:\/\/tekcevisa.com\/es\/"},{"@type":"ListItem","position":2,"name":"Contacto","item":"https:\/\/tekcevisa.com\/es\/contacto\/"},{"@type":"ListItem","position":3,"name":"Stockholm"}]},{"@type":"WebSite","@id":"https:\/\/tekcevisa.com\/es\/#website","url":"https:\/\/tekcevisa.com\/es\/","name":"Tekce Visa","description":"Consultor\u00eda Jur\u00eddica Global","publisher":{"@id":"https:\/\/tekcevisa.com\/es\/#organization"},"potentialAction":[{"@type":"SearchAction","target":{"@type":"EntryPoint","urlTemplate":"https:\/\/tekcevisa.com\/es\/?s={search_term_string}"},"query-input":"required name=search_term_string"}],"inLanguage":"tr"},{"@type":"Organization","@id":"https:\/\/tekcevisa.com\/es\/#organization","name":"Tekce Visa","url":"https:\/\/tekcevisa.com\/es\/","logo":{"@type":"ImageObject","inLanguage":"tr","@id":"https:\/\/tekcevisa.com\/es\/#\/schema\/logo\/image\/","url":"https:\/\/tekcevisa.com\/es\/wp-content\/uploads\/2025\/08\/ah-tekce-visa-opened-1-removebg-preview.png","contentUrl":"https:\/\/tekcevisa.com\/es\/wp-content\/uploads\/2025\/08\/ah-tekce-visa-opened-1-removebg-preview.png","width":360,"height":360,"caption":"Tekce Visa"},"image":{"@id":"https:\/\/tekcevisa.com\/es\/#\/schema\/logo\/image\/"}}]}},"_links":{"self":[{"href":"https:\/\/tekcevisa.com\/es\/wp-json\/wp\/v2\/pages\/2537","targetHints":{"allow":["GET"]}}],"collection":[{"href":"https:\/\/tekcevisa.com\/es\/wp-json\/wp\/v2\/pages"}],"about":[{"href":"https:\/\/tekcevisa.com\/es\/wp-json\/wp\/v2\/types\/page"}],"author":[{"embeddable":true,"href":"https:\/\/tekcevisa.com\/es\/wp-json\/wp\/v2\/users\/5"}],"replies":[{"embeddable":true,"href":"https:\/\/tekcevisa.com\/es\/wp-json\/wp\/v2\/comments?post=2537"}],"version-history":[{"count":1,"href":"https:\/\/tekcevisa.com\/es\/wp-json\/wp\/v2\/pages\/2537\/revisions"}],"predecessor-version":[{"id":4610,"href":"https:\/\/tekcevisa.com\/es\/wp-json\/wp\/v2\/pages\/2537\/revisions\/4610"}],"up":[{"embeddable":true,"href":"https:\/\/tekcevisa.com\/es\/wp-json\/wp\/v2\/pages\/14"}],"wp:attachment":[{"href":"https:\/\/tekcevisa.com\/es\/wp-json\/wp\/v2\/media?parent=2537"}],"curies":[{"name":"wp","href":"https:\/\/api.w.org\/{rel}","templated":true}]}}