{"id":2549,"date":"2023-02-14T03:34:49","date_gmt":"2023-02-14T00:34:49","guid":{"rendered":"https:\/\/tekcevisa.com\/?page_id=2549"},"modified":"2025-08-27T11:54:33","modified_gmt":"2025-08-27T08:54:33","slug":"goztepe","status":"publish","type":"page","link":"https:\/\/tekcevisa.com\/es\/contacto\/goztepe\/","title":{"rendered":"G\u00f6ztepe"},"content":{"rendered":"<p>Nuestra oficina de G\u00f6ztepe, situada en el lado asi\u00e1tico de Estambul, es una sucursal de Tekce Visa. Ofrece servicios de asesoramiento jur\u00eddico internacional sobre cualquier cuesti\u00f3n legal, como la transmisi\u00f3n de propiedades, la adquisici\u00f3n de la nacionalidad turca, la solicitud de permisos de residencia, el derecho de sucesiones y el derecho de obligaciones para la creaci\u00f3n de empresas en Turqu\u00eda.<\/p>\n<p>Nuestro equipo profesional est\u00e1 formado por abogados multiling\u00fces con un alto conocimiento y experiencia en el sistema jur\u00eddico local. Cuando se ponga en contacto con nuestros expertos, evaluar\u00e1n r\u00e1pidamente su solicitud y le propondr\u00e1n la hoja de ruta m\u00e1s completa.<\/p>\n<p>Le garantizamos la ventaja de completar el proceso exactamente como usted desea y lo m\u00e1s r\u00e1pido posible, adem\u00e1s de proporcionarle informaci\u00f3n y comentarios correctos.<\/p>\n<p>Puede reunirse personalmente con nuestro equipo de expertos jur\u00eddicos en nuestra oficina de G\u00f6ztepe, o puede llamarnos en cualquier momento. La oficina est\u00e1 situada en un punto muy c\u00e9ntrico. Puede llegar a nuestra oficina por muchos medios de transporte.<\/p>\n<p>Tambi\u00e9n tenemos una sucursal en Cevizliba\u011f, situada en la parte europea de Estambul. En nuestra oficina de Cevizliba\u011f tambi\u00e9n podr\u00e1 obtener los mismos servicios de consultor\u00eda con el mismo nivel de excelencia.<\/p>\n","protected":false},"excerpt":{"rendered":"<p>Nuestra oficina de G\u00f6ztepe, situada en el lado asi\u00e1tico de<span class=\"excerpt-hellip\"> [\u2026]<\/span><\/p>\n","protected":false},"author":5,"featured_media":0,"parent":14,"menu_order":0,"comment_status":"closed","ping_status":"closed","template":"","meta":{"footnotes":""},"class_list":["post-2549","page","type-page","status-publish","hentry"],"yoast_head":"<!-- This site is optimized with the Yoast SEO plugin v21.9.1 - https:\/\/yoast.com\/wordpress\/plugins\/seo\/ -->\n<title>G\u00f6ztepe - Tekce Visa<\/title>\n<meta name=\"description\" content=\"Oficina Goztepe de Tekce Visa en Estambul. Contactos completos aqu\u00ed.\" \/>\n<meta name=\"robots\" content=\"index, follow, max-snippet:-1, max-image-preview:large, max-video-preview:-1\" \/>\n<link rel=\"canonical\" href=\"https:\/\/tekcevisa.com\/es\/contacto\/goztepe\/\" \/>\n<meta property=\"og:locale\" content=\"tr_TR\" \/>\n<meta property=\"og:type\" content=\"article\" \/>\n<meta property=\"og:title\" content=\"G\u00f6ztepe - Tekce Visa\" \/>\n<meta property=\"og:description\" content=\"Oficina Goztepe de Tekce Visa en Estambul. Contactos completos aqu\u00ed.\" \/>\n<meta property=\"og:url\" content=\"https:\/\/tekcevisa.com\/es\/contacto\/goztepe\/\" \/>\n<meta property=\"og:site_name\" content=\"Tekce Visa\" \/>\n<meta property=\"article:modified_time\" content=\"2025-08-27T08:54:33+00:00\" \/>\n<meta name=\"twitter:card\" content=\"summary_large_image\" \/>\n<meta name=\"twitter:label1\" content=\"Tahmini okuma s\u00fcresi\" \/>\n\t<meta name=\"twitter:data1\" content=\"2 dakika\" \/>\n<script type=\"application\/ld+json\" class=\"yoast-schema-graph\">{\"@context\":\"https:\/\/schema.org\",\"@graph\":[{\"@type\":\"WebPage\",\"@id\":\"https:\/\/tekcevisa.com\/es\/contacto\/goztepe\/\",\"url\":\"https:\/\/tekcevisa.com\/es\/contacto\/goztepe\/\",\"name\":\"G\u00f6ztepe - Tekce Visa\",\"isPartOf\":{\"@id\":\"https:\/\/tekcevisa.com\/es\/#website\"},\"datePublished\":\"2023-02-14T00:34:49+00:00\",\"dateModified\":\"2025-08-27T08:54:33+00:00\",\"description\":\"Oficina Goztepe de Tekce Visa en Estambul. Contactos completos aqu\u00ed.\",\"breadcrumb\":{\"@id\":\"https:\/\/tekcevisa.com\/es\/contacto\/goztepe\/#breadcrumb\"},\"inLanguage\":\"tr\",\"potentialAction\":[{\"@type\":\"ReadAction\",\"target\":[\"https:\/\/tekcevisa.com\/es\/contacto\/goztepe\/\"]}]},{\"@type\":\"BreadcrumbList\",\"@id\":\"https:\/\/tekcevisa.com\/es\/contacto\/goztepe\/#breadcrumb\",\"itemListElement\":[{\"@type\":\"ListItem\",\"position\":1,\"name\":\"Anasayfa\",\"item\":\"https:\/\/tekcevisa.com\/es\/\"},{\"@type\":\"ListItem\",\"position\":2,\"name\":\"Contacto\",\"item\":\"https:\/\/tekcevisa.com\/es\/contacto\/\"},{\"@type\":\"ListItem\",\"position\":3,\"name\":\"G\u00f6ztepe\"}]},{\"@type\":\"WebSite\",\"@id\":\"https:\/\/tekcevisa.com\/es\/#website\",\"url\":\"https:\/\/tekcevisa.com\/es\/\",\"name\":\"Tekce Visa\",\"description\":\"Consultor\u00eda Jur\u00eddica Global\",\"publisher\":{\"@id\":\"https:\/\/tekcevisa.com\/es\/#organization\"},\"potentialAction\":[{\"@type\":\"SearchAction\",\"target\":{\"@type\":\"EntryPoint\",\"urlTemplate\":\"https:\/\/tekcevisa.com\/es\/?s={search_term_string}\"},\"query-input\":\"required name=search_term_string\"}],\"inLanguage\":\"tr\"},{\"@type\":\"Organization\",\"@id\":\"https:\/\/tekcevisa.com\/es\/#organization\",\"name\":\"Tekce Visa\",\"url\":\"https:\/\/tekcevisa.com\/es\/\",\"logo\":{\"@type\":\"ImageObject\",\"inLanguage\":\"tr\",\"@id\":\"https:\/\/tekcevisa.com\/es\/#\/schema\/logo\/image\/\",\"url\":\"https:\/\/tekcevisa.com\/es\/wp-content\/uploads\/2025\/08\/ah-tekce-visa-opened-1-removebg-preview.png\",\"contentUrl\":\"https:\/\/tekcevisa.com\/es\/wp-content\/uploads\/2025\/08\/ah-tekce-visa-opened-1-removebg-preview.png\",\"width\":360,\"height\":360,\"caption\":\"Tekce Visa\"},\"image\":{\"@id\":\"https:\/\/tekcevisa.com\/es\/#\/schema\/logo\/image\/\"}}]}<\/script>\n<!-- \/ Yoast SEO plugin. -->","yoast_head_json":{"title":"G\u00f6ztepe - Tekce Visa","description":"Oficina Goztepe de Tekce Visa en Estambul. Contactos completos aqu\u00ed.","robots":{"index":"index","follow":"follow","max-snippet":"max-snippet:-1","max-image-preview":"max-image-preview:large","max-video-preview":"max-video-preview:-1"},"canonical":"https:\/\/tekcevisa.com\/es\/contacto\/goztepe\/","og_locale":"tr_TR","og_type":"article","og_title":"G\u00f6ztepe - Tekce Visa","og_description":"Oficina Goztepe de Tekce Visa en Estambul. Contactos completos aqu\u00ed.","og_url":"https:\/\/tekcevisa.com\/es\/contacto\/goztepe\/","og_site_name":"Tekce Visa","article_modified_time":"2025-08-27T08:54:33+00:00","twitter_card":"summary_large_image","twitter_misc":{"Tahmini okuma s\u00fcresi":"2 dakika"},"schema":{"@context":"https:\/\/schema.org","@graph":[{"@type":"WebPage","@id":"https:\/\/tekcevisa.com\/es\/contacto\/goztepe\/","url":"https:\/\/tekcevisa.com\/es\/contacto\/goztepe\/","name":"G\u00f6ztepe - Tekce Visa","isPartOf":{"@id":"https:\/\/tekcevisa.com\/es\/#website"},"datePublished":"2023-02-14T00:34:49+00:00","dateModified":"2025-08-27T08:54:33+00:00","description":"Oficina Goztepe de Tekce Visa en Estambul. Contactos completos aqu\u00ed.","breadcrumb":{"@id":"https:\/\/tekcevisa.com\/es\/contacto\/goztepe\/#breadcrumb"},"inLanguage":"tr","potentialAction":[{"@type":"ReadAction","target":["https:\/\/tekcevisa.com\/es\/contacto\/goztepe\/"]}]},{"@type":"BreadcrumbList","@id":"https:\/\/tekcevisa.com\/es\/contacto\/goztepe\/#breadcrumb","itemListElement":[{"@type":"ListItem","position":1,"name":"Anasayfa","item":"https:\/\/tekcevisa.com\/es\/"},{"@type":"ListItem","position":2,"name":"Contacto","item":"https:\/\/tekcevisa.com\/es\/contacto\/"},{"@type":"ListItem","position":3,"name":"G\u00f6ztepe"}]},{"@type":"WebSite","@id":"https:\/\/tekcevisa.com\/es\/#website","url":"https:\/\/tekcevisa.com\/es\/","name":"Tekce Visa","description":"Consultor\u00eda Jur\u00eddica Global","publisher":{"@id":"https:\/\/tekcevisa.com\/es\/#organization"},"potentialAction":[{"@type":"SearchAction","target":{"@type":"EntryPoint","urlTemplate":"https:\/\/tekcevisa.com\/es\/?s={search_term_string}"},"query-input":"required name=search_term_string"}],"inLanguage":"tr"},{"@type":"Organization","@id":"https:\/\/tekcevisa.com\/es\/#organization","name":"Tekce Visa","url":"https:\/\/tekcevisa.com\/es\/","logo":{"@type":"ImageObject","inLanguage":"tr","@id":"https:\/\/tekcevisa.com\/es\/#\/schema\/logo\/image\/","url":"https:\/\/tekcevisa.com\/es\/wp-content\/uploads\/2025\/08\/ah-tekce-visa-opened-1-removebg-preview.png","contentUrl":"https:\/\/tekcevisa.com\/es\/wp-content\/uploads\/2025\/08\/ah-tekce-visa-opened-1-removebg-preview.png","width":360,"height":360,"caption":"Tekce Visa"},"image":{"@id":"https:\/\/tekcevisa.com\/es\/#\/schema\/logo\/image\/"}}]}},"_links":{"self":[{"href":"https:\/\/tekcevisa.com\/es\/wp-json\/wp\/v2\/pages\/2549","targetHints":{"allow":["GET"]}}],"collection":[{"href":"https:\/\/tekcevisa.com\/es\/wp-json\/wp\/v2\/pages"}],"about":[{"href":"https:\/\/tekcevisa.com\/es\/wp-json\/wp\/v2\/types\/page"}],"author":[{"embeddable":true,"href":"https:\/\/tekcevisa.com\/es\/wp-json\/wp\/v2\/users\/5"}],"replies":[{"embeddable":true,"href":"https:\/\/tekcevisa.com\/es\/wp-json\/wp\/v2\/comments?post=2549"}],"version-history":[{"count":2,"href":"https:\/\/tekcevisa.com\/es\/wp-json\/wp\/v2\/pages\/2549\/revisions"}],"predecessor-version":[{"id":4590,"href":"https:\/\/tekcevisa.com\/es\/wp-json\/wp\/v2\/pages\/2549\/revisions\/4590"}],"up":[{"embeddable":true,"href":"https:\/\/tekcevisa.com\/es\/wp-json\/wp\/v2\/pages\/14"}],"wp:attachment":[{"href":"https:\/\/tekcevisa.com\/es\/wp-json\/wp\/v2\/media?parent=2549"}],"curies":[{"name":"wp","href":"https:\/\/api.w.org\/{rel}","templated":true}]}}