{"id":2559,"date":"2023-02-14T03:38:42","date_gmt":"2023-02-14T00:38:42","guid":{"rendered":"https:\/\/tekcevisa.com\/?page_id=2559"},"modified":"2025-08-27T11:46:07","modified_gmt":"2025-08-27T08:46:07","slug":"bodrum","status":"publish","type":"page","link":"https:\/\/tekcevisa.com\/es\/contacto\/bodrum\/","title":{"rendered":"Bodrum"},"content":{"rendered":"<p>Bienvenido a la oficina de Bodrum de Tekce Visa, en la perla de las costas del Egeo. Aqu\u00ed en Bodrum, Turqu\u00eda, ofrecemos servicios orientados a la soluci\u00f3n para resolver disputas legales con nuestro experto equipo de abogados y consultores legales.<\/p>\n<p>Nuestro entusiasta equipo de abogados tiene como objetivo proporcionar procedimientos legales sin preocupaciones en diversos segmentos de las operaciones jur\u00eddicas. En nuestra oficina de Bodrum, puede obtener servicios profesionales sobre residencia, ciudadan\u00eda, derecho de sucesiones, fiscalidad y mucho m\u00e1s. Mantenemos y operamos todos sus procedimientos legales con nuestros consultores legales bien experimentados con los que puede comunicarse f\u00e1cilmente.<\/p>\n<p>Con a\u00f1os de experiencia en los sistemas legales, un enfoque orientado a la gratificaci\u00f3n, y un profundo conocimiento de todos los procedimientos constitucionales, procedemos con todos los intrincados procesos legales en su nombre.<\/p>\n<p>Nuestro principal objetivo es guiarle a trav\u00e9s de las complicadas acciones legales, proceder con total transparencia y completarlas en su nombre. Los miembros de nuestro equipo de expertos en Bodrum estar\u00e1n encantados de ayudarle durante todo el proceso, sin encontrarse con ninguna situaci\u00f3n inesperada.<\/p>\n<p>Nuestra oficina de Bodrum est\u00e1 situada en una excelente ubicaci\u00f3n a poca distancia del centro de Bodrum. Puede acceder f\u00e1cilmente a nuestra oficina con su veh\u00edculo privado, as\u00ed que p\u00e1sese por nuestra oficina para obtener m\u00e1s informaci\u00f3n sobre nuestros servicios. El equipo profesional de Tekce Visa consultor\u00eda legal est\u00e1 encantado de conocerte.<\/p>\n","protected":false},"excerpt":{"rendered":"<p>Bienvenido a la oficina de Bodrum de Tekce Visa, en<span class=\"excerpt-hellip\"> [\u2026]<\/span><\/p>\n","protected":false},"author":5,"featured_media":0,"parent":14,"menu_order":0,"comment_status":"closed","ping_status":"closed","template":"","meta":{"footnotes":""},"class_list":["post-2559","page","type-page","status-publish","hentry"],"yoast_head":"<!-- This site is optimized with the Yoast SEO plugin v21.9.1 - https:\/\/yoast.com\/wordpress\/plugins\/seo\/ -->\n<title>Bodrum - Tekce Visa<\/title>\n<meta name=\"description\" content=\"Oficina Bodrum: servicio legal internacional de Tekce Visa. Contactos aqu\u00ed.\" \/>\n<meta name=\"robots\" content=\"index, follow, max-snippet:-1, max-image-preview:large, max-video-preview:-1\" \/>\n<link rel=\"canonical\" href=\"https:\/\/tekcevisa.com\/es\/contacto\/bodrum\/\" \/>\n<meta property=\"og:locale\" content=\"tr_TR\" \/>\n<meta property=\"og:type\" content=\"article\" \/>\n<meta property=\"og:title\" content=\"Bodrum - Tekce Visa\" \/>\n<meta property=\"og:description\" content=\"Oficina Bodrum: servicio legal internacional de Tekce Visa. Contactos aqu\u00ed.\" \/>\n<meta property=\"og:url\" content=\"https:\/\/tekcevisa.com\/es\/contacto\/bodrum\/\" \/>\n<meta property=\"og:site_name\" content=\"Tekce Visa\" \/>\n<meta property=\"article:modified_time\" content=\"2025-08-27T08:46:07+00:00\" \/>\n<meta name=\"twitter:card\" content=\"summary_large_image\" \/>\n<meta name=\"twitter:label1\" content=\"Tahmini okuma s\u00fcresi\" \/>\n\t<meta name=\"twitter:data1\" content=\"2 dakika\" \/>\n<script type=\"application\/ld+json\" class=\"yoast-schema-graph\">{\"@context\":\"https:\/\/schema.org\",\"@graph\":[{\"@type\":\"WebPage\",\"@id\":\"https:\/\/tekcevisa.com\/es\/contacto\/bodrum\/\",\"url\":\"https:\/\/tekcevisa.com\/es\/contacto\/bodrum\/\",\"name\":\"Bodrum - Tekce Visa\",\"isPartOf\":{\"@id\":\"https:\/\/tekcevisa.com\/es\/#website\"},\"datePublished\":\"2023-02-14T00:38:42+00:00\",\"dateModified\":\"2025-08-27T08:46:07+00:00\",\"description\":\"Oficina Bodrum: servicio legal internacional de Tekce Visa. Contactos aqu\u00ed.\",\"breadcrumb\":{\"@id\":\"https:\/\/tekcevisa.com\/es\/contacto\/bodrum\/#breadcrumb\"},\"inLanguage\":\"tr\",\"potentialAction\":[{\"@type\":\"ReadAction\",\"target\":[\"https:\/\/tekcevisa.com\/es\/contacto\/bodrum\/\"]}]},{\"@type\":\"BreadcrumbList\",\"@id\":\"https:\/\/tekcevisa.com\/es\/contacto\/bodrum\/#breadcrumb\",\"itemListElement\":[{\"@type\":\"ListItem\",\"position\":1,\"name\":\"Anasayfa\",\"item\":\"https:\/\/tekcevisa.com\/es\/\"},{\"@type\":\"ListItem\",\"position\":2,\"name\":\"Contacto\",\"item\":\"https:\/\/tekcevisa.com\/es\/contacto\/\"},{\"@type\":\"ListItem\",\"position\":3,\"name\":\"Bodrum\"}]},{\"@type\":\"WebSite\",\"@id\":\"https:\/\/tekcevisa.com\/es\/#website\",\"url\":\"https:\/\/tekcevisa.com\/es\/\",\"name\":\"Tekce Visa\",\"description\":\"Consultor\u00eda Jur\u00eddica Global\",\"publisher\":{\"@id\":\"https:\/\/tekcevisa.com\/es\/#organization\"},\"potentialAction\":[{\"@type\":\"SearchAction\",\"target\":{\"@type\":\"EntryPoint\",\"urlTemplate\":\"https:\/\/tekcevisa.com\/es\/?s={search_term_string}\"},\"query-input\":\"required name=search_term_string\"}],\"inLanguage\":\"tr\"},{\"@type\":\"Organization\",\"@id\":\"https:\/\/tekcevisa.com\/es\/#organization\",\"name\":\"Tekce Visa\",\"url\":\"https:\/\/tekcevisa.com\/es\/\",\"logo\":{\"@type\":\"ImageObject\",\"inLanguage\":\"tr\",\"@id\":\"https:\/\/tekcevisa.com\/es\/#\/schema\/logo\/image\/\",\"url\":\"https:\/\/tekcevisa.com\/es\/wp-content\/uploads\/2025\/08\/ah-tekce-visa-opened-1-removebg-preview.png\",\"contentUrl\":\"https:\/\/tekcevisa.com\/es\/wp-content\/uploads\/2025\/08\/ah-tekce-visa-opened-1-removebg-preview.png\",\"width\":360,\"height\":360,\"caption\":\"Tekce Visa\"},\"image\":{\"@id\":\"https:\/\/tekcevisa.com\/es\/#\/schema\/logo\/image\/\"}}]}<\/script>\n<!-- \/ Yoast SEO plugin. -->","yoast_head_json":{"title":"Bodrum - Tekce Visa","description":"Oficina Bodrum: servicio legal internacional de Tekce Visa. Contactos aqu\u00ed.","robots":{"index":"index","follow":"follow","max-snippet":"max-snippet:-1","max-image-preview":"max-image-preview:large","max-video-preview":"max-video-preview:-1"},"canonical":"https:\/\/tekcevisa.com\/es\/contacto\/bodrum\/","og_locale":"tr_TR","og_type":"article","og_title":"Bodrum - Tekce Visa","og_description":"Oficina Bodrum: servicio legal internacional de Tekce Visa. Contactos aqu\u00ed.","og_url":"https:\/\/tekcevisa.com\/es\/contacto\/bodrum\/","og_site_name":"Tekce Visa","article_modified_time":"2025-08-27T08:46:07+00:00","twitter_card":"summary_large_image","twitter_misc":{"Tahmini okuma s\u00fcresi":"2 dakika"},"schema":{"@context":"https:\/\/schema.org","@graph":[{"@type":"WebPage","@id":"https:\/\/tekcevisa.com\/es\/contacto\/bodrum\/","url":"https:\/\/tekcevisa.com\/es\/contacto\/bodrum\/","name":"Bodrum - Tekce Visa","isPartOf":{"@id":"https:\/\/tekcevisa.com\/es\/#website"},"datePublished":"2023-02-14T00:38:42+00:00","dateModified":"2025-08-27T08:46:07+00:00","description":"Oficina Bodrum: servicio legal internacional de Tekce Visa. Contactos aqu\u00ed.","breadcrumb":{"@id":"https:\/\/tekcevisa.com\/es\/contacto\/bodrum\/#breadcrumb"},"inLanguage":"tr","potentialAction":[{"@type":"ReadAction","target":["https:\/\/tekcevisa.com\/es\/contacto\/bodrum\/"]}]},{"@type":"BreadcrumbList","@id":"https:\/\/tekcevisa.com\/es\/contacto\/bodrum\/#breadcrumb","itemListElement":[{"@type":"ListItem","position":1,"name":"Anasayfa","item":"https:\/\/tekcevisa.com\/es\/"},{"@type":"ListItem","position":2,"name":"Contacto","item":"https:\/\/tekcevisa.com\/es\/contacto\/"},{"@type":"ListItem","position":3,"name":"Bodrum"}]},{"@type":"WebSite","@id":"https:\/\/tekcevisa.com\/es\/#website","url":"https:\/\/tekcevisa.com\/es\/","name":"Tekce Visa","description":"Consultor\u00eda Jur\u00eddica Global","publisher":{"@id":"https:\/\/tekcevisa.com\/es\/#organization"},"potentialAction":[{"@type":"SearchAction","target":{"@type":"EntryPoint","urlTemplate":"https:\/\/tekcevisa.com\/es\/?s={search_term_string}"},"query-input":"required name=search_term_string"}],"inLanguage":"tr"},{"@type":"Organization","@id":"https:\/\/tekcevisa.com\/es\/#organization","name":"Tekce Visa","url":"https:\/\/tekcevisa.com\/es\/","logo":{"@type":"ImageObject","inLanguage":"tr","@id":"https:\/\/tekcevisa.com\/es\/#\/schema\/logo\/image\/","url":"https:\/\/tekcevisa.com\/es\/wp-content\/uploads\/2025\/08\/ah-tekce-visa-opened-1-removebg-preview.png","contentUrl":"https:\/\/tekcevisa.com\/es\/wp-content\/uploads\/2025\/08\/ah-tekce-visa-opened-1-removebg-preview.png","width":360,"height":360,"caption":"Tekce Visa"},"image":{"@id":"https:\/\/tekcevisa.com\/es\/#\/schema\/logo\/image\/"}}]}},"_links":{"self":[{"href":"https:\/\/tekcevisa.com\/es\/wp-json\/wp\/v2\/pages\/2559","targetHints":{"allow":["GET"]}}],"collection":[{"href":"https:\/\/tekcevisa.com\/es\/wp-json\/wp\/v2\/pages"}],"about":[{"href":"https:\/\/tekcevisa.com\/es\/wp-json\/wp\/v2\/types\/page"}],"author":[{"embeddable":true,"href":"https:\/\/tekcevisa.com\/es\/wp-json\/wp\/v2\/users\/5"}],"replies":[{"embeddable":true,"href":"https:\/\/tekcevisa.com\/es\/wp-json\/wp\/v2\/comments?post=2559"}],"version-history":[{"count":1,"href":"https:\/\/tekcevisa.com\/es\/wp-json\/wp\/v2\/pages\/2559\/revisions"}],"predecessor-version":[{"id":4609,"href":"https:\/\/tekcevisa.com\/es\/wp-json\/wp\/v2\/pages\/2559\/revisions\/4609"}],"up":[{"embeddable":true,"href":"https:\/\/tekcevisa.com\/es\/wp-json\/wp\/v2\/pages\/14"}],"wp:attachment":[{"href":"https:\/\/tekcevisa.com\/es\/wp-json\/wp\/v2\/media?parent=2559"}],"curies":[{"name":"wp","href":"https:\/\/api.w.org\/{rel}","templated":true}]}}