{"id":4207,"date":"2023-03-24T12:00:21","date_gmt":"2023-03-24T09:00:21","guid":{"rendered":"https:\/\/tekcevisa.com\/?page_id=4207"},"modified":"2023-08-09T14:38:45","modified_gmt":"2023-08-09T11:38:45","slug":"visa-nomada-digital-en-espana","status":"publish","type":"page","link":"https:\/\/tekcevisa.com\/es\/residencia\/espana\/visa-nomada-digital-en-espana\/","title":{"rendered":"Visa N\u00f3mada Digital en Espa\u00f1a"},"content":{"rendered":"","protected":false},"excerpt":{"rendered":"","protected":false},"author":5,"featured_media":0,"parent":4119,"menu_order":0,"comment_status":"closed","ping_status":"closed","template":"","meta":{"footnotes":""},"class_list":["post-4207","page","type-page","status-publish","hentry"],"yoast_head":"<!-- This site is optimized with the Yoast SEO plugin v21.9.1 - https:\/\/yoast.com\/wordpress\/plugins\/seo\/ -->\n<title>Viva y Trabaje a Distancia en Espa\u00f1a - Tekce Visa<\/title>\n<meta name=\"description\" content=\"Descubre la libertad de trabajar a distancia en Espa\u00f1a con la Visa N\u00f3mada Digital a trav\u00e9s de Tekce Visa. Para obtener m\u00e1s informaci\u00f3n, lea nuestro sitio web.\" \/>\n<meta name=\"robots\" content=\"index, follow, max-snippet:-1, max-image-preview:large, max-video-preview:-1\" \/>\n<link rel=\"canonical\" href=\"https:\/\/tekcevisa.com\/es\/residencia\/espana\/visa-nomada-digital-en-espana\/\" \/>\n<meta property=\"og:locale\" content=\"tr_TR\" \/>\n<meta property=\"og:type\" content=\"article\" \/>\n<meta property=\"og:title\" content=\"Viva y Trabaje a Distancia en Espa\u00f1a - Tekce Visa\" \/>\n<meta property=\"og:description\" content=\"Descubre la libertad de trabajar a distancia en Espa\u00f1a con la Visa N\u00f3mada Digital a trav\u00e9s de Tekce Visa. Para obtener m\u00e1s informaci\u00f3n, lea nuestro sitio web.\" \/>\n<meta property=\"og:url\" content=\"https:\/\/tekcevisa.com\/es\/residencia\/espana\/visa-nomada-digital-en-espana\/\" \/>\n<meta property=\"og:site_name\" content=\"Tekce Visa\" \/>\n<meta property=\"article:modified_time\" content=\"2023-08-09T11:38:45+00:00\" \/>\n<meta name=\"twitter:card\" content=\"summary_large_image\" \/>\n<script type=\"application\/ld+json\" class=\"yoast-schema-graph\">{\"@context\":\"https:\/\/schema.org\",\"@graph\":[{\"@type\":\"WebPage\",\"@id\":\"https:\/\/tekcevisa.com\/es\/residencia\/espana\/visa-nomada-digital-en-espana\/\",\"url\":\"https:\/\/tekcevisa.com\/es\/residencia\/espana\/visa-nomada-digital-en-espana\/\",\"name\":\"Viva y Trabaje a Distancia en Espa\u00f1a - Tekce Visa\",\"isPartOf\":{\"@id\":\"https:\/\/tekcevisa.com\/es\/#website\"},\"datePublished\":\"2023-03-24T09:00:21+00:00\",\"dateModified\":\"2023-08-09T11:38:45+00:00\",\"description\":\"Descubre la libertad de trabajar a distancia en Espa\u00f1a con la Visa N\u00f3mada Digital a trav\u00e9s de Tekce Visa. Para obtener m\u00e1s informaci\u00f3n, lea nuestro sitio web.\",\"breadcrumb\":{\"@id\":\"https:\/\/tekcevisa.com\/es\/residencia\/espana\/visa-nomada-digital-en-espana\/#breadcrumb\"},\"inLanguage\":\"tr\",\"potentialAction\":[{\"@type\":\"ReadAction\",\"target\":[\"https:\/\/tekcevisa.com\/es\/residencia\/espana\/visa-nomada-digital-en-espana\/\"]}]},{\"@type\":\"BreadcrumbList\",\"@id\":\"https:\/\/tekcevisa.com\/es\/residencia\/espana\/visa-nomada-digital-en-espana\/#breadcrumb\",\"itemListElement\":[{\"@type\":\"ListItem\",\"position\":1,\"name\":\"Anasayfa\",\"item\":\"https:\/\/tekcevisa.com\/es\/\"},{\"@type\":\"ListItem\",\"position\":2,\"name\":\"Residencia\",\"item\":\"https:\/\/tekcevisa.com\/es\/residencia\/\"},{\"@type\":\"ListItem\",\"position\":3,\"name\":\"Espa\u00f1a\",\"item\":\"https:\/\/tekcevisa.com\/es\/residencia\/espana\/\"},{\"@type\":\"ListItem\",\"position\":4,\"name\":\"Visa N\u00f3mada Digital en Espa\u00f1a\"}]},{\"@type\":\"WebSite\",\"@id\":\"https:\/\/tekcevisa.com\/es\/#website\",\"url\":\"https:\/\/tekcevisa.com\/es\/\",\"name\":\"Tekce Visa\",\"description\":\"Consultor\u00eda Jur\u00eddica Global\",\"publisher\":{\"@id\":\"https:\/\/tekcevisa.com\/es\/#organization\"},\"potentialAction\":[{\"@type\":\"SearchAction\",\"target\":{\"@type\":\"EntryPoint\",\"urlTemplate\":\"https:\/\/tekcevisa.com\/es\/?s={search_term_string}\"},\"query-input\":\"required name=search_term_string\"}],\"inLanguage\":\"tr\"},{\"@type\":\"Organization\",\"@id\":\"https:\/\/tekcevisa.com\/es\/#organization\",\"name\":\"Tekce Visa\",\"url\":\"https:\/\/tekcevisa.com\/es\/\",\"logo\":{\"@type\":\"ImageObject\",\"inLanguage\":\"tr\",\"@id\":\"https:\/\/tekcevisa.com\/es\/#\/schema\/logo\/image\/\",\"url\":\"https:\/\/tekcevisa.com\/es\/wp-content\/uploads\/2025\/08\/ah-tekce-visa-opened-1-removebg-preview.png\",\"contentUrl\":\"https:\/\/tekcevisa.com\/es\/wp-content\/uploads\/2025\/08\/ah-tekce-visa-opened-1-removebg-preview.png\",\"width\":360,\"height\":360,\"caption\":\"Tekce Visa\"},\"image\":{\"@id\":\"https:\/\/tekcevisa.com\/es\/#\/schema\/logo\/image\/\"}}]}<\/script>\n<!-- \/ Yoast SEO plugin. -->","yoast_head_json":{"title":"Viva y Trabaje a Distancia en Espa\u00f1a - Tekce Visa","description":"Descubre la libertad de trabajar a distancia en Espa\u00f1a con la Visa N\u00f3mada Digital a trav\u00e9s de Tekce Visa. Para obtener m\u00e1s informaci\u00f3n, lea nuestro sitio web.","robots":{"index":"index","follow":"follow","max-snippet":"max-snippet:-1","max-image-preview":"max-image-preview:large","max-video-preview":"max-video-preview:-1"},"canonical":"https:\/\/tekcevisa.com\/es\/residencia\/espana\/visa-nomada-digital-en-espana\/","og_locale":"tr_TR","og_type":"article","og_title":"Viva y Trabaje a Distancia en Espa\u00f1a - Tekce Visa","og_description":"Descubre la libertad de trabajar a distancia en Espa\u00f1a con la Visa N\u00f3mada Digital a trav\u00e9s de Tekce Visa. Para obtener m\u00e1s informaci\u00f3n, lea nuestro sitio web.","og_url":"https:\/\/tekcevisa.com\/es\/residencia\/espana\/visa-nomada-digital-en-espana\/","og_site_name":"Tekce Visa","article_modified_time":"2023-08-09T11:38:45+00:00","twitter_card":"summary_large_image","schema":{"@context":"https:\/\/schema.org","@graph":[{"@type":"WebPage","@id":"https:\/\/tekcevisa.com\/es\/residencia\/espana\/visa-nomada-digital-en-espana\/","url":"https:\/\/tekcevisa.com\/es\/residencia\/espana\/visa-nomada-digital-en-espana\/","name":"Viva y Trabaje a Distancia en Espa\u00f1a - Tekce Visa","isPartOf":{"@id":"https:\/\/tekcevisa.com\/es\/#website"},"datePublished":"2023-03-24T09:00:21+00:00","dateModified":"2023-08-09T11:38:45+00:00","description":"Descubre la libertad de trabajar a distancia en Espa\u00f1a con la Visa N\u00f3mada Digital a trav\u00e9s de Tekce Visa. Para obtener m\u00e1s informaci\u00f3n, lea nuestro sitio web.","breadcrumb":{"@id":"https:\/\/tekcevisa.com\/es\/residencia\/espana\/visa-nomada-digital-en-espana\/#breadcrumb"},"inLanguage":"tr","potentialAction":[{"@type":"ReadAction","target":["https:\/\/tekcevisa.com\/es\/residencia\/espana\/visa-nomada-digital-en-espana\/"]}]},{"@type":"BreadcrumbList","@id":"https:\/\/tekcevisa.com\/es\/residencia\/espana\/visa-nomada-digital-en-espana\/#breadcrumb","itemListElement":[{"@type":"ListItem","position":1,"name":"Anasayfa","item":"https:\/\/tekcevisa.com\/es\/"},{"@type":"ListItem","position":2,"name":"Residencia","item":"https:\/\/tekcevisa.com\/es\/residencia\/"},{"@type":"ListItem","position":3,"name":"Espa\u00f1a","item":"https:\/\/tekcevisa.com\/es\/residencia\/espana\/"},{"@type":"ListItem","position":4,"name":"Visa N\u00f3mada Digital en Espa\u00f1a"}]},{"@type":"WebSite","@id":"https:\/\/tekcevisa.com\/es\/#website","url":"https:\/\/tekcevisa.com\/es\/","name":"Tekce Visa","description":"Consultor\u00eda Jur\u00eddica Global","publisher":{"@id":"https:\/\/tekcevisa.com\/es\/#organization"},"potentialAction":[{"@type":"SearchAction","target":{"@type":"EntryPoint","urlTemplate":"https:\/\/tekcevisa.com\/es\/?s={search_term_string}"},"query-input":"required name=search_term_string"}],"inLanguage":"tr"},{"@type":"Organization","@id":"https:\/\/tekcevisa.com\/es\/#organization","name":"Tekce Visa","url":"https:\/\/tekcevisa.com\/es\/","logo":{"@type":"ImageObject","inLanguage":"tr","@id":"https:\/\/tekcevisa.com\/es\/#\/schema\/logo\/image\/","url":"https:\/\/tekcevisa.com\/es\/wp-content\/uploads\/2025\/08\/ah-tekce-visa-opened-1-removebg-preview.png","contentUrl":"https:\/\/tekcevisa.com\/es\/wp-content\/uploads\/2025\/08\/ah-tekce-visa-opened-1-removebg-preview.png","width":360,"height":360,"caption":"Tekce Visa"},"image":{"@id":"https:\/\/tekcevisa.com\/es\/#\/schema\/logo\/image\/"}}]}},"_links":{"self":[{"href":"https:\/\/tekcevisa.com\/es\/wp-json\/wp\/v2\/pages\/4207","targetHints":{"allow":["GET"]}}],"collection":[{"href":"https:\/\/tekcevisa.com\/es\/wp-json\/wp\/v2\/pages"}],"about":[{"href":"https:\/\/tekcevisa.com\/es\/wp-json\/wp\/v2\/types\/page"}],"author":[{"embeddable":true,"href":"https:\/\/tekcevisa.com\/es\/wp-json\/wp\/v2\/users\/5"}],"replies":[{"embeddable":true,"href":"https:\/\/tekcevisa.com\/es\/wp-json\/wp\/v2\/comments?post=4207"}],"version-history":[{"count":2,"href":"https:\/\/tekcevisa.com\/es\/wp-json\/wp\/v2\/pages\/4207\/revisions"}],"predecessor-version":[{"id":4714,"href":"https:\/\/tekcevisa.com\/es\/wp-json\/wp\/v2\/pages\/4207\/revisions\/4714"}],"up":[{"embeddable":true,"href":"https:\/\/tekcevisa.com\/es\/wp-json\/wp\/v2\/pages\/4119"}],"wp:attachment":[{"href":"https:\/\/tekcevisa.com\/es\/wp-json\/wp\/v2\/media?parent=4207"}],"curies":[{"name":"wp","href":"https:\/\/api.w.org\/{rel}","templated":true}]}}