{"id":446,"date":"2022-12-08T21:22:36","date_gmt":"2022-12-08T18:22:36","guid":{"rendered":"https:\/\/tekcevisa.com\/?page_id=446"},"modified":"2025-09-01T00:38:16","modified_gmt":"2025-08-31T21:38:16","slug":"permiso-de-residencia-de-corta-duracion","status":"publish","type":"page","link":"https:\/\/tekcevisa.com\/es\/residencia\/turquia\/permiso-de-residencia-de-corta-duracion\/","title":{"rendered":"Permiso de Residencia de Corta Duraci\u00f3n"},"content":{"rendered":"","protected":false},"excerpt":{"rendered":"","protected":false},"author":5,"featured_media":0,"parent":4167,"menu_order":0,"comment_status":"closed","ping_status":"closed","template":"","meta":{"footnotes":""},"class_list":["post-446","page","type-page","status-publish","hentry"],"yoast_head":"<!-- This site is optimized with the Yoast SEO plugin v21.9.1 - https:\/\/yoast.com\/wordpress\/plugins\/seo\/ -->\n<title>Permiso de Residencia de Corta Duraci\u00f3n en Turqu\u00eda - Tekce Visa<\/title>\n<meta name=\"description\" content=\"Consulte el art\u00edculo sobre los requisitos y documentos necesarios para obtener un permiso de residencia de corta duraci\u00f3n en Turqu\u00eda.\" \/>\n<meta name=\"robots\" content=\"index, follow, max-snippet:-1, max-image-preview:large, max-video-preview:-1\" \/>\n<link rel=\"canonical\" href=\"https:\/\/tekcevisa.com\/es\/residencia\/turquia\/permiso-de-residencia-de-corta-duracion\/\" \/>\n<meta property=\"og:locale\" content=\"tr_TR\" \/>\n<meta property=\"og:type\" content=\"article\" \/>\n<meta property=\"og:title\" content=\"Permiso de Residencia de Corta Duraci\u00f3n en Turqu\u00eda - Tekce Visa\" \/>\n<meta property=\"og:description\" content=\"Consulte el art\u00edculo sobre los requisitos y documentos necesarios para obtener un permiso de residencia de corta duraci\u00f3n en Turqu\u00eda.\" \/>\n<meta property=\"og:url\" content=\"https:\/\/tekcevisa.com\/es\/residencia\/turquia\/permiso-de-residencia-de-corta-duracion\/\" \/>\n<meta property=\"og:site_name\" content=\"Tekce Visa\" \/>\n<meta property=\"article:modified_time\" content=\"2025-08-31T21:38:16+00:00\" \/>\n<meta name=\"twitter:card\" content=\"summary_large_image\" \/>\n<script type=\"application\/ld+json\" class=\"yoast-schema-graph\">{\"@context\":\"https:\/\/schema.org\",\"@graph\":[{\"@type\":\"WebPage\",\"@id\":\"https:\/\/tekcevisa.com\/es\/residencia\/turquia\/permiso-de-residencia-de-corta-duracion\/\",\"url\":\"https:\/\/tekcevisa.com\/es\/residencia\/turquia\/permiso-de-residencia-de-corta-duracion\/\",\"name\":\"Permiso de Residencia de Corta Duraci\u00f3n en Turqu\u00eda - Tekce Visa\",\"isPartOf\":{\"@id\":\"https:\/\/tekcevisa.com\/es\/#website\"},\"datePublished\":\"2022-12-08T18:22:36+00:00\",\"dateModified\":\"2025-08-31T21:38:16+00:00\",\"description\":\"Consulte el art\u00edculo sobre los requisitos y documentos necesarios para obtener un permiso de residencia de corta duraci\u00f3n en Turqu\u00eda.\",\"breadcrumb\":{\"@id\":\"https:\/\/tekcevisa.com\/es\/residencia\/turquia\/permiso-de-residencia-de-corta-duracion\/#breadcrumb\"},\"inLanguage\":\"tr\",\"potentialAction\":[{\"@type\":\"ReadAction\",\"target\":[\"https:\/\/tekcevisa.com\/es\/residencia\/turquia\/permiso-de-residencia-de-corta-duracion\/\"]}]},{\"@type\":\"BreadcrumbList\",\"@id\":\"https:\/\/tekcevisa.com\/es\/residencia\/turquia\/permiso-de-residencia-de-corta-duracion\/#breadcrumb\",\"itemListElement\":[{\"@type\":\"ListItem\",\"position\":1,\"name\":\"Anasayfa\",\"item\":\"https:\/\/tekcevisa.com\/es\/\"},{\"@type\":\"ListItem\",\"position\":2,\"name\":\"Residencia\",\"item\":\"https:\/\/tekcevisa.com\/es\/residencia\/\"},{\"@type\":\"ListItem\",\"position\":3,\"name\":\"Turqu\u00eda\",\"item\":\"https:\/\/tekcevisa.com\/es\/residencia\/turquia\/\"},{\"@type\":\"ListItem\",\"position\":4,\"name\":\"Permiso de Residencia de Corta Duraci\u00f3n\"}]},{\"@type\":\"WebSite\",\"@id\":\"https:\/\/tekcevisa.com\/es\/#website\",\"url\":\"https:\/\/tekcevisa.com\/es\/\",\"name\":\"Tekce Visa\",\"description\":\"Consultor\u00eda Jur\u00eddica Global\",\"publisher\":{\"@id\":\"https:\/\/tekcevisa.com\/es\/#organization\"},\"potentialAction\":[{\"@type\":\"SearchAction\",\"target\":{\"@type\":\"EntryPoint\",\"urlTemplate\":\"https:\/\/tekcevisa.com\/es\/?s={search_term_string}\"},\"query-input\":\"required name=search_term_string\"}],\"inLanguage\":\"tr\"},{\"@type\":\"Organization\",\"@id\":\"https:\/\/tekcevisa.com\/es\/#organization\",\"name\":\"Tekce Visa\",\"url\":\"https:\/\/tekcevisa.com\/es\/\",\"logo\":{\"@type\":\"ImageObject\",\"inLanguage\":\"tr\",\"@id\":\"https:\/\/tekcevisa.com\/es\/#\/schema\/logo\/image\/\",\"url\":\"https:\/\/tekcevisa.com\/es\/wp-content\/uploads\/2025\/08\/ah-tekce-visa-opened-1-removebg-preview.png\",\"contentUrl\":\"https:\/\/tekcevisa.com\/es\/wp-content\/uploads\/2025\/08\/ah-tekce-visa-opened-1-removebg-preview.png\",\"width\":360,\"height\":360,\"caption\":\"Tekce Visa\"},\"image\":{\"@id\":\"https:\/\/tekcevisa.com\/es\/#\/schema\/logo\/image\/\"}}]}<\/script>\n<!-- \/ Yoast SEO plugin. -->","yoast_head_json":{"title":"Permiso de Residencia de Corta Duraci\u00f3n en Turqu\u00eda - Tekce Visa","description":"Consulte el art\u00edculo sobre los requisitos y documentos necesarios para obtener un permiso de residencia de corta duraci\u00f3n en Turqu\u00eda.","robots":{"index":"index","follow":"follow","max-snippet":"max-snippet:-1","max-image-preview":"max-image-preview:large","max-video-preview":"max-video-preview:-1"},"canonical":"https:\/\/tekcevisa.com\/es\/residencia\/turquia\/permiso-de-residencia-de-corta-duracion\/","og_locale":"tr_TR","og_type":"article","og_title":"Permiso de Residencia de Corta Duraci\u00f3n en Turqu\u00eda - Tekce Visa","og_description":"Consulte el art\u00edculo sobre los requisitos y documentos necesarios para obtener un permiso de residencia de corta duraci\u00f3n en Turqu\u00eda.","og_url":"https:\/\/tekcevisa.com\/es\/residencia\/turquia\/permiso-de-residencia-de-corta-duracion\/","og_site_name":"Tekce Visa","article_modified_time":"2025-08-31T21:38:16+00:00","twitter_card":"summary_large_image","schema":{"@context":"https:\/\/schema.org","@graph":[{"@type":"WebPage","@id":"https:\/\/tekcevisa.com\/es\/residencia\/turquia\/permiso-de-residencia-de-corta-duracion\/","url":"https:\/\/tekcevisa.com\/es\/residencia\/turquia\/permiso-de-residencia-de-corta-duracion\/","name":"Permiso de Residencia de Corta Duraci\u00f3n en Turqu\u00eda - Tekce Visa","isPartOf":{"@id":"https:\/\/tekcevisa.com\/es\/#website"},"datePublished":"2022-12-08T18:22:36+00:00","dateModified":"2025-08-31T21:38:16+00:00","description":"Consulte el art\u00edculo sobre los requisitos y documentos necesarios para obtener un permiso de residencia de corta duraci\u00f3n en Turqu\u00eda.","breadcrumb":{"@id":"https:\/\/tekcevisa.com\/es\/residencia\/turquia\/permiso-de-residencia-de-corta-duracion\/#breadcrumb"},"inLanguage":"tr","potentialAction":[{"@type":"ReadAction","target":["https:\/\/tekcevisa.com\/es\/residencia\/turquia\/permiso-de-residencia-de-corta-duracion\/"]}]},{"@type":"BreadcrumbList","@id":"https:\/\/tekcevisa.com\/es\/residencia\/turquia\/permiso-de-residencia-de-corta-duracion\/#breadcrumb","itemListElement":[{"@type":"ListItem","position":1,"name":"Anasayfa","item":"https:\/\/tekcevisa.com\/es\/"},{"@type":"ListItem","position":2,"name":"Residencia","item":"https:\/\/tekcevisa.com\/es\/residencia\/"},{"@type":"ListItem","position":3,"name":"Turqu\u00eda","item":"https:\/\/tekcevisa.com\/es\/residencia\/turquia\/"},{"@type":"ListItem","position":4,"name":"Permiso de Residencia de Corta Duraci\u00f3n"}]},{"@type":"WebSite","@id":"https:\/\/tekcevisa.com\/es\/#website","url":"https:\/\/tekcevisa.com\/es\/","name":"Tekce Visa","description":"Consultor\u00eda Jur\u00eddica Global","publisher":{"@id":"https:\/\/tekcevisa.com\/es\/#organization"},"potentialAction":[{"@type":"SearchAction","target":{"@type":"EntryPoint","urlTemplate":"https:\/\/tekcevisa.com\/es\/?s={search_term_string}"},"query-input":"required name=search_term_string"}],"inLanguage":"tr"},{"@type":"Organization","@id":"https:\/\/tekcevisa.com\/es\/#organization","name":"Tekce Visa","url":"https:\/\/tekcevisa.com\/es\/","logo":{"@type":"ImageObject","inLanguage":"tr","@id":"https:\/\/tekcevisa.com\/es\/#\/schema\/logo\/image\/","url":"https:\/\/tekcevisa.com\/es\/wp-content\/uploads\/2025\/08\/ah-tekce-visa-opened-1-removebg-preview.png","contentUrl":"https:\/\/tekcevisa.com\/es\/wp-content\/uploads\/2025\/08\/ah-tekce-visa-opened-1-removebg-preview.png","width":360,"height":360,"caption":"Tekce Visa"},"image":{"@id":"https:\/\/tekcevisa.com\/es\/#\/schema\/logo\/image\/"}}]}},"_links":{"self":[{"href":"https:\/\/tekcevisa.com\/es\/wp-json\/wp\/v2\/pages\/446","targetHints":{"allow":["GET"]}}],"collection":[{"href":"https:\/\/tekcevisa.com\/es\/wp-json\/wp\/v2\/pages"}],"about":[{"href":"https:\/\/tekcevisa.com\/es\/wp-json\/wp\/v2\/types\/page"}],"author":[{"embeddable":true,"href":"https:\/\/tekcevisa.com\/es\/wp-json\/wp\/v2\/users\/5"}],"replies":[{"embeddable":true,"href":"https:\/\/tekcevisa.com\/es\/wp-json\/wp\/v2\/comments?post=446"}],"version-history":[{"count":2,"href":"https:\/\/tekcevisa.com\/es\/wp-json\/wp\/v2\/pages\/446\/revisions"}],"predecessor-version":[{"id":4719,"href":"https:\/\/tekcevisa.com\/es\/wp-json\/wp\/v2\/pages\/446\/revisions\/4719"}],"up":[{"embeddable":true,"href":"https:\/\/tekcevisa.com\/es\/wp-json\/wp\/v2\/pages\/4167"}],"wp:attachment":[{"href":"https:\/\/tekcevisa.com\/es\/wp-json\/wp\/v2\/media?parent=446"}],"curies":[{"name":"wp","href":"https:\/\/api.w.org\/{rel}","templated":true}]}}