{"id":5020,"date":"2024-02-21T13:30:02","date_gmt":"2024-02-21T10:30:02","guid":{"rendered":"https:\/\/tekcevisa.com\/es\/?page_id=5020"},"modified":"2025-08-27T11:12:13","modified_gmt":"2025-08-27T08:12:13","slug":"dubai","status":"publish","type":"page","link":"https:\/\/tekcevisa.com\/es\/contacto\/dubai\/","title":{"rendered":"Dubai"},"content":{"rendered":"","protected":false},"excerpt":{"rendered":"","protected":false},"author":5,"featured_media":0,"parent":14,"menu_order":0,"comment_status":"closed","ping_status":"closed","template":"","meta":{"footnotes":""},"class_list":["post-5020","page","type-page","status-publish","hentry"],"yoast_head":"<!-- This site is optimized with the Yoast SEO plugin v21.9.1 - https:\/\/yoast.com\/wordpress\/plugins\/seo\/ -->\n<title>Dubai - Tekce Visa<\/title>\n<meta name=\"description\" content=\"Contacto Tekce Visa Dubai: direcci\u00f3n, tel\u00e9fono y correo para asesor\u00eda legal y tr\u00e1mites de residencia. Hable con un experto hoy.\" \/>\n<meta name=\"robots\" content=\"index, follow, max-snippet:-1, max-image-preview:large, max-video-preview:-1\" \/>\n<link rel=\"canonical\" href=\"https:\/\/tekcevisa.com\/es\/contacto\/dubai\/\" \/>\n<meta property=\"og:locale\" content=\"tr_TR\" \/>\n<meta property=\"og:type\" content=\"article\" \/>\n<meta property=\"og:title\" content=\"Dubai - Tekce Visa\" \/>\n<meta property=\"og:description\" content=\"Contacto Tekce Visa Dubai: direcci\u00f3n, tel\u00e9fono y correo para asesor\u00eda legal y tr\u00e1mites de residencia. Hable con un experto hoy.\" \/>\n<meta property=\"og:url\" content=\"https:\/\/tekcevisa.com\/es\/contacto\/dubai\/\" \/>\n<meta property=\"og:site_name\" content=\"Tekce Visa\" \/>\n<meta property=\"article:modified_time\" content=\"2025-08-27T08:12:13+00:00\" \/>\n<meta name=\"twitter:card\" content=\"summary_large_image\" \/>\n<script type=\"application\/ld+json\" class=\"yoast-schema-graph\">{\"@context\":\"https:\/\/schema.org\",\"@graph\":[{\"@type\":\"WebPage\",\"@id\":\"https:\/\/tekcevisa.com\/es\/contacto\/dubai\/\",\"url\":\"https:\/\/tekcevisa.com\/es\/contacto\/dubai\/\",\"name\":\"Dubai - Tekce Visa\",\"isPartOf\":{\"@id\":\"https:\/\/tekcevisa.com\/es\/#website\"},\"datePublished\":\"2024-02-21T10:30:02+00:00\",\"dateModified\":\"2025-08-27T08:12:13+00:00\",\"description\":\"Contacto Tekce Visa Dubai: direcci\u00f3n, tel\u00e9fono y correo para asesor\u00eda legal y tr\u00e1mites de residencia. Hable con un experto hoy.\",\"breadcrumb\":{\"@id\":\"https:\/\/tekcevisa.com\/es\/contacto\/dubai\/#breadcrumb\"},\"inLanguage\":\"tr\",\"potentialAction\":[{\"@type\":\"ReadAction\",\"target\":[\"https:\/\/tekcevisa.com\/es\/contacto\/dubai\/\"]}]},{\"@type\":\"BreadcrumbList\",\"@id\":\"https:\/\/tekcevisa.com\/es\/contacto\/dubai\/#breadcrumb\",\"itemListElement\":[{\"@type\":\"ListItem\",\"position\":1,\"name\":\"Anasayfa\",\"item\":\"https:\/\/tekcevisa.com\/es\/\"},{\"@type\":\"ListItem\",\"position\":2,\"name\":\"Contacto\",\"item\":\"https:\/\/tekcevisa.com\/es\/contacto\/\"},{\"@type\":\"ListItem\",\"position\":3,\"name\":\"Dubai\"}]},{\"@type\":\"WebSite\",\"@id\":\"https:\/\/tekcevisa.com\/es\/#website\",\"url\":\"https:\/\/tekcevisa.com\/es\/\",\"name\":\"Tekce Visa\",\"description\":\"Consultor\u00eda Jur\u00eddica Global\",\"publisher\":{\"@id\":\"https:\/\/tekcevisa.com\/es\/#organization\"},\"potentialAction\":[{\"@type\":\"SearchAction\",\"target\":{\"@type\":\"EntryPoint\",\"urlTemplate\":\"https:\/\/tekcevisa.com\/es\/?s={search_term_string}\"},\"query-input\":\"required name=search_term_string\"}],\"inLanguage\":\"tr\"},{\"@type\":\"Organization\",\"@id\":\"https:\/\/tekcevisa.com\/es\/#organization\",\"name\":\"Tekce Visa\",\"url\":\"https:\/\/tekcevisa.com\/es\/\",\"logo\":{\"@type\":\"ImageObject\",\"inLanguage\":\"tr\",\"@id\":\"https:\/\/tekcevisa.com\/es\/#\/schema\/logo\/image\/\",\"url\":\"https:\/\/tekcevisa.com\/es\/wp-content\/uploads\/2025\/08\/ah-tekce-visa-opened-1-removebg-preview.png\",\"contentUrl\":\"https:\/\/tekcevisa.com\/es\/wp-content\/uploads\/2025\/08\/ah-tekce-visa-opened-1-removebg-preview.png\",\"width\":360,\"height\":360,\"caption\":\"Tekce Visa\"},\"image\":{\"@id\":\"https:\/\/tekcevisa.com\/es\/#\/schema\/logo\/image\/\"}}]}<\/script>\n<!-- \/ Yoast SEO plugin. -->","yoast_head_json":{"title":"Dubai - Tekce Visa","description":"Contacto Tekce Visa Dubai: direcci\u00f3n, tel\u00e9fono y correo para asesor\u00eda legal y tr\u00e1mites de residencia. Hable con un experto hoy.","robots":{"index":"index","follow":"follow","max-snippet":"max-snippet:-1","max-image-preview":"max-image-preview:large","max-video-preview":"max-video-preview:-1"},"canonical":"https:\/\/tekcevisa.com\/es\/contacto\/dubai\/","og_locale":"tr_TR","og_type":"article","og_title":"Dubai - Tekce Visa","og_description":"Contacto Tekce Visa Dubai: direcci\u00f3n, tel\u00e9fono y correo para asesor\u00eda legal y tr\u00e1mites de residencia. Hable con un experto hoy.","og_url":"https:\/\/tekcevisa.com\/es\/contacto\/dubai\/","og_site_name":"Tekce Visa","article_modified_time":"2025-08-27T08:12:13+00:00","twitter_card":"summary_large_image","schema":{"@context":"https:\/\/schema.org","@graph":[{"@type":"WebPage","@id":"https:\/\/tekcevisa.com\/es\/contacto\/dubai\/","url":"https:\/\/tekcevisa.com\/es\/contacto\/dubai\/","name":"Dubai - Tekce Visa","isPartOf":{"@id":"https:\/\/tekcevisa.com\/es\/#website"},"datePublished":"2024-02-21T10:30:02+00:00","dateModified":"2025-08-27T08:12:13+00:00","description":"Contacto Tekce Visa Dubai: direcci\u00f3n, tel\u00e9fono y correo para asesor\u00eda legal y tr\u00e1mites de residencia. Hable con un experto hoy.","breadcrumb":{"@id":"https:\/\/tekcevisa.com\/es\/contacto\/dubai\/#breadcrumb"},"inLanguage":"tr","potentialAction":[{"@type":"ReadAction","target":["https:\/\/tekcevisa.com\/es\/contacto\/dubai\/"]}]},{"@type":"BreadcrumbList","@id":"https:\/\/tekcevisa.com\/es\/contacto\/dubai\/#breadcrumb","itemListElement":[{"@type":"ListItem","position":1,"name":"Anasayfa","item":"https:\/\/tekcevisa.com\/es\/"},{"@type":"ListItem","position":2,"name":"Contacto","item":"https:\/\/tekcevisa.com\/es\/contacto\/"},{"@type":"ListItem","position":3,"name":"Dubai"}]},{"@type":"WebSite","@id":"https:\/\/tekcevisa.com\/es\/#website","url":"https:\/\/tekcevisa.com\/es\/","name":"Tekce Visa","description":"Consultor\u00eda Jur\u00eddica Global","publisher":{"@id":"https:\/\/tekcevisa.com\/es\/#organization"},"potentialAction":[{"@type":"SearchAction","target":{"@type":"EntryPoint","urlTemplate":"https:\/\/tekcevisa.com\/es\/?s={search_term_string}"},"query-input":"required name=search_term_string"}],"inLanguage":"tr"},{"@type":"Organization","@id":"https:\/\/tekcevisa.com\/es\/#organization","name":"Tekce Visa","url":"https:\/\/tekcevisa.com\/es\/","logo":{"@type":"ImageObject","inLanguage":"tr","@id":"https:\/\/tekcevisa.com\/es\/#\/schema\/logo\/image\/","url":"https:\/\/tekcevisa.com\/es\/wp-content\/uploads\/2025\/08\/ah-tekce-visa-opened-1-removebg-preview.png","contentUrl":"https:\/\/tekcevisa.com\/es\/wp-content\/uploads\/2025\/08\/ah-tekce-visa-opened-1-removebg-preview.png","width":360,"height":360,"caption":"Tekce Visa"},"image":{"@id":"https:\/\/tekcevisa.com\/es\/#\/schema\/logo\/image\/"}}]}},"_links":{"self":[{"href":"https:\/\/tekcevisa.com\/es\/wp-json\/wp\/v2\/pages\/5020","targetHints":{"allow":["GET"]}}],"collection":[{"href":"https:\/\/tekcevisa.com\/es\/wp-json\/wp\/v2\/pages"}],"about":[{"href":"https:\/\/tekcevisa.com\/es\/wp-json\/wp\/v2\/types\/page"}],"author":[{"embeddable":true,"href":"https:\/\/tekcevisa.com\/es\/wp-json\/wp\/v2\/users\/5"}],"replies":[{"embeddable":true,"href":"https:\/\/tekcevisa.com\/es\/wp-json\/wp\/v2\/comments?post=5020"}],"version-history":[{"count":1,"href":"https:\/\/tekcevisa.com\/es\/wp-json\/wp\/v2\/pages\/5020\/revisions"}],"predecessor-version":[{"id":5021,"href":"https:\/\/tekcevisa.com\/es\/wp-json\/wp\/v2\/pages\/5020\/revisions\/5021"}],"up":[{"embeddable":true,"href":"https:\/\/tekcevisa.com\/es\/wp-json\/wp\/v2\/pages\/14"}],"wp:attachment":[{"href":"https:\/\/tekcevisa.com\/es\/wp-json\/wp\/v2\/media?parent=5020"}],"curies":[{"name":"wp","href":"https:\/\/api.w.org\/{rel}","templated":true}]}}