{"id":640,"date":"2023-01-16T11:39:25","date_gmt":"2023-01-16T08:39:25","guid":{"rendered":"https:\/\/tekcevisa.com\/?page_id=640"},"modified":"2023-08-09T13:49:08","modified_gmt":"2023-08-09T10:49:08","slug":"politica-de-cookies","status":"publish","type":"page","link":"https:\/\/tekcevisa.com\/es\/politica-de-cookies\/","title":{"rendered":"Politica de Cookies"},"content":{"rendered":"<h1><strong>Pol\u00edtica de Cookies<\/strong><\/h1>\n<p><strong>Pol\u00edtica de uso de cookies<\/strong><\/p>\n<p>Tekce Visa es una empresa de consultor\u00eda jur\u00eddica en el extranjero y una marca registrada. El sitio web de https:\/\/tekcevisa.com\/es es propiedad de Tekce Legal Consultancy SA.<\/p>\n<p>Las cookies se utilizan en nuestro sitio web https:\/\/tekcevisa.com\/es para mejorar el servicio al cliente para los visitantes del sitio web y para mejorar la experiencia del usuario. Los visitantes de nuestro sitio web tienen la opci\u00f3n de borrar los datos de su sesi\u00f3n anterior y bloquear el uso de cookies a trav\u00e9s de la configuraci\u00f3n de su navegador. Sin embargo, deshabilitar el uso de cookies puede repercutir en la forma en que los visitantes interact\u00faan con nuestro sitio web.<\/p>\n<p>Se supone que los visitantes que no desactiven el uso de cookies en https:\/\/tekcevisa.com\/es consienten en su utilizaci\u00f3n.<\/p>\n<p><strong>\u00bfQu\u00e9 son las Cookies?<\/strong><\/p>\n<p>Las cookies son peque\u00f1os archivos de texto con s\u00f3lo unos pocos bytes de datos. Estos archivos se instalan en su dispositivo (o host web) mientras navega por un sitio web, una p\u00e1gina m\u00f3vil o por el propio sitio web.<\/p>\n<p><strong>Utilizamos 6 tipos de cookies para ofrecer un mejor servicio;<\/strong><\/p>\n<ol>\n<li><strong>Cookies de Sesi\u00f3n<\/strong><\/li>\n<\/ol>\n<p>Las cookies de sesi\u00f3n son cookies temporales que s\u00f3lo se almacenan en la memoria temporal del navegador o del dispositivo. Se activan cuando un visitante navega por un sitio web, una p\u00e1gina m\u00f3vil o una aplicaci\u00f3n.<\/p>\n<p>Las cookies de sesi\u00f3n se utilizan principalmente para garantizar que las funciones relevantes del sitio web, la p\u00e1gina m\u00f3vil y la aplicaci\u00f3n funcionen correctamente, recordando las preferencias de los visitantes.<\/p>\n<ol start=\"2\">\n<li><strong>Cookies Persistentes<\/strong><\/li>\n<\/ol>\n<p>Hasta que el usuario decide eliminarlas, estas cookies se mantienen y guardan para recordar las preferencias del visitante. La pr\u00f3xima experiencia del usuario puede adaptarse gracias a que el sitio web y la p\u00e1gina m\u00f3vil recuerdan las acciones del usuario.<\/p>\n<ol start=\"3\">\n<li><strong>Cookies de Rendimiento<\/strong><\/li>\n<\/ol>\n<p>Las cookies de rendimiento realizan un seguimiento del rendimiento del sitio web, la p\u00e1gina m\u00f3vil o la aplicaci\u00f3n. No recogen informaci\u00f3n personal del visitante. Para mejorar el sitio web, la p\u00e1gina m\u00f3vil y la aplicaci\u00f3n, simplemente recopilan mensajes de error.<\/p>\n<ol start=\"4\">\n<li><strong>Cookies de Funcionalidad<\/strong><\/li>\n<\/ol>\n<p>Se utilizan para almacenar las preferencias del usuario para la aplicaci\u00f3n, el sitio web o el dispositivo m\u00f3vil. Las cookies de funcionalidad ayudan a recordar las preferencias de notificaci\u00f3n para que la preferencia del visitante se aplique sin tener que confirmarla de nuevo.<\/p>\n<ol start=\"5\">\n<li><strong>Cookies de Google Analytics y de Marketing<\/strong><\/li>\n<\/ol>\n<p>Utilizamos Google Analytics tal y como se describe en &#8220;\u00bfC\u00f3mo utiliza Google los datos cuando usted utiliza los sitios o aplicaciones de nuestros socios?&#8221;. Si instala aqu\u00ed el complemento de inhabilitaci\u00f3n para navegadores de Google Analytics, Google Analytics dejar\u00e1 de utilizar sus datos en los sitios web.<\/p>\n<p>Tambi\u00e9n utilizamos el enmascaramiento de direcciones IP. Se trata de un m\u00e9todo utilizado para truncar las direcciones IP recopiladas por Google Analytics y almacenarlas de forma comprimida para evitar que se puedan rastrear hasta usuarios individuales.<\/p>\n<p>Google Analytics for Display Advertisers, como DoubleClick o Dynamic Remarketing, puede utilizarse en algunas partes de nuestro sitio web para ofrecer anuncios basados en sus intereses y en sus visitas a este y otros sitios web.<\/p>\n<p>Para controlar los anuncios de Google que ve y desactivar los anuncios basados en intereses, utilice Configuraci\u00f3n de anuncios. Como se menciona aqu\u00ed, tambi\u00e9n utilizamos Adobe Marketing Cloud. Puede inhabilitar el uso de esta informaci\u00f3n como se describe a continuaci\u00f3n.<\/p>\n<ol start=\"6\">\n<li><strong>Cookies de Redes Sociales<\/strong><\/li>\n<\/ol>\n<p>Redes sociales: En nuestros sitios web hay disponibles varias herramientas de medios sociales, incluidos botones de &#8220;compartir&#8221; para LinkedIn, Google, Facebook y Twitter. Para garantizar que estas funciones funcionen correctamente, es posible que recopilen informaci\u00f3n sobre su direcci\u00f3n IP y la p\u00e1gina web que ha visitado, y que instalen una cookie.<\/p>\n<p>Adem\u00e1s, estos servicios confirmar\u00e1n su identidad y le dar\u00e1n la opci\u00f3n de compartir con nosotros informaci\u00f3n personal espec\u00edfica, como su nombre y direcci\u00f3n de correo electr\u00f3nico, para rellenar previamente nuestro formulario de registro o hacernos llegar sus comentarios. Las pol\u00edticas de privacidad de las empresas que ofrecen estas funciones se aplicar\u00e1n a sus interacciones con ellas.<\/p>\n<p>Actualmente, https:\/\/tekcevisa.com\/es ofrece servicio en 9 idiomas diferentes. Estas cookies mantienen un registro de sus preferencias una vez que elige su idioma preferido. El idioma ya estar\u00e1 seleccionado cuando regrese.<\/p>\n<p><strong>\u00bfQu\u00e9 Beneficios Aportan las Cookies?<\/strong><\/p>\n<p>El objetivo de https:\/\/tekcevisa.com\/es al utilizar cookies es mejorar la experiencia de los visitantes en nuestro sitio web, p\u00e1gina m\u00f3vil y aplicaci\u00f3n haciendo el portal m\u00e1s personal. El uso de cookies nos proporciona datos suficientes para recordar las preferencias de nuestros visitantes.<\/p>\n<p>Los datos se utilizan para mantener la funcionalidad, para proporcionar a los visitantes una cartera personalizada, ofertas calientes, para evaluar la facilidad de uso y la idoneidad de nuestro sitio web. Adem\u00e1s, las cookies se utilizan para ofrecerle anuncios relevantes en los sitios web.<\/p>\n<p><strong>Seguridad de la Informaci\u00f3n de Nuestros Visitantes<\/strong><\/p>\n<p>Dentro de los par\u00e1metros de los permisos de usuario y la normativa legal, https:\/\/tekcevisa.com\/es guarda y almacena la informaci\u00f3n de nuestros visitantes de forma muy segura. S\u00f3lo conectamos a nuestros visitantes para compartir noticias y propiedades que les sean realmente \u00fatiles.<\/p>\n<p>La informaci\u00f3n de contacto de nuestros visitantes, incluidos el correo electr\u00f3nico y el n\u00famero de tel\u00e9fono, no se facilita ni se facilitar\u00e1 a terceros. Nuestras condiciones de uso garantizan la seguridad y privacidad de nuestros visitantes.<\/p>\n<p><strong>Gesti\u00f3n del Uso de Cookies<\/strong><\/p>\n<p>Navegando hasta la configuraci\u00f3n de su navegador, los usuarios pueden restringir el intercambio de informaci\u00f3n. En esta situaci\u00f3n, es posible que el sitio web, la p\u00e1gina m\u00f3vil o la aplicaci\u00f3n no funcionen con todo su potencial. Se supone que los visitantes que restringen el uso de cookies aceptan los problemas de rendimiento relacionados con las cookies.<\/p>\n<p><em>* Este documento ha sido actualizado el 09 de diciembre de 2022.<\/em><\/p>\n<p><strong>Categor\u00edas de Cookies Utilizadas en la Plataforma<\/strong><\/p>\n<p><strong>Cookies Anal\u00edticas: <\/strong>Nos permiten identificar y contabilizar el n\u00famero de usuarios que llegan a nuestro sitio web, supervisar c\u00f3mo navegan los usuarios por el sitio y realizar un seguimiento de las p\u00e1ginas que los usuarios ven y en las que est\u00e1n m\u00e1s interesados. Nos ayudan a determinar las secciones m\u00e1s populares de nuestro sitio web, as\u00ed como la frecuencia con la que se ven determinadas p\u00e1ginas y anuncios.<\/p>\n<p><strong>Cookies T\u00e9cnicas:<\/strong> El rendimiento del sitio web est\u00e1 directamente relacionado con las cookies t\u00e9cnicas que utilizamos en \u00e9l. Estas cookies identifican las \u00e1reas de la plataforma y las p\u00e1ginas que no funcionan.<\/p>\n<p><strong>Cookies Flash:<\/strong> Una cookie flash, tambi\u00e9n denominada objeto local compartido (LSO), es un archivo de texto que un servidor web env\u00eda a un cliente cuando el navegador solicita contenido compatible con Adobe Flash, un complemento de navegador muy popular. Los v\u00eddeos y anuncios de los sitios web las utilizan con frecuencia.<\/p>\n<p><strong>Cookies de Personalizaci\u00f3n:<\/strong> Permiten al usuario elegir o modificar algunas caracter\u00edsticas de la configuraci\u00f3n predeterminada del sitio web, como el idioma, la ubicaci\u00f3n o el tipo de navegador.<\/p>\n<p><strong>Descripci\u00f3n y duraci\u00f3n de las cookies utilizadas en la plataforma<\/strong><\/p>\n<p><strong>Cookies Anal\u00edticas<\/strong><\/p>\n<p><u>Publicidad:<\/u> Mediante este m\u00e9todo se muestran a los visitantes anuncios orientados y relevantes para su comportamiento. La duraci\u00f3n es de 540 d\u00edas desde la configuraci\u00f3n inicial de las cookies o la \u00faltima actualizaci\u00f3n. Puede aceptarse o rechazarse a trav\u00e9s de la configuraci\u00f3n del navegador.<\/p>\n<p><u>An\u00e1lisis de Mercado:<\/u> Se utiliza para realizar an\u00e1lisis de mercado. La duraci\u00f3n es de 360 d\u00edas desde la instalaci\u00f3n inicial o \u00faltima actualizaci\u00f3n de las cookies. Se puede aceptar o rechazar a trav\u00e9s de la configuraci\u00f3n del navegador.<\/p>\n<p><u>Campa\u00f1a\/Promocional:<\/u> Se utiliza para analizar la efectividad de las campa\u00f1as y las tasas de reciclaje de clientes. La duraci\u00f3n es de 360 d\u00edas desde la configuraci\u00f3n inicial o \u00faltima actualizaci\u00f3n de las cookies. Se puede aceptar o rechazar a trav\u00e9s de la configuraci\u00f3n del navegador.<\/p>\n<p><u>Facebook:<\/u> Permiten el seguimiento de los usuarios (y no usuarios) de Facebook para la investigaci\u00f3n de mercado y el desarrollo de productos. La duraci\u00f3n es de 360 d\u00edas desde la instalaci\u00f3n inicial o la \u00faltima actualizaci\u00f3n de las cookies. Se puede aceptar o rechazar a trav\u00e9s de la configuraci\u00f3n del navegador.<\/p>\n<p><u>Google Analytics:<\/u> Al recopilar toda la informaci\u00f3n estad\u00edstica, estas cookies permiten mejorar la presentaci\u00f3n y el uso de la plataforma. Google recopila datos demogr\u00e1ficos, analiza los datos de los usuarios y nos ayuda a comprenderlos.<\/p>\n<p>En la plataforma se utilizan cookies de Google Analytics. Estas cookies y la informaci\u00f3n recopilada se env\u00edan a los servidores de Google ubicados en EE.UU., donde est\u00e1n protegidos por las pol\u00edticas de protecci\u00f3n de datos de Google.<\/p>\n<p>Para obtener m\u00e1s informaci\u00f3n sobre los principios de las actividades de tratamiento de datos de Google para la anal\u00edtica y la protecci\u00f3n de la informaci\u00f3n personal, haga clic aqu\u00ed.<\/p>\n<p>La duraci\u00f3n es de 2 a\u00f1os desde la primera instalaci\u00f3n de las cookies o la \u00faltima actualizaci\u00f3n de las mismas.<\/p>\n<p><u>Sitio Web de Origen:<\/u> El sitio web de origen se utiliza para comprender mejor las preferencias de los usuarios y ofrecer contenidos relevantes. La duraci\u00f3n es de 360 d\u00edas desde la primera instalaci\u00f3n de cookies o la \u00faltima actualizaci\u00f3n de las mismas. Se puede aceptar o rechazar a trav\u00e9s de la configuraci\u00f3n del navegador.<\/p>\n<p><u>\u00daltima Visita y Movimiento:<\/u> Se utilizan para proporcionar actualizaciones sobre lo que ha cambiado desde la \u00faltima visita a la plataforma y comprender mejor las preferencias de los usuarios. La duraci\u00f3n es de 360 d\u00edas desde la configuraci\u00f3n inicial o la \u00faltima actualizaci\u00f3n de las cookies. Se puede aceptar o rechazar a trav\u00e9s de la configuraci\u00f3n del navegador.<\/p>\n<p><strong>Cookies T\u00e9cnicas<\/strong><\/p>\n<p><u>Sesi\u00f3n:<\/u> Las cookies de sesi\u00f3n se utilizan para garantizar la continuidad de la sesi\u00f3n. La duraci\u00f3n es de 90 d\u00edas desde la configuraci\u00f3n inicial o la \u00faltima actualizaci\u00f3n de las cookies. Se puede aceptar o rechazar a trav\u00e9s de la configuraci\u00f3n del navegador.<\/p>\n<p><u>Equilibrio de Carga:<\/u> Se utilizan para reducir la carga del servidor distribuyendo la carga. La duraci\u00f3n es de 30 minutos desde la instalaci\u00f3n inicial o la \u00faltima actualizaci\u00f3n de las cookies. Se puede aceptar o rechazar a trav\u00e9s de la configuraci\u00f3n del navegador.<\/p>\n<p><strong>Cookies de Autenticaci\u00f3n<\/strong><\/p>\n<p><u>ID de Usuario:<\/u> Se utilizan \u00fanicamente para que los usuarios vean su propia informaci\u00f3n. La duraci\u00f3n es de 360 d\u00edas desde la configuraci\u00f3n inicial o la \u00faltima actualizaci\u00f3n de las cookies. Se puede aceptar o rechazar a trav\u00e9s de la configuraci\u00f3n del navegador.<\/p>\n<p><strong>\u00bfPuede Bloquearse el Uso de Cookies?<\/strong><\/p>\n<p>Cambiando la configuraci\u00f3n de su navegador, puede personalizar sus preferencias de cookies.<\/p>\n<table style=\"height: 759px;\" width=\"943\">\n<tbody>\n<tr>\n<td width=\"102\">Adobe Analytics<\/td>\n<td width=\"499\">https:\/\/www.adobe.com\/es\/privacy\/opt-out.html<\/td>\n<\/tr>\n<tr>\n<td width=\"102\">AOL<\/td>\n<td width=\"499\">https:\/\/help.aol.com\/articles\/restore-security-settings-and-enable-cookie-settings-on-browser<\/td>\n<\/tr>\n<tr>\n<td width=\"102\">Google Adwords<\/td>\n<td width=\"499\">https:\/\/support.google.com\/ads\/answer\/2662922?hl=es<\/td>\n<\/tr>\n<tr>\n<td width=\"102\">Google Analytics<\/td>\n<td width=\"499\">https:\/\/tools.google.com\/dlpage\/gaoptout<\/td>\n<\/tr>\n<tr>\n<td width=\"102\">Google Chrome<\/td>\n<td width=\"499\">http:\/\/www.google.com\/support\/chrome\/bin\/answer.py?hl=es&amp;answer=95647<\/td>\n<\/tr>\n<tr>\n<td width=\"102\">Internet Explorer<\/td>\n<td width=\"499\">https:\/\/support.microsoft.com\/es-es\/help\/17442\/windows-internet-explorer-delete-manage-cookies<\/td>\n<\/tr>\n<tr>\n<td width=\"102\">Mozilla Firefox<\/td>\n<td width=\"499\">https:\/\/support.mozilla.org\/es\/kb\/cookies-informacion-que-los-sitios-web-guardan-en-?redirectslug=Cookies&amp;redirectlocale=es-ES<\/td>\n<\/tr>\n<tr>\n<td width=\"102\">Opera<\/td>\n<td width=\"499\">http:\/\/www.opera.com\/browser\/tutorials\/security\/privacy\/<\/td>\n<\/tr>\n<tr>\n<td width=\"102\">Safari<\/td>\n<td width=\"499\">https:\/\/support.apple.com\/kb\/ph19214?locale=tr_TR<\/td>\n<\/tr>\n<\/tbody>\n<\/table>\n<p>&nbsp;<\/p>\n","protected":false},"excerpt":{"rendered":"<p>Pol\u00edtica de Cookies Pol\u00edtica de uso de cookies Tekce Visa<span class=\"excerpt-hellip\"> [\u2026]<\/span><\/p>\n","protected":false},"author":5,"featured_media":0,"parent":0,"menu_order":0,"comment_status":"closed","ping_status":"closed","template":"","meta":{"footnotes":""},"class_list":["post-640","page","type-page","status-publish","hentry"],"yoast_head":"<!-- This site is optimized with the Yoast SEO plugin v21.9.1 - https:\/\/yoast.com\/wordpress\/plugins\/seo\/ -->\n<title>Politica de Cookies - Tekce Visa<\/title>\n<meta name=\"description\" content=\"Puede consultar esta p\u00e1gina para obtener m\u00e1s informaci\u00f3n sobre la pol\u00edtica de cookies del sitio web de tekcevisa.com.\" \/>\n<meta name=\"robots\" content=\"noindex, nofollow\" \/>\n<meta property=\"og:locale\" content=\"tr_TR\" \/>\n<meta property=\"og:type\" content=\"article\" \/>\n<meta property=\"og:title\" content=\"Politica de Cookies - Tekce Visa\" \/>\n<meta property=\"og:description\" content=\"Puede consultar esta p\u00e1gina para obtener m\u00e1s informaci\u00f3n sobre la pol\u00edtica de cookies del sitio web de tekcevisa.com.\" \/>\n<meta property=\"og:url\" content=\"https:\/\/tekcevisa.com\/es\/politica-de-cookies\/\" \/>\n<meta property=\"og:site_name\" content=\"Tekce Visa\" \/>\n<meta property=\"article:modified_time\" content=\"2023-08-09T10:49:08+00:00\" \/>\n<meta name=\"twitter:card\" content=\"summary_large_image\" \/>\n<meta name=\"twitter:label1\" content=\"Tahmini okuma s\u00fcresi\" \/>\n\t<meta name=\"twitter:data1\" content=\"11 dakika\" \/>\n<script type=\"application\/ld+json\" class=\"yoast-schema-graph\">{\"@context\":\"https:\/\/schema.org\",\"@graph\":[{\"@type\":\"WebPage\",\"@id\":\"https:\/\/tekcevisa.com\/es\/politica-de-cookies\/\",\"url\":\"https:\/\/tekcevisa.com\/es\/politica-de-cookies\/\",\"name\":\"Politica de Cookies - Tekce Visa\",\"isPartOf\":{\"@id\":\"https:\/\/tekcevisa.com\/es\/#website\"},\"datePublished\":\"2023-01-16T08:39:25+00:00\",\"dateModified\":\"2023-08-09T10:49:08+00:00\",\"description\":\"Puede consultar esta p\u00e1gina para obtener m\u00e1s informaci\u00f3n sobre la pol\u00edtica de cookies del sitio web de tekcevisa.com.\",\"breadcrumb\":{\"@id\":\"https:\/\/tekcevisa.com\/es\/politica-de-cookies\/#breadcrumb\"},\"inLanguage\":\"tr\",\"potentialAction\":[{\"@type\":\"ReadAction\",\"target\":[\"https:\/\/tekcevisa.com\/es\/politica-de-cookies\/\"]}]},{\"@type\":\"BreadcrumbList\",\"@id\":\"https:\/\/tekcevisa.com\/es\/politica-de-cookies\/#breadcrumb\",\"itemListElement\":[{\"@type\":\"ListItem\",\"position\":1,\"name\":\"Anasayfa\",\"item\":\"https:\/\/tekcevisa.com\/es\/\"},{\"@type\":\"ListItem\",\"position\":2,\"name\":\"Politica de Cookies\"}]},{\"@type\":\"WebSite\",\"@id\":\"https:\/\/tekcevisa.com\/es\/#website\",\"url\":\"https:\/\/tekcevisa.com\/es\/\",\"name\":\"Tekce Visa\",\"description\":\"Consultor\u00eda Jur\u00eddica Global\",\"publisher\":{\"@id\":\"https:\/\/tekcevisa.com\/es\/#organization\"},\"potentialAction\":[{\"@type\":\"SearchAction\",\"target\":{\"@type\":\"EntryPoint\",\"urlTemplate\":\"https:\/\/tekcevisa.com\/es\/?s={search_term_string}\"},\"query-input\":\"required name=search_term_string\"}],\"inLanguage\":\"tr\"},{\"@type\":\"Organization\",\"@id\":\"https:\/\/tekcevisa.com\/es\/#organization\",\"name\":\"Tekce Visa\",\"url\":\"https:\/\/tekcevisa.com\/es\/\",\"logo\":{\"@type\":\"ImageObject\",\"inLanguage\":\"tr\",\"@id\":\"https:\/\/tekcevisa.com\/es\/#\/schema\/logo\/image\/\",\"url\":\"https:\/\/tekcevisa.com\/es\/wp-content\/uploads\/2025\/08\/ah-tekce-visa-opened-1-removebg-preview.png\",\"contentUrl\":\"https:\/\/tekcevisa.com\/es\/wp-content\/uploads\/2025\/08\/ah-tekce-visa-opened-1-removebg-preview.png\",\"width\":360,\"height\":360,\"caption\":\"Tekce Visa\"},\"image\":{\"@id\":\"https:\/\/tekcevisa.com\/es\/#\/schema\/logo\/image\/\"}}]}<\/script>\n<!-- \/ Yoast SEO plugin. -->","yoast_head_json":{"title":"Politica de Cookies - Tekce Visa","description":"Puede consultar esta p\u00e1gina para obtener m\u00e1s informaci\u00f3n sobre la pol\u00edtica de cookies del sitio web de tekcevisa.com.","robots":{"index":"noindex","follow":"nofollow"},"og_locale":"tr_TR","og_type":"article","og_title":"Politica de Cookies - Tekce Visa","og_description":"Puede consultar esta p\u00e1gina para obtener m\u00e1s informaci\u00f3n sobre la pol\u00edtica de cookies del sitio web de tekcevisa.com.","og_url":"https:\/\/tekcevisa.com\/es\/politica-de-cookies\/","og_site_name":"Tekce Visa","article_modified_time":"2023-08-09T10:49:08+00:00","twitter_card":"summary_large_image","twitter_misc":{"Tahmini okuma s\u00fcresi":"11 dakika"},"schema":{"@context":"https:\/\/schema.org","@graph":[{"@type":"WebPage","@id":"https:\/\/tekcevisa.com\/es\/politica-de-cookies\/","url":"https:\/\/tekcevisa.com\/es\/politica-de-cookies\/","name":"Politica de Cookies - Tekce Visa","isPartOf":{"@id":"https:\/\/tekcevisa.com\/es\/#website"},"datePublished":"2023-01-16T08:39:25+00:00","dateModified":"2023-08-09T10:49:08+00:00","description":"Puede consultar esta p\u00e1gina para obtener m\u00e1s informaci\u00f3n sobre la pol\u00edtica de cookies del sitio web de tekcevisa.com.","breadcrumb":{"@id":"https:\/\/tekcevisa.com\/es\/politica-de-cookies\/#breadcrumb"},"inLanguage":"tr","potentialAction":[{"@type":"ReadAction","target":["https:\/\/tekcevisa.com\/es\/politica-de-cookies\/"]}]},{"@type":"BreadcrumbList","@id":"https:\/\/tekcevisa.com\/es\/politica-de-cookies\/#breadcrumb","itemListElement":[{"@type":"ListItem","position":1,"name":"Anasayfa","item":"https:\/\/tekcevisa.com\/es\/"},{"@type":"ListItem","position":2,"name":"Politica de Cookies"}]},{"@type":"WebSite","@id":"https:\/\/tekcevisa.com\/es\/#website","url":"https:\/\/tekcevisa.com\/es\/","name":"Tekce Visa","description":"Consultor\u00eda Jur\u00eddica Global","publisher":{"@id":"https:\/\/tekcevisa.com\/es\/#organization"},"potentialAction":[{"@type":"SearchAction","target":{"@type":"EntryPoint","urlTemplate":"https:\/\/tekcevisa.com\/es\/?s={search_term_string}"},"query-input":"required name=search_term_string"}],"inLanguage":"tr"},{"@type":"Organization","@id":"https:\/\/tekcevisa.com\/es\/#organization","name":"Tekce Visa","url":"https:\/\/tekcevisa.com\/es\/","logo":{"@type":"ImageObject","inLanguage":"tr","@id":"https:\/\/tekcevisa.com\/es\/#\/schema\/logo\/image\/","url":"https:\/\/tekcevisa.com\/es\/wp-content\/uploads\/2025\/08\/ah-tekce-visa-opened-1-removebg-preview.png","contentUrl":"https:\/\/tekcevisa.com\/es\/wp-content\/uploads\/2025\/08\/ah-tekce-visa-opened-1-removebg-preview.png","width":360,"height":360,"caption":"Tekce Visa"},"image":{"@id":"https:\/\/tekcevisa.com\/es\/#\/schema\/logo\/image\/"}}]}},"_links":{"self":[{"href":"https:\/\/tekcevisa.com\/es\/wp-json\/wp\/v2\/pages\/640","targetHints":{"allow":["GET"]}}],"collection":[{"href":"https:\/\/tekcevisa.com\/es\/wp-json\/wp\/v2\/pages"}],"about":[{"href":"https:\/\/tekcevisa.com\/es\/wp-json\/wp\/v2\/types\/page"}],"author":[{"embeddable":true,"href":"https:\/\/tekcevisa.com\/es\/wp-json\/wp\/v2\/users\/5"}],"replies":[{"embeddable":true,"href":"https:\/\/tekcevisa.com\/es\/wp-json\/wp\/v2\/comments?post=640"}],"version-history":[{"count":3,"href":"https:\/\/tekcevisa.com\/es\/wp-json\/wp\/v2\/pages\/640\/revisions"}],"predecessor-version":[{"id":4706,"href":"https:\/\/tekcevisa.com\/es\/wp-json\/wp\/v2\/pages\/640\/revisions\/4706"}],"wp:attachment":[{"href":"https:\/\/tekcevisa.com\/es\/wp-json\/wp\/v2\/media?parent=640"}],"curies":[{"name":"wp","href":"https:\/\/api.w.org\/{rel}","templated":true}]}}