{"id":644,"date":"2023-01-16T11:42:18","date_gmt":"2023-01-16T08:42:18","guid":{"rendered":"https:\/\/tekcevisa.com\/?page_id=644"},"modified":"2023-08-09T14:03:08","modified_gmt":"2023-08-09T11:03:08","slug":"aviso-legal-y-exencion-de-responsabilidad","status":"publish","type":"page","link":"https:\/\/tekcevisa.com\/es\/aviso-legal-y-exencion-de-responsabilidad\/","title":{"rendered":"Aviso Legal y Exenci\u00f3n de Responsabilidad"},"content":{"rendered":"<h1>Aviso Legal y Renuncia de Responsabilidad | Tekce Legal Consultancy SA<\/h1>\n<h2>Aviso Legal y Renuncia de Responsabilidad<\/h2>\n<p>Tekce Consultor\u00eda Jur\u00eddica SA es una marca registrada. Prestamos servicios profesionales de consultor\u00eda jur\u00eddica en Espa\u00f1a, Turqu\u00eda, Portugal y Montenegro. https:\/\/tekcevisa.com\/es es propiedad de Tekce Legal Consultancy SA. En esta p\u00e1gina puede encontrar nuestros avisos legales y descargos de responsabilidad.<\/p>\n<p><strong>El Contenido del Sitio Web de Tekce Consultor\u00eda Jur\u00eddica SA<\/strong><\/p>\n<p>El contenido del sitio web https:\/\/tekcevisa.com\/es consiste en solicitudes de nacionalidad, permisos de residencia, derecho de sucesiones, derecho de obligaciones y asesoramiento jur\u00eddico sobre la creaci\u00f3n de empresas en Europa.<\/p>\n<p><strong>Aviso Legal y Exenci\u00f3n de Responsabilidad<\/strong><\/p>\n<p>Con el fin de garantizar la exactitud y exhaustividad de la informaci\u00f3n contenida en este sitio web, Tekce Legal Consultancy SA hace todo lo posible para mantener el sitio web correctamente. Adem\u00e1s, debe ser consciente de que la informaci\u00f3n contenida en este sitio web podr\u00eda eventualmente quedar obsoleta.<\/p>\n<p>A pesar de que se ha recopilado cuidadosamente y se actualiza con frecuencia, no asumimos ninguna responsabilidad por la exactitud, integridad o actualizaci\u00f3n de esta informaci\u00f3n.<\/p>\n<p>Tekce Consultor\u00eda Jur\u00eddica, S.A. se reserva expresamente el derecho a modificar, suprimir o suspender temporalmente, en cualquier momento y sin previo aviso, la totalidad o parte de los contenidos. En consecuencia, declinamos toda responsabilidad por los da\u00f1os y perjuicios que pudieran derivarse del mal uso, abuso o errores t\u00e9cnicos de la informaci\u00f3n generalmente publicada.<\/p>\n<p><strong>Exenci\u00f3n de Responsabilidad por Virus<\/strong><\/p>\n<p>Aunque tomamos todas las precauciones necesarias para evitar la entrada de virus en el sitio web, no podemos garantizar que la informaci\u00f3n, el software u otros materiales disponibles a trav\u00e9s de las p\u00e1ginas web est\u00e9n libres de programas maliciosos como troyanos, gusanos o virus.<\/p>\n<p>Declinamos toda responsabilidad por cualquier da\u00f1o de cualquier tipo, ya sea directo, indirecto, incidental, punitivo o consecuente, resultante del uso, acceso, navegaci\u00f3n o descarga de cualquier dato, informaci\u00f3n, texto, im\u00e1genes u otros materiales disponibles a trav\u00e9s de Tekce Consultor\u00eda Jur\u00eddica SA.<\/p>\n<p>Antes de acceder al sitio web, a su contenido y al software subyacente y\/o al software relacionado, debe tomar todas las precauciones necesarias contra los virus.<\/p>\n<p><strong>Informaci\u00f3n Sobre Enlaces Externos<\/strong><\/p>\n<p>Registramos datos estad\u00edsticos para referirnos a navegadores, sistemas operativos y sitios web de seguridad y para seguir desarrollando nuestro sitio web. Ninguno de estos datos se comparte con terceros. Toda la informaci\u00f3n recogida en este sitio web a trav\u00e9s del correo electr\u00f3nico se mantendr\u00e1 estrictamente confidencial y no se compartir\u00e1 ni vender\u00e1 a terceros.<\/p>\n<p>No obstante, en nuestro sitio web hay enlaces a otros sitios web gestionados y propiedad de terceros. Si utiliza estos enlaces, se redirigir\u00e1 a otro sitio web. Estos enlaces se facilitan \u00fanicamente a t\u00edtulo informativo y para su comodidad. La responsabilidad de los sitios web enlazados recae exclusivamente en sus operadores.<\/p>\n<p>No tenemos control sobre el contenido de ning\u00fan sitio web enlazado. Cuando acceda a un sitio web externo, debe tener en cuenta que Tekce Legal Consultancy SA no tiene ning\u00fan control sobre su contenido. No asumimos responsabilidad alguna por los sitios web enlazados ni por su contenido.<\/p>\n<p><strong>Derechos de Autor<\/strong><\/p>\n<p>https:\/\/tekcevisa.com\/es y todo su contenido, marcas registradas, servicios, fotos, logotipos, gr\u00e1ficos, dise\u00f1os y software est\u00e1n protegidos, controlados y\/o licenciados por Tekce Legal Consultancy SA y\/o sus filiales y afiliados.<\/p>\n<p><strong>El usuario est\u00e1 obligado a utilizar el contenido del sitio web de forma responsable, legal y de conformidad con todas las leyes aplicables. Asimismo, presta atenci\u00f3n a las siguientes advertencias;<\/strong><\/p>\n<ul>\n<li>Queda prohibido cualquier uso, total o parcial, del contenido del sitio web de Tekce Consultor\u00eda Jur\u00eddica SA.<\/li>\n<li>Sin nuestro consentimiento previo por escrito, est\u00e1 estrictamente prohibido utilizar nuestra marca y cualquier otro logotipo o marca de Tekce Legal Consultancy SA.<\/li>\n<li>Queda prohibido copiar, republicar, reproducir, publicar, cargar, transmitir o distribuir cualquier informaci\u00f3n o material de este sitio web.<\/li>\n<li>Sin nuestro consentimiento expreso por escrito, no est\u00e1 permitido distribuir o utilizar el contenido con fines comerciales. Adem\u00e1s, el contenido no puede ser transmitido o almacenado en ning\u00fan otro sitio web u otras formas de sistemas de recuperaci\u00f3n electr\u00f3nica.<\/li>\n<\/ul>\n<p><strong>La totalidad o parte del contenido no puede ser redistribuido o reproducido de ninguna manera, con la excepci\u00f3n de:<\/strong><\/p>\n<ul>\n<li>Puede imprimirlos o descargarlos en extractos del disco duro local \u00fanicamente para su uso personal y no comercial.<\/li>\n<li>Usted puede copiar el contenido a terceros individuales para uso personal, pero s\u00f3lo si usted reconoce el sitio web como la fuente del material.<\/li>\n<\/ul>\n<p>Puede utilizar la informaci\u00f3n de este sitio web siempre que nos cite y haga referencia a lo siguiente:<\/p>\n<p>Tekce Consultor\u00eda Jur\u00eddica SA \u00a9 2022 &#8211; Todos los derechos reservados. Debe obtener permiso de Tekce Legal Consultancy SA para el uso y reproducci\u00f3n del contenido.<\/p>\n<p><strong><em>La direcci\u00f3n del aviso legal de Tekce Legal Consultancy SA para todos los idiomas;<\/em><\/strong><\/p>\n<p><em>Direcci\u00f3n del aviso legal: C\/El Mont\u00edculo 8, 29631, Benalm\u00e1dena M\u00e1laga, Espa\u00f1a<\/em><\/p>\n<p><em>Tel: +34 951 23 59 59<\/em><\/p>\n<p><em>Correo electr\u00f3nico: info@tekcevisa.com<\/em><\/p>\n<p>Las notificaciones realizadas a direcciones distintas de esta se considerar\u00e1n no efectuadas.<\/p>\n<p>Si cree que hay contenido en nuestros sitios web que le molesta, p\u00f3ngase en contacto con nosotros a trav\u00e9s de nuestro formulario de contacto o de la informaci\u00f3n anterior.<\/p>\n<p>&nbsp;<\/p>\n","protected":false},"excerpt":{"rendered":"<p>Aviso Legal y Renuncia de Responsabilidad | Tekce Legal Consultancy<span class=\"excerpt-hellip\"> [\u2026]<\/span><\/p>\n","protected":false},"author":5,"featured_media":0,"parent":0,"menu_order":0,"comment_status":"closed","ping_status":"closed","template":"","meta":{"footnotes":""},"class_list":["post-644","page","type-page","status-publish","hentry"],"yoast_head":"<!-- This site is optimized with the Yoast SEO plugin v21.9.1 - https:\/\/yoast.com\/wordpress\/plugins\/seo\/ -->\n<title>Aviso Legal y Descargo de Responsabilidad - Tekce Visa<\/title>\n<meta name=\"description\" content=\"Conozca el Aviso Legal y el Descargo de Responsabilidad de las aplicaciones m\u00f3viles y el sitio web de Tekce Legal Consultancy SA https:\/\/tekcevisa.com.\" \/>\n<meta name=\"robots\" content=\"noindex, nofollow\" \/>\n<meta property=\"og:locale\" content=\"tr_TR\" \/>\n<meta property=\"og:type\" content=\"article\" \/>\n<meta property=\"og:title\" content=\"Aviso Legal y Descargo de Responsabilidad - Tekce Visa\" \/>\n<meta property=\"og:description\" content=\"Conozca el Aviso Legal y el Descargo de Responsabilidad de las aplicaciones m\u00f3viles y el sitio web de Tekce Legal Consultancy SA https:\/\/tekcevisa.com.\" \/>\n<meta property=\"og:url\" content=\"https:\/\/tekcevisa.com\/es\/aviso-legal-y-exencion-de-responsabilidad\/\" \/>\n<meta property=\"og:site_name\" content=\"Tekce Visa\" \/>\n<meta property=\"article:modified_time\" content=\"2023-08-09T11:03:08+00:00\" \/>\n<meta name=\"twitter:card\" content=\"summary_large_image\" \/>\n<meta name=\"twitter:label1\" content=\"Tahmini okuma s\u00fcresi\" \/>\n\t<meta name=\"twitter:data1\" content=\"6 dakika\" \/>\n<script type=\"application\/ld+json\" class=\"yoast-schema-graph\">{\"@context\":\"https:\/\/schema.org\",\"@graph\":[{\"@type\":\"WebPage\",\"@id\":\"https:\/\/tekcevisa.com\/es\/aviso-legal-y-exencion-de-responsabilidad\/\",\"url\":\"https:\/\/tekcevisa.com\/es\/aviso-legal-y-exencion-de-responsabilidad\/\",\"name\":\"Aviso Legal y Descargo de Responsabilidad - Tekce Visa\",\"isPartOf\":{\"@id\":\"https:\/\/tekcevisa.com\/es\/#website\"},\"datePublished\":\"2023-01-16T08:42:18+00:00\",\"dateModified\":\"2023-08-09T11:03:08+00:00\",\"description\":\"Conozca el Aviso Legal y el Descargo de Responsabilidad de las aplicaciones m\u00f3viles y el sitio web de Tekce Legal Consultancy SA https:\/\/tekcevisa.com.\",\"breadcrumb\":{\"@id\":\"https:\/\/tekcevisa.com\/es\/aviso-legal-y-exencion-de-responsabilidad\/#breadcrumb\"},\"inLanguage\":\"tr\",\"potentialAction\":[{\"@type\":\"ReadAction\",\"target\":[\"https:\/\/tekcevisa.com\/es\/aviso-legal-y-exencion-de-responsabilidad\/\"]}]},{\"@type\":\"BreadcrumbList\",\"@id\":\"https:\/\/tekcevisa.com\/es\/aviso-legal-y-exencion-de-responsabilidad\/#breadcrumb\",\"itemListElement\":[{\"@type\":\"ListItem\",\"position\":1,\"name\":\"Anasayfa\",\"item\":\"https:\/\/tekcevisa.com\/es\/\"},{\"@type\":\"ListItem\",\"position\":2,\"name\":\"Aviso Legal y Exenci\u00f3n de Responsabilidad\"}]},{\"@type\":\"WebSite\",\"@id\":\"https:\/\/tekcevisa.com\/es\/#website\",\"url\":\"https:\/\/tekcevisa.com\/es\/\",\"name\":\"Tekce Visa\",\"description\":\"Consultor\u00eda Jur\u00eddica Global\",\"publisher\":{\"@id\":\"https:\/\/tekcevisa.com\/es\/#organization\"},\"potentialAction\":[{\"@type\":\"SearchAction\",\"target\":{\"@type\":\"EntryPoint\",\"urlTemplate\":\"https:\/\/tekcevisa.com\/es\/?s={search_term_string}\"},\"query-input\":\"required name=search_term_string\"}],\"inLanguage\":\"tr\"},{\"@type\":\"Organization\",\"@id\":\"https:\/\/tekcevisa.com\/es\/#organization\",\"name\":\"Tekce Visa\",\"url\":\"https:\/\/tekcevisa.com\/es\/\",\"logo\":{\"@type\":\"ImageObject\",\"inLanguage\":\"tr\",\"@id\":\"https:\/\/tekcevisa.com\/es\/#\/schema\/logo\/image\/\",\"url\":\"https:\/\/tekcevisa.com\/es\/wp-content\/uploads\/2025\/08\/ah-tekce-visa-opened-1-removebg-preview.png\",\"contentUrl\":\"https:\/\/tekcevisa.com\/es\/wp-content\/uploads\/2025\/08\/ah-tekce-visa-opened-1-removebg-preview.png\",\"width\":360,\"height\":360,\"caption\":\"Tekce Visa\"},\"image\":{\"@id\":\"https:\/\/tekcevisa.com\/es\/#\/schema\/logo\/image\/\"}}]}<\/script>\n<!-- \/ Yoast SEO plugin. -->","yoast_head_json":{"title":"Aviso Legal y Descargo de Responsabilidad - Tekce Visa","description":"Conozca el Aviso Legal y el Descargo de Responsabilidad de las aplicaciones m\u00f3viles y el sitio web de Tekce Legal Consultancy SA https:\/\/tekcevisa.com.","robots":{"index":"noindex","follow":"nofollow"},"og_locale":"tr_TR","og_type":"article","og_title":"Aviso Legal y Descargo de Responsabilidad - Tekce Visa","og_description":"Conozca el Aviso Legal y el Descargo de Responsabilidad de las aplicaciones m\u00f3viles y el sitio web de Tekce Legal Consultancy SA https:\/\/tekcevisa.com.","og_url":"https:\/\/tekcevisa.com\/es\/aviso-legal-y-exencion-de-responsabilidad\/","og_site_name":"Tekce Visa","article_modified_time":"2023-08-09T11:03:08+00:00","twitter_card":"summary_large_image","twitter_misc":{"Tahmini okuma s\u00fcresi":"6 dakika"},"schema":{"@context":"https:\/\/schema.org","@graph":[{"@type":"WebPage","@id":"https:\/\/tekcevisa.com\/es\/aviso-legal-y-exencion-de-responsabilidad\/","url":"https:\/\/tekcevisa.com\/es\/aviso-legal-y-exencion-de-responsabilidad\/","name":"Aviso Legal y Descargo de Responsabilidad - Tekce Visa","isPartOf":{"@id":"https:\/\/tekcevisa.com\/es\/#website"},"datePublished":"2023-01-16T08:42:18+00:00","dateModified":"2023-08-09T11:03:08+00:00","description":"Conozca el Aviso Legal y el Descargo de Responsabilidad de las aplicaciones m\u00f3viles y el sitio web de Tekce Legal Consultancy SA https:\/\/tekcevisa.com.","breadcrumb":{"@id":"https:\/\/tekcevisa.com\/es\/aviso-legal-y-exencion-de-responsabilidad\/#breadcrumb"},"inLanguage":"tr","potentialAction":[{"@type":"ReadAction","target":["https:\/\/tekcevisa.com\/es\/aviso-legal-y-exencion-de-responsabilidad\/"]}]},{"@type":"BreadcrumbList","@id":"https:\/\/tekcevisa.com\/es\/aviso-legal-y-exencion-de-responsabilidad\/#breadcrumb","itemListElement":[{"@type":"ListItem","position":1,"name":"Anasayfa","item":"https:\/\/tekcevisa.com\/es\/"},{"@type":"ListItem","position":2,"name":"Aviso Legal y Exenci\u00f3n de Responsabilidad"}]},{"@type":"WebSite","@id":"https:\/\/tekcevisa.com\/es\/#website","url":"https:\/\/tekcevisa.com\/es\/","name":"Tekce Visa","description":"Consultor\u00eda Jur\u00eddica Global","publisher":{"@id":"https:\/\/tekcevisa.com\/es\/#organization"},"potentialAction":[{"@type":"SearchAction","target":{"@type":"EntryPoint","urlTemplate":"https:\/\/tekcevisa.com\/es\/?s={search_term_string}"},"query-input":"required name=search_term_string"}],"inLanguage":"tr"},{"@type":"Organization","@id":"https:\/\/tekcevisa.com\/es\/#organization","name":"Tekce Visa","url":"https:\/\/tekcevisa.com\/es\/","logo":{"@type":"ImageObject","inLanguage":"tr","@id":"https:\/\/tekcevisa.com\/es\/#\/schema\/logo\/image\/","url":"https:\/\/tekcevisa.com\/es\/wp-content\/uploads\/2025\/08\/ah-tekce-visa-opened-1-removebg-preview.png","contentUrl":"https:\/\/tekcevisa.com\/es\/wp-content\/uploads\/2025\/08\/ah-tekce-visa-opened-1-removebg-preview.png","width":360,"height":360,"caption":"Tekce Visa"},"image":{"@id":"https:\/\/tekcevisa.com\/es\/#\/schema\/logo\/image\/"}}]}},"_links":{"self":[{"href":"https:\/\/tekcevisa.com\/es\/wp-json\/wp\/v2\/pages\/644","targetHints":{"allow":["GET"]}}],"collection":[{"href":"https:\/\/tekcevisa.com\/es\/wp-json\/wp\/v2\/pages"}],"about":[{"href":"https:\/\/tekcevisa.com\/es\/wp-json\/wp\/v2\/types\/page"}],"author":[{"embeddable":true,"href":"https:\/\/tekcevisa.com\/es\/wp-json\/wp\/v2\/users\/5"}],"replies":[{"embeddable":true,"href":"https:\/\/tekcevisa.com\/es\/wp-json\/wp\/v2\/comments?post=644"}],"version-history":[{"count":3,"href":"https:\/\/tekcevisa.com\/es\/wp-json\/wp\/v2\/pages\/644\/revisions"}],"predecessor-version":[{"id":4710,"href":"https:\/\/tekcevisa.com\/es\/wp-json\/wp\/v2\/pages\/644\/revisions\/4710"}],"wp:attachment":[{"href":"https:\/\/tekcevisa.com\/es\/wp-json\/wp\/v2\/media?parent=644"}],"curies":[{"name":"wp","href":"https:\/\/api.w.org\/{rel}","templated":true}]}}