{"id":650,"date":"2023-01-16T11:50:34","date_gmt":"2023-01-16T08:50:34","guid":{"rendered":"https:\/\/tekcevisa.com\/?page_id=650"},"modified":"2023-08-09T14:57:17","modified_gmt":"2023-08-09T11:57:17","slug":"terminos-de-uso","status":"publish","type":"page","link":"https:\/\/tekcevisa.com\/es\/terminos-de-uso\/","title":{"rendered":"T\u00e9rminos de Uso"},"content":{"rendered":"<h1>Condiciones de Uso del Sitio Web<\/h1>\n<p>El sitio web https:\/\/tekcevisa.com\/es es propiedad de Tekce Legal Consultancy SA. Le sugerimos que lea atentamente los t\u00e9rminos y condiciones del sitio web antes de navegar por \u00e9l. Su uso continuado de nuestro sitio web indica que est\u00e1 de acuerdo y acepta nuestras condiciones de uso. Puede evitar el uso de nuestro sitio web, si no acepta los t\u00e9rminos.<\/p>\n<p>Tekce Legal Consultancy SA cumple \u00edntegramente con la normativa de seguridad de datos y almacenamiento por la Ley Org\u00e1nica 3\/2018 de Protecci\u00f3n de Datos y Derechos Digitales.<\/p>\n<h2>\u00bfQui\u00e9nes Somos?<\/h2>\n<p>Tekce Legal Consultancy SA (&#8220;nosotros&#8221; o &#8220;nos&#8221; en adelante) es una consultor\u00eda jur\u00eddica que opera en Espa\u00f1a, Turqu\u00eda, Portugal y Montenegro. Somos profesionales y expertos en ciudadan\u00eda y permiso de residencia por inversi\u00f3n ya que ayudamos a cientos de personas y familias de todo el mundo con sus vidas.<\/p>\n<p>Nuestro c\u00f3digo Nace es 68.31.01, y nuestro n\u00famero de registro mercantil es 145567-5.<\/p>\n<p>Los valores de nuestra empresa se basan en la sostenibilidad, la excelencia, la innovaci\u00f3n, la integridad y la bondad. Nunca discriminamos a las personas por su color de piel, raza o sexo.<\/p>\n<p><strong>Cambios en Nuestras Condiciones y Sitio Web<\/strong><\/p>\n<p>En cualquier momento, Tekce Legal Consultancy SA puede cambiar o rescindir los t\u00e9rminos y sitios web. Puede comprobar los t\u00e9rminos para asegurarse de que comprende los t\u00e9rminos actuales cada vez que desee utilizar nuestro sitio web.<\/p>\n<p><strong>Finalidad de nuestro sitio web<\/strong><\/p>\n<p>El prop\u00f3sito de las publicaciones en nuestro sitio web en varios idiomas y dominios dentro de Tekce Legal Consultancy SA es;<\/p>\n<ul>\n<li>Presentar los servicios de &#8220;Tekce Legal Consultancy SA&#8221; en varios idiomas extranjeros.<\/li>\n<\/ul>\n<p><strong>Utilizamos Cookies<\/strong><\/p>\n<p>Las cookies son peque\u00f1os archivos de texto que se establecen en su ordenador mientras navega por el sitio web. Utilizamos cookies propias y de terceros para recordarle a usted y sus preferencias, mejorar el rendimiento de nuestro sitio web y generar informaci\u00f3n estad\u00edstica.<\/p>\n<p><strong>\u00bfPor qu\u00e9 Almacenamos sus Datos?<\/strong><\/p>\n<p>Tekce Consultor\u00eda Jur\u00eddica S.A. recoge datos para proporcionar informaci\u00f3n y los mejores servicios de atenci\u00f3n al cliente a las personas, entender sus necesidades y expectativas, y en particular por las siguientes razones:<\/p>\n<ul>\n<li>Informaci\u00f3n de contacto y personal, como nombre, apellidos, direcci\u00f3n de correo electr\u00f3nico y n\u00famero de tel\u00e9fono, para una comunicaci\u00f3n de mejor calidad. Tambi\u00e9n utilizamos esta informaci\u00f3n para enviarle contenido informativo en formato de bolet\u00edn informativo a trav\u00e9s de su direcci\u00f3n de correo electr\u00f3nico y para notificarle nuestros \u00faltimos servicios.<\/li>\n<li>Datos demogr\u00e1ficos de navegaci\u00f3n por el sitio o la aplicaci\u00f3n para examinar y recopilar los puntos de inter\u00e9s de los usuarios. Estos datos se utilizan para mejorar acciones comerciales y operativas como marketing, retargeting y comunicaciones.<\/li>\n<li>Datos de redes sociales (Facebook, Twitter, Linkedin) para ofrecer una mejor experiencia en el sitio web. Estos medios sociales s\u00f3lo pueden utilizarse para registrarse en nuestro sitio web.<\/li>\n<li>Datos de localizaci\u00f3n, como la direcci\u00f3n existente y la direcci\u00f3n IP, para sugerir nuestros servicios y mostrar las oficinas m\u00e1s cercanas por ubicaci\u00f3n.<\/li>\n<\/ul>\n<p>Conservamos su nombre, apellidos, tel\u00e9fono y direcci\u00f3n de correo electr\u00f3nico que nos ha facilitado voluntariamente.<\/p>\n<p>S\u00f3lo las personas autorizadas pueden acceder a sus datos. Nunca utilizamos sus datos fuera de los servicios de consultor\u00eda. Nunca compartiremos sus datos con terceras empresas.<\/p>\n<p>Cada vez que llame a nuestra empresa o a nuestro personal, usted acepta que podamos devolverle la llamada y enviarle mensajes de m\u00f3vil (a trav\u00e9s de Whatsapp, SMS, Viber, etc.). Asimismo, suponemos que acepta que podamos llamarle y enviarle correos electr\u00f3nicos informativos y boletines sobre su consulta, si env\u00eda un correo electr\u00f3nico a nuestra direcci\u00f3n de correo publicada o rellena nuestro formulario web.<\/p>\n<p><strong>Respetamos la Privacidad de los Usuarios<\/strong><\/p>\n<p>Cuidamos la privacidad en l\u00ednea con nuestros valores corporativos. S\u00f3lo utilizamos cookies de terceros para mejorar la experiencia de los visitantes en nuestro sitio web. S\u00f3lo el personal autorizado puede ver el tel\u00e9fono, el correo electr\u00f3nico, la informaci\u00f3n de identidad detallada obtenida durante el contrato y el n\u00famero de identificaci\u00f3n fiscal.<\/p>\n<p>Su informaci\u00f3n no ser\u00e1 accesible por nadie que no est\u00e9 autorizado por la empresa. Utilizamos esta informaci\u00f3n y documentos s\u00f3lo para darle servicio y con el fin de servir de consultor\u00eda profesional. Podemos hacer llamadas telef\u00f3nicas, enviar correos electr\u00f3nicos y boletines informativos sobre el contenido y los servicios que le interesan. Le prometemos que no le molestaremos si usted no lo desea.<\/p>\n<p>Puede leer nuestra Pol\u00edtica de privacidad para obtener informaci\u00f3n detallada sobre c\u00f3mo recopilamos y utilizamos sus datos personales y protegemos su privacidad.<\/p>\n<h4><strong>Respeto a Nuestros Derechos de Propiedad Intelectual<\/strong><\/h4>\n<p>Todos los contenidos son de nuestra producci\u00f3n y se crean de forma exclusiva. Asumimos que usted respeta nuestros derechos de propiedad intelectual. No copie ning\u00fan contenido de nuestro sitio web.<\/p>\n<p>Puede utilizar nuestro contenido informativo enlazando a nuestro sitio web o especificando la fuente de informaci\u00f3n como &#8220;Tekce Legal Consultancy SA&#8221;. Respetamos la Digital Millennium Copyright Act y defendemos nuestra singularidad con la DMCA.<\/p>\n<h4><strong>Pol\u00edtica de Marcas<\/strong><\/h4>\n<p>Tekce Legal Consultancy SA es nuestra marca registrada. Nadie puede utilizar nuestra marca y logotipo.<\/p>\n<p><strong>Comentarios de los Clientes<\/strong><\/p>\n<p>Agradecemos sus recomendaciones sobre c\u00f3mo podemos mejorar nuestro servicio. Por favor, utilice los datos de contacto facilitados a continuaci\u00f3n, si tiene cualquier comentario, pregunta o queja sobre estas condiciones o sobre Tekce Legal Consultancy SA.<\/p>\n<p><strong><em>La direcci\u00f3n del aviso legal de Tekce Legal Consultancy SA;<\/em><\/strong><\/p>\n<p><em>Direcci\u00f3n del aviso legal: C\/El Mont\u00edculo 8, 29631, Benalm\u00e1dena M\u00e1laga, Espa\u00f1a<\/em><\/p>\n<p><em>Tel: +34 951 23 59 59 <\/em><\/p>\n<p><em>Correo electr\u00f3nico: <\/em><em>info@tekcevisa.com<\/em><\/p>\n","protected":false},"excerpt":{"rendered":"<p>Condiciones de Uso del Sitio Web El sitio web https:\/\/tekcevisa.com\/es<span class=\"excerpt-hellip\"> [\u2026]<\/span><\/p>\n","protected":false},"author":5,"featured_media":0,"parent":0,"menu_order":0,"comment_status":"closed","ping_status":"closed","template":"","meta":{"footnotes":""},"class_list":["post-650","page","type-page","status-publish","hentry"],"yoast_head":"<!-- This site is optimized with the Yoast SEO plugin v21.9.1 - https:\/\/yoast.com\/wordpress\/plugins\/seo\/ -->\n<title>T\u00e9rminos de Uso - Tekce Visa<\/title>\n<meta name=\"description\" content=\"Puede consultar las caracter\u00edsticas del sitio web y las aplicaciones de Tekce Consultor\u00eda Jur\u00eddica SA.\" \/>\n<meta name=\"robots\" content=\"noindex, nofollow\" \/>\n<meta property=\"og:locale\" content=\"tr_TR\" \/>\n<meta property=\"og:type\" content=\"article\" \/>\n<meta property=\"og:title\" content=\"T\u00e9rminos de Uso - Tekce Visa\" \/>\n<meta property=\"og:description\" content=\"Puede consultar las caracter\u00edsticas del sitio web y las aplicaciones de Tekce Consultor\u00eda Jur\u00eddica SA.\" \/>\n<meta property=\"og:url\" content=\"https:\/\/tekcevisa.com\/es\/terminos-de-uso\/\" \/>\n<meta property=\"og:site_name\" content=\"Tekce Visa\" \/>\n<meta property=\"article:modified_time\" content=\"2023-08-09T11:57:17+00:00\" \/>\n<meta name=\"twitter:card\" content=\"summary_large_image\" \/>\n<meta name=\"twitter:label1\" content=\"Tahmini okuma s\u00fcresi\" \/>\n\t<meta name=\"twitter:data1\" content=\"6 dakika\" \/>\n<script type=\"application\/ld+json\" class=\"yoast-schema-graph\">{\"@context\":\"https:\/\/schema.org\",\"@graph\":[{\"@type\":\"WebPage\",\"@id\":\"https:\/\/tekcevisa.com\/es\/terminos-de-uso\/\",\"url\":\"https:\/\/tekcevisa.com\/es\/terminos-de-uso\/\",\"name\":\"T\u00e9rminos de Uso - Tekce Visa\",\"isPartOf\":{\"@id\":\"https:\/\/tekcevisa.com\/es\/#website\"},\"datePublished\":\"2023-01-16T08:50:34+00:00\",\"dateModified\":\"2023-08-09T11:57:17+00:00\",\"description\":\"Puede consultar las caracter\u00edsticas del sitio web y las aplicaciones de Tekce Consultor\u00eda Jur\u00eddica SA.\",\"breadcrumb\":{\"@id\":\"https:\/\/tekcevisa.com\/es\/terminos-de-uso\/#breadcrumb\"},\"inLanguage\":\"tr\",\"potentialAction\":[{\"@type\":\"ReadAction\",\"target\":[\"https:\/\/tekcevisa.com\/es\/terminos-de-uso\/\"]}]},{\"@type\":\"BreadcrumbList\",\"@id\":\"https:\/\/tekcevisa.com\/es\/terminos-de-uso\/#breadcrumb\",\"itemListElement\":[{\"@type\":\"ListItem\",\"position\":1,\"name\":\"Anasayfa\",\"item\":\"https:\/\/tekcevisa.com\/es\/\"},{\"@type\":\"ListItem\",\"position\":2,\"name\":\"T\u00e9rminos de Uso\"}]},{\"@type\":\"WebSite\",\"@id\":\"https:\/\/tekcevisa.com\/es\/#website\",\"url\":\"https:\/\/tekcevisa.com\/es\/\",\"name\":\"Tekce Visa\",\"description\":\"Consultor\u00eda Jur\u00eddica Global\",\"publisher\":{\"@id\":\"https:\/\/tekcevisa.com\/es\/#organization\"},\"potentialAction\":[{\"@type\":\"SearchAction\",\"target\":{\"@type\":\"EntryPoint\",\"urlTemplate\":\"https:\/\/tekcevisa.com\/es\/?s={search_term_string}\"},\"query-input\":\"required name=search_term_string\"}],\"inLanguage\":\"tr\"},{\"@type\":\"Organization\",\"@id\":\"https:\/\/tekcevisa.com\/es\/#organization\",\"name\":\"Tekce Visa\",\"url\":\"https:\/\/tekcevisa.com\/es\/\",\"logo\":{\"@type\":\"ImageObject\",\"inLanguage\":\"tr\",\"@id\":\"https:\/\/tekcevisa.com\/es\/#\/schema\/logo\/image\/\",\"url\":\"https:\/\/tekcevisa.com\/es\/wp-content\/uploads\/2025\/08\/ah-tekce-visa-opened-1-removebg-preview.png\",\"contentUrl\":\"https:\/\/tekcevisa.com\/es\/wp-content\/uploads\/2025\/08\/ah-tekce-visa-opened-1-removebg-preview.png\",\"width\":360,\"height\":360,\"caption\":\"Tekce Visa\"},\"image\":{\"@id\":\"https:\/\/tekcevisa.com\/es\/#\/schema\/logo\/image\/\"}}]}<\/script>\n<!-- \/ Yoast SEO plugin. -->","yoast_head_json":{"title":"T\u00e9rminos de Uso - Tekce Visa","description":"Puede consultar las caracter\u00edsticas del sitio web y las aplicaciones de Tekce Consultor\u00eda Jur\u00eddica SA.","robots":{"index":"noindex","follow":"nofollow"},"og_locale":"tr_TR","og_type":"article","og_title":"T\u00e9rminos de Uso - Tekce Visa","og_description":"Puede consultar las caracter\u00edsticas del sitio web y las aplicaciones de Tekce Consultor\u00eda Jur\u00eddica SA.","og_url":"https:\/\/tekcevisa.com\/es\/terminos-de-uso\/","og_site_name":"Tekce Visa","article_modified_time":"2023-08-09T11:57:17+00:00","twitter_card":"summary_large_image","twitter_misc":{"Tahmini okuma s\u00fcresi":"6 dakika"},"schema":{"@context":"https:\/\/schema.org","@graph":[{"@type":"WebPage","@id":"https:\/\/tekcevisa.com\/es\/terminos-de-uso\/","url":"https:\/\/tekcevisa.com\/es\/terminos-de-uso\/","name":"T\u00e9rminos de Uso - Tekce Visa","isPartOf":{"@id":"https:\/\/tekcevisa.com\/es\/#website"},"datePublished":"2023-01-16T08:50:34+00:00","dateModified":"2023-08-09T11:57:17+00:00","description":"Puede consultar las caracter\u00edsticas del sitio web y las aplicaciones de Tekce Consultor\u00eda Jur\u00eddica SA.","breadcrumb":{"@id":"https:\/\/tekcevisa.com\/es\/terminos-de-uso\/#breadcrumb"},"inLanguage":"tr","potentialAction":[{"@type":"ReadAction","target":["https:\/\/tekcevisa.com\/es\/terminos-de-uso\/"]}]},{"@type":"BreadcrumbList","@id":"https:\/\/tekcevisa.com\/es\/terminos-de-uso\/#breadcrumb","itemListElement":[{"@type":"ListItem","position":1,"name":"Anasayfa","item":"https:\/\/tekcevisa.com\/es\/"},{"@type":"ListItem","position":2,"name":"T\u00e9rminos de Uso"}]},{"@type":"WebSite","@id":"https:\/\/tekcevisa.com\/es\/#website","url":"https:\/\/tekcevisa.com\/es\/","name":"Tekce Visa","description":"Consultor\u00eda Jur\u00eddica Global","publisher":{"@id":"https:\/\/tekcevisa.com\/es\/#organization"},"potentialAction":[{"@type":"SearchAction","target":{"@type":"EntryPoint","urlTemplate":"https:\/\/tekcevisa.com\/es\/?s={search_term_string}"},"query-input":"required name=search_term_string"}],"inLanguage":"tr"},{"@type":"Organization","@id":"https:\/\/tekcevisa.com\/es\/#organization","name":"Tekce Visa","url":"https:\/\/tekcevisa.com\/es\/","logo":{"@type":"ImageObject","inLanguage":"tr","@id":"https:\/\/tekcevisa.com\/es\/#\/schema\/logo\/image\/","url":"https:\/\/tekcevisa.com\/es\/wp-content\/uploads\/2025\/08\/ah-tekce-visa-opened-1-removebg-preview.png","contentUrl":"https:\/\/tekcevisa.com\/es\/wp-content\/uploads\/2025\/08\/ah-tekce-visa-opened-1-removebg-preview.png","width":360,"height":360,"caption":"Tekce Visa"},"image":{"@id":"https:\/\/tekcevisa.com\/es\/#\/schema\/logo\/image\/"}}]}},"_links":{"self":[{"href":"https:\/\/tekcevisa.com\/es\/wp-json\/wp\/v2\/pages\/650","targetHints":{"allow":["GET"]}}],"collection":[{"href":"https:\/\/tekcevisa.com\/es\/wp-json\/wp\/v2\/pages"}],"about":[{"href":"https:\/\/tekcevisa.com\/es\/wp-json\/wp\/v2\/types\/page"}],"author":[{"embeddable":true,"href":"https:\/\/tekcevisa.com\/es\/wp-json\/wp\/v2\/users\/5"}],"replies":[{"embeddable":true,"href":"https:\/\/tekcevisa.com\/es\/wp-json\/wp\/v2\/comments?post=650"}],"version-history":[{"count":3,"href":"https:\/\/tekcevisa.com\/es\/wp-json\/wp\/v2\/pages\/650\/revisions"}],"predecessor-version":[{"id":4720,"href":"https:\/\/tekcevisa.com\/es\/wp-json\/wp\/v2\/pages\/650\/revisions\/4720"}],"wp:attachment":[{"href":"https:\/\/tekcevisa.com\/es\/wp-json\/wp\/v2\/media?parent=650"}],"curies":[{"name":"wp","href":"https:\/\/api.w.org\/{rel}","templated":true}]}}