{"id":2314,"date":"2023-02-13T23:19:14","date_gmt":"2023-02-13T20:19:14","guid":{"rendered":"https:\/\/tekcevisa.com\/?page_id=2314"},"modified":"2025-08-18T16:02:16","modified_gmt":"2025-08-18T13:02:16","slug":"malaga","status":"publish","type":"page","link":"https:\/\/tekcevisa.com\/tr\/iletisim\/malaga\/","title":{"rendered":"M\u00e1laga"},"content":{"rendered":"<p>Tekce Visa\u2019n\u0131n M\u00e1laga ofisinde \u00e7e\u015fitli yurt d\u0131\u015f\u0131 hukuk alanlar\u0131nda dan\u0131\u015fmanl\u0131k hizmetleri verilmektedir. M\u00e1laga ofisimizde; \u015firket kurma, Golden Visa ba\u015fvurusu ve oturum izinlerinden banka hesab\u0131 a\u00e7maya kadar bir\u00e7ok konuda deneyimli profesyonel hukuk dan\u0131\u015fmanlar\u0131m\u0131z bulunmaktad\u0131r.<\/p>\n<p>Tekce Visa olarak M\u00e1laga ve Alicante\u2019de olmak \u00fczere \u0130spanya\u2019da 2 ofisimiz bulunmaktad\u0131r. Ofislerimizin konumu, yabanc\u0131lar taraf\u0131ndan en \u00e7ok talep g\u00f6ren b\u00f6lgelerde se\u00e7ilmi\u015f olmas\u0131 ile kolay ula\u015f\u0131m imkanlar\u0131 sunmaktad\u0131r.<\/p>\n<p>Ekibimiz size sadece s\u00fcrecin tamamlanmas\u0131 ile ilgili dan\u0131\u015fmanl\u0131k etmekle kalmayacak, ayr\u0131ca dilerseniz t\u00fcm s\u00fcreci sizin ad\u0131n\u0131za tamamlayacakt\u0131r. Vekalet vermeniz durumunda ekibimiz, sizin \u0130spanya\u2019ya seyahat etmenize bile gerek kalmadan t\u00fcm s\u00fcreci tamamlayacakt\u0131r.<\/p>\n<p>Yurt d\u0131\u015f\u0131 ile ilgili hukuki dan\u0131\u015fmanl\u0131k almak istiyorsan\u0131z diledi\u011finiz zaman bizimle ileti\u015fime ge\u00e7ebilirsiniz. Dan\u0131\u015fmanl\u0131k s\u00fcrecini ba\u015flatmak i\u00e7in bize e-posta g\u00f6nderebilir, arayabilir veya ileti\u015fim formunu doldurabilirsiniz. Uzmanlar\u0131m\u0131z sizinle en k\u0131sa s\u00fcrede ileti\u015fime ge\u00e7ecektir.<\/p>\n<p>Kapsaml\u0131 hizmetlerimiz \u015firket de\u011ferlerimiz \u00fczerine kuruludur. Dan\u0131\u015fanlar\u0131m\u0131z\u0131n her birine kapsaml\u0131 ve konular\u0131na \u00f6zel hizmet vererek de\u011fer veriyoruz. Dan\u0131\u015fanlar\u0131m\u0131z\u0131 anl\u0131yor, s\u00fcre\u00e7lerini en kolay ve h\u0131zl\u0131 \u015fekilde tamaml\u0131yoruz.<\/p>\n<p>Tekce Visa\u2019n\u0131n uzmanlar\u0131 yurt d\u0131\u015f\u0131ndaki hukuki konular\u0131n bireysel olarak \u00fcstesinden gelmenin zorlu\u011funu biliyor. Profesyonelli\u011fimiz ve deneyimimiz ile s\u00fcrecinizi rahat ve ba\u015far\u0131l\u0131 \u015fekilde tamamlayabilirsiniz.<\/p>\n<p>Vatanda\u015fl\u0131k ba\u015fvurusu, oturum izni, \u015firket kurma veya g\u00f6\u00e7 gibi \u00e7e\u015fitli konularda dan\u0131\u015fmanl\u0131\u011fa ihtiyac\u0131n\u0131z varsa bizimle diledi\u011finiz zaman ileti\u015fime ge\u00e7ebilirsiniz. Profesyonel ekibimiz s\u00fcreciniz boyunca size yard\u0131mc\u0131 olmaktan mutluluk duyacakt\u0131r.<\/p>\n","protected":false},"excerpt":{"rendered":"<p>Tekce Visa\u2019n\u0131n M\u00e1laga ofisinde \u00e7e\u015fitli yurt d\u0131\u015f\u0131 hukuk alanlar\u0131nda dan\u0131\u015fmanl\u0131k<span class=\"excerpt-hellip\"> [\u2026]<\/span><\/p>\n","protected":false},"author":6,"featured_media":0,"parent":14,"menu_order":0,"comment_status":"closed","ping_status":"closed","template":"","meta":{"footnotes":""},"class_list":["post-2314","page","type-page","status-publish","hentry"],"yoast_head":"<!-- This site is optimized with the Yoast SEO plugin v24.2 - https:\/\/yoast.com\/wordpress\/plugins\/seo\/ -->\n<title>\u0130spanya Malaga Ofisi - Tekce Visa<\/title>\n<meta name=\"description\" content=\"\u0130spanya&#039;daki Malaga ofisimizi ziyaret ederek Tekce Visa\u2019n\u0131n uzman ekibinden birebir hizmet alabilirsiniz. \u0130leti\u015fim bilgileri i\u00e7in bu sayfaya g\u00f6z at\u0131n.\" \/>\n<meta name=\"robots\" content=\"index, follow, max-snippet:-1, max-image-preview:large, max-video-preview:-1\" \/>\n<link rel=\"canonical\" href=\"https:\/\/tekcevisa.com\/tr\/iletisim\/malaga\/\" \/>\n<meta property=\"og:locale\" content=\"tr_TR\" \/>\n<meta property=\"og:type\" content=\"article\" \/>\n<meta property=\"og:title\" content=\"\u0130spanya Malaga Ofisi - Tekce Visa\" \/>\n<meta property=\"og:description\" content=\"\u0130spanya&#039;daki Malaga ofisimizi ziyaret ederek Tekce Visa\u2019n\u0131n uzman ekibinden birebir hizmet alabilirsiniz. \u0130leti\u015fim bilgileri i\u00e7in bu sayfaya g\u00f6z at\u0131n.\" \/>\n<meta property=\"og:url\" content=\"https:\/\/tekcevisa.com\/tr\/iletisim\/malaga\/\" \/>\n<meta property=\"og:site_name\" content=\"Tekce Visa\" \/>\n<meta property=\"article:publisher\" content=\"https:\/\/www.instagram.com\/tekcevisa\/\" \/>\n<meta property=\"article:modified_time\" content=\"2025-08-18T13:02:16+00:00\" \/>\n<meta name=\"twitter:card\" content=\"summary_large_image\" \/>\n<meta name=\"twitter:label1\" content=\"Tahmini okuma s\u00fcresi\" \/>\n\t<meta name=\"twitter:data1\" content=\"2 dakika\" \/>\n<script type=\"application\/ld+json\" class=\"yoast-schema-graph\">{\"@context\":\"https:\/\/schema.org\",\"@graph\":[{\"@type\":\"WebPage\",\"@id\":\"https:\/\/tekcevisa.com\/tr\/iletisim\/malaga\/\",\"url\":\"https:\/\/tekcevisa.com\/tr\/iletisim\/malaga\/\",\"name\":\"\u0130spanya Malaga Ofisi - Tekce Visa\",\"isPartOf\":{\"@id\":\"https:\/\/tekcevisa.com\/tr\/#website\"},\"datePublished\":\"2023-02-13T20:19:14+00:00\",\"dateModified\":\"2025-08-18T13:02:16+00:00\",\"description\":\"\u0130spanya'daki Malaga ofisimizi ziyaret ederek Tekce Visa\u2019n\u0131n uzman ekibinden birebir hizmet alabilirsiniz. \u0130leti\u015fim bilgileri i\u00e7in bu sayfaya g\u00f6z at\u0131n.\",\"breadcrumb\":{\"@id\":\"https:\/\/tekcevisa.com\/tr\/iletisim\/malaga\/#breadcrumb\"},\"inLanguage\":\"tr\",\"potentialAction\":[{\"@type\":\"ReadAction\",\"target\":[\"https:\/\/tekcevisa.com\/tr\/iletisim\/malaga\/\"]}]},{\"@type\":\"BreadcrumbList\",\"@id\":\"https:\/\/tekcevisa.com\/tr\/iletisim\/malaga\/#breadcrumb\",\"itemListElement\":[{\"@type\":\"ListItem\",\"position\":1,\"name\":\"Ana Sayfa\",\"item\":\"https:\/\/tekcevisa.com\/tr\/\"},{\"@type\":\"ListItem\",\"position\":2,\"name\":\"\u0130leti\u015fim\",\"item\":\"https:\/\/tekcevisa.com\/tr\/iletisim\/\"},{\"@type\":\"ListItem\",\"position\":3,\"name\":\"M\u00e1laga\"}]},{\"@type\":\"WebSite\",\"@id\":\"https:\/\/tekcevisa.com\/tr\/#website\",\"url\":\"https:\/\/tekcevisa.com\/tr\/\",\"name\":\"Tekce Visa - Uluslararas\u0131 Hukuki Dan\u0131\u015fmanl\u0131k\",\"description\":\"Uluslararas\u0131 Hukuki Dan\u0131\u015fmanl\u0131k\",\"publisher\":{\"@id\":\"https:\/\/tekcevisa.com\/tr\/#organization\"},\"potentialAction\":[{\"@type\":\"SearchAction\",\"target\":{\"@type\":\"EntryPoint\",\"urlTemplate\":\"https:\/\/tekcevisa.com\/tr\/?s={search_term_string}\"},\"query-input\":{\"@type\":\"PropertyValueSpecification\",\"valueRequired\":true,\"valueName\":\"search_term_string\"}}],\"inLanguage\":\"tr\"},{\"@type\":\"Organization\",\"@id\":\"https:\/\/tekcevisa.com\/tr\/#organization\",\"name\":\"Tekce Visa\",\"url\":\"https:\/\/tekcevisa.com\/tr\/\",\"logo\":{\"@type\":\"ImageObject\",\"inLanguage\":\"tr\",\"@id\":\"https:\/\/tekcevisa.com\/tr\/#\/schema\/logo\/image\/\",\"url\":\"https:\/\/tekcevisa.com\/tr\/wp-content\/uploads\/2025\/08\/ah-tekce-visa-opened-1-removebg-preview.png\",\"contentUrl\":\"https:\/\/tekcevisa.com\/tr\/wp-content\/uploads\/2025\/08\/ah-tekce-visa-opened-1-removebg-preview.png\",\"width\":360,\"height\":360,\"caption\":\"Tekce Visa\"},\"image\":{\"@id\":\"https:\/\/tekcevisa.com\/tr\/#\/schema\/logo\/image\/\"},\"sameAs\":[\"https:\/\/www.instagram.com\/tekcevisa\/\"]}]}<\/script>\n<!-- \/ Yoast SEO plugin. -->","yoast_head_json":{"title":"\u0130spanya Malaga Ofisi - Tekce Visa","description":"\u0130spanya'daki Malaga ofisimizi ziyaret ederek Tekce Visa\u2019n\u0131n uzman ekibinden birebir hizmet alabilirsiniz. \u0130leti\u015fim bilgileri i\u00e7in bu sayfaya g\u00f6z at\u0131n.","robots":{"index":"index","follow":"follow","max-snippet":"max-snippet:-1","max-image-preview":"max-image-preview:large","max-video-preview":"max-video-preview:-1"},"canonical":"https:\/\/tekcevisa.com\/tr\/iletisim\/malaga\/","og_locale":"tr_TR","og_type":"article","og_title":"\u0130spanya Malaga Ofisi - Tekce Visa","og_description":"\u0130spanya'daki Malaga ofisimizi ziyaret ederek Tekce Visa\u2019n\u0131n uzman ekibinden birebir hizmet alabilirsiniz. \u0130leti\u015fim bilgileri i\u00e7in bu sayfaya g\u00f6z at\u0131n.","og_url":"https:\/\/tekcevisa.com\/tr\/iletisim\/malaga\/","og_site_name":"Tekce Visa","article_publisher":"https:\/\/www.instagram.com\/tekcevisa\/","article_modified_time":"2025-08-18T13:02:16+00:00","twitter_card":"summary_large_image","twitter_misc":{"Tahmini okuma s\u00fcresi":"2 dakika"},"schema":{"@context":"https:\/\/schema.org","@graph":[{"@type":"WebPage","@id":"https:\/\/tekcevisa.com\/tr\/iletisim\/malaga\/","url":"https:\/\/tekcevisa.com\/tr\/iletisim\/malaga\/","name":"\u0130spanya Malaga Ofisi - Tekce Visa","isPartOf":{"@id":"https:\/\/tekcevisa.com\/tr\/#website"},"datePublished":"2023-02-13T20:19:14+00:00","dateModified":"2025-08-18T13:02:16+00:00","description":"\u0130spanya'daki Malaga ofisimizi ziyaret ederek Tekce Visa\u2019n\u0131n uzman ekibinden birebir hizmet alabilirsiniz. \u0130leti\u015fim bilgileri i\u00e7in bu sayfaya g\u00f6z at\u0131n.","breadcrumb":{"@id":"https:\/\/tekcevisa.com\/tr\/iletisim\/malaga\/#breadcrumb"},"inLanguage":"tr","potentialAction":[{"@type":"ReadAction","target":["https:\/\/tekcevisa.com\/tr\/iletisim\/malaga\/"]}]},{"@type":"BreadcrumbList","@id":"https:\/\/tekcevisa.com\/tr\/iletisim\/malaga\/#breadcrumb","itemListElement":[{"@type":"ListItem","position":1,"name":"Ana Sayfa","item":"https:\/\/tekcevisa.com\/tr\/"},{"@type":"ListItem","position":2,"name":"\u0130leti\u015fim","item":"https:\/\/tekcevisa.com\/tr\/iletisim\/"},{"@type":"ListItem","position":3,"name":"M\u00e1laga"}]},{"@type":"WebSite","@id":"https:\/\/tekcevisa.com\/tr\/#website","url":"https:\/\/tekcevisa.com\/tr\/","name":"Tekce Visa - Uluslararas\u0131 Hukuki Dan\u0131\u015fmanl\u0131k","description":"Uluslararas\u0131 Hukuki Dan\u0131\u015fmanl\u0131k","publisher":{"@id":"https:\/\/tekcevisa.com\/tr\/#organization"},"potentialAction":[{"@type":"SearchAction","target":{"@type":"EntryPoint","urlTemplate":"https:\/\/tekcevisa.com\/tr\/?s={search_term_string}"},"query-input":{"@type":"PropertyValueSpecification","valueRequired":true,"valueName":"search_term_string"}}],"inLanguage":"tr"},{"@type":"Organization","@id":"https:\/\/tekcevisa.com\/tr\/#organization","name":"Tekce Visa","url":"https:\/\/tekcevisa.com\/tr\/","logo":{"@type":"ImageObject","inLanguage":"tr","@id":"https:\/\/tekcevisa.com\/tr\/#\/schema\/logo\/image\/","url":"https:\/\/tekcevisa.com\/tr\/wp-content\/uploads\/2025\/08\/ah-tekce-visa-opened-1-removebg-preview.png","contentUrl":"https:\/\/tekcevisa.com\/tr\/wp-content\/uploads\/2025\/08\/ah-tekce-visa-opened-1-removebg-preview.png","width":360,"height":360,"caption":"Tekce Visa"},"image":{"@id":"https:\/\/tekcevisa.com\/tr\/#\/schema\/logo\/image\/"},"sameAs":["https:\/\/www.instagram.com\/tekcevisa\/"]}]}},"_links":{"self":[{"href":"https:\/\/tekcevisa.com\/tr\/wp-json\/wp\/v2\/pages\/2314","targetHints":{"allow":["GET"]}}],"collection":[{"href":"https:\/\/tekcevisa.com\/tr\/wp-json\/wp\/v2\/pages"}],"about":[{"href":"https:\/\/tekcevisa.com\/tr\/wp-json\/wp\/v2\/types\/page"}],"author":[{"embeddable":true,"href":"https:\/\/tekcevisa.com\/tr\/wp-json\/wp\/v2\/users\/6"}],"replies":[{"embeddable":true,"href":"https:\/\/tekcevisa.com\/tr\/wp-json\/wp\/v2\/comments?post=2314"}],"version-history":[{"count":4,"href":"https:\/\/tekcevisa.com\/tr\/wp-json\/wp\/v2\/pages\/2314\/revisions"}],"predecessor-version":[{"id":5018,"href":"https:\/\/tekcevisa.com\/tr\/wp-json\/wp\/v2\/pages\/2314\/revisions\/5018"}],"up":[{"embeddable":true,"href":"https:\/\/tekcevisa.com\/tr\/wp-json\/wp\/v2\/pages\/14"}],"wp:attachment":[{"href":"https:\/\/tekcevisa.com\/tr\/wp-json\/wp\/v2\/media?parent=2314"}],"curies":[{"name":"wp","href":"https:\/\/api.w.org\/{rel}","templated":true}]}}