{"id":2473,"date":"2023-02-14T01:58:23","date_gmt":"2023-02-13T22:58:23","guid":{"rendered":"https:\/\/tekcevisa.com\/?page_id=2473"},"modified":"2025-08-18T15:51:31","modified_gmt":"2025-08-18T12:51:31","slug":"antalya","status":"publish","type":"page","link":"https:\/\/tekcevisa.com\/tr\/iletisim\/antalya\/","title":{"rendered":"Antalya"},"content":{"rendered":"<p>Hukuk dan\u0131\u015fmanl\u0131\u011f\u0131 \u015firketi Tekce Visa\u2019n\u0131n Antalya ofisi ileti\u015fim bilgileri sayfas\u0131na ho\u015f geldiniz. Antalya ofisimizde; vatanda\u015fl\u0131k ba\u015fvurular\u0131, oturum izinleri, g\u00f6\u00e7 ve miras ve bor\u00e7lar hukuku alanlar\u0131nda deneyimli uzman ekibimiz bulunmaktad\u0131r. Ekibimiz size m\u00fcmk\u00fcn olan en iyi bilgilendirmeyi ve hizmetleri sunmaktad\u0131r.<\/p>\n<p>Tekce Visa\u2019n\u0131n Antalya\u2019da mevcut 5 ofisi bulunmaktad\u0131r. Ofisler; Lara, Konyaalt\u0131, Alanya, Belek ve D\u00f6\u015femealt\u0131\u2019nda yer almaktad\u0131r. Ofis konumlar\u0131m\u0131z, \u015fehrin her b\u00f6lgesinden kolayl\u0131kla eri\u015filebilmeleri i\u00e7in \u00f6zenle se\u00e7ilmi\u015ftir. Ayr\u0131ca, ofislerimize hem \u00f6zel hem de toplu ta\u015f\u0131ma ile kolayl\u0131kla ula\u015f\u0131labilmektedir.<\/p>\n<p>Antalya\u2019daki profesyonel ekibimiz hukuk dan\u0131\u015fmanl\u0131\u011f\u0131nda gerekli olan t\u00fcm bilgilendirmeyi size aktaracakt\u0131r. Hukuk dan\u0131\u015fmanl\u0131\u011f\u0131m\u0131z ile di\u011fer \u00fclkelerde yasal s\u00fcre\u00e7leri tamamlamak olduk\u00e7a basittir. Ekibimiz her ad\u0131mda sizin yan\u0131n\u0131zda olacakt\u0131r.<\/p>\n<p>Ofisimize diledi\u011finiz zaman arayarak, e-posta g\u00f6ndererek veya ileti\u015fim formunu doldurarak ula\u015fabilirsiniz. Durumunuzu anlamak ve s\u00fcrecinize en uygun bilgilendirmeyi aktarmak i\u00e7in ekibimiz m\u00fcmk\u00fcn olan en k\u0131sa s\u00fcrede sizinle ileti\u015fime ge\u00e7ecektir. Ard\u0131ndan ekibimiz size uygun dan\u0131\u015fmanl\u0131k zaman\u0131 belirleyecektir.<\/p>\n<p>\u015eirket de\u011ferimiz olan m\u00fckemmellik sayesinde ilk ileti\u015fimden itibaren dan\u0131\u015fanlar\u0131m\u0131za m\u00fcmk\u00fcn olan en iyi deneyimi sunuyoruz. Bizimle ilk ileti\u015fime ge\u00e7ti\u011finiz andan itibaren durumunuzu anl\u0131yor, durumunuza en uygun dan\u0131\u015fmanl\u0131k hizmetini sunuyoruz.<\/p>\n<p>Tekce Visa olarak profesyonel yard\u0131m almadan yurtd\u0131\u015f\u0131nda hukuki s\u00fcre\u00e7lerin karma\u015f\u0131k olabildi\u011fini biliyoruz. Sizin dilinizde konu\u015fan yerel dan\u0131\u015fmanlar\u0131m\u0131z s\u00fcrecinizi sizin i\u00e7in m\u00fcmk\u00fcn olan en rahat hale getirmektedir.<\/p>\n<p>Antalya\u2019daki uzman dan\u0131\u015fmanlar\u0131m\u0131z ile toplant\u0131 d\u00fczenlemek i\u00e7in bizi arayabilir, e-posta g\u00f6nderebilir veya ofisimizi ziyaret edebilirsiniz.<\/p>\n","protected":false},"excerpt":{"rendered":"<p>Hukuk dan\u0131\u015fmanl\u0131\u011f\u0131 \u015firketi Tekce Visa\u2019n\u0131n Antalya ofisi ileti\u015fim bilgileri sayfas\u0131na<span class=\"excerpt-hellip\"> [\u2026]<\/span><\/p>\n","protected":false},"author":6,"featured_media":0,"parent":14,"menu_order":0,"comment_status":"closed","ping_status":"closed","template":"","meta":{"footnotes":""},"class_list":["post-2473","page","type-page","status-publish","hentry"],"yoast_head":"<!-- This site is optimized with the Yoast SEO plugin v24.2 - https:\/\/yoast.com\/wordpress\/plugins\/seo\/ -->\n<title>Antalya Ofisi - Tekce Visa<\/title>\n<meta name=\"description\" content=\"Tekce Visa Antalya ofisinde yer alan uzman ekibimizden hizmetlerimiz hakk\u0131nda detayl\u0131 bilgi alabilirsiniz. \u0130leti\u015fim bilgileri i\u00e7in sayfam\u0131z\u0131 ziyaret edin.\" \/>\n<meta name=\"robots\" content=\"index, follow, max-snippet:-1, max-image-preview:large, max-video-preview:-1\" \/>\n<link rel=\"canonical\" href=\"https:\/\/tekcevisa.com\/tr\/iletisim\/antalya\/\" \/>\n<meta property=\"og:locale\" content=\"tr_TR\" \/>\n<meta property=\"og:type\" content=\"article\" \/>\n<meta property=\"og:title\" content=\"Antalya Ofisi - Tekce Visa\" \/>\n<meta property=\"og:description\" content=\"Tekce Visa Antalya ofisinde yer alan uzman ekibimizden hizmetlerimiz hakk\u0131nda detayl\u0131 bilgi alabilirsiniz. \u0130leti\u015fim bilgileri i\u00e7in sayfam\u0131z\u0131 ziyaret edin.\" \/>\n<meta property=\"og:url\" content=\"https:\/\/tekcevisa.com\/tr\/iletisim\/antalya\/\" \/>\n<meta property=\"og:site_name\" content=\"Tekce Visa\" \/>\n<meta property=\"article:publisher\" content=\"https:\/\/www.instagram.com\/tekcevisa\/\" \/>\n<meta property=\"article:modified_time\" content=\"2025-08-18T12:51:31+00:00\" \/>\n<meta name=\"twitter:card\" content=\"summary_large_image\" \/>\n<meta name=\"twitter:label1\" content=\"Tahmini okuma s\u00fcresi\" \/>\n\t<meta name=\"twitter:data1\" content=\"2 dakika\" \/>\n<script type=\"application\/ld+json\" class=\"yoast-schema-graph\">{\"@context\":\"https:\/\/schema.org\",\"@graph\":[{\"@type\":\"WebPage\",\"@id\":\"https:\/\/tekcevisa.com\/tr\/iletisim\/antalya\/\",\"url\":\"https:\/\/tekcevisa.com\/tr\/iletisim\/antalya\/\",\"name\":\"Antalya Ofisi - Tekce Visa\",\"isPartOf\":{\"@id\":\"https:\/\/tekcevisa.com\/tr\/#website\"},\"datePublished\":\"2023-02-13T22:58:23+00:00\",\"dateModified\":\"2025-08-18T12:51:31+00:00\",\"description\":\"Tekce Visa Antalya ofisinde yer alan uzman ekibimizden hizmetlerimiz hakk\u0131nda detayl\u0131 bilgi alabilirsiniz. \u0130leti\u015fim bilgileri i\u00e7in sayfam\u0131z\u0131 ziyaret edin.\",\"breadcrumb\":{\"@id\":\"https:\/\/tekcevisa.com\/tr\/iletisim\/antalya\/#breadcrumb\"},\"inLanguage\":\"tr\",\"potentialAction\":[{\"@type\":\"ReadAction\",\"target\":[\"https:\/\/tekcevisa.com\/tr\/iletisim\/antalya\/\"]}]},{\"@type\":\"BreadcrumbList\",\"@id\":\"https:\/\/tekcevisa.com\/tr\/iletisim\/antalya\/#breadcrumb\",\"itemListElement\":[{\"@type\":\"ListItem\",\"position\":1,\"name\":\"Ana Sayfa\",\"item\":\"https:\/\/tekcevisa.com\/tr\/\"},{\"@type\":\"ListItem\",\"position\":2,\"name\":\"\u0130leti\u015fim\",\"item\":\"https:\/\/tekcevisa.com\/tr\/iletisim\/\"},{\"@type\":\"ListItem\",\"position\":3,\"name\":\"Antalya\"}]},{\"@type\":\"WebSite\",\"@id\":\"https:\/\/tekcevisa.com\/tr\/#website\",\"url\":\"https:\/\/tekcevisa.com\/tr\/\",\"name\":\"Tekce Visa - Uluslararas\u0131 Hukuki Dan\u0131\u015fmanl\u0131k\",\"description\":\"Uluslararas\u0131 Hukuki Dan\u0131\u015fmanl\u0131k\",\"publisher\":{\"@id\":\"https:\/\/tekcevisa.com\/tr\/#organization\"},\"potentialAction\":[{\"@type\":\"SearchAction\",\"target\":{\"@type\":\"EntryPoint\",\"urlTemplate\":\"https:\/\/tekcevisa.com\/tr\/?s={search_term_string}\"},\"query-input\":{\"@type\":\"PropertyValueSpecification\",\"valueRequired\":true,\"valueName\":\"search_term_string\"}}],\"inLanguage\":\"tr\"},{\"@type\":\"Organization\",\"@id\":\"https:\/\/tekcevisa.com\/tr\/#organization\",\"name\":\"Tekce Visa\",\"url\":\"https:\/\/tekcevisa.com\/tr\/\",\"logo\":{\"@type\":\"ImageObject\",\"inLanguage\":\"tr\",\"@id\":\"https:\/\/tekcevisa.com\/tr\/#\/schema\/logo\/image\/\",\"url\":\"https:\/\/tekcevisa.com\/tr\/wp-content\/uploads\/2025\/08\/ah-tekce-visa-opened-1-removebg-preview.png\",\"contentUrl\":\"https:\/\/tekcevisa.com\/tr\/wp-content\/uploads\/2025\/08\/ah-tekce-visa-opened-1-removebg-preview.png\",\"width\":360,\"height\":360,\"caption\":\"Tekce Visa\"},\"image\":{\"@id\":\"https:\/\/tekcevisa.com\/tr\/#\/schema\/logo\/image\/\"},\"sameAs\":[\"https:\/\/www.instagram.com\/tekcevisa\/\"]}]}<\/script>\n<!-- \/ Yoast SEO plugin. -->","yoast_head_json":{"title":"Antalya Ofisi - Tekce Visa","description":"Tekce Visa Antalya ofisinde yer alan uzman ekibimizden hizmetlerimiz hakk\u0131nda detayl\u0131 bilgi alabilirsiniz. \u0130leti\u015fim bilgileri i\u00e7in sayfam\u0131z\u0131 ziyaret edin.","robots":{"index":"index","follow":"follow","max-snippet":"max-snippet:-1","max-image-preview":"max-image-preview:large","max-video-preview":"max-video-preview:-1"},"canonical":"https:\/\/tekcevisa.com\/tr\/iletisim\/antalya\/","og_locale":"tr_TR","og_type":"article","og_title":"Antalya Ofisi - Tekce Visa","og_description":"Tekce Visa Antalya ofisinde yer alan uzman ekibimizden hizmetlerimiz hakk\u0131nda detayl\u0131 bilgi alabilirsiniz. \u0130leti\u015fim bilgileri i\u00e7in sayfam\u0131z\u0131 ziyaret edin.","og_url":"https:\/\/tekcevisa.com\/tr\/iletisim\/antalya\/","og_site_name":"Tekce Visa","article_publisher":"https:\/\/www.instagram.com\/tekcevisa\/","article_modified_time":"2025-08-18T12:51:31+00:00","twitter_card":"summary_large_image","twitter_misc":{"Tahmini okuma s\u00fcresi":"2 dakika"},"schema":{"@context":"https:\/\/schema.org","@graph":[{"@type":"WebPage","@id":"https:\/\/tekcevisa.com\/tr\/iletisim\/antalya\/","url":"https:\/\/tekcevisa.com\/tr\/iletisim\/antalya\/","name":"Antalya Ofisi - Tekce Visa","isPartOf":{"@id":"https:\/\/tekcevisa.com\/tr\/#website"},"datePublished":"2023-02-13T22:58:23+00:00","dateModified":"2025-08-18T12:51:31+00:00","description":"Tekce Visa Antalya ofisinde yer alan uzman ekibimizden hizmetlerimiz hakk\u0131nda detayl\u0131 bilgi alabilirsiniz. \u0130leti\u015fim bilgileri i\u00e7in sayfam\u0131z\u0131 ziyaret edin.","breadcrumb":{"@id":"https:\/\/tekcevisa.com\/tr\/iletisim\/antalya\/#breadcrumb"},"inLanguage":"tr","potentialAction":[{"@type":"ReadAction","target":["https:\/\/tekcevisa.com\/tr\/iletisim\/antalya\/"]}]},{"@type":"BreadcrumbList","@id":"https:\/\/tekcevisa.com\/tr\/iletisim\/antalya\/#breadcrumb","itemListElement":[{"@type":"ListItem","position":1,"name":"Ana Sayfa","item":"https:\/\/tekcevisa.com\/tr\/"},{"@type":"ListItem","position":2,"name":"\u0130leti\u015fim","item":"https:\/\/tekcevisa.com\/tr\/iletisim\/"},{"@type":"ListItem","position":3,"name":"Antalya"}]},{"@type":"WebSite","@id":"https:\/\/tekcevisa.com\/tr\/#website","url":"https:\/\/tekcevisa.com\/tr\/","name":"Tekce Visa - Uluslararas\u0131 Hukuki Dan\u0131\u015fmanl\u0131k","description":"Uluslararas\u0131 Hukuki Dan\u0131\u015fmanl\u0131k","publisher":{"@id":"https:\/\/tekcevisa.com\/tr\/#organization"},"potentialAction":[{"@type":"SearchAction","target":{"@type":"EntryPoint","urlTemplate":"https:\/\/tekcevisa.com\/tr\/?s={search_term_string}"},"query-input":{"@type":"PropertyValueSpecification","valueRequired":true,"valueName":"search_term_string"}}],"inLanguage":"tr"},{"@type":"Organization","@id":"https:\/\/tekcevisa.com\/tr\/#organization","name":"Tekce Visa","url":"https:\/\/tekcevisa.com\/tr\/","logo":{"@type":"ImageObject","inLanguage":"tr","@id":"https:\/\/tekcevisa.com\/tr\/#\/schema\/logo\/image\/","url":"https:\/\/tekcevisa.com\/tr\/wp-content\/uploads\/2025\/08\/ah-tekce-visa-opened-1-removebg-preview.png","contentUrl":"https:\/\/tekcevisa.com\/tr\/wp-content\/uploads\/2025\/08\/ah-tekce-visa-opened-1-removebg-preview.png","width":360,"height":360,"caption":"Tekce Visa"},"image":{"@id":"https:\/\/tekcevisa.com\/tr\/#\/schema\/logo\/image\/"},"sameAs":["https:\/\/www.instagram.com\/tekcevisa\/"]}]}},"_links":{"self":[{"href":"https:\/\/tekcevisa.com\/tr\/wp-json\/wp\/v2\/pages\/2473","targetHints":{"allow":["GET"]}}],"collection":[{"href":"https:\/\/tekcevisa.com\/tr\/wp-json\/wp\/v2\/pages"}],"about":[{"href":"https:\/\/tekcevisa.com\/tr\/wp-json\/wp\/v2\/types\/page"}],"author":[{"embeddable":true,"href":"https:\/\/tekcevisa.com\/tr\/wp-json\/wp\/v2\/users\/6"}],"replies":[{"embeddable":true,"href":"https:\/\/tekcevisa.com\/tr\/wp-json\/wp\/v2\/comments?post=2473"}],"version-history":[{"count":4,"href":"https:\/\/tekcevisa.com\/tr\/wp-json\/wp\/v2\/pages\/2473\/revisions"}],"predecessor-version":[{"id":4665,"href":"https:\/\/tekcevisa.com\/tr\/wp-json\/wp\/v2\/pages\/2473\/revisions\/4665"}],"up":[{"embeddable":true,"href":"https:\/\/tekcevisa.com\/tr\/wp-json\/wp\/v2\/pages\/14"}],"wp:attachment":[{"href":"https:\/\/tekcevisa.com\/tr\/wp-json\/wp\/v2\/media?parent=2473"}],"curies":[{"name":"wp","href":"https:\/\/api.w.org\/{rel}","templated":true}]}}