{"id":2488,"date":"2023-02-14T02:11:51","date_gmt":"2023-02-13T23:11:51","guid":{"rendered":"https:\/\/tekcevisa.com\/?page_id=2488"},"modified":"2025-08-18T15:44:17","modified_gmt":"2025-08-18T12:44:17","slug":"girne","status":"publish","type":"page","link":"https:\/\/tekcevisa.com\/tr\/iletisim\/girne\/","title":{"rendered":"Girne"},"content":{"rendered":"<p>Hukuki dan\u0131\u015fmanl\u0131k \u015firketi Tekce Visa\u2019n\u0131n Kuzey K\u0131br\u0131s, Girne ofisinin ileti\u015fim sayfas\u0131na ho\u015f geldiniz. Kuzey K\u0131br\u0131s, Girne ofisimizdeki uzman ekibimiz uluslararas\u0131 hukuki dan\u0131\u015fmanl\u0131k konusunda en \u00fcst kalitede hizmetler sunmaktad\u0131r.<\/p>\n<p>Tekce Visa\u2019n\u0131n profesyonel ekibi y\u0131llar\u0131 a\u015fk\u0131n deneyimi bulunan yerel uzmanlardan olu\u015fmaktad\u0131r. Kuzey K\u0131br\u0131s\u2019a ta\u015f\u0131nmak veya yat\u0131r\u0131m yapmak isteyenler i\u00e7in geni\u015f kapsaml\u0131 hizmetler sunmaktay\u0131z. Hizmetlerimiz aras\u0131nda; banka hesab\u0131 a\u00e7ma, vergi numaras\u0131 alma, gayrimenkul devri, \u015firket kurma, vergi muafiyet, miras dan\u0131\u015fmanl\u0131\u011f\u0131 ve fazlas\u0131 bulunmaktad\u0131r.<\/p>\n<p>Uluslararas\u0131 finansal i\u015flemler, yurtd\u0131\u015f\u0131 yat\u0131r\u0131mlar\u0131 ve di\u011fer ilgili konularda y\u0131llarca deneyim edinmi\u015f hukuk dan\u0131\u015fmanl\u0131\u011f\u0131 ekibi olarak yabanc\u0131 \u00fclkede hukuki s\u00fcre\u00e7leri bireysel olarak y\u00f6netmenin zorlu\u011funu biliyoruz. Birden fazla dilde konu\u015fan uzmanlar\u0131m\u0131z size t\u00fcm s\u00fcreciniz boyunca dan\u0131\u015fmanl\u0131k edecek ve hukuki konularda size efektif \u00e7\u00f6z\u00fcmler sunacakt\u0131r.<\/p>\n<p>Kuzey K\u0131br\u0131s, Girne ofisimiz Girne\u2019nin turizm b\u00f6lgesi olarak bilinen Be\u015fparmaklar b\u00f6lgesinde yer almaktad\u0131r. Girne ofisimiz anayolun hemen yan\u0131nda yer almaktad\u0131r ve kolayl\u0131kla eri\u015filebilmektedir. Y\u00fcz y\u00fcze tan\u0131\u015fmak ve misafirimiz olmak i\u00e7in diledi\u011finiz zaman ofisimizi ziyaret edebilirsiniz.<\/p>\n<p>Ayr\u0131ca size uygun bir zamanda toplant\u0131 ger\u00e7ekle\u015ftirmek i\u00e7in bizi arayabilir, e-posta g\u00f6nderebilir veya bu sayfada bulunan ileti\u015fim formunu doldurabilirsiniz.<\/p>\n","protected":false},"excerpt":{"rendered":"<p>Hukuki dan\u0131\u015fmanl\u0131k \u015firketi Tekce Visa\u2019n\u0131n Kuzey K\u0131br\u0131s, Girne ofisinin ileti\u015fim<span class=\"excerpt-hellip\"> [\u2026]<\/span><\/p>\n","protected":false},"author":6,"featured_media":0,"parent":14,"menu_order":0,"comment_status":"closed","ping_status":"closed","template":"","meta":{"footnotes":""},"class_list":["post-2488","page","type-page","status-publish","hentry"],"yoast_head":"<!-- This site is optimized with the Yoast SEO plugin v24.2 - https:\/\/yoast.com\/wordpress\/plugins\/seo\/ -->\n<title>Kuzey K\u0131br\u0131s Girne Ofisi - Tekce Visa<\/title>\n<meta name=\"description\" content=\"Tekce Visa Kuzey K\u0131br\u0131s - Girne ofisimiz, deneyimli avukatlardan olu\u015fan bir ekibe ev sahipli\u011fi yapmaktad\u0131r. \u0130leti\u015fim bilgilere buradan ula\u015fabilirsiniz.\" \/>\n<meta name=\"robots\" content=\"index, follow, max-snippet:-1, max-image-preview:large, max-video-preview:-1\" \/>\n<link rel=\"canonical\" href=\"https:\/\/tekcevisa.com\/tr\/iletisim\/girne\/\" \/>\n<meta property=\"og:locale\" content=\"tr_TR\" \/>\n<meta property=\"og:type\" content=\"article\" \/>\n<meta property=\"og:title\" content=\"Kuzey K\u0131br\u0131s Girne Ofisi - Tekce Visa\" \/>\n<meta property=\"og:description\" content=\"Tekce Visa Kuzey K\u0131br\u0131s - Girne ofisimiz, deneyimli avukatlardan olu\u015fan bir ekibe ev sahipli\u011fi yapmaktad\u0131r. \u0130leti\u015fim bilgilere buradan ula\u015fabilirsiniz.\" \/>\n<meta property=\"og:url\" content=\"https:\/\/tekcevisa.com\/tr\/iletisim\/girne\/\" \/>\n<meta property=\"og:site_name\" content=\"Tekce Visa\" \/>\n<meta property=\"article:publisher\" content=\"https:\/\/www.instagram.com\/tekcevisa\/\" \/>\n<meta property=\"article:modified_time\" content=\"2025-08-18T12:44:17+00:00\" \/>\n<meta name=\"twitter:card\" content=\"summary_large_image\" \/>\n<meta name=\"twitter:label1\" content=\"Tahmini okuma s\u00fcresi\" \/>\n\t<meta name=\"twitter:data1\" content=\"2 dakika\" \/>\n<script type=\"application\/ld+json\" class=\"yoast-schema-graph\">{\"@context\":\"https:\/\/schema.org\",\"@graph\":[{\"@type\":\"WebPage\",\"@id\":\"https:\/\/tekcevisa.com\/tr\/iletisim\/girne\/\",\"url\":\"https:\/\/tekcevisa.com\/tr\/iletisim\/girne\/\",\"name\":\"Kuzey K\u0131br\u0131s Girne Ofisi - Tekce Visa\",\"isPartOf\":{\"@id\":\"https:\/\/tekcevisa.com\/tr\/#website\"},\"datePublished\":\"2023-02-13T23:11:51+00:00\",\"dateModified\":\"2025-08-18T12:44:17+00:00\",\"description\":\"Tekce Visa Kuzey K\u0131br\u0131s - Girne ofisimiz, deneyimli avukatlardan olu\u015fan bir ekibe ev sahipli\u011fi yapmaktad\u0131r. \u0130leti\u015fim bilgilere buradan ula\u015fabilirsiniz.\",\"breadcrumb\":{\"@id\":\"https:\/\/tekcevisa.com\/tr\/iletisim\/girne\/#breadcrumb\"},\"inLanguage\":\"tr\",\"potentialAction\":[{\"@type\":\"ReadAction\",\"target\":[\"https:\/\/tekcevisa.com\/tr\/iletisim\/girne\/\"]}]},{\"@type\":\"BreadcrumbList\",\"@id\":\"https:\/\/tekcevisa.com\/tr\/iletisim\/girne\/#breadcrumb\",\"itemListElement\":[{\"@type\":\"ListItem\",\"position\":1,\"name\":\"Ana Sayfa\",\"item\":\"https:\/\/tekcevisa.com\/tr\/\"},{\"@type\":\"ListItem\",\"position\":2,\"name\":\"\u0130leti\u015fim\",\"item\":\"https:\/\/tekcevisa.com\/tr\/iletisim\/\"},{\"@type\":\"ListItem\",\"position\":3,\"name\":\"Girne\"}]},{\"@type\":\"WebSite\",\"@id\":\"https:\/\/tekcevisa.com\/tr\/#website\",\"url\":\"https:\/\/tekcevisa.com\/tr\/\",\"name\":\"Tekce Visa - Uluslararas\u0131 Hukuki Dan\u0131\u015fmanl\u0131k\",\"description\":\"Uluslararas\u0131 Hukuki Dan\u0131\u015fmanl\u0131k\",\"publisher\":{\"@id\":\"https:\/\/tekcevisa.com\/tr\/#organization\"},\"potentialAction\":[{\"@type\":\"SearchAction\",\"target\":{\"@type\":\"EntryPoint\",\"urlTemplate\":\"https:\/\/tekcevisa.com\/tr\/?s={search_term_string}\"},\"query-input\":{\"@type\":\"PropertyValueSpecification\",\"valueRequired\":true,\"valueName\":\"search_term_string\"}}],\"inLanguage\":\"tr\"},{\"@type\":\"Organization\",\"@id\":\"https:\/\/tekcevisa.com\/tr\/#organization\",\"name\":\"Tekce Visa\",\"url\":\"https:\/\/tekcevisa.com\/tr\/\",\"logo\":{\"@type\":\"ImageObject\",\"inLanguage\":\"tr\",\"@id\":\"https:\/\/tekcevisa.com\/tr\/#\/schema\/logo\/image\/\",\"url\":\"https:\/\/tekcevisa.com\/tr\/wp-content\/uploads\/2025\/08\/ah-tekce-visa-opened-1-removebg-preview.png\",\"contentUrl\":\"https:\/\/tekcevisa.com\/tr\/wp-content\/uploads\/2025\/08\/ah-tekce-visa-opened-1-removebg-preview.png\",\"width\":360,\"height\":360,\"caption\":\"Tekce Visa\"},\"image\":{\"@id\":\"https:\/\/tekcevisa.com\/tr\/#\/schema\/logo\/image\/\"},\"sameAs\":[\"https:\/\/www.instagram.com\/tekcevisa\/\"]}]}<\/script>\n<!-- \/ Yoast SEO plugin. -->","yoast_head_json":{"title":"Kuzey K\u0131br\u0131s Girne Ofisi - Tekce Visa","description":"Tekce Visa Kuzey K\u0131br\u0131s - Girne ofisimiz, deneyimli avukatlardan olu\u015fan bir ekibe ev sahipli\u011fi yapmaktad\u0131r. \u0130leti\u015fim bilgilere buradan ula\u015fabilirsiniz.","robots":{"index":"index","follow":"follow","max-snippet":"max-snippet:-1","max-image-preview":"max-image-preview:large","max-video-preview":"max-video-preview:-1"},"canonical":"https:\/\/tekcevisa.com\/tr\/iletisim\/girne\/","og_locale":"tr_TR","og_type":"article","og_title":"Kuzey K\u0131br\u0131s Girne Ofisi - Tekce Visa","og_description":"Tekce Visa Kuzey K\u0131br\u0131s - Girne ofisimiz, deneyimli avukatlardan olu\u015fan bir ekibe ev sahipli\u011fi yapmaktad\u0131r. \u0130leti\u015fim bilgilere buradan ula\u015fabilirsiniz.","og_url":"https:\/\/tekcevisa.com\/tr\/iletisim\/girne\/","og_site_name":"Tekce Visa","article_publisher":"https:\/\/www.instagram.com\/tekcevisa\/","article_modified_time":"2025-08-18T12:44:17+00:00","twitter_card":"summary_large_image","twitter_misc":{"Tahmini okuma s\u00fcresi":"2 dakika"},"schema":{"@context":"https:\/\/schema.org","@graph":[{"@type":"WebPage","@id":"https:\/\/tekcevisa.com\/tr\/iletisim\/girne\/","url":"https:\/\/tekcevisa.com\/tr\/iletisim\/girne\/","name":"Kuzey K\u0131br\u0131s Girne Ofisi - Tekce Visa","isPartOf":{"@id":"https:\/\/tekcevisa.com\/tr\/#website"},"datePublished":"2023-02-13T23:11:51+00:00","dateModified":"2025-08-18T12:44:17+00:00","description":"Tekce Visa Kuzey K\u0131br\u0131s - Girne ofisimiz, deneyimli avukatlardan olu\u015fan bir ekibe ev sahipli\u011fi yapmaktad\u0131r. \u0130leti\u015fim bilgilere buradan ula\u015fabilirsiniz.","breadcrumb":{"@id":"https:\/\/tekcevisa.com\/tr\/iletisim\/girne\/#breadcrumb"},"inLanguage":"tr","potentialAction":[{"@type":"ReadAction","target":["https:\/\/tekcevisa.com\/tr\/iletisim\/girne\/"]}]},{"@type":"BreadcrumbList","@id":"https:\/\/tekcevisa.com\/tr\/iletisim\/girne\/#breadcrumb","itemListElement":[{"@type":"ListItem","position":1,"name":"Ana Sayfa","item":"https:\/\/tekcevisa.com\/tr\/"},{"@type":"ListItem","position":2,"name":"\u0130leti\u015fim","item":"https:\/\/tekcevisa.com\/tr\/iletisim\/"},{"@type":"ListItem","position":3,"name":"Girne"}]},{"@type":"WebSite","@id":"https:\/\/tekcevisa.com\/tr\/#website","url":"https:\/\/tekcevisa.com\/tr\/","name":"Tekce Visa - Uluslararas\u0131 Hukuki Dan\u0131\u015fmanl\u0131k","description":"Uluslararas\u0131 Hukuki Dan\u0131\u015fmanl\u0131k","publisher":{"@id":"https:\/\/tekcevisa.com\/tr\/#organization"},"potentialAction":[{"@type":"SearchAction","target":{"@type":"EntryPoint","urlTemplate":"https:\/\/tekcevisa.com\/tr\/?s={search_term_string}"},"query-input":{"@type":"PropertyValueSpecification","valueRequired":true,"valueName":"search_term_string"}}],"inLanguage":"tr"},{"@type":"Organization","@id":"https:\/\/tekcevisa.com\/tr\/#organization","name":"Tekce Visa","url":"https:\/\/tekcevisa.com\/tr\/","logo":{"@type":"ImageObject","inLanguage":"tr","@id":"https:\/\/tekcevisa.com\/tr\/#\/schema\/logo\/image\/","url":"https:\/\/tekcevisa.com\/tr\/wp-content\/uploads\/2025\/08\/ah-tekce-visa-opened-1-removebg-preview.png","contentUrl":"https:\/\/tekcevisa.com\/tr\/wp-content\/uploads\/2025\/08\/ah-tekce-visa-opened-1-removebg-preview.png","width":360,"height":360,"caption":"Tekce Visa"},"image":{"@id":"https:\/\/tekcevisa.com\/tr\/#\/schema\/logo\/image\/"},"sameAs":["https:\/\/www.instagram.com\/tekcevisa\/"]}]}},"_links":{"self":[{"href":"https:\/\/tekcevisa.com\/tr\/wp-json\/wp\/v2\/pages\/2488","targetHints":{"allow":["GET"]}}],"collection":[{"href":"https:\/\/tekcevisa.com\/tr\/wp-json\/wp\/v2\/pages"}],"about":[{"href":"https:\/\/tekcevisa.com\/tr\/wp-json\/wp\/v2\/types\/page"}],"author":[{"embeddable":true,"href":"https:\/\/tekcevisa.com\/tr\/wp-json\/wp\/v2\/users\/6"}],"replies":[{"embeddable":true,"href":"https:\/\/tekcevisa.com\/tr\/wp-json\/wp\/v2\/comments?post=2488"}],"version-history":[{"count":3,"href":"https:\/\/tekcevisa.com\/tr\/wp-json\/wp\/v2\/pages\/2488\/revisions"}],"predecessor-version":[{"id":4658,"href":"https:\/\/tekcevisa.com\/tr\/wp-json\/wp\/v2\/pages\/2488\/revisions\/4658"}],"up":[{"embeddable":true,"href":"https:\/\/tekcevisa.com\/tr\/wp-json\/wp\/v2\/pages\/14"}],"wp:attachment":[{"href":"https:\/\/tekcevisa.com\/tr\/wp-json\/wp\/v2\/media?parent=2488"}],"curies":[{"name":"wp","href":"https:\/\/api.w.org\/{rel}","templated":true}]}}