{"id":2512,"date":"2023-02-14T03:07:24","date_gmt":"2023-02-14T00:07:24","guid":{"rendered":"https:\/\/tekcevisa.com\/?page_id=2512"},"modified":"2025-08-18T15:57:47","modified_gmt":"2025-08-18T12:57:47","slug":"cevizlibag","status":"publish","type":"page","link":"https:\/\/tekcevisa.com\/tr\/iletisim\/cevizlibag\/","title":{"rendered":"Cevizliba\u011f"},"content":{"rendered":"<p>Tekce Visa\u2019n\u0131n \u0130stanbul, Cevizliba\u011f ofisi ileti\u015fim sayfas\u0131na ho\u015f geldiniz. Bu sayfada Cevizliba\u011f ofisimizdeki dan\u0131\u015fmanlar\u0131m\u0131z ile ileti\u015fime ge\u00e7mek i\u00e7in gerekli t\u00fcm bilgileri bulabilirsiniz. Oturum izni ba\u015fvurular\u0131, vatanda\u015fl\u0131k, g\u00f6\u00e7 ve yurtd\u0131\u015f\u0131 hukuku konusunda deneyimli profesyonel ekibimiz size m\u00fcmk\u00fcn olan en iyi hizmetleri sunacakt\u0131r.<\/p>\n<p>\u0130stanbul\u2019da 2 adet ofisimiz bulunmaktad\u0131r. Avrupa Yakas\u0131\u2019ndaki Cevizliba\u011f ofisimize ek olarak Anadolu Yakas\u0131\u2019nda ise G\u00f6ztepe ofisimiz bulunmaktad\u0131r. \u0130stanbul\u2019un her iki yakas\u0131nda da ofisimiz bulunmas\u0131 ile dan\u0131\u015fanlar\u0131m\u0131z ofislerimizle kolayl\u0131kla ula\u015fabilmektedir.<\/p>\n<p>Yurtd\u0131\u015f\u0131 hukukunda deneyimli uzmanlar\u0131m\u0131z, dan\u0131\u015fanlar\u0131m\u0131z\u0131n %100 Mutlulu\u011fu\u2019nu sa\u011flamak i\u00e7in en iyi dan\u0131\u015fmanl\u0131k hizmetlerini vermektedir. Dan\u0131\u015fmanlar\u0131m\u0131z durumunuz i\u00e7in gerekli ihtiya\u00e7 ve isteklerinizi anlayarak size en uygun hizmetleri sunar.<\/p>\n<p>Cevizliba\u011f ofisimize ula\u015fmak i\u00e7in bizi arayabilir, e-posta g\u00f6nderebilir veya ileti\u015fim formunu doldurabilirsiniz. M\u00fcmk\u00fcn olan en k\u0131sa s\u00fcrede sizinle ileti\u015fime ge\u00e7ece\u011fiz. \u0130lk ileti\u015fimin ard\u0131ndan sizin durumunuz hakk\u0131nda bilgi alacak ve size ba\u015flang\u0131\u00e7 bilgilerini aktaraca\u011f\u0131z.<\/p>\n<p>\u015eirket de\u011ferlerimiz %100 m\u00fc\u015fteri mutlulu\u011fu ile \u0130yilik ve s\u0131f\u0131r hata ile M\u00fckemmellik \u00fczerine kuruludur. Bu sayede bizimle ileti\u015fime ge\u00e7ti\u011finiz ilk andan itibaren profesyonel dan\u0131\u015fmanl\u0131k hizmetini deneyimleyeceksiniz.<\/p>\n<p>Yurtd\u0131\u015f\u0131ndaki hukuki konular ile ilgilenmenin \u00e7o\u011fu zaman zor s\u00fcre\u00e7ler oldu\u011funu biliyoruz. Sizin dilinizde konu\u015fan dan\u0131\u015fmanlar\u0131m\u0131z; vatanda\u015fl\u0131k ba\u015fvurusu, oturum izni, yabanc\u0131lar i\u00e7in miras hukuku ve bor\u00e7lar hukuku ve g\u00f6\u00e7 gibi konularda deneyimlidir.<\/p>\n<p>Dan\u0131\u015fmanlar\u0131m\u0131z ile toplant\u0131 d\u00fczenlemek i\u00e7in a\u015fa\u011f\u0131daki y\u00f6ntemlerden birini kullanabilirsiniz. Ayr\u0131ca, ofisimizi y\u00fcz y\u00fcze ilk g\u00f6r\u00fc\u015fme i\u00e7in ziyaret edebilirsiniz.<\/p>\n","protected":false},"excerpt":{"rendered":"<p>Tekce Visa\u2019n\u0131n \u0130stanbul, Cevizliba\u011f ofisi ileti\u015fim sayfas\u0131na ho\u015f geldiniz. Bu<span class=\"excerpt-hellip\"> [\u2026]<\/span><\/p>\n","protected":false},"author":6,"featured_media":0,"parent":14,"menu_order":0,"comment_status":"closed","ping_status":"closed","template":"","meta":{"footnotes":""},"class_list":["post-2512","page","type-page","status-publish","hentry"],"yoast_head":"<!-- This site is optimized with the Yoast SEO plugin v24.2 - https:\/\/yoast.com\/wordpress\/plugins\/seo\/ -->\n<title>\u0130stanbul Cevizliba\u011f Ofisi - Tekce Visa<\/title>\n<meta name=\"description\" content=\"Cevizliba\u011f ofisi, Tekce Visa&#039;n\u0131n \u0130stanbul&#039;daki iki ofisinden biridir. Cevizliba\u011f ofisinin detayl\u0131 ileti\u015fim bilgilerine ula\u015fmak i\u00e7in buraya t\u0131klay\u0131n.\" \/>\n<meta name=\"robots\" content=\"index, follow, max-snippet:-1, max-image-preview:large, max-video-preview:-1\" \/>\n<link rel=\"canonical\" href=\"https:\/\/tekcevisa.com\/tr\/iletisim\/cevizlibag\/\" \/>\n<meta property=\"og:locale\" content=\"tr_TR\" \/>\n<meta property=\"og:type\" content=\"article\" \/>\n<meta property=\"og:title\" content=\"\u0130stanbul Cevizliba\u011f Ofisi - Tekce Visa\" \/>\n<meta property=\"og:description\" content=\"Cevizliba\u011f ofisi, Tekce Visa&#039;n\u0131n \u0130stanbul&#039;daki iki ofisinden biridir. Cevizliba\u011f ofisinin detayl\u0131 ileti\u015fim bilgilerine ula\u015fmak i\u00e7in buraya t\u0131klay\u0131n.\" \/>\n<meta property=\"og:url\" content=\"https:\/\/tekcevisa.com\/tr\/iletisim\/cevizlibag\/\" \/>\n<meta property=\"og:site_name\" content=\"Tekce Visa\" \/>\n<meta property=\"article:publisher\" content=\"https:\/\/www.instagram.com\/tekcevisa\/\" \/>\n<meta property=\"article:modified_time\" content=\"2025-08-18T12:57:47+00:00\" \/>\n<meta name=\"twitter:card\" content=\"summary_large_image\" \/>\n<meta name=\"twitter:label1\" content=\"Tahmini okuma s\u00fcresi\" \/>\n\t<meta name=\"twitter:data1\" content=\"2 dakika\" \/>\n<script type=\"application\/ld+json\" class=\"yoast-schema-graph\">{\"@context\":\"https:\/\/schema.org\",\"@graph\":[{\"@type\":\"WebPage\",\"@id\":\"https:\/\/tekcevisa.com\/tr\/iletisim\/cevizlibag\/\",\"url\":\"https:\/\/tekcevisa.com\/tr\/iletisim\/cevizlibag\/\",\"name\":\"\u0130stanbul Cevizliba\u011f Ofisi - Tekce Visa\",\"isPartOf\":{\"@id\":\"https:\/\/tekcevisa.com\/tr\/#website\"},\"datePublished\":\"2023-02-14T00:07:24+00:00\",\"dateModified\":\"2025-08-18T12:57:47+00:00\",\"description\":\"Cevizliba\u011f ofisi, Tekce Visa'n\u0131n \u0130stanbul'daki iki ofisinden biridir. Cevizliba\u011f ofisinin detayl\u0131 ileti\u015fim bilgilerine ula\u015fmak i\u00e7in buraya t\u0131klay\u0131n.\",\"breadcrumb\":{\"@id\":\"https:\/\/tekcevisa.com\/tr\/iletisim\/cevizlibag\/#breadcrumb\"},\"inLanguage\":\"tr\",\"potentialAction\":[{\"@type\":\"ReadAction\",\"target\":[\"https:\/\/tekcevisa.com\/tr\/iletisim\/cevizlibag\/\"]}]},{\"@type\":\"BreadcrumbList\",\"@id\":\"https:\/\/tekcevisa.com\/tr\/iletisim\/cevizlibag\/#breadcrumb\",\"itemListElement\":[{\"@type\":\"ListItem\",\"position\":1,\"name\":\"Ana Sayfa\",\"item\":\"https:\/\/tekcevisa.com\/tr\/\"},{\"@type\":\"ListItem\",\"position\":2,\"name\":\"\u0130leti\u015fim\",\"item\":\"https:\/\/tekcevisa.com\/tr\/iletisim\/\"},{\"@type\":\"ListItem\",\"position\":3,\"name\":\"Cevizliba\u011f\"}]},{\"@type\":\"WebSite\",\"@id\":\"https:\/\/tekcevisa.com\/tr\/#website\",\"url\":\"https:\/\/tekcevisa.com\/tr\/\",\"name\":\"Tekce Visa - Uluslararas\u0131 Hukuki Dan\u0131\u015fmanl\u0131k\",\"description\":\"Uluslararas\u0131 Hukuki Dan\u0131\u015fmanl\u0131k\",\"publisher\":{\"@id\":\"https:\/\/tekcevisa.com\/tr\/#organization\"},\"potentialAction\":[{\"@type\":\"SearchAction\",\"target\":{\"@type\":\"EntryPoint\",\"urlTemplate\":\"https:\/\/tekcevisa.com\/tr\/?s={search_term_string}\"},\"query-input\":{\"@type\":\"PropertyValueSpecification\",\"valueRequired\":true,\"valueName\":\"search_term_string\"}}],\"inLanguage\":\"tr\"},{\"@type\":\"Organization\",\"@id\":\"https:\/\/tekcevisa.com\/tr\/#organization\",\"name\":\"Tekce Visa\",\"url\":\"https:\/\/tekcevisa.com\/tr\/\",\"logo\":{\"@type\":\"ImageObject\",\"inLanguage\":\"tr\",\"@id\":\"https:\/\/tekcevisa.com\/tr\/#\/schema\/logo\/image\/\",\"url\":\"https:\/\/tekcevisa.com\/tr\/wp-content\/uploads\/2025\/08\/ah-tekce-visa-opened-1-removebg-preview.png\",\"contentUrl\":\"https:\/\/tekcevisa.com\/tr\/wp-content\/uploads\/2025\/08\/ah-tekce-visa-opened-1-removebg-preview.png\",\"width\":360,\"height\":360,\"caption\":\"Tekce Visa\"},\"image\":{\"@id\":\"https:\/\/tekcevisa.com\/tr\/#\/schema\/logo\/image\/\"},\"sameAs\":[\"https:\/\/www.instagram.com\/tekcevisa\/\"]}]}<\/script>\n<!-- \/ Yoast SEO plugin. -->","yoast_head_json":{"title":"\u0130stanbul Cevizliba\u011f Ofisi - Tekce Visa","description":"Cevizliba\u011f ofisi, Tekce Visa'n\u0131n \u0130stanbul'daki iki ofisinden biridir. Cevizliba\u011f ofisinin detayl\u0131 ileti\u015fim bilgilerine ula\u015fmak i\u00e7in buraya t\u0131klay\u0131n.","robots":{"index":"index","follow":"follow","max-snippet":"max-snippet:-1","max-image-preview":"max-image-preview:large","max-video-preview":"max-video-preview:-1"},"canonical":"https:\/\/tekcevisa.com\/tr\/iletisim\/cevizlibag\/","og_locale":"tr_TR","og_type":"article","og_title":"\u0130stanbul Cevizliba\u011f Ofisi - Tekce Visa","og_description":"Cevizliba\u011f ofisi, Tekce Visa'n\u0131n \u0130stanbul'daki iki ofisinden biridir. Cevizliba\u011f ofisinin detayl\u0131 ileti\u015fim bilgilerine ula\u015fmak i\u00e7in buraya t\u0131klay\u0131n.","og_url":"https:\/\/tekcevisa.com\/tr\/iletisim\/cevizlibag\/","og_site_name":"Tekce Visa","article_publisher":"https:\/\/www.instagram.com\/tekcevisa\/","article_modified_time":"2025-08-18T12:57:47+00:00","twitter_card":"summary_large_image","twitter_misc":{"Tahmini okuma s\u00fcresi":"2 dakika"},"schema":{"@context":"https:\/\/schema.org","@graph":[{"@type":"WebPage","@id":"https:\/\/tekcevisa.com\/tr\/iletisim\/cevizlibag\/","url":"https:\/\/tekcevisa.com\/tr\/iletisim\/cevizlibag\/","name":"\u0130stanbul Cevizliba\u011f Ofisi - Tekce Visa","isPartOf":{"@id":"https:\/\/tekcevisa.com\/tr\/#website"},"datePublished":"2023-02-14T00:07:24+00:00","dateModified":"2025-08-18T12:57:47+00:00","description":"Cevizliba\u011f ofisi, Tekce Visa'n\u0131n \u0130stanbul'daki iki ofisinden biridir. Cevizliba\u011f ofisinin detayl\u0131 ileti\u015fim bilgilerine ula\u015fmak i\u00e7in buraya t\u0131klay\u0131n.","breadcrumb":{"@id":"https:\/\/tekcevisa.com\/tr\/iletisim\/cevizlibag\/#breadcrumb"},"inLanguage":"tr","potentialAction":[{"@type":"ReadAction","target":["https:\/\/tekcevisa.com\/tr\/iletisim\/cevizlibag\/"]}]},{"@type":"BreadcrumbList","@id":"https:\/\/tekcevisa.com\/tr\/iletisim\/cevizlibag\/#breadcrumb","itemListElement":[{"@type":"ListItem","position":1,"name":"Ana Sayfa","item":"https:\/\/tekcevisa.com\/tr\/"},{"@type":"ListItem","position":2,"name":"\u0130leti\u015fim","item":"https:\/\/tekcevisa.com\/tr\/iletisim\/"},{"@type":"ListItem","position":3,"name":"Cevizliba\u011f"}]},{"@type":"WebSite","@id":"https:\/\/tekcevisa.com\/tr\/#website","url":"https:\/\/tekcevisa.com\/tr\/","name":"Tekce Visa - Uluslararas\u0131 Hukuki Dan\u0131\u015fmanl\u0131k","description":"Uluslararas\u0131 Hukuki Dan\u0131\u015fmanl\u0131k","publisher":{"@id":"https:\/\/tekcevisa.com\/tr\/#organization"},"potentialAction":[{"@type":"SearchAction","target":{"@type":"EntryPoint","urlTemplate":"https:\/\/tekcevisa.com\/tr\/?s={search_term_string}"},"query-input":{"@type":"PropertyValueSpecification","valueRequired":true,"valueName":"search_term_string"}}],"inLanguage":"tr"},{"@type":"Organization","@id":"https:\/\/tekcevisa.com\/tr\/#organization","name":"Tekce Visa","url":"https:\/\/tekcevisa.com\/tr\/","logo":{"@type":"ImageObject","inLanguage":"tr","@id":"https:\/\/tekcevisa.com\/tr\/#\/schema\/logo\/image\/","url":"https:\/\/tekcevisa.com\/tr\/wp-content\/uploads\/2025\/08\/ah-tekce-visa-opened-1-removebg-preview.png","contentUrl":"https:\/\/tekcevisa.com\/tr\/wp-content\/uploads\/2025\/08\/ah-tekce-visa-opened-1-removebg-preview.png","width":360,"height":360,"caption":"Tekce Visa"},"image":{"@id":"https:\/\/tekcevisa.com\/tr\/#\/schema\/logo\/image\/"},"sameAs":["https:\/\/www.instagram.com\/tekcevisa\/"]}]}},"_links":{"self":[{"href":"https:\/\/tekcevisa.com\/tr\/wp-json\/wp\/v2\/pages\/2512","targetHints":{"allow":["GET"]}}],"collection":[{"href":"https:\/\/tekcevisa.com\/tr\/wp-json\/wp\/v2\/pages"}],"about":[{"href":"https:\/\/tekcevisa.com\/tr\/wp-json\/wp\/v2\/types\/page"}],"author":[{"embeddable":true,"href":"https:\/\/tekcevisa.com\/tr\/wp-json\/wp\/v2\/users\/6"}],"replies":[{"embeddable":true,"href":"https:\/\/tekcevisa.com\/tr\/wp-json\/wp\/v2\/comments?post=2512"}],"version-history":[{"count":3,"href":"https:\/\/tekcevisa.com\/tr\/wp-json\/wp\/v2\/pages\/2512\/revisions"}],"predecessor-version":[{"id":4656,"href":"https:\/\/tekcevisa.com\/tr\/wp-json\/wp\/v2\/pages\/2512\/revisions\/4656"}],"up":[{"embeddable":true,"href":"https:\/\/tekcevisa.com\/tr\/wp-json\/wp\/v2\/pages\/14"}],"wp:attachment":[{"href":"https:\/\/tekcevisa.com\/tr\/wp-json\/wp\/v2\/media?parent=2512"}],"curies":[{"name":"wp","href":"https:\/\/api.w.org\/{rel}","templated":true}]}}