{"id":2537,"date":"2023-02-14T03:27:56","date_gmt":"2023-02-14T00:27:56","guid":{"rendered":"https:\/\/tekcevisa.com\/?page_id=2537"},"modified":"2025-08-19T14:02:49","modified_gmt":"2025-08-19T11:02:49","slug":"stockholm","status":"publish","type":"page","link":"https:\/\/tekcevisa.com\/tr\/iletisim\/stockholm\/","title":{"rendered":"Stockholm"},"content":{"rendered":"<p>Tekce Visa\u2019n\u0131n Stockholm ofisine ho\u015f geldiniz. Deneyimli hukuk dan\u0131\u015fmanlar\u0131ndan olu\u015fan ekibimiz \u0130skandinavya\u2019n\u0131n kalbi olan \u0130sve\u00e7\u2019teki Stockholm ofisinde hizmet vermektedir. Bireylerin, kurulu\u015flar\u0131n ve i\u015fletmelerin \u00e7e\u015fitli yasal prosed\u00fcrler konusundaki rehberlik ihtiya\u00e7lar\u0131n\u0131 kar\u015f\u0131lamay\u0131 kendimize misyon edindik.<\/p>\n<p>Ana hedefimiz, hukuki prosed\u00fcrler hakk\u0131nda derinlemesine bilgi sahibi olan ekip \u00fcyelerimizle size sorunsuz bir deneyim sunmakt\u0131r. Stockholm, Bromma\u2019daki kapsaml\u0131 ekibimizde; miras hukuku, yurtd\u0131\u015f\u0131nda oturum, \u015firket kurma, g\u00f6\u00e7men hukuku ve daha fazlas\u0131 ile ilgili y\u0131llarca deneyime sahip profesyonel hukuk dan\u0131\u015fmanlar\u0131m\u0131z bulunmaktad\u0131r.<\/p>\n<p>Karma\u015f\u0131k durumlarda sorunsuz bir deneyim sa\u011flamak i\u00e7in t\u00fcm i\u015flerimizi tam \u015feffafl\u0131kla y\u00f6netiyoruz. M\u00fc\u015fterilerimizin memnuniyetine ve izledi\u011fimiz her prosed\u00fcr\u00fcn ba\u015far\u0131s\u0131na \u00f6ncelik veriyoruz. Bunu ba\u015farmak i\u00e7in de yetenekli ekip \u00fcyelerimiz S\u0131f\u0131r Hata politikas\u0131 ve m\u00fc\u015fteri odakl\u0131 yakla\u015f\u0131m \u00e7er\u00e7evesinde her bir yasal i\u015flemi dikkatle y\u00fcr\u00fctmektedir.<\/p>\n<p>\u0130sve\u00e7, Stockholm\u2019deki Bromma\u2019da yer alan ofisimiz \u00f6zel ara\u00e7 veya toplu ta\u015f\u0131ma ile kolayl\u0131kla ula\u015f\u0131labilecek bir konumda yer almaktad\u0131r. Basit bir \u015fekilde temsilcilerimiz ile ileti\u015fime ge\u00e7ebilir, toplant\u0131 d\u00fczenleyebilir veya hukuki sorunlar\u0131n\u0131z ile ilgili \u00e7\u00f6z\u00fcm bulmak i\u00e7in ofisimizi ziyaret edebilirsiniz. Tekce Visa\u2019n\u0131n dan\u0131\u015fman ekibi size t\u00fcm s\u00fcreciniz boyunca A\u2019dan Z\u2019ye her konuda yol g\u00f6sterecektir.<\/p>\n","protected":false},"excerpt":{"rendered":"<p>Tekce Visa\u2019n\u0131n Stockholm ofisine ho\u015f geldiniz. Deneyimli hukuk dan\u0131\u015fmanlar\u0131ndan olu\u015fan<span class=\"excerpt-hellip\"> [\u2026]<\/span><\/p>\n","protected":false},"author":6,"featured_media":0,"parent":14,"menu_order":0,"comment_status":"closed","ping_status":"closed","template":"","meta":{"footnotes":""},"class_list":["post-2537","page","type-page","status-publish","hentry"],"yoast_head":"<!-- This site is optimized with the Yoast SEO plugin v24.2 - https:\/\/yoast.com\/wordpress\/plugins\/seo\/ -->\n<title>\u0130sve\u00e7 Stockholm Ofisi - Tekce Visa<\/title>\n<meta name=\"description\" content=\"Tekce Visa&#039;n\u0131n \u0130sve\u00e7, Stockholm ofisi ile ileti\u015fime ge\u00e7erek hukuki dan\u0131\u015fmanl\u0131k alabilirsiniz. Stockholm ofisi ileti\u015fim bilgileri i\u00e7in buraya t\u0131klay\u0131n.\" \/>\n<meta name=\"robots\" content=\"index, follow, max-snippet:-1, max-image-preview:large, max-video-preview:-1\" \/>\n<link rel=\"canonical\" href=\"https:\/\/tekcevisa.com\/tr\/iletisim\/stockholm\/\" \/>\n<meta property=\"og:locale\" content=\"tr_TR\" \/>\n<meta property=\"og:type\" content=\"article\" \/>\n<meta property=\"og:title\" content=\"\u0130sve\u00e7 Stockholm Ofisi - Tekce Visa\" \/>\n<meta property=\"og:description\" content=\"Tekce Visa&#039;n\u0131n \u0130sve\u00e7, Stockholm ofisi ile ileti\u015fime ge\u00e7erek hukuki dan\u0131\u015fmanl\u0131k alabilirsiniz. Stockholm ofisi ileti\u015fim bilgileri i\u00e7in buraya t\u0131klay\u0131n.\" \/>\n<meta property=\"og:url\" content=\"https:\/\/tekcevisa.com\/tr\/iletisim\/stockholm\/\" \/>\n<meta property=\"og:site_name\" content=\"Tekce Visa\" \/>\n<meta property=\"article:publisher\" content=\"https:\/\/www.instagram.com\/tekcevisa\/\" \/>\n<meta property=\"article:modified_time\" content=\"2025-08-19T11:02:49+00:00\" \/>\n<meta name=\"twitter:card\" content=\"summary_large_image\" \/>\n<meta name=\"twitter:label1\" content=\"Tahmini okuma s\u00fcresi\" \/>\n\t<meta name=\"twitter:data1\" content=\"2 dakika\" \/>\n<script type=\"application\/ld+json\" class=\"yoast-schema-graph\">{\"@context\":\"https:\/\/schema.org\",\"@graph\":[{\"@type\":\"WebPage\",\"@id\":\"https:\/\/tekcevisa.com\/tr\/iletisim\/stockholm\/\",\"url\":\"https:\/\/tekcevisa.com\/tr\/iletisim\/stockholm\/\",\"name\":\"\u0130sve\u00e7 Stockholm Ofisi - Tekce Visa\",\"isPartOf\":{\"@id\":\"https:\/\/tekcevisa.com\/tr\/#website\"},\"datePublished\":\"2023-02-14T00:27:56+00:00\",\"dateModified\":\"2025-08-19T11:02:49+00:00\",\"description\":\"Tekce Visa'n\u0131n \u0130sve\u00e7, Stockholm ofisi ile ileti\u015fime ge\u00e7erek hukuki dan\u0131\u015fmanl\u0131k alabilirsiniz. Stockholm ofisi ileti\u015fim bilgileri i\u00e7in buraya t\u0131klay\u0131n.\",\"breadcrumb\":{\"@id\":\"https:\/\/tekcevisa.com\/tr\/iletisim\/stockholm\/#breadcrumb\"},\"inLanguage\":\"tr\",\"potentialAction\":[{\"@type\":\"ReadAction\",\"target\":[\"https:\/\/tekcevisa.com\/tr\/iletisim\/stockholm\/\"]}]},{\"@type\":\"BreadcrumbList\",\"@id\":\"https:\/\/tekcevisa.com\/tr\/iletisim\/stockholm\/#breadcrumb\",\"itemListElement\":[{\"@type\":\"ListItem\",\"position\":1,\"name\":\"Ana Sayfa\",\"item\":\"https:\/\/tekcevisa.com\/tr\/\"},{\"@type\":\"ListItem\",\"position\":2,\"name\":\"\u0130leti\u015fim\",\"item\":\"https:\/\/tekcevisa.com\/tr\/iletisim\/\"},{\"@type\":\"ListItem\",\"position\":3,\"name\":\"Stockholm\"}]},{\"@type\":\"WebSite\",\"@id\":\"https:\/\/tekcevisa.com\/tr\/#website\",\"url\":\"https:\/\/tekcevisa.com\/tr\/\",\"name\":\"Tekce Visa - Uluslararas\u0131 Hukuki Dan\u0131\u015fmanl\u0131k\",\"description\":\"Uluslararas\u0131 Hukuki Dan\u0131\u015fmanl\u0131k\",\"publisher\":{\"@id\":\"https:\/\/tekcevisa.com\/tr\/#organization\"},\"potentialAction\":[{\"@type\":\"SearchAction\",\"target\":{\"@type\":\"EntryPoint\",\"urlTemplate\":\"https:\/\/tekcevisa.com\/tr\/?s={search_term_string}\"},\"query-input\":{\"@type\":\"PropertyValueSpecification\",\"valueRequired\":true,\"valueName\":\"search_term_string\"}}],\"inLanguage\":\"tr\"},{\"@type\":\"Organization\",\"@id\":\"https:\/\/tekcevisa.com\/tr\/#organization\",\"name\":\"Tekce Visa\",\"url\":\"https:\/\/tekcevisa.com\/tr\/\",\"logo\":{\"@type\":\"ImageObject\",\"inLanguage\":\"tr\",\"@id\":\"https:\/\/tekcevisa.com\/tr\/#\/schema\/logo\/image\/\",\"url\":\"https:\/\/tekcevisa.com\/tr\/wp-content\/uploads\/2025\/08\/ah-tekce-visa-opened-1-removebg-preview.png\",\"contentUrl\":\"https:\/\/tekcevisa.com\/tr\/wp-content\/uploads\/2025\/08\/ah-tekce-visa-opened-1-removebg-preview.png\",\"width\":360,\"height\":360,\"caption\":\"Tekce Visa\"},\"image\":{\"@id\":\"https:\/\/tekcevisa.com\/tr\/#\/schema\/logo\/image\/\"},\"sameAs\":[\"https:\/\/www.instagram.com\/tekcevisa\/\"]}]}<\/script>\n<!-- \/ Yoast SEO plugin. -->","yoast_head_json":{"title":"\u0130sve\u00e7 Stockholm Ofisi - Tekce Visa","description":"Tekce Visa'n\u0131n \u0130sve\u00e7, Stockholm ofisi ile ileti\u015fime ge\u00e7erek hukuki dan\u0131\u015fmanl\u0131k alabilirsiniz. Stockholm ofisi ileti\u015fim bilgileri i\u00e7in buraya t\u0131klay\u0131n.","robots":{"index":"index","follow":"follow","max-snippet":"max-snippet:-1","max-image-preview":"max-image-preview:large","max-video-preview":"max-video-preview:-1"},"canonical":"https:\/\/tekcevisa.com\/tr\/iletisim\/stockholm\/","og_locale":"tr_TR","og_type":"article","og_title":"\u0130sve\u00e7 Stockholm Ofisi - Tekce Visa","og_description":"Tekce Visa'n\u0131n \u0130sve\u00e7, Stockholm ofisi ile ileti\u015fime ge\u00e7erek hukuki dan\u0131\u015fmanl\u0131k alabilirsiniz. Stockholm ofisi ileti\u015fim bilgileri i\u00e7in buraya t\u0131klay\u0131n.","og_url":"https:\/\/tekcevisa.com\/tr\/iletisim\/stockholm\/","og_site_name":"Tekce Visa","article_publisher":"https:\/\/www.instagram.com\/tekcevisa\/","article_modified_time":"2025-08-19T11:02:49+00:00","twitter_card":"summary_large_image","twitter_misc":{"Tahmini okuma s\u00fcresi":"2 dakika"},"schema":{"@context":"https:\/\/schema.org","@graph":[{"@type":"WebPage","@id":"https:\/\/tekcevisa.com\/tr\/iletisim\/stockholm\/","url":"https:\/\/tekcevisa.com\/tr\/iletisim\/stockholm\/","name":"\u0130sve\u00e7 Stockholm Ofisi - Tekce Visa","isPartOf":{"@id":"https:\/\/tekcevisa.com\/tr\/#website"},"datePublished":"2023-02-14T00:27:56+00:00","dateModified":"2025-08-19T11:02:49+00:00","description":"Tekce Visa'n\u0131n \u0130sve\u00e7, Stockholm ofisi ile ileti\u015fime ge\u00e7erek hukuki dan\u0131\u015fmanl\u0131k alabilirsiniz. Stockholm ofisi ileti\u015fim bilgileri i\u00e7in buraya t\u0131klay\u0131n.","breadcrumb":{"@id":"https:\/\/tekcevisa.com\/tr\/iletisim\/stockholm\/#breadcrumb"},"inLanguage":"tr","potentialAction":[{"@type":"ReadAction","target":["https:\/\/tekcevisa.com\/tr\/iletisim\/stockholm\/"]}]},{"@type":"BreadcrumbList","@id":"https:\/\/tekcevisa.com\/tr\/iletisim\/stockholm\/#breadcrumb","itemListElement":[{"@type":"ListItem","position":1,"name":"Ana Sayfa","item":"https:\/\/tekcevisa.com\/tr\/"},{"@type":"ListItem","position":2,"name":"\u0130leti\u015fim","item":"https:\/\/tekcevisa.com\/tr\/iletisim\/"},{"@type":"ListItem","position":3,"name":"Stockholm"}]},{"@type":"WebSite","@id":"https:\/\/tekcevisa.com\/tr\/#website","url":"https:\/\/tekcevisa.com\/tr\/","name":"Tekce Visa - Uluslararas\u0131 Hukuki Dan\u0131\u015fmanl\u0131k","description":"Uluslararas\u0131 Hukuki Dan\u0131\u015fmanl\u0131k","publisher":{"@id":"https:\/\/tekcevisa.com\/tr\/#organization"},"potentialAction":[{"@type":"SearchAction","target":{"@type":"EntryPoint","urlTemplate":"https:\/\/tekcevisa.com\/tr\/?s={search_term_string}"},"query-input":{"@type":"PropertyValueSpecification","valueRequired":true,"valueName":"search_term_string"}}],"inLanguage":"tr"},{"@type":"Organization","@id":"https:\/\/tekcevisa.com\/tr\/#organization","name":"Tekce Visa","url":"https:\/\/tekcevisa.com\/tr\/","logo":{"@type":"ImageObject","inLanguage":"tr","@id":"https:\/\/tekcevisa.com\/tr\/#\/schema\/logo\/image\/","url":"https:\/\/tekcevisa.com\/tr\/wp-content\/uploads\/2025\/08\/ah-tekce-visa-opened-1-removebg-preview.png","contentUrl":"https:\/\/tekcevisa.com\/tr\/wp-content\/uploads\/2025\/08\/ah-tekce-visa-opened-1-removebg-preview.png","width":360,"height":360,"caption":"Tekce Visa"},"image":{"@id":"https:\/\/tekcevisa.com\/tr\/#\/schema\/logo\/image\/"},"sameAs":["https:\/\/www.instagram.com\/tekcevisa\/"]}]}},"_links":{"self":[{"href":"https:\/\/tekcevisa.com\/tr\/wp-json\/wp\/v2\/pages\/2537","targetHints":{"allow":["GET"]}}],"collection":[{"href":"https:\/\/tekcevisa.com\/tr\/wp-json\/wp\/v2\/pages"}],"about":[{"href":"https:\/\/tekcevisa.com\/tr\/wp-json\/wp\/v2\/types\/page"}],"author":[{"embeddable":true,"href":"https:\/\/tekcevisa.com\/tr\/wp-json\/wp\/v2\/users\/6"}],"replies":[{"embeddable":true,"href":"https:\/\/tekcevisa.com\/tr\/wp-json\/wp\/v2\/comments?post=2537"}],"version-history":[{"count":3,"href":"https:\/\/tekcevisa.com\/tr\/wp-json\/wp\/v2\/pages\/2537\/revisions"}],"predecessor-version":[{"id":4664,"href":"https:\/\/tekcevisa.com\/tr\/wp-json\/wp\/v2\/pages\/2537\/revisions\/4664"}],"up":[{"embeddable":true,"href":"https:\/\/tekcevisa.com\/tr\/wp-json\/wp\/v2\/pages\/14"}],"wp:attachment":[{"href":"https:\/\/tekcevisa.com\/tr\/wp-json\/wp\/v2\/media?parent=2537"}],"curies":[{"name":"wp","href":"https:\/\/api.w.org\/{rel}","templated":true}]}}