{"id":2559,"date":"2023-02-14T03:38:42","date_gmt":"2023-02-14T00:38:42","guid":{"rendered":"https:\/\/tekcevisa.com\/?page_id=2559"},"modified":"2025-08-19T14:05:41","modified_gmt":"2025-08-19T11:05:41","slug":"bodrum","status":"publish","type":"page","link":"https:\/\/tekcevisa.com\/tr\/iletisim\/bodrum\/","title":{"rendered":"Bodrum"},"content":{"rendered":"<p>Tekce Visa\u2019n\u0131n Ege k\u0131y\u0131lar\u0131n\u0131n muhte\u015fem sahil b\u00f6lgesinde yer alan Bodrum ofisine ho\u015f geldiniz. Bodrum ofisimizde bulunan deneyimli hukuk\u00e7ular\u0131m\u0131z ve dan\u0131\u015fmanlar\u0131m\u0131z ile hukuki sorunlar\u0131n\u0131za en uygun \u00e7\u00f6z\u00fcmleri buluyoruz.<\/p>\n<p>Uzman ekibimiz, bir\u00e7ok farkl\u0131 hukuki konuda sorunsuz dan\u0131\u015fmanl\u0131k hizmetleri sunmaktad\u0131r. Bodrum ofisimizi ziyaret ederek; oturum, vatanda\u015fl\u0131k, miras hukuku, vergilendirme ve di\u011fer bir\u00e7ok konuda profesyonel hizmet alabilirsiniz. T\u00fcm hukuki s\u00fcrecinizi deneyimli ve ileti\u015fimi kuvvetli ekibimiz ile ba\u015ftan sona ele al\u0131yoruz.<\/p>\n<p>Hukuk alan\u0131nda y\u0131llar\u0131n deneyimi, memnuniyet odakl\u0131 yakla\u015f\u0131m ve t\u00fcm anayasal prosed\u00fcrler hakk\u0131nda derinlemesine bilgi sahibi olarak t\u00fcm karma\u015f\u0131k hukuki s\u00fcre\u00e7leri sizin ad\u0131n\u0131za ilerletiyoruz.<\/p>\n<p>Tam \u015feffafl\u0131k ile t\u00fcm hukuki sorunlar\u0131n\u0131z\u0131 sizin ad\u0131n\u0131za tamamlamay\u0131 misyon edindik. Bodrum ofisimizdeki uzman ekibimiz t\u00fcm s\u00fcre\u00e7 boyunca size destek olacak ve beklenmeyen her t\u00fcrl\u00fc durumda \u00e7\u00f6z\u00fcmler sunacakt\u0131r.<\/p>\n<p>Bodrum ofisimiz, Bodrum\u2019unm merkezinden kolayl\u0131kla ula\u015f\u0131labilen bir konumda yer almaktad\u0131r. Ofisimize \u00f6zel arac\u0131n\u0131zla kolayl\u0131kla ula\u015fabilirsiniz. Sizi en detayl\u0131 \u015fekilde bilgilendirmek i\u00e7in sizi ofisimize davet ediyoruz.<\/p>\n","protected":false},"excerpt":{"rendered":"<p>Tekce Visa\u2019n\u0131n Ege k\u0131y\u0131lar\u0131n\u0131n muhte\u015fem sahil b\u00f6lgesinde yer alan Bodrum<span class=\"excerpt-hellip\"> [\u2026]<\/span><\/p>\n","protected":false},"author":6,"featured_media":0,"parent":14,"menu_order":0,"comment_status":"closed","ping_status":"closed","template":"","meta":{"footnotes":""},"class_list":["post-2559","page","type-page","status-publish","hentry"],"yoast_head":"<!-- This site is optimized with the Yoast SEO plugin v24.2 - https:\/\/yoast.com\/wordpress\/plugins\/seo\/ -->\n<title>Bodrum Ofisi -Tekce Visa<\/title>\n<meta name=\"description\" content=\"Tekce Visa uzman kadrosundan yasal dan\u0131\u015fmanl\u0131k hizmeti alabilece\u011finiz Bodrum ofisimizin ileti\u015fim bilgilerine ula\u015fmak i\u00e7in sayfam\u0131z\u0131 ziyaret edin.\" \/>\n<meta name=\"robots\" content=\"index, follow, max-snippet:-1, max-image-preview:large, max-video-preview:-1\" \/>\n<link rel=\"canonical\" href=\"https:\/\/tekcevisa.com\/tr\/iletisim\/bodrum\/\" \/>\n<meta property=\"og:locale\" content=\"tr_TR\" \/>\n<meta property=\"og:type\" content=\"article\" \/>\n<meta property=\"og:title\" content=\"Bodrum Ofisi -Tekce Visa\" \/>\n<meta property=\"og:description\" content=\"Tekce Visa uzman kadrosundan yasal dan\u0131\u015fmanl\u0131k hizmeti alabilece\u011finiz Bodrum ofisimizin ileti\u015fim bilgilerine ula\u015fmak i\u00e7in sayfam\u0131z\u0131 ziyaret edin.\" \/>\n<meta property=\"og:url\" content=\"https:\/\/tekcevisa.com\/tr\/iletisim\/bodrum\/\" \/>\n<meta property=\"og:site_name\" content=\"Tekce Visa\" \/>\n<meta property=\"article:publisher\" content=\"https:\/\/www.instagram.com\/tekcevisa\/\" \/>\n<meta property=\"article:modified_time\" content=\"2025-08-19T11:05:41+00:00\" \/>\n<meta name=\"twitter:card\" content=\"summary_large_image\" \/>\n<meta name=\"twitter:label1\" content=\"Tahmini okuma s\u00fcresi\" \/>\n\t<meta name=\"twitter:data1\" content=\"1 dakika\" \/>\n<script type=\"application\/ld+json\" class=\"yoast-schema-graph\">{\"@context\":\"https:\/\/schema.org\",\"@graph\":[{\"@type\":\"WebPage\",\"@id\":\"https:\/\/tekcevisa.com\/tr\/iletisim\/bodrum\/\",\"url\":\"https:\/\/tekcevisa.com\/tr\/iletisim\/bodrum\/\",\"name\":\"Bodrum Ofisi -Tekce Visa\",\"isPartOf\":{\"@id\":\"https:\/\/tekcevisa.com\/tr\/#website\"},\"datePublished\":\"2023-02-14T00:38:42+00:00\",\"dateModified\":\"2025-08-19T11:05:41+00:00\",\"description\":\"Tekce Visa uzman kadrosundan yasal dan\u0131\u015fmanl\u0131k hizmeti alabilece\u011finiz Bodrum ofisimizin ileti\u015fim bilgilerine ula\u015fmak i\u00e7in sayfam\u0131z\u0131 ziyaret edin.\",\"breadcrumb\":{\"@id\":\"https:\/\/tekcevisa.com\/tr\/iletisim\/bodrum\/#breadcrumb\"},\"inLanguage\":\"tr\",\"potentialAction\":[{\"@type\":\"ReadAction\",\"target\":[\"https:\/\/tekcevisa.com\/tr\/iletisim\/bodrum\/\"]}]},{\"@type\":\"BreadcrumbList\",\"@id\":\"https:\/\/tekcevisa.com\/tr\/iletisim\/bodrum\/#breadcrumb\",\"itemListElement\":[{\"@type\":\"ListItem\",\"position\":1,\"name\":\"Ana Sayfa\",\"item\":\"https:\/\/tekcevisa.com\/tr\/\"},{\"@type\":\"ListItem\",\"position\":2,\"name\":\"\u0130leti\u015fim\",\"item\":\"https:\/\/tekcevisa.com\/tr\/iletisim\/\"},{\"@type\":\"ListItem\",\"position\":3,\"name\":\"Bodrum\"}]},{\"@type\":\"WebSite\",\"@id\":\"https:\/\/tekcevisa.com\/tr\/#website\",\"url\":\"https:\/\/tekcevisa.com\/tr\/\",\"name\":\"Tekce Visa - Uluslararas\u0131 Hukuki Dan\u0131\u015fmanl\u0131k\",\"description\":\"Uluslararas\u0131 Hukuki Dan\u0131\u015fmanl\u0131k\",\"publisher\":{\"@id\":\"https:\/\/tekcevisa.com\/tr\/#organization\"},\"potentialAction\":[{\"@type\":\"SearchAction\",\"target\":{\"@type\":\"EntryPoint\",\"urlTemplate\":\"https:\/\/tekcevisa.com\/tr\/?s={search_term_string}\"},\"query-input\":{\"@type\":\"PropertyValueSpecification\",\"valueRequired\":true,\"valueName\":\"search_term_string\"}}],\"inLanguage\":\"tr\"},{\"@type\":\"Organization\",\"@id\":\"https:\/\/tekcevisa.com\/tr\/#organization\",\"name\":\"Tekce Visa\",\"url\":\"https:\/\/tekcevisa.com\/tr\/\",\"logo\":{\"@type\":\"ImageObject\",\"inLanguage\":\"tr\",\"@id\":\"https:\/\/tekcevisa.com\/tr\/#\/schema\/logo\/image\/\",\"url\":\"https:\/\/tekcevisa.com\/tr\/wp-content\/uploads\/2025\/08\/ah-tekce-visa-opened-1-removebg-preview.png\",\"contentUrl\":\"https:\/\/tekcevisa.com\/tr\/wp-content\/uploads\/2025\/08\/ah-tekce-visa-opened-1-removebg-preview.png\",\"width\":360,\"height\":360,\"caption\":\"Tekce Visa\"},\"image\":{\"@id\":\"https:\/\/tekcevisa.com\/tr\/#\/schema\/logo\/image\/\"},\"sameAs\":[\"https:\/\/www.instagram.com\/tekcevisa\/\"]}]}<\/script>\n<!-- \/ Yoast SEO plugin. -->","yoast_head_json":{"title":"Bodrum Ofisi -Tekce Visa","description":"Tekce Visa uzman kadrosundan yasal dan\u0131\u015fmanl\u0131k hizmeti alabilece\u011finiz Bodrum ofisimizin ileti\u015fim bilgilerine ula\u015fmak i\u00e7in sayfam\u0131z\u0131 ziyaret edin.","robots":{"index":"index","follow":"follow","max-snippet":"max-snippet:-1","max-image-preview":"max-image-preview:large","max-video-preview":"max-video-preview:-1"},"canonical":"https:\/\/tekcevisa.com\/tr\/iletisim\/bodrum\/","og_locale":"tr_TR","og_type":"article","og_title":"Bodrum Ofisi -Tekce Visa","og_description":"Tekce Visa uzman kadrosundan yasal dan\u0131\u015fmanl\u0131k hizmeti alabilece\u011finiz Bodrum ofisimizin ileti\u015fim bilgilerine ula\u015fmak i\u00e7in sayfam\u0131z\u0131 ziyaret edin.","og_url":"https:\/\/tekcevisa.com\/tr\/iletisim\/bodrum\/","og_site_name":"Tekce Visa","article_publisher":"https:\/\/www.instagram.com\/tekcevisa\/","article_modified_time":"2025-08-19T11:05:41+00:00","twitter_card":"summary_large_image","twitter_misc":{"Tahmini okuma s\u00fcresi":"1 dakika"},"schema":{"@context":"https:\/\/schema.org","@graph":[{"@type":"WebPage","@id":"https:\/\/tekcevisa.com\/tr\/iletisim\/bodrum\/","url":"https:\/\/tekcevisa.com\/tr\/iletisim\/bodrum\/","name":"Bodrum Ofisi -Tekce Visa","isPartOf":{"@id":"https:\/\/tekcevisa.com\/tr\/#website"},"datePublished":"2023-02-14T00:38:42+00:00","dateModified":"2025-08-19T11:05:41+00:00","description":"Tekce Visa uzman kadrosundan yasal dan\u0131\u015fmanl\u0131k hizmeti alabilece\u011finiz Bodrum ofisimizin ileti\u015fim bilgilerine ula\u015fmak i\u00e7in sayfam\u0131z\u0131 ziyaret edin.","breadcrumb":{"@id":"https:\/\/tekcevisa.com\/tr\/iletisim\/bodrum\/#breadcrumb"},"inLanguage":"tr","potentialAction":[{"@type":"ReadAction","target":["https:\/\/tekcevisa.com\/tr\/iletisim\/bodrum\/"]}]},{"@type":"BreadcrumbList","@id":"https:\/\/tekcevisa.com\/tr\/iletisim\/bodrum\/#breadcrumb","itemListElement":[{"@type":"ListItem","position":1,"name":"Ana Sayfa","item":"https:\/\/tekcevisa.com\/tr\/"},{"@type":"ListItem","position":2,"name":"\u0130leti\u015fim","item":"https:\/\/tekcevisa.com\/tr\/iletisim\/"},{"@type":"ListItem","position":3,"name":"Bodrum"}]},{"@type":"WebSite","@id":"https:\/\/tekcevisa.com\/tr\/#website","url":"https:\/\/tekcevisa.com\/tr\/","name":"Tekce Visa - Uluslararas\u0131 Hukuki Dan\u0131\u015fmanl\u0131k","description":"Uluslararas\u0131 Hukuki Dan\u0131\u015fmanl\u0131k","publisher":{"@id":"https:\/\/tekcevisa.com\/tr\/#organization"},"potentialAction":[{"@type":"SearchAction","target":{"@type":"EntryPoint","urlTemplate":"https:\/\/tekcevisa.com\/tr\/?s={search_term_string}"},"query-input":{"@type":"PropertyValueSpecification","valueRequired":true,"valueName":"search_term_string"}}],"inLanguage":"tr"},{"@type":"Organization","@id":"https:\/\/tekcevisa.com\/tr\/#organization","name":"Tekce Visa","url":"https:\/\/tekcevisa.com\/tr\/","logo":{"@type":"ImageObject","inLanguage":"tr","@id":"https:\/\/tekcevisa.com\/tr\/#\/schema\/logo\/image\/","url":"https:\/\/tekcevisa.com\/tr\/wp-content\/uploads\/2025\/08\/ah-tekce-visa-opened-1-removebg-preview.png","contentUrl":"https:\/\/tekcevisa.com\/tr\/wp-content\/uploads\/2025\/08\/ah-tekce-visa-opened-1-removebg-preview.png","width":360,"height":360,"caption":"Tekce Visa"},"image":{"@id":"https:\/\/tekcevisa.com\/tr\/#\/schema\/logo\/image\/"},"sameAs":["https:\/\/www.instagram.com\/tekcevisa\/"]}]}},"_links":{"self":[{"href":"https:\/\/tekcevisa.com\/tr\/wp-json\/wp\/v2\/pages\/2559","targetHints":{"allow":["GET"]}}],"collection":[{"href":"https:\/\/tekcevisa.com\/tr\/wp-json\/wp\/v2\/pages"}],"about":[{"href":"https:\/\/tekcevisa.com\/tr\/wp-json\/wp\/v2\/types\/page"}],"author":[{"embeddable":true,"href":"https:\/\/tekcevisa.com\/tr\/wp-json\/wp\/v2\/users\/6"}],"replies":[{"embeddable":true,"href":"https:\/\/tekcevisa.com\/tr\/wp-json\/wp\/v2\/comments?post=2559"}],"version-history":[{"count":3,"href":"https:\/\/tekcevisa.com\/tr\/wp-json\/wp\/v2\/pages\/2559\/revisions"}],"predecessor-version":[{"id":4655,"href":"https:\/\/tekcevisa.com\/tr\/wp-json\/wp\/v2\/pages\/2559\/revisions\/4655"}],"up":[{"embeddable":true,"href":"https:\/\/tekcevisa.com\/tr\/wp-json\/wp\/v2\/pages\/14"}],"wp:attachment":[{"href":"https:\/\/tekcevisa.com\/tr\/wp-json\/wp\/v2\/media?parent=2559"}],"curies":[{"name":"wp","href":"https:\/\/api.w.org\/{rel}","templated":true}]}}