{"id":4171,"date":"2023-03-16T13:49:49","date_gmt":"2023-03-16T10:49:49","guid":{"rendered":"https:\/\/tekcevisa.com\/?page_id=4171"},"modified":"2025-02-02T22:45:30","modified_gmt":"2025-02-02T19:45:30","slug":"portekiz","status":"publish","type":"page","link":"https:\/\/tekcevisa.com\/tr\/oturum-izni\/portekiz\/","title":{"rendered":"Portekiz"},"content":{"rendered":"","protected":false},"excerpt":{"rendered":"","protected":false},"author":6,"featured_media":0,"parent":110,"menu_order":0,"comment_status":"closed","ping_status":"closed","template":"","meta":{"footnotes":""},"class_list":["post-4171","page","type-page","status-publish","hentry"],"yoast_head":"<!-- This site is optimized with the Yoast SEO plugin v24.2 - https:\/\/yoast.com\/wordpress\/plugins\/seo\/ -->\n<title>Portekiz&#039;de Oturum \u0130zni- Tekce Visa<\/title>\n<meta name=\"description\" content=\"Tekce Visa uzman deste\u011fi ile Portekiz&#039;de oturum izninizi kolayl\u0131kla ve sorunsuz al\u0131n Portekiz&#039;de ya\u015fam\u0131n tad\u0131n\u0131 \u00e7\u0131kar\u0131n.\" \/>\n<meta name=\"robots\" content=\"index, follow, max-snippet:-1, max-image-preview:large, max-video-preview:-1\" \/>\n<link rel=\"canonical\" href=\"https:\/\/tekcevisa.com\/tr\/oturum-izni\/portekiz\/\" \/>\n<meta property=\"og:locale\" content=\"tr_TR\" \/>\n<meta property=\"og:type\" content=\"article\" \/>\n<meta property=\"og:title\" content=\"Portekiz&#039;de Oturum \u0130zni- Tekce Visa\" \/>\n<meta property=\"og:description\" content=\"Tekce Visa uzman deste\u011fi ile Portekiz&#039;de oturum izninizi kolayl\u0131kla ve sorunsuz al\u0131n Portekiz&#039;de ya\u015fam\u0131n tad\u0131n\u0131 \u00e7\u0131kar\u0131n.\" \/>\n<meta property=\"og:url\" content=\"https:\/\/tekcevisa.com\/tr\/oturum-izni\/portekiz\/\" \/>\n<meta property=\"og:site_name\" content=\"Tekce Visa\" \/>\n<meta property=\"article:publisher\" content=\"https:\/\/www.instagram.com\/tekcevisa\/\" \/>\n<meta property=\"article:modified_time\" content=\"2025-02-02T19:45:30+00:00\" \/>\n<meta name=\"twitter:card\" content=\"summary_large_image\" \/>\n<script type=\"application\/ld+json\" class=\"yoast-schema-graph\">{\"@context\":\"https:\/\/schema.org\",\"@graph\":[{\"@type\":\"WebPage\",\"@id\":\"https:\/\/tekcevisa.com\/tr\/oturum-izni\/portekiz\/\",\"url\":\"https:\/\/tekcevisa.com\/tr\/oturum-izni\/portekiz\/\",\"name\":\"Portekiz'de Oturum \u0130zni- Tekce Visa\",\"isPartOf\":{\"@id\":\"https:\/\/tekcevisa.com\/tr\/#website\"},\"datePublished\":\"2023-03-16T10:49:49+00:00\",\"dateModified\":\"2025-02-02T19:45:30+00:00\",\"description\":\"Tekce Visa uzman deste\u011fi ile Portekiz'de oturum izninizi kolayl\u0131kla ve sorunsuz al\u0131n Portekiz'de ya\u015fam\u0131n tad\u0131n\u0131 \u00e7\u0131kar\u0131n.\",\"breadcrumb\":{\"@id\":\"https:\/\/tekcevisa.com\/tr\/oturum-izni\/portekiz\/#breadcrumb\"},\"inLanguage\":\"tr\",\"potentialAction\":[{\"@type\":\"ReadAction\",\"target\":[\"https:\/\/tekcevisa.com\/tr\/oturum-izni\/portekiz\/\"]}]},{\"@type\":\"BreadcrumbList\",\"@id\":\"https:\/\/tekcevisa.com\/tr\/oturum-izni\/portekiz\/#breadcrumb\",\"itemListElement\":[{\"@type\":\"ListItem\",\"position\":1,\"name\":\"Ana Sayfa\",\"item\":\"https:\/\/tekcevisa.com\/tr\/\"},{\"@type\":\"ListItem\",\"position\":2,\"name\":\"Oturum \u0130zni\",\"item\":\"https:\/\/tekcevisa.com\/tr\/oturum-izni\/\"},{\"@type\":\"ListItem\",\"position\":3,\"name\":\"Portekiz\"}]},{\"@type\":\"WebSite\",\"@id\":\"https:\/\/tekcevisa.com\/tr\/#website\",\"url\":\"https:\/\/tekcevisa.com\/tr\/\",\"name\":\"Tekce Visa - Uluslararas\u0131 Hukuki Dan\u0131\u015fmanl\u0131k\",\"description\":\"Uluslararas\u0131 Hukuki Dan\u0131\u015fmanl\u0131k\",\"publisher\":{\"@id\":\"https:\/\/tekcevisa.com\/tr\/#organization\"},\"potentialAction\":[{\"@type\":\"SearchAction\",\"target\":{\"@type\":\"EntryPoint\",\"urlTemplate\":\"https:\/\/tekcevisa.com\/tr\/?s={search_term_string}\"},\"query-input\":{\"@type\":\"PropertyValueSpecification\",\"valueRequired\":true,\"valueName\":\"search_term_string\"}}],\"inLanguage\":\"tr\"},{\"@type\":\"Organization\",\"@id\":\"https:\/\/tekcevisa.com\/tr\/#organization\",\"name\":\"Tekce Visa\",\"url\":\"https:\/\/tekcevisa.com\/tr\/\",\"logo\":{\"@type\":\"ImageObject\",\"inLanguage\":\"tr\",\"@id\":\"https:\/\/tekcevisa.com\/tr\/#\/schema\/logo\/image\/\",\"url\":\"https:\/\/tekcevisa.com\/tr\/wp-content\/uploads\/2025\/08\/ah-tekce-visa-opened-1-removebg-preview.png\",\"contentUrl\":\"https:\/\/tekcevisa.com\/tr\/wp-content\/uploads\/2025\/08\/ah-tekce-visa-opened-1-removebg-preview.png\",\"width\":360,\"height\":360,\"caption\":\"Tekce Visa\"},\"image\":{\"@id\":\"https:\/\/tekcevisa.com\/tr\/#\/schema\/logo\/image\/\"},\"sameAs\":[\"https:\/\/www.instagram.com\/tekcevisa\/\"]}]}<\/script>\n<!-- \/ Yoast SEO plugin. -->","yoast_head_json":{"title":"Portekiz'de Oturum \u0130zni- Tekce Visa","description":"Tekce Visa uzman deste\u011fi ile Portekiz'de oturum izninizi kolayl\u0131kla ve sorunsuz al\u0131n Portekiz'de ya\u015fam\u0131n tad\u0131n\u0131 \u00e7\u0131kar\u0131n.","robots":{"index":"index","follow":"follow","max-snippet":"max-snippet:-1","max-image-preview":"max-image-preview:large","max-video-preview":"max-video-preview:-1"},"canonical":"https:\/\/tekcevisa.com\/tr\/oturum-izni\/portekiz\/","og_locale":"tr_TR","og_type":"article","og_title":"Portekiz'de Oturum \u0130zni- Tekce Visa","og_description":"Tekce Visa uzman deste\u011fi ile Portekiz'de oturum izninizi kolayl\u0131kla ve sorunsuz al\u0131n Portekiz'de ya\u015fam\u0131n tad\u0131n\u0131 \u00e7\u0131kar\u0131n.","og_url":"https:\/\/tekcevisa.com\/tr\/oturum-izni\/portekiz\/","og_site_name":"Tekce Visa","article_publisher":"https:\/\/www.instagram.com\/tekcevisa\/","article_modified_time":"2025-02-02T19:45:30+00:00","twitter_card":"summary_large_image","schema":{"@context":"https:\/\/schema.org","@graph":[{"@type":"WebPage","@id":"https:\/\/tekcevisa.com\/tr\/oturum-izni\/portekiz\/","url":"https:\/\/tekcevisa.com\/tr\/oturum-izni\/portekiz\/","name":"Portekiz'de Oturum \u0130zni- Tekce Visa","isPartOf":{"@id":"https:\/\/tekcevisa.com\/tr\/#website"},"datePublished":"2023-03-16T10:49:49+00:00","dateModified":"2025-02-02T19:45:30+00:00","description":"Tekce Visa uzman deste\u011fi ile Portekiz'de oturum izninizi kolayl\u0131kla ve sorunsuz al\u0131n Portekiz'de ya\u015fam\u0131n tad\u0131n\u0131 \u00e7\u0131kar\u0131n.","breadcrumb":{"@id":"https:\/\/tekcevisa.com\/tr\/oturum-izni\/portekiz\/#breadcrumb"},"inLanguage":"tr","potentialAction":[{"@type":"ReadAction","target":["https:\/\/tekcevisa.com\/tr\/oturum-izni\/portekiz\/"]}]},{"@type":"BreadcrumbList","@id":"https:\/\/tekcevisa.com\/tr\/oturum-izni\/portekiz\/#breadcrumb","itemListElement":[{"@type":"ListItem","position":1,"name":"Ana Sayfa","item":"https:\/\/tekcevisa.com\/tr\/"},{"@type":"ListItem","position":2,"name":"Oturum \u0130zni","item":"https:\/\/tekcevisa.com\/tr\/oturum-izni\/"},{"@type":"ListItem","position":3,"name":"Portekiz"}]},{"@type":"WebSite","@id":"https:\/\/tekcevisa.com\/tr\/#website","url":"https:\/\/tekcevisa.com\/tr\/","name":"Tekce Visa - Uluslararas\u0131 Hukuki Dan\u0131\u015fmanl\u0131k","description":"Uluslararas\u0131 Hukuki Dan\u0131\u015fmanl\u0131k","publisher":{"@id":"https:\/\/tekcevisa.com\/tr\/#organization"},"potentialAction":[{"@type":"SearchAction","target":{"@type":"EntryPoint","urlTemplate":"https:\/\/tekcevisa.com\/tr\/?s={search_term_string}"},"query-input":{"@type":"PropertyValueSpecification","valueRequired":true,"valueName":"search_term_string"}}],"inLanguage":"tr"},{"@type":"Organization","@id":"https:\/\/tekcevisa.com\/tr\/#organization","name":"Tekce Visa","url":"https:\/\/tekcevisa.com\/tr\/","logo":{"@type":"ImageObject","inLanguage":"tr","@id":"https:\/\/tekcevisa.com\/tr\/#\/schema\/logo\/image\/","url":"https:\/\/tekcevisa.com\/tr\/wp-content\/uploads\/2025\/08\/ah-tekce-visa-opened-1-removebg-preview.png","contentUrl":"https:\/\/tekcevisa.com\/tr\/wp-content\/uploads\/2025\/08\/ah-tekce-visa-opened-1-removebg-preview.png","width":360,"height":360,"caption":"Tekce Visa"},"image":{"@id":"https:\/\/tekcevisa.com\/tr\/#\/schema\/logo\/image\/"},"sameAs":["https:\/\/www.instagram.com\/tekcevisa\/"]}]}},"_links":{"self":[{"href":"https:\/\/tekcevisa.com\/tr\/wp-json\/wp\/v2\/pages\/4171","targetHints":{"allow":["GET"]}}],"collection":[{"href":"https:\/\/tekcevisa.com\/tr\/wp-json\/wp\/v2\/pages"}],"about":[{"href":"https:\/\/tekcevisa.com\/tr\/wp-json\/wp\/v2\/types\/page"}],"author":[{"embeddable":true,"href":"https:\/\/tekcevisa.com\/tr\/wp-json\/wp\/v2\/users\/6"}],"replies":[{"embeddable":true,"href":"https:\/\/tekcevisa.com\/tr\/wp-json\/wp\/v2\/comments?post=4171"}],"version-history":[{"count":3,"href":"https:\/\/tekcevisa.com\/tr\/wp-json\/wp\/v2\/pages\/4171\/revisions"}],"predecessor-version":[{"id":4899,"href":"https:\/\/tekcevisa.com\/tr\/wp-json\/wp\/v2\/pages\/4171\/revisions\/4899"}],"up":[{"embeddable":true,"href":"https:\/\/tekcevisa.com\/tr\/wp-json\/wp\/v2\/pages\/110"}],"wp:attachment":[{"href":"https:\/\/tekcevisa.com\/tr\/wp-json\/wp\/v2\/media?parent=4171"}],"curies":[{"name":"wp","href":"https:\/\/api.w.org\/{rel}","templated":true}]}}