{"id":451,"date":"2022-12-08T21:26:58","date_gmt":"2022-12-08T18:26:58","guid":{"rendered":"https:\/\/tekcevisa.com\/?page_id=451"},"modified":"2025-06-12T11:39:53","modified_gmt":"2025-06-12T08:39:53","slug":"aile-oturum-izni","status":"publish","type":"page","link":"https:\/\/tekcevisa.com\/tr\/oturum-izni\/turkiye\/aile-oturum-izni\/","title":{"rendered":"Aile Oturum \u0130zni"},"content":{"rendered":"","protected":false},"excerpt":{"rendered":"","protected":false},"author":6,"featured_media":0,"parent":4167,"menu_order":0,"comment_status":"closed","ping_status":"closed","template":"","meta":{"footnotes":""},"class_list":["post-451","page","type-page","status-publish","hentry"],"yoast_head":"<!-- This site is optimized with the Yoast SEO plugin v24.2 - https:\/\/yoast.com\/wordpress\/plugins\/seo\/ -->\n<title>T\u00fcrkiye&#039;de Aile Oturum \u0130zni - Tekce Visa<\/title>\n<meta name=\"description\" content=\"T\u00fcrkiye&#039;de ikamet etme hakk\u0131na sahip yabanc\u0131lar\u0131n e\u015f ve \u00e7ocuklar\u0131n\u0131n da oturum izinleri hakk\u0131nda detayl\u0131 bilgi i\u00e7in yaz\u0131m\u0131z\u0131 okuyunuz.\" \/>\n<meta name=\"robots\" content=\"index, follow, max-snippet:-1, max-image-preview:large, max-video-preview:-1\" \/>\n<link rel=\"canonical\" href=\"https:\/\/tekcevisa.com\/tr\/oturum-izni\/turkiye\/aile-oturum-izni\/\" \/>\n<meta property=\"og:locale\" content=\"tr_TR\" \/>\n<meta property=\"og:type\" content=\"article\" \/>\n<meta property=\"og:title\" content=\"T\u00fcrkiye&#039;de Aile Oturum \u0130zni - Tekce Visa\" \/>\n<meta property=\"og:description\" content=\"T\u00fcrkiye&#039;de ikamet etme hakk\u0131na sahip yabanc\u0131lar\u0131n e\u015f ve \u00e7ocuklar\u0131n\u0131n da oturum izinleri hakk\u0131nda detayl\u0131 bilgi i\u00e7in yaz\u0131m\u0131z\u0131 okuyunuz.\" \/>\n<meta property=\"og:url\" content=\"https:\/\/tekcevisa.com\/tr\/oturum-izni\/turkiye\/aile-oturum-izni\/\" \/>\n<meta property=\"og:site_name\" content=\"Tekce Visa\" \/>\n<meta property=\"article:publisher\" content=\"https:\/\/www.instagram.com\/tekcevisa\/\" \/>\n<meta property=\"article:modified_time\" content=\"2025-06-12T08:39:53+00:00\" \/>\n<meta name=\"twitter:card\" content=\"summary_large_image\" \/>\n<script type=\"application\/ld+json\" class=\"yoast-schema-graph\">{\"@context\":\"https:\/\/schema.org\",\"@graph\":[{\"@type\":\"WebPage\",\"@id\":\"https:\/\/tekcevisa.com\/tr\/oturum-izni\/turkiye\/aile-oturum-izni\/\",\"url\":\"https:\/\/tekcevisa.com\/tr\/oturum-izni\/turkiye\/aile-oturum-izni\/\",\"name\":\"T\u00fcrkiye'de Aile Oturum \u0130zni - Tekce Visa\",\"isPartOf\":{\"@id\":\"https:\/\/tekcevisa.com\/tr\/#website\"},\"datePublished\":\"2022-12-08T18:26:58+00:00\",\"dateModified\":\"2025-06-12T08:39:53+00:00\",\"description\":\"T\u00fcrkiye'de ikamet etme hakk\u0131na sahip yabanc\u0131lar\u0131n e\u015f ve \u00e7ocuklar\u0131n\u0131n da oturum izinleri hakk\u0131nda detayl\u0131 bilgi i\u00e7in yaz\u0131m\u0131z\u0131 okuyunuz.\",\"breadcrumb\":{\"@id\":\"https:\/\/tekcevisa.com\/tr\/oturum-izni\/turkiye\/aile-oturum-izni\/#breadcrumb\"},\"inLanguage\":\"tr\",\"potentialAction\":[{\"@type\":\"ReadAction\",\"target\":[\"https:\/\/tekcevisa.com\/tr\/oturum-izni\/turkiye\/aile-oturum-izni\/\"]}]},{\"@type\":\"BreadcrumbList\",\"@id\":\"https:\/\/tekcevisa.com\/tr\/oturum-izni\/turkiye\/aile-oturum-izni\/#breadcrumb\",\"itemListElement\":[{\"@type\":\"ListItem\",\"position\":1,\"name\":\"Ana Sayfa\",\"item\":\"https:\/\/tekcevisa.com\/tr\/\"},{\"@type\":\"ListItem\",\"position\":2,\"name\":\"Oturum \u0130zni\",\"item\":\"https:\/\/tekcevisa.com\/tr\/oturum-izni\/\"},{\"@type\":\"ListItem\",\"position\":3,\"name\":\"T\u00fcrkiye\",\"item\":\"https:\/\/tekcevisa.com\/tr\/oturum-izni\/turkiye\/\"},{\"@type\":\"ListItem\",\"position\":4,\"name\":\"Aile Oturum \u0130zni\"}]},{\"@type\":\"WebSite\",\"@id\":\"https:\/\/tekcevisa.com\/tr\/#website\",\"url\":\"https:\/\/tekcevisa.com\/tr\/\",\"name\":\"Tekce Visa - Uluslararas\u0131 Hukuki Dan\u0131\u015fmanl\u0131k\",\"description\":\"Uluslararas\u0131 Hukuki Dan\u0131\u015fmanl\u0131k\",\"publisher\":{\"@id\":\"https:\/\/tekcevisa.com\/tr\/#organization\"},\"potentialAction\":[{\"@type\":\"SearchAction\",\"target\":{\"@type\":\"EntryPoint\",\"urlTemplate\":\"https:\/\/tekcevisa.com\/tr\/?s={search_term_string}\"},\"query-input\":{\"@type\":\"PropertyValueSpecification\",\"valueRequired\":true,\"valueName\":\"search_term_string\"}}],\"inLanguage\":\"tr\"},{\"@type\":\"Organization\",\"@id\":\"https:\/\/tekcevisa.com\/tr\/#organization\",\"name\":\"Tekce Visa\",\"url\":\"https:\/\/tekcevisa.com\/tr\/\",\"logo\":{\"@type\":\"ImageObject\",\"inLanguage\":\"tr\",\"@id\":\"https:\/\/tekcevisa.com\/tr\/#\/schema\/logo\/image\/\",\"url\":\"https:\/\/tekcevisa.com\/tr\/wp-content\/uploads\/2025\/08\/ah-tekce-visa-opened-1-removebg-preview.png\",\"contentUrl\":\"https:\/\/tekcevisa.com\/tr\/wp-content\/uploads\/2025\/08\/ah-tekce-visa-opened-1-removebg-preview.png\",\"width\":360,\"height\":360,\"caption\":\"Tekce Visa\"},\"image\":{\"@id\":\"https:\/\/tekcevisa.com\/tr\/#\/schema\/logo\/image\/\"},\"sameAs\":[\"https:\/\/www.instagram.com\/tekcevisa\/\"]}]}<\/script>\n<!-- \/ Yoast SEO plugin. -->","yoast_head_json":{"title":"T\u00fcrkiye'de Aile Oturum \u0130zni - Tekce Visa","description":"T\u00fcrkiye'de ikamet etme hakk\u0131na sahip yabanc\u0131lar\u0131n e\u015f ve \u00e7ocuklar\u0131n\u0131n da oturum izinleri hakk\u0131nda detayl\u0131 bilgi i\u00e7in yaz\u0131m\u0131z\u0131 okuyunuz.","robots":{"index":"index","follow":"follow","max-snippet":"max-snippet:-1","max-image-preview":"max-image-preview:large","max-video-preview":"max-video-preview:-1"},"canonical":"https:\/\/tekcevisa.com\/tr\/oturum-izni\/turkiye\/aile-oturum-izni\/","og_locale":"tr_TR","og_type":"article","og_title":"T\u00fcrkiye'de Aile Oturum \u0130zni - Tekce Visa","og_description":"T\u00fcrkiye'de ikamet etme hakk\u0131na sahip yabanc\u0131lar\u0131n e\u015f ve \u00e7ocuklar\u0131n\u0131n da oturum izinleri hakk\u0131nda detayl\u0131 bilgi i\u00e7in yaz\u0131m\u0131z\u0131 okuyunuz.","og_url":"https:\/\/tekcevisa.com\/tr\/oturum-izni\/turkiye\/aile-oturum-izni\/","og_site_name":"Tekce Visa","article_publisher":"https:\/\/www.instagram.com\/tekcevisa\/","article_modified_time":"2025-06-12T08:39:53+00:00","twitter_card":"summary_large_image","schema":{"@context":"https:\/\/schema.org","@graph":[{"@type":"WebPage","@id":"https:\/\/tekcevisa.com\/tr\/oturum-izni\/turkiye\/aile-oturum-izni\/","url":"https:\/\/tekcevisa.com\/tr\/oturum-izni\/turkiye\/aile-oturum-izni\/","name":"T\u00fcrkiye'de Aile Oturum \u0130zni - Tekce Visa","isPartOf":{"@id":"https:\/\/tekcevisa.com\/tr\/#website"},"datePublished":"2022-12-08T18:26:58+00:00","dateModified":"2025-06-12T08:39:53+00:00","description":"T\u00fcrkiye'de ikamet etme hakk\u0131na sahip yabanc\u0131lar\u0131n e\u015f ve \u00e7ocuklar\u0131n\u0131n da oturum izinleri hakk\u0131nda detayl\u0131 bilgi i\u00e7in yaz\u0131m\u0131z\u0131 okuyunuz.","breadcrumb":{"@id":"https:\/\/tekcevisa.com\/tr\/oturum-izni\/turkiye\/aile-oturum-izni\/#breadcrumb"},"inLanguage":"tr","potentialAction":[{"@type":"ReadAction","target":["https:\/\/tekcevisa.com\/tr\/oturum-izni\/turkiye\/aile-oturum-izni\/"]}]},{"@type":"BreadcrumbList","@id":"https:\/\/tekcevisa.com\/tr\/oturum-izni\/turkiye\/aile-oturum-izni\/#breadcrumb","itemListElement":[{"@type":"ListItem","position":1,"name":"Ana Sayfa","item":"https:\/\/tekcevisa.com\/tr\/"},{"@type":"ListItem","position":2,"name":"Oturum \u0130zni","item":"https:\/\/tekcevisa.com\/tr\/oturum-izni\/"},{"@type":"ListItem","position":3,"name":"T\u00fcrkiye","item":"https:\/\/tekcevisa.com\/tr\/oturum-izni\/turkiye\/"},{"@type":"ListItem","position":4,"name":"Aile Oturum \u0130zni"}]},{"@type":"WebSite","@id":"https:\/\/tekcevisa.com\/tr\/#website","url":"https:\/\/tekcevisa.com\/tr\/","name":"Tekce Visa - Uluslararas\u0131 Hukuki Dan\u0131\u015fmanl\u0131k","description":"Uluslararas\u0131 Hukuki Dan\u0131\u015fmanl\u0131k","publisher":{"@id":"https:\/\/tekcevisa.com\/tr\/#organization"},"potentialAction":[{"@type":"SearchAction","target":{"@type":"EntryPoint","urlTemplate":"https:\/\/tekcevisa.com\/tr\/?s={search_term_string}"},"query-input":{"@type":"PropertyValueSpecification","valueRequired":true,"valueName":"search_term_string"}}],"inLanguage":"tr"},{"@type":"Organization","@id":"https:\/\/tekcevisa.com\/tr\/#organization","name":"Tekce Visa","url":"https:\/\/tekcevisa.com\/tr\/","logo":{"@type":"ImageObject","inLanguage":"tr","@id":"https:\/\/tekcevisa.com\/tr\/#\/schema\/logo\/image\/","url":"https:\/\/tekcevisa.com\/tr\/wp-content\/uploads\/2025\/08\/ah-tekce-visa-opened-1-removebg-preview.png","contentUrl":"https:\/\/tekcevisa.com\/tr\/wp-content\/uploads\/2025\/08\/ah-tekce-visa-opened-1-removebg-preview.png","width":360,"height":360,"caption":"Tekce Visa"},"image":{"@id":"https:\/\/tekcevisa.com\/tr\/#\/schema\/logo\/image\/"},"sameAs":["https:\/\/www.instagram.com\/tekcevisa\/"]}]}},"_links":{"self":[{"href":"https:\/\/tekcevisa.com\/tr\/wp-json\/wp\/v2\/pages\/451","targetHints":{"allow":["GET"]}}],"collection":[{"href":"https:\/\/tekcevisa.com\/tr\/wp-json\/wp\/v2\/pages"}],"about":[{"href":"https:\/\/tekcevisa.com\/tr\/wp-json\/wp\/v2\/types\/page"}],"author":[{"embeddable":true,"href":"https:\/\/tekcevisa.com\/tr\/wp-json\/wp\/v2\/users\/6"}],"replies":[{"embeddable":true,"href":"https:\/\/tekcevisa.com\/tr\/wp-json\/wp\/v2\/comments?post=451"}],"version-history":[{"count":3,"href":"https:\/\/tekcevisa.com\/tr\/wp-json\/wp\/v2\/pages\/451\/revisions"}],"predecessor-version":[{"id":4905,"href":"https:\/\/tekcevisa.com\/tr\/wp-json\/wp\/v2\/pages\/451\/revisions\/4905"}],"up":[{"embeddable":true,"href":"https:\/\/tekcevisa.com\/tr\/wp-json\/wp\/v2\/pages\/4167"}],"wp:attachment":[{"href":"https:\/\/tekcevisa.com\/tr\/wp-json\/wp\/v2\/media?parent=451"}],"curies":[{"name":"wp","href":"https:\/\/api.w.org\/{rel}","templated":true}]}}