{"id":5116,"date":"2024-03-08T11:58:10","date_gmt":"2024-03-08T08:58:10","guid":{"rendered":"https:\/\/tekcevisa.com\/tr\/?page_id=5116"},"modified":"2025-08-27T11:29:45","modified_gmt":"2025-08-27T08:29:45","slug":"portekiz","status":"publish","type":"page","link":"https:\/\/tekcevisa.com\/tr\/vatandaslik\/portekiz\/","title":{"rendered":"Portekiz"},"content":{"rendered":"","protected":false},"excerpt":{"rendered":"","protected":false},"author":6,"featured_media":0,"parent":108,"menu_order":0,"comment_status":"closed","ping_status":"closed","template":"","meta":{"footnotes":""},"class_list":["post-5116","page","type-page","status-publish","hentry"],"yoast_head":"<!-- This site is optimized with the Yoast SEO plugin v24.2 - https:\/\/yoast.com\/wordpress\/plugins\/seo\/ -->\n<title>Fon Yoluyla Portekiz Vatanda\u015fl\u0131\u011f\u0131 Program\u0131 - Tekce Visa<\/title>\n<meta name=\"description\" content=\"Portekiz&#039;in Golden Visa program\u0131, 500.000 Euro&#039;luk bir fon yat\u0131r\u0131m\u0131 kar\u015f\u0131l\u0131\u011f\u0131nda oturma izni sa\u011flar. Program, ba\u015fvuran herkes i\u00e7in ge\u00e7erlidir.\" \/>\n<meta name=\"robots\" content=\"index, follow, max-snippet:-1, max-image-preview:large, max-video-preview:-1\" \/>\n<link rel=\"canonical\" href=\"https:\/\/tekcevisa.com\/tr\/vatandaslik\/portekiz\/\" \/>\n<meta property=\"og:locale\" content=\"tr_TR\" \/>\n<meta property=\"og:type\" content=\"article\" \/>\n<meta property=\"og:title\" content=\"Fon Yoluyla Portekiz Vatanda\u015fl\u0131\u011f\u0131 Program\u0131 - Tekce Visa\" \/>\n<meta property=\"og:description\" content=\"Portekiz&#039;in Golden Visa program\u0131, 500.000 Euro&#039;luk bir fon yat\u0131r\u0131m\u0131 kar\u015f\u0131l\u0131\u011f\u0131nda oturma izni sa\u011flar. Program, ba\u015fvuran herkes i\u00e7in ge\u00e7erlidir.\" \/>\n<meta property=\"og:url\" content=\"https:\/\/tekcevisa.com\/tr\/vatandaslik\/portekiz\/\" \/>\n<meta property=\"og:site_name\" content=\"Tekce Visa\" \/>\n<meta property=\"article:publisher\" content=\"https:\/\/www.instagram.com\/tekcevisa\/\" \/>\n<meta property=\"article:modified_time\" content=\"2025-08-27T08:29:45+00:00\" \/>\n<meta name=\"twitter:card\" content=\"summary_large_image\" \/>\n<script type=\"application\/ld+json\" class=\"yoast-schema-graph\">{\"@context\":\"https:\/\/schema.org\",\"@graph\":[{\"@type\":\"WebPage\",\"@id\":\"https:\/\/tekcevisa.com\/tr\/vatandaslik\/portekiz\/\",\"url\":\"https:\/\/tekcevisa.com\/tr\/vatandaslik\/portekiz\/\",\"name\":\"Fon Yoluyla Portekiz Vatanda\u015fl\u0131\u011f\u0131 Program\u0131 - Tekce Visa\",\"isPartOf\":{\"@id\":\"https:\/\/tekcevisa.com\/tr\/#website\"},\"datePublished\":\"2024-03-08T08:58:10+00:00\",\"dateModified\":\"2025-08-27T08:29:45+00:00\",\"description\":\"Portekiz'in Golden Visa program\u0131, 500.000 Euro'luk bir fon yat\u0131r\u0131m\u0131 kar\u015f\u0131l\u0131\u011f\u0131nda oturma izni sa\u011flar. Program, ba\u015fvuran herkes i\u00e7in ge\u00e7erlidir.\",\"breadcrumb\":{\"@id\":\"https:\/\/tekcevisa.com\/tr\/vatandaslik\/portekiz\/#breadcrumb\"},\"inLanguage\":\"tr\",\"potentialAction\":[{\"@type\":\"ReadAction\",\"target\":[\"https:\/\/tekcevisa.com\/tr\/vatandaslik\/portekiz\/\"]}]},{\"@type\":\"BreadcrumbList\",\"@id\":\"https:\/\/tekcevisa.com\/tr\/vatandaslik\/portekiz\/#breadcrumb\",\"itemListElement\":[{\"@type\":\"ListItem\",\"position\":1,\"name\":\"Ana Sayfa\",\"item\":\"https:\/\/tekcevisa.com\/tr\/\"},{\"@type\":\"ListItem\",\"position\":2,\"name\":\"Vatanda\u015fl\u0131k\",\"item\":\"https:\/\/tekcevisa.com\/tr\/vatandaslik\/\"},{\"@type\":\"ListItem\",\"position\":3,\"name\":\"Portekiz\"}]},{\"@type\":\"WebSite\",\"@id\":\"https:\/\/tekcevisa.com\/tr\/#website\",\"url\":\"https:\/\/tekcevisa.com\/tr\/\",\"name\":\"Tekce Visa - Uluslararas\u0131 Hukuki Dan\u0131\u015fmanl\u0131k\",\"description\":\"Uluslararas\u0131 Hukuki Dan\u0131\u015fmanl\u0131k\",\"publisher\":{\"@id\":\"https:\/\/tekcevisa.com\/tr\/#organization\"},\"potentialAction\":[{\"@type\":\"SearchAction\",\"target\":{\"@type\":\"EntryPoint\",\"urlTemplate\":\"https:\/\/tekcevisa.com\/tr\/?s={search_term_string}\"},\"query-input\":{\"@type\":\"PropertyValueSpecification\",\"valueRequired\":true,\"valueName\":\"search_term_string\"}}],\"inLanguage\":\"tr\"},{\"@type\":\"Organization\",\"@id\":\"https:\/\/tekcevisa.com\/tr\/#organization\",\"name\":\"Tekce Visa\",\"url\":\"https:\/\/tekcevisa.com\/tr\/\",\"logo\":{\"@type\":\"ImageObject\",\"inLanguage\":\"tr\",\"@id\":\"https:\/\/tekcevisa.com\/tr\/#\/schema\/logo\/image\/\",\"url\":\"https:\/\/tekcevisa.com\/tr\/wp-content\/uploads\/2025\/08\/ah-tekce-visa-opened-1-removebg-preview.png\",\"contentUrl\":\"https:\/\/tekcevisa.com\/tr\/wp-content\/uploads\/2025\/08\/ah-tekce-visa-opened-1-removebg-preview.png\",\"width\":360,\"height\":360,\"caption\":\"Tekce Visa\"},\"image\":{\"@id\":\"https:\/\/tekcevisa.com\/tr\/#\/schema\/logo\/image\/\"},\"sameAs\":[\"https:\/\/www.instagram.com\/tekcevisa\/\"]}]}<\/script>\n<!-- \/ Yoast SEO plugin. -->","yoast_head_json":{"title":"Fon Yoluyla Portekiz Vatanda\u015fl\u0131\u011f\u0131 Program\u0131 - Tekce Visa","description":"Portekiz'in Golden Visa program\u0131, 500.000 Euro'luk bir fon yat\u0131r\u0131m\u0131 kar\u015f\u0131l\u0131\u011f\u0131nda oturma izni sa\u011flar. Program, ba\u015fvuran herkes i\u00e7in ge\u00e7erlidir.","robots":{"index":"index","follow":"follow","max-snippet":"max-snippet:-1","max-image-preview":"max-image-preview:large","max-video-preview":"max-video-preview:-1"},"canonical":"https:\/\/tekcevisa.com\/tr\/vatandaslik\/portekiz\/","og_locale":"tr_TR","og_type":"article","og_title":"Fon Yoluyla Portekiz Vatanda\u015fl\u0131\u011f\u0131 Program\u0131 - Tekce Visa","og_description":"Portekiz'in Golden Visa program\u0131, 500.000 Euro'luk bir fon yat\u0131r\u0131m\u0131 kar\u015f\u0131l\u0131\u011f\u0131nda oturma izni sa\u011flar. Program, ba\u015fvuran herkes i\u00e7in ge\u00e7erlidir.","og_url":"https:\/\/tekcevisa.com\/tr\/vatandaslik\/portekiz\/","og_site_name":"Tekce Visa","article_publisher":"https:\/\/www.instagram.com\/tekcevisa\/","article_modified_time":"2025-08-27T08:29:45+00:00","twitter_card":"summary_large_image","schema":{"@context":"https:\/\/schema.org","@graph":[{"@type":"WebPage","@id":"https:\/\/tekcevisa.com\/tr\/vatandaslik\/portekiz\/","url":"https:\/\/tekcevisa.com\/tr\/vatandaslik\/portekiz\/","name":"Fon Yoluyla Portekiz Vatanda\u015fl\u0131\u011f\u0131 Program\u0131 - Tekce Visa","isPartOf":{"@id":"https:\/\/tekcevisa.com\/tr\/#website"},"datePublished":"2024-03-08T08:58:10+00:00","dateModified":"2025-08-27T08:29:45+00:00","description":"Portekiz'in Golden Visa program\u0131, 500.000 Euro'luk bir fon yat\u0131r\u0131m\u0131 kar\u015f\u0131l\u0131\u011f\u0131nda oturma izni sa\u011flar. Program, ba\u015fvuran herkes i\u00e7in ge\u00e7erlidir.","breadcrumb":{"@id":"https:\/\/tekcevisa.com\/tr\/vatandaslik\/portekiz\/#breadcrumb"},"inLanguage":"tr","potentialAction":[{"@type":"ReadAction","target":["https:\/\/tekcevisa.com\/tr\/vatandaslik\/portekiz\/"]}]},{"@type":"BreadcrumbList","@id":"https:\/\/tekcevisa.com\/tr\/vatandaslik\/portekiz\/#breadcrumb","itemListElement":[{"@type":"ListItem","position":1,"name":"Ana Sayfa","item":"https:\/\/tekcevisa.com\/tr\/"},{"@type":"ListItem","position":2,"name":"Vatanda\u015fl\u0131k","item":"https:\/\/tekcevisa.com\/tr\/vatandaslik\/"},{"@type":"ListItem","position":3,"name":"Portekiz"}]},{"@type":"WebSite","@id":"https:\/\/tekcevisa.com\/tr\/#website","url":"https:\/\/tekcevisa.com\/tr\/","name":"Tekce Visa - Uluslararas\u0131 Hukuki Dan\u0131\u015fmanl\u0131k","description":"Uluslararas\u0131 Hukuki Dan\u0131\u015fmanl\u0131k","publisher":{"@id":"https:\/\/tekcevisa.com\/tr\/#organization"},"potentialAction":[{"@type":"SearchAction","target":{"@type":"EntryPoint","urlTemplate":"https:\/\/tekcevisa.com\/tr\/?s={search_term_string}"},"query-input":{"@type":"PropertyValueSpecification","valueRequired":true,"valueName":"search_term_string"}}],"inLanguage":"tr"},{"@type":"Organization","@id":"https:\/\/tekcevisa.com\/tr\/#organization","name":"Tekce Visa","url":"https:\/\/tekcevisa.com\/tr\/","logo":{"@type":"ImageObject","inLanguage":"tr","@id":"https:\/\/tekcevisa.com\/tr\/#\/schema\/logo\/image\/","url":"https:\/\/tekcevisa.com\/tr\/wp-content\/uploads\/2025\/08\/ah-tekce-visa-opened-1-removebg-preview.png","contentUrl":"https:\/\/tekcevisa.com\/tr\/wp-content\/uploads\/2025\/08\/ah-tekce-visa-opened-1-removebg-preview.png","width":360,"height":360,"caption":"Tekce Visa"},"image":{"@id":"https:\/\/tekcevisa.com\/tr\/#\/schema\/logo\/image\/"},"sameAs":["https:\/\/www.instagram.com\/tekcevisa\/"]}]}},"_links":{"self":[{"href":"https:\/\/tekcevisa.com\/tr\/wp-json\/wp\/v2\/pages\/5116","targetHints":{"allow":["GET"]}}],"collection":[{"href":"https:\/\/tekcevisa.com\/tr\/wp-json\/wp\/v2\/pages"}],"about":[{"href":"https:\/\/tekcevisa.com\/tr\/wp-json\/wp\/v2\/types\/page"}],"author":[{"embeddable":true,"href":"https:\/\/tekcevisa.com\/tr\/wp-json\/wp\/v2\/users\/6"}],"replies":[{"embeddable":true,"href":"https:\/\/tekcevisa.com\/tr\/wp-json\/wp\/v2\/comments?post=5116"}],"version-history":[{"count":3,"href":"https:\/\/tekcevisa.com\/tr\/wp-json\/wp\/v2\/pages\/5116\/revisions"}],"predecessor-version":[{"id":5152,"href":"https:\/\/tekcevisa.com\/tr\/wp-json\/wp\/v2\/pages\/5116\/revisions\/5152"}],"up":[{"embeddable":true,"href":"https:\/\/tekcevisa.com\/tr\/wp-json\/wp\/v2\/pages\/108"}],"wp:attachment":[{"href":"https:\/\/tekcevisa.com\/tr\/wp-json\/wp\/v2\/media?parent=5116"}],"curies":[{"name":"wp","href":"https:\/\/api.w.org\/{rel}","templated":true}]}}