{"id":5123,"date":"2024-03-21T18:28:30","date_gmt":"2024-03-21T15:28:30","guid":{"rendered":"https:\/\/tekcevisa.com\/tr\/?page_id=5123"},"modified":"2025-02-20T16:01:07","modified_gmt":"2025-02-20T13:01:07","slug":"dubai","status":"publish","type":"page","link":"https:\/\/tekcevisa.com\/tr\/oturum-izni\/dubai\/","title":{"rendered":"Dubai"},"content":{"rendered":"","protected":false},"excerpt":{"rendered":"","protected":false},"author":6,"featured_media":0,"parent":110,"menu_order":0,"comment_status":"closed","ping_status":"closed","template":"","meta":{"footnotes":""},"class_list":["post-5123","page","type-page","status-publish","hentry"],"yoast_head":"<!-- This site is optimized with the Yoast SEO plugin v24.2 - https:\/\/yoast.com\/wordpress\/plugins\/seo\/ -->\n<title>Dubai Oturum \u0130zni | \u00c7al\u0131\u015fma, Yat\u0131r\u0131m ve Aile Birle\u015fimi \u0130\u00e7in Rehber<\/title>\n<meta name=\"description\" content=\"Dubai&#039;de uzun vadeli ikamet hakk\u0131 sunan oturum izni ile \u00e7al\u0131\u015fma, yat\u0131r\u0131m ve aile birle\u015fimi gibi se\u00e7eneklerle yasal stat\u00fc kazanman\u0131n avantajlar\u0131.\" \/>\n<meta name=\"robots\" content=\"index, follow, max-snippet:-1, max-image-preview:large, max-video-preview:-1\" \/>\n<link rel=\"canonical\" href=\"https:\/\/tekcevisa.com\/tr\/oturum-izni\/dubai\/\" \/>\n<meta property=\"og:locale\" content=\"tr_TR\" \/>\n<meta property=\"og:type\" content=\"article\" \/>\n<meta property=\"og:title\" content=\"Dubai Oturum \u0130zni | \u00c7al\u0131\u015fma, Yat\u0131r\u0131m ve Aile Birle\u015fimi \u0130\u00e7in Rehber\" \/>\n<meta property=\"og:description\" content=\"Dubai&#039;de uzun vadeli ikamet hakk\u0131 sunan oturum izni ile \u00e7al\u0131\u015fma, yat\u0131r\u0131m ve aile birle\u015fimi gibi se\u00e7eneklerle yasal stat\u00fc kazanman\u0131n avantajlar\u0131.\" \/>\n<meta property=\"og:url\" content=\"https:\/\/tekcevisa.com\/tr\/oturum-izni\/dubai\/\" \/>\n<meta property=\"og:site_name\" content=\"Tekce Visa\" \/>\n<meta property=\"article:publisher\" content=\"https:\/\/www.instagram.com\/tekcevisa\/\" \/>\n<meta property=\"article:modified_time\" content=\"2025-02-20T13:01:07+00:00\" \/>\n<meta name=\"twitter:card\" content=\"summary_large_image\" \/>\n<script type=\"application\/ld+json\" class=\"yoast-schema-graph\">{\"@context\":\"https:\/\/schema.org\",\"@graph\":[{\"@type\":\"WebPage\",\"@id\":\"https:\/\/tekcevisa.com\/tr\/oturum-izni\/dubai\/\",\"url\":\"https:\/\/tekcevisa.com\/tr\/oturum-izni\/dubai\/\",\"name\":\"Dubai Oturum \u0130zni | \u00c7al\u0131\u015fma, Yat\u0131r\u0131m ve Aile Birle\u015fimi \u0130\u00e7in Rehber\",\"isPartOf\":{\"@id\":\"https:\/\/tekcevisa.com\/tr\/#website\"},\"datePublished\":\"2024-03-21T15:28:30+00:00\",\"dateModified\":\"2025-02-20T13:01:07+00:00\",\"description\":\"Dubai'de uzun vadeli ikamet hakk\u0131 sunan oturum izni ile \u00e7al\u0131\u015fma, yat\u0131r\u0131m ve aile birle\u015fimi gibi se\u00e7eneklerle yasal stat\u00fc kazanman\u0131n avantajlar\u0131.\",\"breadcrumb\":{\"@id\":\"https:\/\/tekcevisa.com\/tr\/oturum-izni\/dubai\/#breadcrumb\"},\"inLanguage\":\"tr\",\"potentialAction\":[{\"@type\":\"ReadAction\",\"target\":[\"https:\/\/tekcevisa.com\/tr\/oturum-izni\/dubai\/\"]}]},{\"@type\":\"BreadcrumbList\",\"@id\":\"https:\/\/tekcevisa.com\/tr\/oturum-izni\/dubai\/#breadcrumb\",\"itemListElement\":[{\"@type\":\"ListItem\",\"position\":1,\"name\":\"Ana Sayfa\",\"item\":\"https:\/\/tekcevisa.com\/tr\/\"},{\"@type\":\"ListItem\",\"position\":2,\"name\":\"Oturum \u0130zni\",\"item\":\"https:\/\/tekcevisa.com\/tr\/oturum-izni\/\"},{\"@type\":\"ListItem\",\"position\":3,\"name\":\"Dubai\"}]},{\"@type\":\"WebSite\",\"@id\":\"https:\/\/tekcevisa.com\/tr\/#website\",\"url\":\"https:\/\/tekcevisa.com\/tr\/\",\"name\":\"Tekce Visa - Uluslararas\u0131 Hukuki Dan\u0131\u015fmanl\u0131k\",\"description\":\"Uluslararas\u0131 Hukuki Dan\u0131\u015fmanl\u0131k\",\"publisher\":{\"@id\":\"https:\/\/tekcevisa.com\/tr\/#organization\"},\"potentialAction\":[{\"@type\":\"SearchAction\",\"target\":{\"@type\":\"EntryPoint\",\"urlTemplate\":\"https:\/\/tekcevisa.com\/tr\/?s={search_term_string}\"},\"query-input\":{\"@type\":\"PropertyValueSpecification\",\"valueRequired\":true,\"valueName\":\"search_term_string\"}}],\"inLanguage\":\"tr\"},{\"@type\":\"Organization\",\"@id\":\"https:\/\/tekcevisa.com\/tr\/#organization\",\"name\":\"Tekce Visa\",\"url\":\"https:\/\/tekcevisa.com\/tr\/\",\"logo\":{\"@type\":\"ImageObject\",\"inLanguage\":\"tr\",\"@id\":\"https:\/\/tekcevisa.com\/tr\/#\/schema\/logo\/image\/\",\"url\":\"https:\/\/tekcevisa.com\/tr\/wp-content\/uploads\/2025\/08\/ah-tekce-visa-opened-1-removebg-preview.png\",\"contentUrl\":\"https:\/\/tekcevisa.com\/tr\/wp-content\/uploads\/2025\/08\/ah-tekce-visa-opened-1-removebg-preview.png\",\"width\":360,\"height\":360,\"caption\":\"Tekce Visa\"},\"image\":{\"@id\":\"https:\/\/tekcevisa.com\/tr\/#\/schema\/logo\/image\/\"},\"sameAs\":[\"https:\/\/www.instagram.com\/tekcevisa\/\"]}]}<\/script>\n<!-- \/ Yoast SEO plugin. -->","yoast_head_json":{"title":"Dubai Oturum \u0130zni | \u00c7al\u0131\u015fma, Yat\u0131r\u0131m ve Aile Birle\u015fimi \u0130\u00e7in Rehber","description":"Dubai'de uzun vadeli ikamet hakk\u0131 sunan oturum izni ile \u00e7al\u0131\u015fma, yat\u0131r\u0131m ve aile birle\u015fimi gibi se\u00e7eneklerle yasal stat\u00fc kazanman\u0131n avantajlar\u0131.","robots":{"index":"index","follow":"follow","max-snippet":"max-snippet:-1","max-image-preview":"max-image-preview:large","max-video-preview":"max-video-preview:-1"},"canonical":"https:\/\/tekcevisa.com\/tr\/oturum-izni\/dubai\/","og_locale":"tr_TR","og_type":"article","og_title":"Dubai Oturum \u0130zni | \u00c7al\u0131\u015fma, Yat\u0131r\u0131m ve Aile Birle\u015fimi \u0130\u00e7in Rehber","og_description":"Dubai'de uzun vadeli ikamet hakk\u0131 sunan oturum izni ile \u00e7al\u0131\u015fma, yat\u0131r\u0131m ve aile birle\u015fimi gibi se\u00e7eneklerle yasal stat\u00fc kazanman\u0131n avantajlar\u0131.","og_url":"https:\/\/tekcevisa.com\/tr\/oturum-izni\/dubai\/","og_site_name":"Tekce Visa","article_publisher":"https:\/\/www.instagram.com\/tekcevisa\/","article_modified_time":"2025-02-20T13:01:07+00:00","twitter_card":"summary_large_image","schema":{"@context":"https:\/\/schema.org","@graph":[{"@type":"WebPage","@id":"https:\/\/tekcevisa.com\/tr\/oturum-izni\/dubai\/","url":"https:\/\/tekcevisa.com\/tr\/oturum-izni\/dubai\/","name":"Dubai Oturum \u0130zni | \u00c7al\u0131\u015fma, Yat\u0131r\u0131m ve Aile Birle\u015fimi \u0130\u00e7in Rehber","isPartOf":{"@id":"https:\/\/tekcevisa.com\/tr\/#website"},"datePublished":"2024-03-21T15:28:30+00:00","dateModified":"2025-02-20T13:01:07+00:00","description":"Dubai'de uzun vadeli ikamet hakk\u0131 sunan oturum izni ile \u00e7al\u0131\u015fma, yat\u0131r\u0131m ve aile birle\u015fimi gibi se\u00e7eneklerle yasal stat\u00fc kazanman\u0131n avantajlar\u0131.","breadcrumb":{"@id":"https:\/\/tekcevisa.com\/tr\/oturum-izni\/dubai\/#breadcrumb"},"inLanguage":"tr","potentialAction":[{"@type":"ReadAction","target":["https:\/\/tekcevisa.com\/tr\/oturum-izni\/dubai\/"]}]},{"@type":"BreadcrumbList","@id":"https:\/\/tekcevisa.com\/tr\/oturum-izni\/dubai\/#breadcrumb","itemListElement":[{"@type":"ListItem","position":1,"name":"Ana Sayfa","item":"https:\/\/tekcevisa.com\/tr\/"},{"@type":"ListItem","position":2,"name":"Oturum \u0130zni","item":"https:\/\/tekcevisa.com\/tr\/oturum-izni\/"},{"@type":"ListItem","position":3,"name":"Dubai"}]},{"@type":"WebSite","@id":"https:\/\/tekcevisa.com\/tr\/#website","url":"https:\/\/tekcevisa.com\/tr\/","name":"Tekce Visa - Uluslararas\u0131 Hukuki Dan\u0131\u015fmanl\u0131k","description":"Uluslararas\u0131 Hukuki Dan\u0131\u015fmanl\u0131k","publisher":{"@id":"https:\/\/tekcevisa.com\/tr\/#organization"},"potentialAction":[{"@type":"SearchAction","target":{"@type":"EntryPoint","urlTemplate":"https:\/\/tekcevisa.com\/tr\/?s={search_term_string}"},"query-input":{"@type":"PropertyValueSpecification","valueRequired":true,"valueName":"search_term_string"}}],"inLanguage":"tr"},{"@type":"Organization","@id":"https:\/\/tekcevisa.com\/tr\/#organization","name":"Tekce Visa","url":"https:\/\/tekcevisa.com\/tr\/","logo":{"@type":"ImageObject","inLanguage":"tr","@id":"https:\/\/tekcevisa.com\/tr\/#\/schema\/logo\/image\/","url":"https:\/\/tekcevisa.com\/tr\/wp-content\/uploads\/2025\/08\/ah-tekce-visa-opened-1-removebg-preview.png","contentUrl":"https:\/\/tekcevisa.com\/tr\/wp-content\/uploads\/2025\/08\/ah-tekce-visa-opened-1-removebg-preview.png","width":360,"height":360,"caption":"Tekce Visa"},"image":{"@id":"https:\/\/tekcevisa.com\/tr\/#\/schema\/logo\/image\/"},"sameAs":["https:\/\/www.instagram.com\/tekcevisa\/"]}]}},"_links":{"self":[{"href":"https:\/\/tekcevisa.com\/tr\/wp-json\/wp\/v2\/pages\/5123","targetHints":{"allow":["GET"]}}],"collection":[{"href":"https:\/\/tekcevisa.com\/tr\/wp-json\/wp\/v2\/pages"}],"about":[{"href":"https:\/\/tekcevisa.com\/tr\/wp-json\/wp\/v2\/types\/page"}],"author":[{"embeddable":true,"href":"https:\/\/tekcevisa.com\/tr\/wp-json\/wp\/v2\/users\/6"}],"replies":[{"embeddable":true,"href":"https:\/\/tekcevisa.com\/tr\/wp-json\/wp\/v2\/comments?post=5123"}],"version-history":[{"count":2,"href":"https:\/\/tekcevisa.com\/tr\/wp-json\/wp\/v2\/pages\/5123\/revisions"}],"predecessor-version":[{"id":5434,"href":"https:\/\/tekcevisa.com\/tr\/wp-json\/wp\/v2\/pages\/5123\/revisions\/5434"}],"up":[{"embeddable":true,"href":"https:\/\/tekcevisa.com\/tr\/wp-json\/wp\/v2\/pages\/110"}],"wp:attachment":[{"href":"https:\/\/tekcevisa.com\/tr\/wp-json\/wp\/v2\/media?parent=5123"}],"curies":[{"name":"wp","href":"https:\/\/api.w.org\/{rel}","templated":true}]}}