{"id":5427,"date":"2025-02-18T16:24:19","date_gmt":"2025-02-18T13:24:19","guid":{"rendered":"https:\/\/tekcevisa.com\/tr\/?page_id=5427"},"modified":"2025-08-11T18:25:12","modified_gmt":"2025-08-11T15:25:12","slug":"dubai-golden-visa","status":"publish","type":"page","link":"https:\/\/tekcevisa.com\/tr\/oturum-izni\/dubai\/dubai-golden-visa\/","title":{"rendered":"Dubai Golden Visa"},"content":{"rendered":"","protected":false},"excerpt":{"rendered":"","protected":false},"author":8,"featured_media":0,"parent":5123,"menu_order":0,"comment_status":"closed","ping_status":"closed","template":"","meta":{"footnotes":""},"class_list":["post-5427","page","type-page","status-publish","hentry"],"yoast_head":"<!-- This site is optimized with the Yoast SEO plugin v24.2 - https:\/\/yoast.com\/wordpress\/plugins\/seo\/ -->\n<title>Dubai Golden Visa - Tekce Visa<\/title>\n<meta name=\"description\" content=\"Dubai Golden Visa, yabanc\u0131 yat\u0131r\u0131mc\u0131lar ve profesyoneller i\u00e7in 10 y\u0131ll\u0131k oturum, \u00e7al\u0131\u015fma ve e\u011fitim imk\u00e2n\u0131 ve Dubai\u2019de uzun vadeli ya\u015fam f\u0131rsat\u0131 tan\u0131r.\" \/>\n<meta name=\"robots\" content=\"index, follow, max-snippet:-1, max-image-preview:large, max-video-preview:-1\" \/>\n<link rel=\"canonical\" href=\"https:\/\/tekcevisa.com\/tr\/oturum-izni\/dubai\/dubai-golden-visa\/\" \/>\n<meta property=\"og:locale\" content=\"tr_TR\" \/>\n<meta property=\"og:type\" content=\"article\" \/>\n<meta property=\"og:title\" content=\"Dubai Golden Visa - Tekce Visa\" \/>\n<meta property=\"og:description\" content=\"Dubai Golden Visa, yabanc\u0131 yat\u0131r\u0131mc\u0131lar ve profesyoneller i\u00e7in 10 y\u0131ll\u0131k oturum, \u00e7al\u0131\u015fma ve e\u011fitim imk\u00e2n\u0131 ve Dubai\u2019de uzun vadeli ya\u015fam f\u0131rsat\u0131 tan\u0131r.\" \/>\n<meta property=\"og:url\" content=\"https:\/\/tekcevisa.com\/tr\/oturum-izni\/dubai\/dubai-golden-visa\/\" \/>\n<meta property=\"og:site_name\" content=\"Tekce Visa\" \/>\n<meta property=\"article:publisher\" content=\"https:\/\/www.instagram.com\/tekcevisa\/\" \/>\n<meta property=\"article:modified_time\" content=\"2025-08-11T15:25:12+00:00\" \/>\n<meta name=\"twitter:card\" content=\"summary_large_image\" \/>\n<script type=\"application\/ld+json\" class=\"yoast-schema-graph\">{\"@context\":\"https:\/\/schema.org\",\"@graph\":[{\"@type\":\"WebPage\",\"@id\":\"https:\/\/tekcevisa.com\/tr\/oturum-izni\/dubai\/dubai-golden-visa\/\",\"url\":\"https:\/\/tekcevisa.com\/tr\/oturum-izni\/dubai\/dubai-golden-visa\/\",\"name\":\"Dubai Golden Visa - Tekce Visa\",\"isPartOf\":{\"@id\":\"https:\/\/tekcevisa.com\/tr\/#website\"},\"datePublished\":\"2025-02-18T13:24:19+00:00\",\"dateModified\":\"2025-08-11T15:25:12+00:00\",\"description\":\"Dubai Golden Visa, yabanc\u0131 yat\u0131r\u0131mc\u0131lar ve profesyoneller i\u00e7in 10 y\u0131ll\u0131k oturum, \u00e7al\u0131\u015fma ve e\u011fitim imk\u00e2n\u0131 ve Dubai\u2019de uzun vadeli ya\u015fam f\u0131rsat\u0131 tan\u0131r.\",\"breadcrumb\":{\"@id\":\"https:\/\/tekcevisa.com\/tr\/oturum-izni\/dubai\/dubai-golden-visa\/#breadcrumb\"},\"inLanguage\":\"tr\",\"potentialAction\":[{\"@type\":\"ReadAction\",\"target\":[\"https:\/\/tekcevisa.com\/tr\/oturum-izni\/dubai\/dubai-golden-visa\/\"]}]},{\"@type\":\"BreadcrumbList\",\"@id\":\"https:\/\/tekcevisa.com\/tr\/oturum-izni\/dubai\/dubai-golden-visa\/#breadcrumb\",\"itemListElement\":[{\"@type\":\"ListItem\",\"position\":1,\"name\":\"Ana Sayfa\",\"item\":\"https:\/\/tekcevisa.com\/tr\/\"},{\"@type\":\"ListItem\",\"position\":2,\"name\":\"Oturum \u0130zni\",\"item\":\"https:\/\/tekcevisa.com\/tr\/oturum-izni\/\"},{\"@type\":\"ListItem\",\"position\":3,\"name\":\"Dubai\",\"item\":\"https:\/\/tekcevisa.com\/tr\/oturum-izni\/dubai\/\"},{\"@type\":\"ListItem\",\"position\":4,\"name\":\"Dubai Golden Visa\"}]},{\"@type\":\"WebSite\",\"@id\":\"https:\/\/tekcevisa.com\/tr\/#website\",\"url\":\"https:\/\/tekcevisa.com\/tr\/\",\"name\":\"Tekce Visa - Uluslararas\u0131 Hukuki Dan\u0131\u015fmanl\u0131k\",\"description\":\"Uluslararas\u0131 Hukuki Dan\u0131\u015fmanl\u0131k\",\"publisher\":{\"@id\":\"https:\/\/tekcevisa.com\/tr\/#organization\"},\"potentialAction\":[{\"@type\":\"SearchAction\",\"target\":{\"@type\":\"EntryPoint\",\"urlTemplate\":\"https:\/\/tekcevisa.com\/tr\/?s={search_term_string}\"},\"query-input\":{\"@type\":\"PropertyValueSpecification\",\"valueRequired\":true,\"valueName\":\"search_term_string\"}}],\"inLanguage\":\"tr\"},{\"@type\":\"Organization\",\"@id\":\"https:\/\/tekcevisa.com\/tr\/#organization\",\"name\":\"Tekce Visa\",\"url\":\"https:\/\/tekcevisa.com\/tr\/\",\"logo\":{\"@type\":\"ImageObject\",\"inLanguage\":\"tr\",\"@id\":\"https:\/\/tekcevisa.com\/tr\/#\/schema\/logo\/image\/\",\"url\":\"https:\/\/tekcevisa.com\/tr\/wp-content\/uploads\/2025\/08\/ah-tekce-visa-opened-1-removebg-preview.png\",\"contentUrl\":\"https:\/\/tekcevisa.com\/tr\/wp-content\/uploads\/2025\/08\/ah-tekce-visa-opened-1-removebg-preview.png\",\"width\":360,\"height\":360,\"caption\":\"Tekce Visa\"},\"image\":{\"@id\":\"https:\/\/tekcevisa.com\/tr\/#\/schema\/logo\/image\/\"},\"sameAs\":[\"https:\/\/www.instagram.com\/tekcevisa\/\"]}]}<\/script>\n<!-- \/ Yoast SEO plugin. -->","yoast_head_json":{"title":"Dubai Golden Visa - Tekce Visa","description":"Dubai Golden Visa, yabanc\u0131 yat\u0131r\u0131mc\u0131lar ve profesyoneller i\u00e7in 10 y\u0131ll\u0131k oturum, \u00e7al\u0131\u015fma ve e\u011fitim imk\u00e2n\u0131 ve Dubai\u2019de uzun vadeli ya\u015fam f\u0131rsat\u0131 tan\u0131r.","robots":{"index":"index","follow":"follow","max-snippet":"max-snippet:-1","max-image-preview":"max-image-preview:large","max-video-preview":"max-video-preview:-1"},"canonical":"https:\/\/tekcevisa.com\/tr\/oturum-izni\/dubai\/dubai-golden-visa\/","og_locale":"tr_TR","og_type":"article","og_title":"Dubai Golden Visa - Tekce Visa","og_description":"Dubai Golden Visa, yabanc\u0131 yat\u0131r\u0131mc\u0131lar ve profesyoneller i\u00e7in 10 y\u0131ll\u0131k oturum, \u00e7al\u0131\u015fma ve e\u011fitim imk\u00e2n\u0131 ve Dubai\u2019de uzun vadeli ya\u015fam f\u0131rsat\u0131 tan\u0131r.","og_url":"https:\/\/tekcevisa.com\/tr\/oturum-izni\/dubai\/dubai-golden-visa\/","og_site_name":"Tekce Visa","article_publisher":"https:\/\/www.instagram.com\/tekcevisa\/","article_modified_time":"2025-08-11T15:25:12+00:00","twitter_card":"summary_large_image","schema":{"@context":"https:\/\/schema.org","@graph":[{"@type":"WebPage","@id":"https:\/\/tekcevisa.com\/tr\/oturum-izni\/dubai\/dubai-golden-visa\/","url":"https:\/\/tekcevisa.com\/tr\/oturum-izni\/dubai\/dubai-golden-visa\/","name":"Dubai Golden Visa - Tekce Visa","isPartOf":{"@id":"https:\/\/tekcevisa.com\/tr\/#website"},"datePublished":"2025-02-18T13:24:19+00:00","dateModified":"2025-08-11T15:25:12+00:00","description":"Dubai Golden Visa, yabanc\u0131 yat\u0131r\u0131mc\u0131lar ve profesyoneller i\u00e7in 10 y\u0131ll\u0131k oturum, \u00e7al\u0131\u015fma ve e\u011fitim imk\u00e2n\u0131 ve Dubai\u2019de uzun vadeli ya\u015fam f\u0131rsat\u0131 tan\u0131r.","breadcrumb":{"@id":"https:\/\/tekcevisa.com\/tr\/oturum-izni\/dubai\/dubai-golden-visa\/#breadcrumb"},"inLanguage":"tr","potentialAction":[{"@type":"ReadAction","target":["https:\/\/tekcevisa.com\/tr\/oturum-izni\/dubai\/dubai-golden-visa\/"]}]},{"@type":"BreadcrumbList","@id":"https:\/\/tekcevisa.com\/tr\/oturum-izni\/dubai\/dubai-golden-visa\/#breadcrumb","itemListElement":[{"@type":"ListItem","position":1,"name":"Ana Sayfa","item":"https:\/\/tekcevisa.com\/tr\/"},{"@type":"ListItem","position":2,"name":"Oturum \u0130zni","item":"https:\/\/tekcevisa.com\/tr\/oturum-izni\/"},{"@type":"ListItem","position":3,"name":"Dubai","item":"https:\/\/tekcevisa.com\/tr\/oturum-izni\/dubai\/"},{"@type":"ListItem","position":4,"name":"Dubai Golden Visa"}]},{"@type":"WebSite","@id":"https:\/\/tekcevisa.com\/tr\/#website","url":"https:\/\/tekcevisa.com\/tr\/","name":"Tekce Visa - Uluslararas\u0131 Hukuki Dan\u0131\u015fmanl\u0131k","description":"Uluslararas\u0131 Hukuki Dan\u0131\u015fmanl\u0131k","publisher":{"@id":"https:\/\/tekcevisa.com\/tr\/#organization"},"potentialAction":[{"@type":"SearchAction","target":{"@type":"EntryPoint","urlTemplate":"https:\/\/tekcevisa.com\/tr\/?s={search_term_string}"},"query-input":{"@type":"PropertyValueSpecification","valueRequired":true,"valueName":"search_term_string"}}],"inLanguage":"tr"},{"@type":"Organization","@id":"https:\/\/tekcevisa.com\/tr\/#organization","name":"Tekce Visa","url":"https:\/\/tekcevisa.com\/tr\/","logo":{"@type":"ImageObject","inLanguage":"tr","@id":"https:\/\/tekcevisa.com\/tr\/#\/schema\/logo\/image\/","url":"https:\/\/tekcevisa.com\/tr\/wp-content\/uploads\/2025\/08\/ah-tekce-visa-opened-1-removebg-preview.png","contentUrl":"https:\/\/tekcevisa.com\/tr\/wp-content\/uploads\/2025\/08\/ah-tekce-visa-opened-1-removebg-preview.png","width":360,"height":360,"caption":"Tekce Visa"},"image":{"@id":"https:\/\/tekcevisa.com\/tr\/#\/schema\/logo\/image\/"},"sameAs":["https:\/\/www.instagram.com\/tekcevisa\/"]}]}},"_links":{"self":[{"href":"https:\/\/tekcevisa.com\/tr\/wp-json\/wp\/v2\/pages\/5427","targetHints":{"allow":["GET"]}}],"collection":[{"href":"https:\/\/tekcevisa.com\/tr\/wp-json\/wp\/v2\/pages"}],"about":[{"href":"https:\/\/tekcevisa.com\/tr\/wp-json\/wp\/v2\/types\/page"}],"author":[{"embeddable":true,"href":"https:\/\/tekcevisa.com\/tr\/wp-json\/wp\/v2\/users\/8"}],"replies":[{"embeddable":true,"href":"https:\/\/tekcevisa.com\/tr\/wp-json\/wp\/v2\/comments?post=5427"}],"version-history":[{"count":1,"href":"https:\/\/tekcevisa.com\/tr\/wp-json\/wp\/v2\/pages\/5427\/revisions"}],"predecessor-version":[{"id":5428,"href":"https:\/\/tekcevisa.com\/tr\/wp-json\/wp\/v2\/pages\/5427\/revisions\/5428"}],"up":[{"embeddable":true,"href":"https:\/\/tekcevisa.com\/tr\/wp-json\/wp\/v2\/pages\/5123"}],"wp:attachment":[{"href":"https:\/\/tekcevisa.com\/tr\/wp-json\/wp\/v2\/media?parent=5427"}],"curies":[{"name":"wp","href":"https:\/\/api.w.org\/{rel}","templated":true}]}}