{"id":5494,"date":"2025-07-16T11:57:02","date_gmt":"2025-07-16T08:57:02","guid":{"rendered":"https:\/\/tekcevisa.com\/tr\/?page_id=5494"},"modified":"2025-07-28T14:58:28","modified_gmt":"2025-07-28T11:58:28","slug":"turkiye","status":"publish","type":"page","link":"https:\/\/tekcevisa.com\/tr\/vatandaslik\/turkiye\/","title":{"rendered":"T\u00fcrkiye"},"content":{"rendered":"","protected":false},"excerpt":{"rendered":"","protected":false},"author":8,"featured_media":0,"parent":108,"menu_order":0,"comment_status":"closed","ping_status":"closed","template":"","meta":{"footnotes":""},"class_list":["post-5494","page","type-page","status-publish","hentry"],"yoast_head":"<!-- This site is optimized with the Yoast SEO plugin v24.2 - https:\/\/yoast.com\/wordpress\/plugins\/seo\/ -->\n<title>Yat\u0131r\u0131m Yoluyla T\u00fcrk Vatanda\u015fl\u0131\u011f\u0131 Program\u0131 - Tekce Visa<\/title>\n<meta name=\"description\" content=\"Tekce Visa ile yat\u0131r\u0131m yaparak h\u0131zl\u0131ca T\u00fcrk vatanda\u015f\u0131 olun. T\u00fcrk pasaportu ve seyahat \u00f6zg\u00fcrl\u00fc\u011f\u00fcyle birlikte gayrimenkul avantajlar\u0131ndan faydalan\u0131n.\" \/>\n<meta name=\"robots\" content=\"index, follow, max-snippet:-1, max-image-preview:large, max-video-preview:-1\" \/>\n<link rel=\"canonical\" href=\"https:\/\/tekcevisa.com\/tr\/vatandaslik\/turkiye\/\" \/>\n<meta property=\"og:locale\" content=\"tr_TR\" \/>\n<meta property=\"og:type\" content=\"article\" \/>\n<meta property=\"og:title\" content=\"Yat\u0131r\u0131m Yoluyla T\u00fcrk Vatanda\u015fl\u0131\u011f\u0131 Program\u0131 - Tekce Visa\" \/>\n<meta property=\"og:description\" content=\"Tekce Visa ile yat\u0131r\u0131m yaparak h\u0131zl\u0131ca T\u00fcrk vatanda\u015f\u0131 olun. T\u00fcrk pasaportu ve seyahat \u00f6zg\u00fcrl\u00fc\u011f\u00fcyle birlikte gayrimenkul avantajlar\u0131ndan faydalan\u0131n.\" \/>\n<meta property=\"og:url\" content=\"https:\/\/tekcevisa.com\/tr\/vatandaslik\/turkiye\/\" \/>\n<meta property=\"og:site_name\" content=\"Tekce Visa\" \/>\n<meta property=\"article:publisher\" content=\"https:\/\/www.instagram.com\/tekcevisa\/\" \/>\n<meta property=\"article:modified_time\" content=\"2025-07-28T11:58:28+00:00\" \/>\n<meta name=\"twitter:card\" content=\"summary_large_image\" \/>\n<script type=\"application\/ld+json\" class=\"yoast-schema-graph\">{\"@context\":\"https:\/\/schema.org\",\"@graph\":[{\"@type\":\"WebPage\",\"@id\":\"https:\/\/tekcevisa.com\/tr\/vatandaslik\/turkiye\/\",\"url\":\"https:\/\/tekcevisa.com\/tr\/vatandaslik\/turkiye\/\",\"name\":\"Yat\u0131r\u0131m Yoluyla T\u00fcrk Vatanda\u015fl\u0131\u011f\u0131 Program\u0131 - Tekce Visa\",\"isPartOf\":{\"@id\":\"https:\/\/tekcevisa.com\/tr\/#website\"},\"datePublished\":\"2025-07-16T08:57:02+00:00\",\"dateModified\":\"2025-07-28T11:58:28+00:00\",\"description\":\"Tekce Visa ile yat\u0131r\u0131m yaparak h\u0131zl\u0131ca T\u00fcrk vatanda\u015f\u0131 olun. T\u00fcrk pasaportu ve seyahat \u00f6zg\u00fcrl\u00fc\u011f\u00fcyle birlikte gayrimenkul avantajlar\u0131ndan faydalan\u0131n.\",\"breadcrumb\":{\"@id\":\"https:\/\/tekcevisa.com\/tr\/vatandaslik\/turkiye\/#breadcrumb\"},\"inLanguage\":\"tr\",\"potentialAction\":[{\"@type\":\"ReadAction\",\"target\":[\"https:\/\/tekcevisa.com\/tr\/vatandaslik\/turkiye\/\"]}]},{\"@type\":\"BreadcrumbList\",\"@id\":\"https:\/\/tekcevisa.com\/tr\/vatandaslik\/turkiye\/#breadcrumb\",\"itemListElement\":[{\"@type\":\"ListItem\",\"position\":1,\"name\":\"Ana Sayfa\",\"item\":\"https:\/\/tekcevisa.com\/tr\/\"},{\"@type\":\"ListItem\",\"position\":2,\"name\":\"Vatanda\u015fl\u0131k\",\"item\":\"https:\/\/tekcevisa.com\/tr\/vatandaslik\/\"},{\"@type\":\"ListItem\",\"position\":3,\"name\":\"T\u00fcrkiye\"}]},{\"@type\":\"WebSite\",\"@id\":\"https:\/\/tekcevisa.com\/tr\/#website\",\"url\":\"https:\/\/tekcevisa.com\/tr\/\",\"name\":\"Tekce Visa - Uluslararas\u0131 Hukuki Dan\u0131\u015fmanl\u0131k\",\"description\":\"Uluslararas\u0131 Hukuki Dan\u0131\u015fmanl\u0131k\",\"publisher\":{\"@id\":\"https:\/\/tekcevisa.com\/tr\/#organization\"},\"potentialAction\":[{\"@type\":\"SearchAction\",\"target\":{\"@type\":\"EntryPoint\",\"urlTemplate\":\"https:\/\/tekcevisa.com\/tr\/?s={search_term_string}\"},\"query-input\":{\"@type\":\"PropertyValueSpecification\",\"valueRequired\":true,\"valueName\":\"search_term_string\"}}],\"inLanguage\":\"tr\"},{\"@type\":\"Organization\",\"@id\":\"https:\/\/tekcevisa.com\/tr\/#organization\",\"name\":\"Tekce Visa\",\"url\":\"https:\/\/tekcevisa.com\/tr\/\",\"logo\":{\"@type\":\"ImageObject\",\"inLanguage\":\"tr\",\"@id\":\"https:\/\/tekcevisa.com\/tr\/#\/schema\/logo\/image\/\",\"url\":\"https:\/\/tekcevisa.com\/tr\/wp-content\/uploads\/2025\/08\/ah-tekce-visa-opened-1-removebg-preview.png\",\"contentUrl\":\"https:\/\/tekcevisa.com\/tr\/wp-content\/uploads\/2025\/08\/ah-tekce-visa-opened-1-removebg-preview.png\",\"width\":360,\"height\":360,\"caption\":\"Tekce Visa\"},\"image\":{\"@id\":\"https:\/\/tekcevisa.com\/tr\/#\/schema\/logo\/image\/\"},\"sameAs\":[\"https:\/\/www.instagram.com\/tekcevisa\/\"]}]}<\/script>\n<!-- \/ Yoast SEO plugin. -->","yoast_head_json":{"title":"Yat\u0131r\u0131m Yoluyla T\u00fcrk Vatanda\u015fl\u0131\u011f\u0131 Program\u0131 - Tekce Visa","description":"Tekce Visa ile yat\u0131r\u0131m yaparak h\u0131zl\u0131ca T\u00fcrk vatanda\u015f\u0131 olun. T\u00fcrk pasaportu ve seyahat \u00f6zg\u00fcrl\u00fc\u011f\u00fcyle birlikte gayrimenkul avantajlar\u0131ndan faydalan\u0131n.","robots":{"index":"index","follow":"follow","max-snippet":"max-snippet:-1","max-image-preview":"max-image-preview:large","max-video-preview":"max-video-preview:-1"},"canonical":"https:\/\/tekcevisa.com\/tr\/vatandaslik\/turkiye\/","og_locale":"tr_TR","og_type":"article","og_title":"Yat\u0131r\u0131m Yoluyla T\u00fcrk Vatanda\u015fl\u0131\u011f\u0131 Program\u0131 - Tekce Visa","og_description":"Tekce Visa ile yat\u0131r\u0131m yaparak h\u0131zl\u0131ca T\u00fcrk vatanda\u015f\u0131 olun. T\u00fcrk pasaportu ve seyahat \u00f6zg\u00fcrl\u00fc\u011f\u00fcyle birlikte gayrimenkul avantajlar\u0131ndan faydalan\u0131n.","og_url":"https:\/\/tekcevisa.com\/tr\/vatandaslik\/turkiye\/","og_site_name":"Tekce Visa","article_publisher":"https:\/\/www.instagram.com\/tekcevisa\/","article_modified_time":"2025-07-28T11:58:28+00:00","twitter_card":"summary_large_image","schema":{"@context":"https:\/\/schema.org","@graph":[{"@type":"WebPage","@id":"https:\/\/tekcevisa.com\/tr\/vatandaslik\/turkiye\/","url":"https:\/\/tekcevisa.com\/tr\/vatandaslik\/turkiye\/","name":"Yat\u0131r\u0131m Yoluyla T\u00fcrk Vatanda\u015fl\u0131\u011f\u0131 Program\u0131 - Tekce Visa","isPartOf":{"@id":"https:\/\/tekcevisa.com\/tr\/#website"},"datePublished":"2025-07-16T08:57:02+00:00","dateModified":"2025-07-28T11:58:28+00:00","description":"Tekce Visa ile yat\u0131r\u0131m yaparak h\u0131zl\u0131ca T\u00fcrk vatanda\u015f\u0131 olun. T\u00fcrk pasaportu ve seyahat \u00f6zg\u00fcrl\u00fc\u011f\u00fcyle birlikte gayrimenkul avantajlar\u0131ndan faydalan\u0131n.","breadcrumb":{"@id":"https:\/\/tekcevisa.com\/tr\/vatandaslik\/turkiye\/#breadcrumb"},"inLanguage":"tr","potentialAction":[{"@type":"ReadAction","target":["https:\/\/tekcevisa.com\/tr\/vatandaslik\/turkiye\/"]}]},{"@type":"BreadcrumbList","@id":"https:\/\/tekcevisa.com\/tr\/vatandaslik\/turkiye\/#breadcrumb","itemListElement":[{"@type":"ListItem","position":1,"name":"Ana Sayfa","item":"https:\/\/tekcevisa.com\/tr\/"},{"@type":"ListItem","position":2,"name":"Vatanda\u015fl\u0131k","item":"https:\/\/tekcevisa.com\/tr\/vatandaslik\/"},{"@type":"ListItem","position":3,"name":"T\u00fcrkiye"}]},{"@type":"WebSite","@id":"https:\/\/tekcevisa.com\/tr\/#website","url":"https:\/\/tekcevisa.com\/tr\/","name":"Tekce Visa - Uluslararas\u0131 Hukuki Dan\u0131\u015fmanl\u0131k","description":"Uluslararas\u0131 Hukuki Dan\u0131\u015fmanl\u0131k","publisher":{"@id":"https:\/\/tekcevisa.com\/tr\/#organization"},"potentialAction":[{"@type":"SearchAction","target":{"@type":"EntryPoint","urlTemplate":"https:\/\/tekcevisa.com\/tr\/?s={search_term_string}"},"query-input":{"@type":"PropertyValueSpecification","valueRequired":true,"valueName":"search_term_string"}}],"inLanguage":"tr"},{"@type":"Organization","@id":"https:\/\/tekcevisa.com\/tr\/#organization","name":"Tekce Visa","url":"https:\/\/tekcevisa.com\/tr\/","logo":{"@type":"ImageObject","inLanguage":"tr","@id":"https:\/\/tekcevisa.com\/tr\/#\/schema\/logo\/image\/","url":"https:\/\/tekcevisa.com\/tr\/wp-content\/uploads\/2025\/08\/ah-tekce-visa-opened-1-removebg-preview.png","contentUrl":"https:\/\/tekcevisa.com\/tr\/wp-content\/uploads\/2025\/08\/ah-tekce-visa-opened-1-removebg-preview.png","width":360,"height":360,"caption":"Tekce Visa"},"image":{"@id":"https:\/\/tekcevisa.com\/tr\/#\/schema\/logo\/image\/"},"sameAs":["https:\/\/www.instagram.com\/tekcevisa\/"]}]}},"_links":{"self":[{"href":"https:\/\/tekcevisa.com\/tr\/wp-json\/wp\/v2\/pages\/5494","targetHints":{"allow":["GET"]}}],"collection":[{"href":"https:\/\/tekcevisa.com\/tr\/wp-json\/wp\/v2\/pages"}],"about":[{"href":"https:\/\/tekcevisa.com\/tr\/wp-json\/wp\/v2\/types\/page"}],"author":[{"embeddable":true,"href":"https:\/\/tekcevisa.com\/tr\/wp-json\/wp\/v2\/users\/8"}],"replies":[{"embeddable":true,"href":"https:\/\/tekcevisa.com\/tr\/wp-json\/wp\/v2\/comments?post=5494"}],"version-history":[{"count":2,"href":"https:\/\/tekcevisa.com\/tr\/wp-json\/wp\/v2\/pages\/5494\/revisions"}],"predecessor-version":[{"id":5501,"href":"https:\/\/tekcevisa.com\/tr\/wp-json\/wp\/v2\/pages\/5494\/revisions\/5501"}],"up":[{"embeddable":true,"href":"https:\/\/tekcevisa.com\/tr\/wp-json\/wp\/v2\/pages\/108"}],"wp:attachment":[{"href":"https:\/\/tekcevisa.com\/tr\/wp-json\/wp\/v2\/media?parent=5494"}],"curies":[{"name":"wp","href":"https:\/\/api.w.org\/{rel}","templated":true}]}}