{"id":5593,"date":"2026-03-11T15:25:24","date_gmt":"2026-03-11T12:25:24","guid":{"rendered":"https:\/\/tekcevisa.com\/tr\/?page_id=5593"},"modified":"2026-03-25T10:04:51","modified_gmt":"2026-03-25T07:04:51","slug":"malta-kalici-oturum-programi","status":"publish","type":"page","link":"https:\/\/tekcevisa.com\/tr\/oturum-izni\/malta\/malta-kalici-oturum-programi\/","title":{"rendered":"Malta Kal\u0131c\u0131 Oturum Program\u0131"},"content":{"rendered":"","protected":false},"excerpt":{"rendered":"","protected":false},"author":8,"featured_media":0,"parent":5588,"menu_order":5,"comment_status":"closed","ping_status":"closed","template":"","meta":{"footnotes":""},"class_list":["post-5593","page","type-page","status-publish","hentry"],"yoast_head":"<!-- This site is optimized with the Yoast SEO plugin v24.2 - https:\/\/yoast.com\/wordpress\/plugins\/seo\/ -->\n<title>Malta Kal\u0131c\u0131 Oturum Program\u0131: Ba\u015fvuru Rehberi ve \u015eartlar<\/title>\n<meta name=\"description\" content=\"MPRP yat\u0131r\u0131m \u015fartlar\u0131, emlak se\u00e7enekleri ve aile \u00fcyelerini dahil etme s\u00fcreci hakk\u0131nda detayl\u0131 bilgiye buradan ula\u015f\u0131n.\" \/>\n<meta name=\"robots\" content=\"index, follow, max-snippet:-1, max-image-preview:large, max-video-preview:-1\" \/>\n<link rel=\"canonical\" href=\"https:\/\/tekcevisa.com\/tr\/oturum-izni\/malta\/malta-kalici-oturum-programi\/\" \/>\n<meta property=\"og:locale\" content=\"tr_TR\" \/>\n<meta property=\"og:type\" content=\"article\" \/>\n<meta property=\"og:title\" content=\"Malta Kal\u0131c\u0131 Oturum Program\u0131: Ba\u015fvuru Rehberi ve \u015eartlar\" \/>\n<meta property=\"og:description\" content=\"MPRP yat\u0131r\u0131m \u015fartlar\u0131, emlak se\u00e7enekleri ve aile \u00fcyelerini dahil etme s\u00fcreci hakk\u0131nda detayl\u0131 bilgiye buradan ula\u015f\u0131n.\" \/>\n<meta property=\"og:url\" content=\"https:\/\/tekcevisa.com\/tr\/oturum-izni\/malta\/malta-kalici-oturum-programi\/\" \/>\n<meta property=\"og:site_name\" content=\"Tekce Visa\" \/>\n<meta property=\"article:publisher\" content=\"https:\/\/www.instagram.com\/tekcevisa\/\" \/>\n<meta property=\"article:modified_time\" content=\"2026-03-25T07:04:51+00:00\" \/>\n<meta name=\"twitter:card\" content=\"summary_large_image\" \/>\n<script type=\"application\/ld+json\" class=\"yoast-schema-graph\">{\"@context\":\"https:\/\/schema.org\",\"@graph\":[{\"@type\":\"WebPage\",\"@id\":\"https:\/\/tekcevisa.com\/tr\/oturum-izni\/malta\/malta-kalici-oturum-programi\/\",\"url\":\"https:\/\/tekcevisa.com\/tr\/oturum-izni\/malta\/malta-kalici-oturum-programi\/\",\"name\":\"Malta Kal\u0131c\u0131 Oturum Program\u0131: Ba\u015fvuru Rehberi ve \u015eartlar\",\"isPartOf\":{\"@id\":\"https:\/\/tekcevisa.com\/tr\/#website\"},\"datePublished\":\"2026-03-11T12:25:24+00:00\",\"dateModified\":\"2026-03-25T07:04:51+00:00\",\"description\":\"MPRP yat\u0131r\u0131m \u015fartlar\u0131, emlak se\u00e7enekleri ve aile \u00fcyelerini dahil etme s\u00fcreci hakk\u0131nda detayl\u0131 bilgiye buradan ula\u015f\u0131n.\",\"breadcrumb\":{\"@id\":\"https:\/\/tekcevisa.com\/tr\/oturum-izni\/malta\/malta-kalici-oturum-programi\/#breadcrumb\"},\"inLanguage\":\"tr\",\"potentialAction\":[{\"@type\":\"ReadAction\",\"target\":[\"https:\/\/tekcevisa.com\/tr\/oturum-izni\/malta\/malta-kalici-oturum-programi\/\"]}]},{\"@type\":\"BreadcrumbList\",\"@id\":\"https:\/\/tekcevisa.com\/tr\/oturum-izni\/malta\/malta-kalici-oturum-programi\/#breadcrumb\",\"itemListElement\":[{\"@type\":\"ListItem\",\"position\":1,\"name\":\"Ana Sayfa\",\"item\":\"https:\/\/tekcevisa.com\/tr\/\"},{\"@type\":\"ListItem\",\"position\":2,\"name\":\"Oturum \u0130zni\",\"item\":\"https:\/\/tekcevisa.com\/tr\/oturum-izni\/\"},{\"@type\":\"ListItem\",\"position\":3,\"name\":\"Malta\",\"item\":\"https:\/\/tekcevisa.com\/tr\/oturum-izni\/malta\/\"},{\"@type\":\"ListItem\",\"position\":4,\"name\":\"Malta Kal\u0131c\u0131 Oturum Program\u0131\"}]},{\"@type\":\"WebSite\",\"@id\":\"https:\/\/tekcevisa.com\/tr\/#website\",\"url\":\"https:\/\/tekcevisa.com\/tr\/\",\"name\":\"Tekce Visa - Uluslararas\u0131 Hukuki Dan\u0131\u015fmanl\u0131k\",\"description\":\"Uluslararas\u0131 Hukuki Dan\u0131\u015fmanl\u0131k\",\"publisher\":{\"@id\":\"https:\/\/tekcevisa.com\/tr\/#organization\"},\"potentialAction\":[{\"@type\":\"SearchAction\",\"target\":{\"@type\":\"EntryPoint\",\"urlTemplate\":\"https:\/\/tekcevisa.com\/tr\/?s={search_term_string}\"},\"query-input\":{\"@type\":\"PropertyValueSpecification\",\"valueRequired\":true,\"valueName\":\"search_term_string\"}}],\"inLanguage\":\"tr\"},{\"@type\":\"Organization\",\"@id\":\"https:\/\/tekcevisa.com\/tr\/#organization\",\"name\":\"Tekce Visa\",\"url\":\"https:\/\/tekcevisa.com\/tr\/\",\"logo\":{\"@type\":\"ImageObject\",\"inLanguage\":\"tr\",\"@id\":\"https:\/\/tekcevisa.com\/tr\/#\/schema\/logo\/image\/\",\"url\":\"https:\/\/tekcevisa.com\/tr\/wp-content\/uploads\/2025\/08\/ah-tekce-visa-opened-1-removebg-preview.png\",\"contentUrl\":\"https:\/\/tekcevisa.com\/tr\/wp-content\/uploads\/2025\/08\/ah-tekce-visa-opened-1-removebg-preview.png\",\"width\":360,\"height\":360,\"caption\":\"Tekce Visa\"},\"image\":{\"@id\":\"https:\/\/tekcevisa.com\/tr\/#\/schema\/logo\/image\/\"},\"sameAs\":[\"https:\/\/www.instagram.com\/tekcevisa\/\"]}]}<\/script>\n<!-- \/ Yoast SEO plugin. -->","yoast_head_json":{"title":"Malta Kal\u0131c\u0131 Oturum Program\u0131: Ba\u015fvuru Rehberi ve \u015eartlar","description":"MPRP yat\u0131r\u0131m \u015fartlar\u0131, emlak se\u00e7enekleri ve aile \u00fcyelerini dahil etme s\u00fcreci hakk\u0131nda detayl\u0131 bilgiye buradan ula\u015f\u0131n.","robots":{"index":"index","follow":"follow","max-snippet":"max-snippet:-1","max-image-preview":"max-image-preview:large","max-video-preview":"max-video-preview:-1"},"canonical":"https:\/\/tekcevisa.com\/tr\/oturum-izni\/malta\/malta-kalici-oturum-programi\/","og_locale":"tr_TR","og_type":"article","og_title":"Malta Kal\u0131c\u0131 Oturum Program\u0131: Ba\u015fvuru Rehberi ve \u015eartlar","og_description":"MPRP yat\u0131r\u0131m \u015fartlar\u0131, emlak se\u00e7enekleri ve aile \u00fcyelerini dahil etme s\u00fcreci hakk\u0131nda detayl\u0131 bilgiye buradan ula\u015f\u0131n.","og_url":"https:\/\/tekcevisa.com\/tr\/oturum-izni\/malta\/malta-kalici-oturum-programi\/","og_site_name":"Tekce Visa","article_publisher":"https:\/\/www.instagram.com\/tekcevisa\/","article_modified_time":"2026-03-25T07:04:51+00:00","twitter_card":"summary_large_image","schema":{"@context":"https:\/\/schema.org","@graph":[{"@type":"WebPage","@id":"https:\/\/tekcevisa.com\/tr\/oturum-izni\/malta\/malta-kalici-oturum-programi\/","url":"https:\/\/tekcevisa.com\/tr\/oturum-izni\/malta\/malta-kalici-oturum-programi\/","name":"Malta Kal\u0131c\u0131 Oturum Program\u0131: Ba\u015fvuru Rehberi ve \u015eartlar","isPartOf":{"@id":"https:\/\/tekcevisa.com\/tr\/#website"},"datePublished":"2026-03-11T12:25:24+00:00","dateModified":"2026-03-25T07:04:51+00:00","description":"MPRP yat\u0131r\u0131m \u015fartlar\u0131, emlak se\u00e7enekleri ve aile \u00fcyelerini dahil etme s\u00fcreci hakk\u0131nda detayl\u0131 bilgiye buradan ula\u015f\u0131n.","breadcrumb":{"@id":"https:\/\/tekcevisa.com\/tr\/oturum-izni\/malta\/malta-kalici-oturum-programi\/#breadcrumb"},"inLanguage":"tr","potentialAction":[{"@type":"ReadAction","target":["https:\/\/tekcevisa.com\/tr\/oturum-izni\/malta\/malta-kalici-oturum-programi\/"]}]},{"@type":"BreadcrumbList","@id":"https:\/\/tekcevisa.com\/tr\/oturum-izni\/malta\/malta-kalici-oturum-programi\/#breadcrumb","itemListElement":[{"@type":"ListItem","position":1,"name":"Ana Sayfa","item":"https:\/\/tekcevisa.com\/tr\/"},{"@type":"ListItem","position":2,"name":"Oturum \u0130zni","item":"https:\/\/tekcevisa.com\/tr\/oturum-izni\/"},{"@type":"ListItem","position":3,"name":"Malta","item":"https:\/\/tekcevisa.com\/tr\/oturum-izni\/malta\/"},{"@type":"ListItem","position":4,"name":"Malta Kal\u0131c\u0131 Oturum Program\u0131"}]},{"@type":"WebSite","@id":"https:\/\/tekcevisa.com\/tr\/#website","url":"https:\/\/tekcevisa.com\/tr\/","name":"Tekce Visa - Uluslararas\u0131 Hukuki Dan\u0131\u015fmanl\u0131k","description":"Uluslararas\u0131 Hukuki Dan\u0131\u015fmanl\u0131k","publisher":{"@id":"https:\/\/tekcevisa.com\/tr\/#organization"},"potentialAction":[{"@type":"SearchAction","target":{"@type":"EntryPoint","urlTemplate":"https:\/\/tekcevisa.com\/tr\/?s={search_term_string}"},"query-input":{"@type":"PropertyValueSpecification","valueRequired":true,"valueName":"search_term_string"}}],"inLanguage":"tr"},{"@type":"Organization","@id":"https:\/\/tekcevisa.com\/tr\/#organization","name":"Tekce Visa","url":"https:\/\/tekcevisa.com\/tr\/","logo":{"@type":"ImageObject","inLanguage":"tr","@id":"https:\/\/tekcevisa.com\/tr\/#\/schema\/logo\/image\/","url":"https:\/\/tekcevisa.com\/tr\/wp-content\/uploads\/2025\/08\/ah-tekce-visa-opened-1-removebg-preview.png","contentUrl":"https:\/\/tekcevisa.com\/tr\/wp-content\/uploads\/2025\/08\/ah-tekce-visa-opened-1-removebg-preview.png","width":360,"height":360,"caption":"Tekce Visa"},"image":{"@id":"https:\/\/tekcevisa.com\/tr\/#\/schema\/logo\/image\/"},"sameAs":["https:\/\/www.instagram.com\/tekcevisa\/"]}]}},"_links":{"self":[{"href":"https:\/\/tekcevisa.com\/tr\/wp-json\/wp\/v2\/pages\/5593","targetHints":{"allow":["GET"]}}],"collection":[{"href":"https:\/\/tekcevisa.com\/tr\/wp-json\/wp\/v2\/pages"}],"about":[{"href":"https:\/\/tekcevisa.com\/tr\/wp-json\/wp\/v2\/types\/page"}],"author":[{"embeddable":true,"href":"https:\/\/tekcevisa.com\/tr\/wp-json\/wp\/v2\/users\/8"}],"replies":[{"embeddable":true,"href":"https:\/\/tekcevisa.com\/tr\/wp-json\/wp\/v2\/comments?post=5593"}],"version-history":[{"count":1,"href":"https:\/\/tekcevisa.com\/tr\/wp-json\/wp\/v2\/pages\/5593\/revisions"}],"predecessor-version":[{"id":5594,"href":"https:\/\/tekcevisa.com\/tr\/wp-json\/wp\/v2\/pages\/5593\/revisions\/5594"}],"up":[{"embeddable":true,"href":"https:\/\/tekcevisa.com\/tr\/wp-json\/wp\/v2\/pages\/5588"}],"wp:attachment":[{"href":"https:\/\/tekcevisa.com\/tr\/wp-json\/wp\/v2\/media?parent=5593"}],"curies":[{"name":"wp","href":"https:\/\/api.w.org\/{rel}","templated":true}]}}