{"id":640,"date":"2023-01-16T11:39:25","date_gmt":"2023-01-16T08:39:25","guid":{"rendered":"https:\/\/tekcevisa.com\/?page_id=640"},"modified":"2023-06-05T11:37:07","modified_gmt":"2023-06-05T08:37:07","slug":"cerez-politikasi","status":"publish","type":"page","link":"https:\/\/tekcevisa.com\/tr\/cerez-politikasi\/","title":{"rendered":"\u00c7erez Politikas\u0131"},"content":{"rendered":"<h1>\u00c7erez Politikas\u0131<\/h1>\n<p><strong>\u00c7erez Kullan\u0131m Politikas\u0131<\/strong><\/p>\n<p>Tekce Visa bir uluslararas\u0131 hukuki dan\u0131\u015fmanl\u0131k \u015firketi ve tescilli bir markad\u0131r. https:\/\/tekcevisa.com web sitesi Tekce Legal Consultancy SA&#8217;ya aittir.<\/p>\n<p>https:\/\/tekcevisa.com web sitemizde \u00e7erezler, web sitemizi ziyaret edenler i\u00e7in m\u00fc\u015fteri hizmetlerini iyile\u015ftirmek ve kullan\u0131c\u0131 deneyimini geli\u015ftirmek i\u00e7in kullan\u0131lmaktad\u0131r. Web sitemizi ziyaret edenler, taray\u0131c\u0131 ayarlar\u0131 arac\u0131l\u0131\u011f\u0131yla \u00f6nceki oturum verilerini silme ve \u00e7erez kullan\u0131m\u0131n\u0131 engelleme se\u00e7ene\u011fine sahiptir. Ancak, \u00e7erez kullan\u0131m\u0131n\u0131n devre d\u0131\u015f\u0131 b\u0131rak\u0131lmas\u0131, ziyaret\u00e7ilerin web sitemizle nas\u0131l etkile\u015fimde bulunduklar\u0131 \u00fczerinde bir etkiye sahip olabilir.<\/p>\n<p>\u00c7erez kullan\u0131m\u0131n\u0131 devre d\u0131\u015f\u0131 b\u0131rakmayan ziyaret\u00e7iler, https:\/\/tekcevisa.com taraf\u0131ndan \u00e7erezlerin kullan\u0131m\u0131na izin verdi\u011fi varsay\u0131l\u0131r.<\/p>\n<p><strong>\u00c7erez Nedir?<\/strong><\/p>\n<p>\u00c7erezler, yaln\u0131zca birka\u00e7 bayt veri i\u00e7eren k\u00fc\u00e7\u00fck metin dosyalar\u0131d\u0131r. Taray\u0131c\u0131n\u0131z veya uygulaman\u0131z arac\u0131l\u0131\u011f\u0131yla bir mobil uygulama y\u00fckledi\u011finizde, bu dosyalar siz bir web sitesinde, mobil sayfada gezinirken veya s\u00f6z konusu web sitesinin kendisi taraf\u0131ndan cihaz\u0131n\u0131za (veya web sunucusuna) y\u00fcklenir.<\/p>\n<p><strong>Daha \u0130yi Hizmet Sunmak \u0130\u00e7in 6 Farkl\u0131 \u00c7e\u015fit \u00c7erez Kullan\u0131yoruz;<\/strong><\/p>\n<ol>\n<li><strong>Oturum \u00c7erezleri<\/strong><\/li>\n<\/ol>\n<p>Oturum \u00e7erezleri, yaln\u0131zca taray\u0131c\u0131n\u0131n veya cihaz\u0131n ge\u00e7ici belle\u011finde depolanan ge\u00e7ici \u00e7erezlerdir. Ziyaret\u00e7i bir web sitesine, mobil sayfaya veya uygulamaya g\u00f6z att\u0131\u011f\u0131nda bu \u00e7erezler etkinle\u015ftirilir.<\/p>\n<p>Oturum \u00e7erezleri \u00f6ncelikle ziyaret\u00e7ilerin tercihlerini hat\u0131rlayarak web sitesinin, mobil sayfan\u0131n ve uygulaman\u0131n ilgili \u00f6zelliklerinin hatas\u0131z \u00e7al\u0131\u015fmas\u0131n\u0131 sa\u011flamak i\u00e7in kullan\u0131l\u0131r.<\/p>\n<ol start=\"2\">\n<li><strong>Kal\u0131c\u0131 \u00c7erezler<\/strong><\/li>\n<\/ol>\n<p>Kullan\u0131c\u0131 silmeye karar verene kadar, Kal\u0131c\u0131 \u00c7erezler ziyaret\u00e7i tercihlerini hat\u0131rlamak i\u00e7in tutulur ve kaydedilir. Kullan\u0131c\u0131n\u0131n eylemlerini hat\u0131rlayan web sitesi ve mobil sayfa sayesinde kullan\u0131c\u0131n\u0131n bir sonraki deneyimi \u00f6zelle\u015ftirilebilir.<\/p>\n<ol start=\"3\">\n<li><strong>Performans \u00c7erezleri<\/strong><\/li>\n<\/ol>\n<p>Performans \u00c7erezleri; web sitesinin, mobil sayfan\u0131n veya uygulaman\u0131n performas\u0131n\u0131 \u00f6l\u00e7er. Ziyaret\u00e7inin ki\u015fisel bilgileri bu \u00e7erezler taraf\u0131ndan toplanmaz. Web sitesini, mobil sayfay\u0131 ve uygulamay\u0131 geli\u015ftirmek i\u00e7in sadece hata mesajlar\u0131n\u0131 toplarlar.<\/p>\n<ol start=\"4\">\n<li><strong>\u0130\u015flevsellik \u00c7erezleri<\/strong><\/li>\n<\/ol>\n<p>Bu \u00e7erezler; uygulama, web sitesi veya mobil cihaz i\u00e7in kullan\u0131c\u0131 tercihlerini saklamak i\u00e7in kullan\u0131l\u0131rlar. \u0130\u015flevsellik \u00e7erezleri, \u00f6rne\u011fin bildirim tercihlerinin hat\u0131rlanmas\u0131na yard\u0131mc\u0131 olur, b\u00f6ylece ziyaret\u00e7i tercihinin tekrar onaylanmas\u0131na gerek kalmadan uygulan\u0131r.<\/p>\n<ol start=\"5\">\n<li><strong>Google Analytics ve Pazarlama \u00c7erezleri<\/strong><\/li>\n<\/ol>\n<p>Google Analytics\u2019i, \u201cGoogle, hizmetlerimizi kullanan sitelerdeki veya uygulamalardaki bilgileri nas\u0131l kullan\u0131r?\u201d yaz\u0131s\u0131nda a\u00e7\u0131kland\u0131\u011f\u0131 \u015fekilde kullanmaktay\u0131z. Google Analytics devre d\u0131\u015f\u0131 b\u0131rakma taray\u0131c\u0131 eklentisi ile Google Analytics\u2019in web sitelerde sizin verinizi kullanmas\u0131n\u0131 engelleyebilirsiniz.<\/p>\n<p>Ayr\u0131ca IP adresi maskeleme de kullanmaktay\u0131z. Bu y\u00f6ntem, Google Analytics taraf\u0131ndan toplanan IP adreslerini k\u0131saltmak ve bireysel kullan\u0131c\u0131lar\u0131n izlenmelerini engellemek i\u00e7in s\u0131k\u0131\u015ft\u0131r\u0131lm\u0131\u015f bir bi\u00e7imde saklamak i\u00e7in kullan\u0131lan bir y\u00f6ntemdir.<\/p>\n<p>DoubleClick veya Dynamic Remarketing gibi G\u00f6r\u00fcnt\u00fcl\u00fc Reklamverenler i\u00e7in Google Analytics, bu ve di\u011fer web sitelerine yapt\u0131\u011f\u0131n\u0131z ziyaretlere dayal\u0131 olarak ilgi alan\u0131na dayal\u0131 reklamlar sunmak i\u00e7in web sitemizin baz\u0131 b\u00f6l\u00fcmlerinde kullan\u0131labilir.<\/p>\n<p>G\u00f6rd\u00fc\u011f\u00fcn\u00fcz Google reklamlar\u0131n\u0131 kontrol etmek ve ilgi alan\u0131na dayal\u0131 reklamlar\u0131 kapatmak i\u00e7in Reklam Ayarlar\u0131&#8217;n\u0131 kullan\u0131n. Ayr\u0131ca, Adobe Marketing Cloud&#8217;u da kullan\u0131yoruz. Bu bilgilerin kullan\u0131m\u0131n\u0131 a\u015fa\u011f\u0131da a\u00e7\u0131kland\u0131\u011f\u0131 \u015fekilde devre d\u0131\u015f\u0131 b\u0131rakabilirsiniz.<\/p>\n<ol start=\"6\">\n<li><strong>Sosyal Medya \u00c7erezleri<\/strong><\/li>\n<\/ol>\n<p>Web sitelerimizde Pinterest, Facebook ve Twitter i\u00e7in &#8220;payla\u015f&#8221; d\u00fc\u011fmeleri de dahil olmak \u00fczere \u00e7e\u015fitli sosyal medya ara\u00e7lar\u0131 mevcuttur. Bu \u00f6zelliklerin d\u00fczg\u00fcn \u00e7al\u0131\u015fmas\u0131n\u0131 sa\u011flamak i\u00e7in, IP adresiniz ve ziyaret etti\u011finiz web sitesi sayfas\u0131 hakk\u0131nda bilgi toplayabilir ve bir \u00e7erez ayarlayabilir.<\/p>\n<p>Ayr\u0131ca, bu hizmetler kimli\u011finizi do\u011frulayacak ve kay\u0131t formumuzu \u00f6nceden doldurmak veya bize geri bildirimde bulunmak i\u00e7in ad\u0131n\u0131z ve e-posta adresiniz gibi belirli ki\u015fisel bilgileri bizimle payla\u015fma se\u00e7ene\u011fi sunacakt\u0131r. Bu \u00f6zellikleri sunan \u015firketlerin gizlilik politikalar\u0131, onlarla olan etkile\u015fimleriniz i\u00e7in ge\u00e7erli olacakt\u0131r.<\/p>\n<p>\u015eu anda https:\/\/tekcevisa.com 9 farkl\u0131 dilde hizmet sunmaktad\u0131r. Bu \u00e7erezler, tercih etti\u011finiz dili se\u00e7ti\u011finizde tercihlerinizi hat\u0131rlar. Bu sayede de sitemizi tekrar ziyaret etti\u011finiz de daha \u00f6nce tercih etti\u011finiz dil se\u00e7ili olacakt\u0131r.<\/p>\n<p><strong>\u00c7erezlerin Sa\u011flad\u0131\u011f\u0131 Avantajlar Neler?<\/strong><\/p>\n<p>https:\/\/tekcevisa.com&#8217;un \u00e7erezleri kullanmaktaki amac\u0131, siteyi daha ki\u015fisel hale getirerek ziyaret\u00e7ilerin web sitemizde, mobil sayfam\u0131zda ve uygulamam\u0131zda ya\u015fad\u0131klar\u0131 deneyimi iyile\u015ftirmektir. \u00c7erez kullan\u0131m\u0131, ziyaret\u00e7ilerimizin tercihlerini hat\u0131rlamam\u0131z i\u00e7in bize yeterli veriyi sa\u011flamaktad\u0131r.<\/p>\n<p>Veriler; i\u015flevselli\u011fi korumak, ziyaret\u00e7ilere ki\u015fiselle\u015ftirilmi\u015f bir portf\u00f6y ve s\u0131cak teklifler sunmak ve web sitemizin kullan\u0131m kolayl\u0131\u011f\u0131n\u0131 ve uygunlu\u011funu de\u011ferlendirmek i\u00e7in kullan\u0131l\u0131r. Ayr\u0131ca \u00e7erezler, web sitelerinde size alakal\u0131 reklamlar sunmak i\u00e7in kullan\u0131l\u0131r.<\/p>\n<p><strong>Ziyaret\u00e7ilerimizin Bilgilerinin G\u00fcvenli\u011fi<\/strong><\/p>\n<p>Kullan\u0131c\u0131 izinleri ve yasal d\u00fczenlemeler \u00e7er\u00e7evesinde, https:\/\/tekcevisa.com ziyaret\u00e7ilerimizin bilgilerini son derece g\u00fcvenli bir \u015fekilde kaydeder ve saklar. Ziyaret\u00e7ilerimizle yaln\u0131zca onlara ger\u00e7ekten yard\u0131mc\u0131 olacak haberleri ve \u00f6zellikleri payla\u015fmak i\u00e7in ileti\u015fime ge\u00e7mekteyiz.<\/p>\n<p>Ziyaret\u00e7ilerimizin e-posta adresi ve telefon numaras\u0131 da dahil olmak \u00fczere ileti\u015fim bilgileri ba\u015fka herhangi bir \u00fc\u00e7\u00fcnc\u00fc taraf i\u015fletmeye verilmez ve verilmeyecektir. Kullan\u0131m \u015fartlar\u0131m\u0131z ziyaret\u00e7ilerimizin g\u00fcvenli\u011fini ve gizlili\u011fini sa\u011flamaktad\u0131r.<\/p>\n<p><strong>\u00c7erez Kullan\u0131m\u0131n\u0131n Y\u00f6netimi<\/strong><\/p>\n<p>Kullan\u0131c\u0131lar taray\u0131c\u0131lar\u0131n\u0131n ayarlar\u0131na giderek bilgi payla\u015f\u0131m\u0131n\u0131 k\u0131s\u0131tlayabilirler. Bu durumda web sitesi, mobil sayfa veya uygulama tam potansiyeliyle \u00e7al\u0131\u015fmayabilir. \u00c7erez kullan\u0131m\u0131n\u0131 k\u0131s\u0131tlayan ziyaret\u00e7ilerin, \u00e7erezle ilgili performans sorunlar\u0131n\u0131 kabul etti\u011fi varsay\u0131l\u0131r.<\/p>\n<p><em>* Bu belge 9 Aral\u0131k 2022 tarihinde g\u00fcncellenmi\u015ftir.<\/em><\/p>\n<p><strong>Platformda Kullan\u0131lan \u00c7erezlerin Kategorileri<\/strong><\/p>\n<p><strong>Analitik \u00c7erezler: <\/strong>Web sitemize gelen kullan\u0131c\u0131lar\u0131n say\u0131s\u0131n\u0131 belirlememizi ve saymam\u0131z\u0131, kullan\u0131c\u0131lar\u0131n sitede nas\u0131l gezindi\u011fini izlememizi ve kullan\u0131c\u0131lar\u0131n g\u00f6r\u00fcnt\u00fcledi\u011fi ve en \u00e7ok ilgilendi\u011fi sayfalar\u0131 takip etmemizi sa\u011flar. Web sitemizin en pop\u00fcler b\u00f6l\u00fcmlerinin yan\u0131 s\u0131ra belirli sayfalar\u0131n ve reklamlar\u0131n ne s\u0131kl\u0131kla g\u00f6r\u00fcnt\u00fclendi\u011fini belirlememize yard\u0131mc\u0131 olur.<\/p>\n<p><strong>Teknik \u00c7erezler:<\/strong> Web sitemizin performans\u0131, kulland\u0131\u011f\u0131m\u0131z teknik \u00e7erezler ile do\u011frudan ba\u011flant\u0131l\u0131d\u0131r. Bu \u00e7erezler, \u00e7al\u0131\u015fmayan platform alanlar\u0131n\u0131 ve sayfalar\u0131 tan\u0131mlamam\u0131za yard\u0131mc\u0131 olur.<\/p>\n<p><strong>Flash \u00c7erezler:<\/strong> Yerel payla\u015f\u0131lan nesne (LSO) olarak da adland\u0131r\u0131lan flash \u00e7erezleri, sevilen taray\u0131c\u0131 eklentisi Adobe Flash ile uyumlu i\u00e7erik istedi\u011finde web sunucusunun istemciye g\u00f6nderdi\u011fi bir metin dosyas\u0131d\u0131r. Web sitesi videolar\u0131 ve reklamlar\u0131 bu \u00e7erezleri s\u0131kl\u0131kla kullan\u0131r.<\/p>\n<p><strong>\u00d6zelle\u015ftirme \u00c7erezleri:<\/strong> Kullan\u0131c\u0131n\u0131n dil, konum veya taray\u0131c\u0131 t\u00fcr\u00fc gibi web sitesinin varsay\u0131lan ayarlar\u0131n\u0131n baz\u0131 \u00f6zelliklerini se\u00e7mesini veya de\u011fi\u015ftirmesini sa\u011flarlar.<\/p>\n<p><strong>Platformda Kullan\u0131lan \u00c7erezlerin Tan\u0131m\u0131 ve S\u00fcresi<\/strong><\/p>\n<p><strong>Analitik \u00c7erezler<\/strong><\/p>\n<p><u>Reklam<\/u>: Bu y\u00f6ntem kullan\u0131larak ziyaret\u00e7ilere hedefli ve davran\u0131\u015fsal olarak alakal\u0131 reklamlar g\u00f6sterilir. S\u00fcre, \u00e7erezlerin ilk kurulumundan veya son g\u00fcncellemesinden itibaren 540 g\u00fcnd\u00fcr. Taray\u0131c\u0131 ayarlar\u0131 arac\u0131l\u0131\u011f\u0131yla kabul edilebilir veya reddedilebilir.<\/p>\n<p><u>Pazar Analizi<\/u>: Pazar analizi yapmak i\u00e7in kullan\u0131lan bu \u00e7erezlerin s\u00fcresi, \u00e7erezlerin ilk kurulumundan veya son g\u00fcncellemesinden itibaren 360 g\u00fcnd\u00fcr. Taray\u0131c\u0131 ayarlar\u0131 arac\u0131l\u0131\u011f\u0131yla kabul edilebilir veya reddedilebilir.<\/p>\n<p><u>Kampanya\/Promosyon<\/u>: Kampanya etkinli\u011fini ve m\u00fc\u015fteri geri d\u00f6n\u00fc\u015f\u00fcm oranlar\u0131n\u0131 analiz etmek i\u00e7in kullan\u0131l\u0131r. S\u00fcre, \u00e7erezlerin ilk kurulumundan veya son g\u00fcncellemesinden itibaren 360 g\u00fcnd\u00fcr. Taray\u0131c\u0131 ayarlar\u0131 arac\u0131l\u0131\u011f\u0131yla kabul edilebilir veya reddedilebilir.<\/p>\n<p><u>Facebook<\/u>: Pazar ara\u015ft\u0131rmas\u0131 ve \u00fcr\u00fcn geli\u015ftirme i\u00e7in Facebook kullan\u0131c\u0131lar\u0131n\u0131n (ve kullan\u0131c\u0131 olmayanlar\u0131n) izlenmesini sa\u011flarlar. S\u00fcre, \u00e7erezlerin ilk kurulumundan veya son g\u00fcncellemesinden itibaren 360 g\u00fcnd\u00fcr. Taray\u0131c\u0131 ayarlar\u0131 arac\u0131l\u0131\u011f\u0131yla kabul edilebilir veya reddedilebilir.<\/p>\n<p><span style=\"text-decoration: underline;\">Google Analytics<\/span>:\u00a0 Bu \u00e7erezler, t\u00fcm istatistiksel bilgileri toplayarak platformun sunumunu ve kullan\u0131m\u0131n\u0131 geli\u015ftirmeyi m\u00fcmk\u00fcn k\u0131lar. Google demografik verileri toplar, kullan\u0131c\u0131 verilerini analiz eder ve kullan\u0131c\u0131lar\u0131 anlamam\u0131za yard\u0131mc\u0131 olur.<\/p>\n<p>Platformda Google Analytics \u00e7erezleri kullan\u0131lmaktad\u0131r. Bu \u00e7erezler ve toplanan bilgiler ABD&#8217;de bulunan Google sunucular\u0131na g\u00f6nderilir ve burada Google&#8217;\u0131n Veri Koruma Politikalar\u0131 ile g\u00fcvence alt\u0131na al\u0131n\u0131r.<\/p>\n<p>S\u00fcre, ilk \u00e7erez kurulumundan veya \u00e7erezlerin son g\u00fcncellenmesinden itibaren 2 y\u0131ld\u0131r.<\/p>\n<p><u>Kaynak Web Sitesi<\/u>: Kaynak web sitesi, kullan\u0131c\u0131lar\u0131n tercihlerini daha iyi anlamak ve ilgili i\u00e7erik sa\u011flamak i\u00e7in kullan\u0131l\u0131r. S\u00fcre, \u00e7erezlerin ilk kurulumundan veya son g\u00fcncellemesinden itibaren 360 g\u00fcnd\u00fcr. Taray\u0131c\u0131 ayarlar\u0131 arac\u0131l\u0131\u011f\u0131yla kabul edilebilir veya reddedilebilir.<\/p>\n<p><u>Son Ziyaret ve Hareket<\/u>: Platforma yap\u0131lan son ziyaretten bu yana nelerin de\u011fi\u015fti\u011fine dair g\u00fcncellemeler sa\u011flamak ve kullan\u0131c\u0131lar\u0131n tercihlerini daha iyi anlamak i\u00e7in kullan\u0131l\u0131rlar. S\u00fcre, \u00e7erezlerin ilk kurulumundan veya son g\u00fcncellemesinden itibaren 360 g\u00fcnd\u00fcr. Taray\u0131c\u0131 ayarlar\u0131 arac\u0131l\u0131\u011f\u0131yla kabul edilebilir veya reddedilebilir.<\/p>\n<p><strong>Teknik \u00c7erezler<\/strong><\/p>\n<p><u>Oturum<\/u>: Oturum \u00e7erezleri, oturumun devaml\u0131l\u0131\u011f\u0131n\u0131 sa\u011flamak i\u00e7in kullan\u0131l\u0131r. S\u00fcre, \u00e7erezlerin ilk kurulumundan veya son g\u00fcncellemesinden itibaren 90 g\u00fcnd\u00fcr. Taray\u0131c\u0131 ayarlar\u0131 arac\u0131l\u0131\u011f\u0131yla kabul edilebilir veya reddedilebilir.<\/p>\n<p><u>Y\u00fck Dengeleme<\/u>: Y\u00fck\u00fc da\u011f\u0131tarak sunucu y\u00fck\u00fcn\u00fc azaltmak i\u00e7in kullan\u0131l\u0131rlar. S\u00fcre, \u00e7erezlerin ilk kurulumundan veya son g\u00fcncellemesinden itibaren 30 dakikad\u0131r. Taray\u0131c\u0131 ayarlar\u0131 \u00fczerinden kabul edilebilir veya reddedilebilir.<\/p>\n<p><strong>Kimlik Do\u011frulama \u00c7erezleri<\/strong><\/p>\n<p><span style=\"text-decoration: underline;\">Kullan\u0131c\u0131 Kimli\u011fi<\/span>: Sadece kullan\u0131c\u0131lar\u0131n kendi bilgilerini g\u00f6rmeleri i\u00e7in kullan\u0131l\u0131rlar. S\u00fcre, \u00e7erezlerin ilk kurulumundan veya son g\u00fcncellemesinden itibaren 360 g\u00fcnd\u00fcr. Taray\u0131c\u0131 ayarlar\u0131 \u00fczerinden kabul edilebilir veya reddedilebilir.<\/p>\n<p><strong>\u00c7erez Kullan\u0131m\u0131 Veri Sahipleri Taraf\u0131ndan Engellenebilir mi?<\/strong><\/p>\n<p>Taray\u0131c\u0131n\u0131z\u0131n ayarlar\u0131n\u0131 de\u011fi\u015ftirerek \u00e7erez tercihlerinizi \u00f6zelle\u015ftirebilirsiniz.<\/p>\n<table style=\"height: 759px;\" width=\"943\">\n<tbody>\n<tr>\n<td width=\"102\">Adobe Analytics<\/td>\n<td width=\"499\">http:\/\/www.adobe.com\/uk\/privacy\/opt-out.html<\/td>\n<\/tr>\n<tr>\n<td width=\"102\">AOL<\/td>\n<td width=\"499\">https:\/\/help.aol.com\/articles\/restore-security-settings-and-enable-cookie-settings-on-browser<\/td>\n<\/tr>\n<tr>\n<td width=\"102\">Google Adwords<\/td>\n<td width=\"499\">https:\/\/support.google.com\/ads\/answer\/2662922?hl=en<\/td>\n<\/tr>\n<tr>\n<td width=\"102\">Google Analytics<\/td>\n<td width=\"499\">https:\/\/tools.google.com\/dlpage\/gaoptout<\/td>\n<\/tr>\n<tr>\n<td width=\"102\">Google Chrome<\/td>\n<td width=\"499\">http:\/\/www.google.com\/support\/chrome\/bin\/answer.py?hl=en&amp;answer=95647<\/td>\n<\/tr>\n<tr>\n<td width=\"102\">Internet Explorer<\/td>\n<td width=\"499\">https:\/\/support.microsoft.com\/en-us\/help\/17442\/windows-internet-explorer-delete-manage-cookies<\/td>\n<\/tr>\n<tr>\n<td width=\"102\">Mozilla Firefox<\/td>\n<td width=\"499\">http:\/\/support.mozilla.com\/en-US\/kb\/Cookies<\/td>\n<\/tr>\n<tr>\n<td width=\"102\">Opera<\/td>\n<td width=\"499\">http:\/\/www.opera.com\/browser\/tutorials\/security\/privacy\/<\/td>\n<\/tr>\n<tr>\n<td width=\"102\">Safari<\/td>\n<td width=\"499\">https:\/\/support.apple.com\/kb\/ph19214?locale=tr_TR<\/td>\n<\/tr>\n<\/tbody>\n<\/table>\n<p>&nbsp;<\/p>\n","protected":false},"excerpt":{"rendered":"<p>\u00c7erez Politikas\u0131 \u00c7erez Kullan\u0131m Politikas\u0131 Tekce Visa bir uluslararas\u0131 hukuki<span class=\"excerpt-hellip\"> [\u2026]<\/span><\/p>\n","protected":false},"author":6,"featured_media":0,"parent":0,"menu_order":0,"comment_status":"closed","ping_status":"closed","template":"","meta":{"footnotes":""},"class_list":["post-640","page","type-page","status-publish","hentry"],"yoast_head":"<!-- This site is optimized with the Yoast SEO plugin v24.2 - https:\/\/yoast.com\/wordpress\/plugins\/seo\/ -->\n<title>\u00c7erez Politikas\u0131 - Tekce Visa<\/title>\n<meta name=\"description\" content=\"Tekce Visa yasal dan\u0131\u015fmanl\u0131k hizmeti hakk\u0131nda geni\u015f bilgi veren tekcevisa.com websitesinin \u00e7erez politikas\u0131n\u0131 bu sayfadan okuyabilirsiniz.\" \/>\n<meta name=\"robots\" content=\"noindex, nofollow\" \/>\n<meta property=\"og:locale\" content=\"tr_TR\" \/>\n<meta property=\"og:type\" content=\"article\" \/>\n<meta property=\"og:title\" content=\"\u00c7erez Politikas\u0131 - Tekce Visa\" \/>\n<meta property=\"og:description\" content=\"Tekce Visa yasal dan\u0131\u015fmanl\u0131k hizmeti hakk\u0131nda geni\u015f bilgi veren tekcevisa.com websitesinin \u00e7erez politikas\u0131n\u0131 bu sayfadan okuyabilirsiniz.\" \/>\n<meta property=\"og:url\" content=\"https:\/\/tekcevisa.com\/tr\/cerez-politikasi\/\" \/>\n<meta property=\"og:site_name\" content=\"Tekce Visa\" \/>\n<meta property=\"article:publisher\" content=\"https:\/\/www.instagram.com\/tekcevisa\/\" \/>\n<meta property=\"article:modified_time\" content=\"2023-06-05T08:37:07+00:00\" \/>\n<meta name=\"twitter:card\" content=\"summary_large_image\" \/>\n<meta name=\"twitter:label1\" content=\"Tahmini okuma s\u00fcresi\" \/>\n\t<meta name=\"twitter:data1\" content=\"8 dakika\" \/>\n<script type=\"application\/ld+json\" class=\"yoast-schema-graph\">{\"@context\":\"https:\/\/schema.org\",\"@graph\":[{\"@type\":\"WebPage\",\"@id\":\"https:\/\/tekcevisa.com\/tr\/cerez-politikasi\/\",\"url\":\"https:\/\/tekcevisa.com\/tr\/cerez-politikasi\/\",\"name\":\"\u00c7erez Politikas\u0131 - Tekce Visa\",\"isPartOf\":{\"@id\":\"https:\/\/tekcevisa.com\/tr\/#website\"},\"datePublished\":\"2023-01-16T08:39:25+00:00\",\"dateModified\":\"2023-06-05T08:37:07+00:00\",\"description\":\"Tekce Visa yasal dan\u0131\u015fmanl\u0131k hizmeti hakk\u0131nda geni\u015f bilgi veren tekcevisa.com websitesinin \u00e7erez politikas\u0131n\u0131 bu sayfadan okuyabilirsiniz.\",\"breadcrumb\":{\"@id\":\"https:\/\/tekcevisa.com\/tr\/cerez-politikasi\/#breadcrumb\"},\"inLanguage\":\"tr\",\"potentialAction\":[{\"@type\":\"ReadAction\",\"target\":[\"https:\/\/tekcevisa.com\/tr\/cerez-politikasi\/\"]}]},{\"@type\":\"BreadcrumbList\",\"@id\":\"https:\/\/tekcevisa.com\/tr\/cerez-politikasi\/#breadcrumb\",\"itemListElement\":[{\"@type\":\"ListItem\",\"position\":1,\"name\":\"Ana Sayfa\",\"item\":\"https:\/\/tekcevisa.com\/tr\/\"},{\"@type\":\"ListItem\",\"position\":2,\"name\":\"\u00c7erez Politikas\u0131\"}]},{\"@type\":\"WebSite\",\"@id\":\"https:\/\/tekcevisa.com\/tr\/#website\",\"url\":\"https:\/\/tekcevisa.com\/tr\/\",\"name\":\"Tekce Visa - Uluslararas\u0131 Hukuki Dan\u0131\u015fmanl\u0131k\",\"description\":\"Uluslararas\u0131 Hukuki Dan\u0131\u015fmanl\u0131k\",\"publisher\":{\"@id\":\"https:\/\/tekcevisa.com\/tr\/#organization\"},\"potentialAction\":[{\"@type\":\"SearchAction\",\"target\":{\"@type\":\"EntryPoint\",\"urlTemplate\":\"https:\/\/tekcevisa.com\/tr\/?s={search_term_string}\"},\"query-input\":{\"@type\":\"PropertyValueSpecification\",\"valueRequired\":true,\"valueName\":\"search_term_string\"}}],\"inLanguage\":\"tr\"},{\"@type\":\"Organization\",\"@id\":\"https:\/\/tekcevisa.com\/tr\/#organization\",\"name\":\"Tekce Visa\",\"url\":\"https:\/\/tekcevisa.com\/tr\/\",\"logo\":{\"@type\":\"ImageObject\",\"inLanguage\":\"tr\",\"@id\":\"https:\/\/tekcevisa.com\/tr\/#\/schema\/logo\/image\/\",\"url\":\"https:\/\/tekcevisa.com\/tr\/wp-content\/uploads\/2025\/08\/ah-tekce-visa-opened-1-removebg-preview.png\",\"contentUrl\":\"https:\/\/tekcevisa.com\/tr\/wp-content\/uploads\/2025\/08\/ah-tekce-visa-opened-1-removebg-preview.png\",\"width\":360,\"height\":360,\"caption\":\"Tekce Visa\"},\"image\":{\"@id\":\"https:\/\/tekcevisa.com\/tr\/#\/schema\/logo\/image\/\"},\"sameAs\":[\"https:\/\/www.instagram.com\/tekcevisa\/\"]}]}<\/script>\n<!-- \/ Yoast SEO plugin. -->","yoast_head_json":{"title":"\u00c7erez Politikas\u0131 - Tekce Visa","description":"Tekce Visa yasal dan\u0131\u015fmanl\u0131k hizmeti hakk\u0131nda geni\u015f bilgi veren tekcevisa.com websitesinin \u00e7erez politikas\u0131n\u0131 bu sayfadan okuyabilirsiniz.","robots":{"index":"noindex","follow":"nofollow"},"og_locale":"tr_TR","og_type":"article","og_title":"\u00c7erez Politikas\u0131 - Tekce Visa","og_description":"Tekce Visa yasal dan\u0131\u015fmanl\u0131k hizmeti hakk\u0131nda geni\u015f bilgi veren tekcevisa.com websitesinin \u00e7erez politikas\u0131n\u0131 bu sayfadan okuyabilirsiniz.","og_url":"https:\/\/tekcevisa.com\/tr\/cerez-politikasi\/","og_site_name":"Tekce Visa","article_publisher":"https:\/\/www.instagram.com\/tekcevisa\/","article_modified_time":"2023-06-05T08:37:07+00:00","twitter_card":"summary_large_image","twitter_misc":{"Tahmini okuma s\u00fcresi":"8 dakika"},"schema":{"@context":"https:\/\/schema.org","@graph":[{"@type":"WebPage","@id":"https:\/\/tekcevisa.com\/tr\/cerez-politikasi\/","url":"https:\/\/tekcevisa.com\/tr\/cerez-politikasi\/","name":"\u00c7erez Politikas\u0131 - Tekce Visa","isPartOf":{"@id":"https:\/\/tekcevisa.com\/tr\/#website"},"datePublished":"2023-01-16T08:39:25+00:00","dateModified":"2023-06-05T08:37:07+00:00","description":"Tekce Visa yasal dan\u0131\u015fmanl\u0131k hizmeti hakk\u0131nda geni\u015f bilgi veren tekcevisa.com websitesinin \u00e7erez politikas\u0131n\u0131 bu sayfadan okuyabilirsiniz.","breadcrumb":{"@id":"https:\/\/tekcevisa.com\/tr\/cerez-politikasi\/#breadcrumb"},"inLanguage":"tr","potentialAction":[{"@type":"ReadAction","target":["https:\/\/tekcevisa.com\/tr\/cerez-politikasi\/"]}]},{"@type":"BreadcrumbList","@id":"https:\/\/tekcevisa.com\/tr\/cerez-politikasi\/#breadcrumb","itemListElement":[{"@type":"ListItem","position":1,"name":"Ana Sayfa","item":"https:\/\/tekcevisa.com\/tr\/"},{"@type":"ListItem","position":2,"name":"\u00c7erez Politikas\u0131"}]},{"@type":"WebSite","@id":"https:\/\/tekcevisa.com\/tr\/#website","url":"https:\/\/tekcevisa.com\/tr\/","name":"Tekce Visa - Uluslararas\u0131 Hukuki Dan\u0131\u015fmanl\u0131k","description":"Uluslararas\u0131 Hukuki Dan\u0131\u015fmanl\u0131k","publisher":{"@id":"https:\/\/tekcevisa.com\/tr\/#organization"},"potentialAction":[{"@type":"SearchAction","target":{"@type":"EntryPoint","urlTemplate":"https:\/\/tekcevisa.com\/tr\/?s={search_term_string}"},"query-input":{"@type":"PropertyValueSpecification","valueRequired":true,"valueName":"search_term_string"}}],"inLanguage":"tr"},{"@type":"Organization","@id":"https:\/\/tekcevisa.com\/tr\/#organization","name":"Tekce Visa","url":"https:\/\/tekcevisa.com\/tr\/","logo":{"@type":"ImageObject","inLanguage":"tr","@id":"https:\/\/tekcevisa.com\/tr\/#\/schema\/logo\/image\/","url":"https:\/\/tekcevisa.com\/tr\/wp-content\/uploads\/2025\/08\/ah-tekce-visa-opened-1-removebg-preview.png","contentUrl":"https:\/\/tekcevisa.com\/tr\/wp-content\/uploads\/2025\/08\/ah-tekce-visa-opened-1-removebg-preview.png","width":360,"height":360,"caption":"Tekce Visa"},"image":{"@id":"https:\/\/tekcevisa.com\/tr\/#\/schema\/logo\/image\/"},"sameAs":["https:\/\/www.instagram.com\/tekcevisa\/"]}]}},"_links":{"self":[{"href":"https:\/\/tekcevisa.com\/tr\/wp-json\/wp\/v2\/pages\/640","targetHints":{"allow":["GET"]}}],"collection":[{"href":"https:\/\/tekcevisa.com\/tr\/wp-json\/wp\/v2\/pages"}],"about":[{"href":"https:\/\/tekcevisa.com\/tr\/wp-json\/wp\/v2\/types\/page"}],"author":[{"embeddable":true,"href":"https:\/\/tekcevisa.com\/tr\/wp-json\/wp\/v2\/users\/6"}],"replies":[{"embeddable":true,"href":"https:\/\/tekcevisa.com\/tr\/wp-json\/wp\/v2\/comments?post=640"}],"version-history":[{"count":3,"href":"https:\/\/tekcevisa.com\/tr\/wp-json\/wp\/v2\/pages\/640\/revisions"}],"predecessor-version":[{"id":4923,"href":"https:\/\/tekcevisa.com\/tr\/wp-json\/wp\/v2\/pages\/640\/revisions\/4923"}],"wp:attachment":[{"href":"https:\/\/tekcevisa.com\/tr\/wp-json\/wp\/v2\/media?parent=640"}],"curies":[{"name":"wp","href":"https:\/\/api.w.org\/{rel}","templated":true}]}}