{"id":644,"date":"2023-01-16T11:42:18","date_gmt":"2023-01-16T08:42:18","guid":{"rendered":"https:\/\/tekcevisa.com\/?page_id=644"},"modified":"2023-06-05T16:29:07","modified_gmt":"2023-06-05T13:29:07","slug":"yasal-uyari-metni","status":"publish","type":"page","link":"https:\/\/tekcevisa.com\/tr\/yasal-uyari-metni\/","title":{"rendered":"Yasal Uyar\u0131 Metni"},"content":{"rendered":"<h1>Yasal Uyar\u0131 Metni | Tekce Legal Consultancy SA<\/h1>\n<h2>Yasal Uyar\u0131lar ve Feragatnameler<\/h2>\n<p>Tekce Legal Consultancy SA tescilli bir markad\u0131r. \u0130spanya, T\u00fcrkiye, Portekiz ve Karada\u011f&#8217;da profesyonel hukuki dan\u0131\u015fmanl\u0131k hizmetleri sunmaktay\u0131z. https:\/\/tekcevisa.com, Tekce Legal Consultancy SA&#8217;ya aittir. Bu sayfada yasal uyar\u0131lar\u0131 ve feragatnamelerimizi bulabilirsiniz.<\/p>\n<p><strong>Tekce Legal Consultancy SA\u2019n\u0131n Web Site \u0130\u00e7eri\u011fi<\/strong><\/p>\n<p>https:\/\/tekcevisa.com web sitesinin i\u00e7eri\u011fi vatanda\u015fl\u0131k ba\u015fvurular\u0131, oturum izinleri, miras hukuku, bor\u00e7lar hukuku ve Avrupa&#8217;da \u015firket kurmaya ili\u015fkin hukuki dan\u0131\u015fmanl\u0131k konular\u0131ndan olu\u015fmaktad\u0131r.<\/p>\n<p><strong>Yasal Uyar\u0131 ve Feragatname<\/strong><\/p>\n<p>Bu web sitesindeki bilgilerin do\u011frulu\u011funu ve kapsaml\u0131l\u0131\u011f\u0131n\u0131 sa\u011flamak i\u00e7in, Tekce Legal Consultancy SA web sitesini d\u00fczg\u00fcn bir \u015fekilde s\u00fcrd\u00fcrmek i\u00e7in her t\u00fcrl\u00fc \u00e7abay\u0131 g\u00f6stermektedir. Bununla birlikte, bu web sitesindeki bilgilerin zaman i\u00e7inde g\u00fcncelli\u011fini yitirebilece\u011fini bilmelisiniz.<\/p>\n<p>\u00d6zenle derlenmi\u015f ve s\u0131k s\u0131k g\u00fcncellenmi\u015f olsa da, sitemizdeki bilgilerin do\u011frulu\u011fu, eksiksizli\u011fi veya g\u00fcncelli\u011fi konusunda hi\u00e7bir sorumluluk kabul etmiyoruz.<\/p>\n<p>Tekce Legal Consultancy SA, herhangi bir zamanda ve \u00f6nceden haber vermeksizin i\u00e7eri\u011fin tamam\u0131n\u0131 veya bir k\u0131sm\u0131n\u0131 de\u011fi\u015ftirme, kald\u0131rma veya ge\u00e7ici olarak ask\u0131ya alma hakk\u0131n\u0131 a\u00e7\u0131k\u00e7a sakl\u0131 tutar. Bu nedenle, genel olarak yay\u0131nlanan bilgilerin uygunsuz kullan\u0131m\u0131, k\u00f6t\u00fcye kullan\u0131m\u0131 veya teknik hatalar\u0131ndan kaynaklanan herhangi bir zarar veya kay\u0131p i\u00e7in t\u00fcm sorumlulu\u011fu reddediyoruz.<\/p>\n<p><strong>Vir\u00fcs Feragatnamesi<\/strong><\/p>\n<p>Vir\u00fcslerin web sitesine girmesini \u00f6nlemek i\u00e7in gerekli t\u00fcm \u00f6nlemleri alsak da, web sayfalar\u0131nda bulunan herhangi bir bilgi, yaz\u0131l\u0131m veya di\u011fer materyallerin Truva atlar\u0131, solucanlar veya vir\u00fcsler gibi k\u00f6t\u00fc ama\u00e7l\u0131 yaz\u0131l\u0131mlardan ar\u0131nm\u0131\u015f oldu\u011funu garanti edemeyiz.<\/p>\n<p>Tekce Legal Consultancy SA arac\u0131l\u0131\u011f\u0131yla sunulan herhangi bir veri, bilgi, metin, g\u00f6r\u00fcnt\u00fc veya di\u011fer materyallerin kullan\u0131m\u0131, eri\u015fimi, taranmas\u0131 veya indirilmesinden kaynaklanan do\u011frudan, dolayl\u0131, ar\u0131zasal, cezai veya sonu\u00e7 olarak ortaya \u00e7\u0131kan her t\u00fcrl\u00fc zarar i\u00e7in t\u00fcm sorumlulu\u011fu reddediyoruz.<\/p>\n<p>Web sitesine, i\u00e7eri\u011fine ve altta yatan yaz\u0131l\u0131ma ve\/veya ilgili yaz\u0131l\u0131ma eri\u015fmeden \u00f6nce vir\u00fcslere kar\u015f\u0131 gerekli t\u00fcm \u00f6nlemleri almal\u0131s\u0131n\u0131z.<\/p>\n<p><strong>Harici Ba\u011flant\u0131lar Hakk\u0131nda Bilgi<\/strong><\/p>\n<p>Taray\u0131c\u0131lara, i\u015fletim sistemlerine ve g\u00fcvenlik web sitelerine at\u0131fta bulunmak ve web sitemizi daha da geli\u015ftirmek i\u00e7in istatistiksel verileri kaydetmekteyiz. Bu bilgilerin hi\u00e7biri \u00fc\u00e7\u00fcnc\u00fc taraflarla payla\u015f\u0131lmamaktad\u0131r. Bu web sitesinden e-posta yoluyla toplanan t\u00fcm bilgiler kesinlikle gizli tutulacak ve ba\u015fka herhangi bir tarafla payla\u015f\u0131lmayacak veya sat\u0131lmayacakt\u0131r.<\/p>\n<p>Bununla birlikte, web sitemizde \u00fc\u00e7\u00fcnc\u00fc taraflarca i\u015fletilen ve sahip olunan di\u011fer web sitelerine ba\u011flant\u0131lar bulunmaktad\u0131r. Bu ba\u011flant\u0131lar\u0131 kullan\u0131rsan\u0131z, ba\u015fka bir web sitesine y\u00f6nlendirilirsiniz. Bu ba\u011flant\u0131lar sadece bilgi ve kolayl\u0131k sa\u011flamak amac\u0131yla verilmektedir. Ba\u011flant\u0131 verilen web sitelerinin sorumlulu\u011fu yaln\u0131zca bu sitelerin sahiplerine aittir.<\/p>\n<p>Ba\u011flant\u0131l\u0131 herhangi bir web sitesinin i\u00e7eri\u011fi \u00fczerinde kontrol\u00fcm\u00fcz yoktur. Harici bir web sitesine eri\u015fti\u011finizde, Tekce Legal Consultancy SA&#8217;n\u0131n i\u00e7erik \u00fczerinde hi\u00e7bir kontrol\u00fc olmad\u0131\u011f\u0131n\u0131 bilmelisiniz. Ba\u011flant\u0131l\u0131 web siteleri veya i\u00e7erikleri i\u00e7in sorumluluk kabul etmiyoruz.<\/p>\n<p><strong>Telif Hakk\u0131<\/strong><\/p>\n<p>https:\/\/tekcevisa.com ve t\u00fcm i\u00e7eri\u011fi, ticari markalar\u0131, hizmetleri, foto\u011fraflar\u0131, logolar\u0131, grafikleri, tasar\u0131mlar\u0131 ve yaz\u0131l\u0131mlar\u0131 Tekce Legal Consultancy SA ve\/veya i\u015ftirakleri ve ba\u011fl\u0131 kurulu\u015flar\u0131 taraf\u0131ndan korunmakta, kontrol edilmekte ve\/veya lisanslanmaktad\u0131r.<\/p>\n<p><strong>Kullan\u0131c\u0131, web sitesinin i\u00e7eri\u011fini tabi, yasal ve y\u00fcr\u00fcrl\u00fckteki t\u00fcm yasalara uygun olarak kullanmakla y\u00fck\u00fcml\u00fcd\u00fcr. Ayr\u0131ca, bu uyar\u0131lara dikkat edin;<\/strong><\/p>\n<ul>\n<li>Tekce Legal Consultancy SA&#8217;n\u0131n web sitesinde yer alan i\u00e7eri\u011fin k\u0131smen veya tamamen kullan\u0131lmas\u0131 yasakt\u0131r.<\/li>\n<li>\u00d6nceden yaz\u0131l\u0131 iznimiz olmadan, markam\u0131z\u0131n ve di\u011fer Tekce Legal Consultancy SA logolar\u0131n\u0131n veya markalar\u0131n\u0131n kullan\u0131lmas\u0131 kesinlikle yasakt\u0131r.<\/li>\n<li>Bu web sitesindeki herhangi bir bilgi veya materyali kopyalayamaz, yeniden yay\u0131nlayamaz, \u00e7o\u011faltamaz, yay\u0131nlayamaz, y\u00fckleyemez, iletemez veya da\u011f\u0131tamazs\u0131n\u0131z.<\/li>\n<li>A\u00e7\u0131k yaz\u0131l\u0131 iznimiz olmadan, i\u00e7eri\u011fi ticari ama\u00e7larla da\u011f\u0131tman\u0131za veya kullanman\u0131za izin verilmez. Ayr\u0131ca, i\u00e7erik ba\u015fka herhangi bir web sitesine veya di\u011fer elektronik eri\u015fim sistemlerine aktar\u0131lamaz veya depolanamaz.<\/li>\n<\/ul>\n<p><strong>\u0130\u00e7eri\u011fin tamam\u0131 veya bir k\u0131sm\u0131, a\u015fa\u011f\u0131dakiler hari\u00e7 olmak \u00fczere, hi\u00e7bir \u015fekilde yeniden da\u011f\u0131t\u0131lamaz veya \u00e7o\u011falt\u0131lamaz:<\/strong><\/p>\n<ul>\n<li>Bunlar\u0131 yaln\u0131zca ticari olmayan ve ki\u015fisel kullan\u0131m\u0131n\u0131z i\u00e7in yazd\u0131rabilir veya sabit diskinize indirebilirsiniz.<\/li>\n<li>Yaln\u0131zca web sitesini materyalin kayna\u011f\u0131 olarak kabul etmeniz ko\u015fuluyla i\u00e7eri\u011fi ki\u015fisel kullan\u0131m i\u00e7in \u00fc\u00e7\u00fcnc\u00fc platformlara kopyalayabilirsiniz.<\/li>\n<\/ul>\n<p>Bu web sitesindeki bilgileri, bize a\u015fa\u011f\u0131daki \u015fekilde at\u0131fta bulundu\u011funuz s\u00fcrece kullanabilirsiniz:<\/p>\n<p>Tekce Legal Consultancy SA \u00a9 2023 &#8211; T\u00fcm haklar\u0131 sakl\u0131d\u0131r. \u0130\u00e7eri\u011fin kullan\u0131m\u0131 ve \u00e7o\u011falt\u0131lmas\u0131 i\u00e7in Tekce Legal Consultancy SA\u2019dan izin alman\u0131z gerekmektedir.<\/p>\n<p><strong><em>T\u00fcm diller i\u00e7in Tekce Legal Consultancy SA&#8217;n\u0131n yasal tebligat adresi;<\/em><\/strong><\/p>\n<p><em>Yasal tebligat adresi: C\/El Mont\u00edculo 8, 29631, Benalm\u00e1dena M\u00e1laga, \u0130spanya<\/em><\/p>\n<p><em>Telefon numaras\u0131: +34 951 23 59 59<\/em><\/p>\n<p><em>E-posta: info@tekcevisa.com<\/em><\/p>\n<p>Bu adres d\u0131\u015f\u0131ndaki adreslere yap\u0131lan bildirimler yap\u0131lmam\u0131\u015f say\u0131l\u0131r.<\/p>\n<p>Web sitelerimizde sizi rahats\u0131z eden bir i\u00e7erik oldu\u011funu d\u00fc\u015f\u00fcn\u00fcyorsan\u0131z, l\u00fctfen ileti\u015fim formumuz veya yukar\u0131daki bilgiler arac\u0131l\u0131\u011f\u0131yla bizimle ileti\u015fime ge\u00e7in.<\/p>\n<p>&nbsp;<\/p>\n","protected":false},"excerpt":{"rendered":"<p>Yasal Uyar\u0131 Metni | Tekce Legal Consultancy SA Yasal Uyar\u0131lar<span class=\"excerpt-hellip\"> [\u2026]<\/span><\/p>\n","protected":false},"author":6,"featured_media":0,"parent":0,"menu_order":0,"comment_status":"closed","ping_status":"closed","template":"","meta":{"footnotes":""},"class_list":["post-644","page","type-page","status-publish","hentry"],"yoast_head":"<!-- This site is optimized with the Yoast SEO plugin v24.2 - https:\/\/yoast.com\/wordpress\/plugins\/seo\/ -->\n<title>Yasal Uyar\u0131 ve Sorumluluk Reddi Metni - Tekce Visa<\/title>\n<meta name=\"description\" content=\"Tekce Legal Consultancy SA&#039;n\u0131n mobil uygulama ve https:\/\/tekcevisa.com websitesi i\u00e7in yasal uyar\u0131 ve sorumluluk reddi metnini burada bulabilirsiniz.\" \/>\n<meta name=\"robots\" content=\"noindex, nofollow\" \/>\n<meta property=\"og:locale\" content=\"tr_TR\" \/>\n<meta property=\"og:type\" content=\"article\" \/>\n<meta property=\"og:title\" content=\"Yasal Uyar\u0131 ve Sorumluluk Reddi Metni - Tekce Visa\" \/>\n<meta property=\"og:description\" content=\"Tekce Legal Consultancy SA&#039;n\u0131n mobil uygulama ve https:\/\/tekcevisa.com websitesi i\u00e7in yasal uyar\u0131 ve sorumluluk reddi metnini burada bulabilirsiniz.\" \/>\n<meta property=\"og:url\" content=\"https:\/\/tekcevisa.com\/tr\/yasal-uyari-metni\/\" \/>\n<meta property=\"og:site_name\" content=\"Tekce Visa\" \/>\n<meta property=\"article:publisher\" content=\"https:\/\/www.instagram.com\/tekcevisa\/\" \/>\n<meta property=\"article:modified_time\" content=\"2023-06-05T13:29:07+00:00\" \/>\n<meta name=\"twitter:card\" content=\"summary_large_image\" \/>\n<meta name=\"twitter:label1\" content=\"Tahmini okuma s\u00fcresi\" \/>\n\t<meta name=\"twitter:data1\" content=\"4 dakika\" \/>\n<script type=\"application\/ld+json\" class=\"yoast-schema-graph\">{\"@context\":\"https:\/\/schema.org\",\"@graph\":[{\"@type\":\"WebPage\",\"@id\":\"https:\/\/tekcevisa.com\/tr\/yasal-uyari-metni\/\",\"url\":\"https:\/\/tekcevisa.com\/tr\/yasal-uyari-metni\/\",\"name\":\"Yasal Uyar\u0131 ve Sorumluluk Reddi Metni - Tekce Visa\",\"isPartOf\":{\"@id\":\"https:\/\/tekcevisa.com\/tr\/#website\"},\"datePublished\":\"2023-01-16T08:42:18+00:00\",\"dateModified\":\"2023-06-05T13:29:07+00:00\",\"description\":\"Tekce Legal Consultancy SA'n\u0131n mobil uygulama ve https:\/\/tekcevisa.com websitesi i\u00e7in yasal uyar\u0131 ve sorumluluk reddi metnini burada bulabilirsiniz.\",\"breadcrumb\":{\"@id\":\"https:\/\/tekcevisa.com\/tr\/yasal-uyari-metni\/#breadcrumb\"},\"inLanguage\":\"tr\",\"potentialAction\":[{\"@type\":\"ReadAction\",\"target\":[\"https:\/\/tekcevisa.com\/tr\/yasal-uyari-metni\/\"]}]},{\"@type\":\"BreadcrumbList\",\"@id\":\"https:\/\/tekcevisa.com\/tr\/yasal-uyari-metni\/#breadcrumb\",\"itemListElement\":[{\"@type\":\"ListItem\",\"position\":1,\"name\":\"Ana Sayfa\",\"item\":\"https:\/\/tekcevisa.com\/tr\/\"},{\"@type\":\"ListItem\",\"position\":2,\"name\":\"Yasal Uyar\u0131 Metni\"}]},{\"@type\":\"WebSite\",\"@id\":\"https:\/\/tekcevisa.com\/tr\/#website\",\"url\":\"https:\/\/tekcevisa.com\/tr\/\",\"name\":\"Tekce Visa - Uluslararas\u0131 Hukuki Dan\u0131\u015fmanl\u0131k\",\"description\":\"Uluslararas\u0131 Hukuki Dan\u0131\u015fmanl\u0131k\",\"publisher\":{\"@id\":\"https:\/\/tekcevisa.com\/tr\/#organization\"},\"potentialAction\":[{\"@type\":\"SearchAction\",\"target\":{\"@type\":\"EntryPoint\",\"urlTemplate\":\"https:\/\/tekcevisa.com\/tr\/?s={search_term_string}\"},\"query-input\":{\"@type\":\"PropertyValueSpecification\",\"valueRequired\":true,\"valueName\":\"search_term_string\"}}],\"inLanguage\":\"tr\"},{\"@type\":\"Organization\",\"@id\":\"https:\/\/tekcevisa.com\/tr\/#organization\",\"name\":\"Tekce Visa\",\"url\":\"https:\/\/tekcevisa.com\/tr\/\",\"logo\":{\"@type\":\"ImageObject\",\"inLanguage\":\"tr\",\"@id\":\"https:\/\/tekcevisa.com\/tr\/#\/schema\/logo\/image\/\",\"url\":\"https:\/\/tekcevisa.com\/tr\/wp-content\/uploads\/2025\/08\/ah-tekce-visa-opened-1-removebg-preview.png\",\"contentUrl\":\"https:\/\/tekcevisa.com\/tr\/wp-content\/uploads\/2025\/08\/ah-tekce-visa-opened-1-removebg-preview.png\",\"width\":360,\"height\":360,\"caption\":\"Tekce Visa\"},\"image\":{\"@id\":\"https:\/\/tekcevisa.com\/tr\/#\/schema\/logo\/image\/\"},\"sameAs\":[\"https:\/\/www.instagram.com\/tekcevisa\/\"]}]}<\/script>\n<!-- \/ Yoast SEO plugin. -->","yoast_head_json":{"title":"Yasal Uyar\u0131 ve Sorumluluk Reddi Metni - Tekce Visa","description":"Tekce Legal Consultancy SA'n\u0131n mobil uygulama ve https:\/\/tekcevisa.com websitesi i\u00e7in yasal uyar\u0131 ve sorumluluk reddi metnini burada bulabilirsiniz.","robots":{"index":"noindex","follow":"nofollow"},"og_locale":"tr_TR","og_type":"article","og_title":"Yasal Uyar\u0131 ve Sorumluluk Reddi Metni - Tekce Visa","og_description":"Tekce Legal Consultancy SA'n\u0131n mobil uygulama ve https:\/\/tekcevisa.com websitesi i\u00e7in yasal uyar\u0131 ve sorumluluk reddi metnini burada bulabilirsiniz.","og_url":"https:\/\/tekcevisa.com\/tr\/yasal-uyari-metni\/","og_site_name":"Tekce Visa","article_publisher":"https:\/\/www.instagram.com\/tekcevisa\/","article_modified_time":"2023-06-05T13:29:07+00:00","twitter_card":"summary_large_image","twitter_misc":{"Tahmini okuma s\u00fcresi":"4 dakika"},"schema":{"@context":"https:\/\/schema.org","@graph":[{"@type":"WebPage","@id":"https:\/\/tekcevisa.com\/tr\/yasal-uyari-metni\/","url":"https:\/\/tekcevisa.com\/tr\/yasal-uyari-metni\/","name":"Yasal Uyar\u0131 ve Sorumluluk Reddi Metni - Tekce Visa","isPartOf":{"@id":"https:\/\/tekcevisa.com\/tr\/#website"},"datePublished":"2023-01-16T08:42:18+00:00","dateModified":"2023-06-05T13:29:07+00:00","description":"Tekce Legal Consultancy SA'n\u0131n mobil uygulama ve https:\/\/tekcevisa.com websitesi i\u00e7in yasal uyar\u0131 ve sorumluluk reddi metnini burada bulabilirsiniz.","breadcrumb":{"@id":"https:\/\/tekcevisa.com\/tr\/yasal-uyari-metni\/#breadcrumb"},"inLanguage":"tr","potentialAction":[{"@type":"ReadAction","target":["https:\/\/tekcevisa.com\/tr\/yasal-uyari-metni\/"]}]},{"@type":"BreadcrumbList","@id":"https:\/\/tekcevisa.com\/tr\/yasal-uyari-metni\/#breadcrumb","itemListElement":[{"@type":"ListItem","position":1,"name":"Ana Sayfa","item":"https:\/\/tekcevisa.com\/tr\/"},{"@type":"ListItem","position":2,"name":"Yasal Uyar\u0131 Metni"}]},{"@type":"WebSite","@id":"https:\/\/tekcevisa.com\/tr\/#website","url":"https:\/\/tekcevisa.com\/tr\/","name":"Tekce Visa - Uluslararas\u0131 Hukuki Dan\u0131\u015fmanl\u0131k","description":"Uluslararas\u0131 Hukuki Dan\u0131\u015fmanl\u0131k","publisher":{"@id":"https:\/\/tekcevisa.com\/tr\/#organization"},"potentialAction":[{"@type":"SearchAction","target":{"@type":"EntryPoint","urlTemplate":"https:\/\/tekcevisa.com\/tr\/?s={search_term_string}"},"query-input":{"@type":"PropertyValueSpecification","valueRequired":true,"valueName":"search_term_string"}}],"inLanguage":"tr"},{"@type":"Organization","@id":"https:\/\/tekcevisa.com\/tr\/#organization","name":"Tekce Visa","url":"https:\/\/tekcevisa.com\/tr\/","logo":{"@type":"ImageObject","inLanguage":"tr","@id":"https:\/\/tekcevisa.com\/tr\/#\/schema\/logo\/image\/","url":"https:\/\/tekcevisa.com\/tr\/wp-content\/uploads\/2025\/08\/ah-tekce-visa-opened-1-removebg-preview.png","contentUrl":"https:\/\/tekcevisa.com\/tr\/wp-content\/uploads\/2025\/08\/ah-tekce-visa-opened-1-removebg-preview.png","width":360,"height":360,"caption":"Tekce Visa"},"image":{"@id":"https:\/\/tekcevisa.com\/tr\/#\/schema\/logo\/image\/"},"sameAs":["https:\/\/www.instagram.com\/tekcevisa\/"]}]}},"_links":{"self":[{"href":"https:\/\/tekcevisa.com\/tr\/wp-json\/wp\/v2\/pages\/644","targetHints":{"allow":["GET"]}}],"collection":[{"href":"https:\/\/tekcevisa.com\/tr\/wp-json\/wp\/v2\/pages"}],"about":[{"href":"https:\/\/tekcevisa.com\/tr\/wp-json\/wp\/v2\/types\/page"}],"author":[{"embeddable":true,"href":"https:\/\/tekcevisa.com\/tr\/wp-json\/wp\/v2\/users\/6"}],"replies":[{"embeddable":true,"href":"https:\/\/tekcevisa.com\/tr\/wp-json\/wp\/v2\/comments?post=644"}],"version-history":[{"count":4,"href":"https:\/\/tekcevisa.com\/tr\/wp-json\/wp\/v2\/pages\/644\/revisions"}],"predecessor-version":[{"id":4943,"href":"https:\/\/tekcevisa.com\/tr\/wp-json\/wp\/v2\/pages\/644\/revisions\/4943"}],"wp:attachment":[{"href":"https:\/\/tekcevisa.com\/tr\/wp-json\/wp\/v2\/media?parent=644"}],"curies":[{"name":"wp","href":"https:\/\/api.w.org\/{rel}","templated":true}]}}