{"id":650,"date":"2023-01-16T11:50:34","date_gmt":"2023-01-16T08:50:34","guid":{"rendered":"https:\/\/tekcevisa.com\/?page_id=650"},"modified":"2023-06-05T16:27:16","modified_gmt":"2023-06-05T13:27:16","slug":"kullanim-sartlari","status":"publish","type":"page","link":"https:\/\/tekcevisa.com\/tr\/kullanim-sartlari\/","title":{"rendered":"Kullan\u0131m \u015eartlar\u0131"},"content":{"rendered":"<h1>Kullan\u0131m \u015eartlar\u0131<\/h1>\n<p>https:\/\/tekcevisa.com web sitesi Tekce Legal Consultancy SA&#8217;ya aittir. Web sitesine g\u00f6z atmadan \u00f6nce web sitesinin h\u00fck\u00fcm ve ko\u015fullar\u0131n\u0131 dikkatlice okuman\u0131z\u0131 \u00f6neririz. Web sitemizi kullanmaya devam etmeniz, kullan\u0131m \u015fartlar\u0131m\u0131z\u0131 kabul etti\u011finizi ve onaylad\u0131\u011f\u0131n\u0131z\u0131 g\u00f6sterir. \u015eartlar\u0131 kabul etmiyorsan\u0131z, web sitemizi kullanmaktan ka\u00e7\u0131nabilirsiniz.<\/p>\n<p>Tekce Legal Consultancy SA, 3\/2018 say\u0131l\u0131 \u0130spanya Veri Koruma ve Dijital Haklar Kanunu uyar\u0131nca veri g\u00fcvenli\u011fi ve depolamas\u0131na tamamen uymaktad\u0131r.<\/p>\n<h2>Biz Kimiz?<\/h2>\n<p>Tekce Legal Consultancy SA (&#8220;biz&#8221; veya &#8220;bize&#8221;) \u0130spanya, T\u00fcrkiye, Portekiz ve Karada\u011f&#8217;da faaliyet g\u00f6steren bir hukuki dan\u0131\u015fmanl\u0131k \u015firketidir. Yat\u0131r\u0131m yoluyla vatanda\u015fl\u0131k ve oturum izni konusunda profesyonel ve uzman\u0131z. D\u00fcnya \u00e7ap\u0131nda y\u00fczlerce ki\u015fiye ve aileye hayatlar\u0131nda yard\u0131mc\u0131 olmaktay\u0131z.<\/p>\n<p>Nace kodumuz 68.31.01 ve ticaret sicil numaram\u0131z 145567-5&#8217;tir.<\/p>\n<p>\u015eirket de\u011ferlerimiz s\u00fcrd\u00fcr\u00fclebilirlik, m\u00fckemmellik, yenilik\u00e7ilik, d\u00fcr\u00fcstl\u00fck ve iyili\u011fe dayanmaktad\u0131r. \u0130nsanlara kar\u015f\u0131 ten rengi, \u0131rk veya cinsiyet temelinde asla ayr\u0131mc\u0131l\u0131k yapmay\u0131z.<\/p>\n<p><strong>\u015eartlar\u0131m\u0131zda ve Web Sitemizdeki De\u011fi\u015fiklikler<\/strong><\/p>\n<p>Tekce Legal Consultancy SA, diledi\u011fi zaman \u015fartlar\u0131 ve web sitelerini de\u011fi\u015ftirebilir veya sonland\u0131rabilir. Web sitemizi her kullanmak istedi\u011finizde mevcut \u015fartlar\u0131 anlad\u0131\u011f\u0131n\u0131zdan emin olmak i\u00e7in \u015fartlar\u0131 kontrol edebilirsiniz.<\/p>\n<p><strong>Web Sitemizin Amac\u0131<\/strong><\/p>\n<p>Tekce Legal Consultancy SA b\u00fcnyesinde \u00e7e\u015fitli dillerde ve alanlarda web sitemizde yer alan yay\u0131nlar\u0131n amac\u0131<\/p>\n<ul>\n<li>&#8220;Tekce Legal Consultancy SA&#8221; hizmetlerini \u00e7e\u015fitli yabanc\u0131 dillerde tan\u0131tmakt\u0131r.<\/li>\n<\/ul>\n<p><strong>\u00c7erezler Kullan\u0131yoruz<\/strong><\/p>\n<p>\u00c7erezler, web sitelerinde gezinirken bilgisayar\u0131n\u0131zda olu\u015fturulan k\u00fc\u00e7\u00fck metin dosyalar\u0131d\u0131r. Sizi ve tercihlerinizi hat\u0131rlamak, web sitemizin performans\u0131n\u0131 art\u0131rmak ve istatistiksel bilgiler olu\u015fturmak i\u00e7in kendi ve \u00fc\u00e7\u00fcnc\u00fc taraf \u00e7erezlerimizi kullan\u0131r\u0131z.<\/p>\n<p><strong>Neden Veri Topluyoruz?<\/strong><\/p>\n<p>Tekce Legal Consultancy SA, bireylere bilgi ve en iyi m\u00fc\u015fteri hizmetlerini sunmak, ihtiya\u00e7 ve beklentilerini anlamak ve \u00f6zellikle a\u015fa\u011f\u0131daki nedenlerle veri toplamaktad\u0131r:<\/p>\n<ul>\n<li>Daha kaliteli ileti\u015fim i\u00e7in ad, soyad, e-posta adresi ve telefon numaras\u0131 gibi ileti\u015fim ve ki\u015fisel bilgileri topluyoruz. Bu bilgileri ayr\u0131ca e-posta adresiniz \u00fczerinden size b\u00fclten format\u0131nda bilgilendirici i\u00e7erik g\u00f6ndermek ve en son hizmetlerimiz hakk\u0131nda sizi bilgilendirmek i\u00e7in kullan\u0131yoruz.<\/li>\n<li>Kullan\u0131c\u0131lar\u0131n ilgi alanlar\u0131n\u0131 incelemek ve toplamak i\u00e7in demografik site veya uygulama tarama verileri topluyoruz. Bu veriler pazarlama, yeniden hedefleme ve ileti\u015fim gibi i\u015f ve operasyonel eylemleri iyile\u015ftirmek i\u00e7in kullan\u0131yoruz.<\/li>\n<li>Web sitemizde daha iyi bir deneyim sa\u011flamak i\u00e7in sosyal medya verileri (Facebook, Twitter, Linkedin) topluyoruz.<\/li>\n<li>Hizmetlerimizi \u00f6nermek ve konuma g\u00f6re en yak\u0131n ofisleri g\u00f6stermek i\u00e7in mevcut adres ve IP adresi gibi konum bilgileri.<\/li>\n<\/ul>\n<p>Bize g\u00f6n\u00fcll\u00fc olarak vermi\u015f oldu\u011funuz ad, soyad, telefon, e-posta adresinizi muhafaza etmekteyiz.<\/p>\n<p>Verilerinize sadece yetkili ki\u015filer eri\u015febilir. Verilerinizi asla dan\u0131\u015fmanl\u0131k hizmetleri d\u0131\u015f\u0131nda kullanmay\u0131z. Verilerinizi asla 3. parti bir firma ile payla\u015fmay\u0131z.<\/p>\n<p>\u015eirketimizi veya personelimizi her arad\u0131\u011f\u0131n\u0131zda, sizi geri arayabilece\u011fimizi ve size mobil mesaj g\u00f6nderebilece\u011fimizi (Whatsapp, SMS, Viber vb. arac\u0131l\u0131\u011f\u0131yla) kabul edersiniz. Ayr\u0131ca, yay\u0131nlanan posta adresimize bir e-posta g\u00f6nderdi\u011finizde veya web formumuzu doldurdu\u011funuzda, sizi arayabilece\u011fimizi ve sorunuz hakk\u0131nda size bilgi ve b\u00fclten e-postalar\u0131 g\u00f6nderebilece\u011fimizi kabul etti\u011finizi varsay\u0131yoruz.<\/p>\n<p><strong>Kullan\u0131c\u0131lar\u0131n Gizlili\u011fine Sayg\u0131 G\u00f6steriyoruz<\/strong><\/p>\n<p>Kurumsal de\u011ferlerimiz do\u011frultusunda gizlili\u011fe \u00f6zen g\u00f6steriyoruz. Sadece ziyaret\u00e7ilerin web sitemizdeki deneyimini geli\u015ftirmek i\u00e7in 3. parti \u00e7erezler kullan\u0131yoruz. S\u00f6zle\u015fme esnas\u0131nda al\u0131nan telefon, e-posta, detayl\u0131 kimlik bilgileri ve vergi numaras\u0131n\u0131 sadece yetkili personel g\u00f6r\u00fcnt\u00fcleyebilir.<\/p>\n<p>Bilgilerinize \u015firket taraf\u0131ndan yetkilendirilmemi\u015f hi\u00e7 kimse taraf\u0131ndan eri\u015filemeyecektir. Bu bilgi ve belgeleri sadece size hizmet vermek ve profesyonel dan\u0131\u015fmanl\u0131k yapmak amac\u0131yla kullanmaktay\u0131z. \u0130lgilendi\u011finiz i\u00e7erik ve hizmetler hakk\u0131nda telefon g\u00f6r\u00fc\u015fmeleri yapabilir, e-posta ve b\u00fclten g\u00f6nderebiliriz. \u0130stemedi\u011finiz takdirde sizi rahats\u0131z etmeyece\u011fimize s\u00f6z veriyoruz.<\/p>\n<p>Ki\u015fisel verilerinizi nas\u0131l toplad\u0131\u011f\u0131m\u0131z, kulland\u0131\u011f\u0131m\u0131z ve gizlili\u011finizi nas\u0131l korudu\u011fumuz hakk\u0131nda detayl\u0131 bilgi i\u00e7in Gizlilik Politikam\u0131z\u0131 okuyabilirsiniz.<\/p>\n<h4>Fikri M\u00fclkiyet Haklar\u0131m\u0131za Sayg\u0131<\/h4>\n<p>T\u00fcm i\u00e7erik bizim \u00fcretimimizdir ve benzersiz bir \u015fekilde olu\u015fturulmu\u015ftur. Fikri m\u00fclkiyet haklar\u0131m\u0131za sayg\u0131 duydu\u011funuzu varsay\u0131yoruz. Web sitemizdeki hi\u00e7bir i\u00e7eri\u011fi kopyalamay\u0131n\u0131z.<\/p>\n<p>Bilgi i\u00e7eri\u011fimizi web sitemize link vererek veya bilgi kayna\u011f\u0131n\u0131 &#8220;Tekce Legal Consultancy SA&#8221; olarak belirterek kullanabilirsiniz. Dijital Biny\u0131l Telif Hakk\u0131 Yasas\u0131&#8217;na sayg\u0131 duyuyor ve DMCA ile benzersizli\u011fimizi savunuyoruz.<\/p>\n<h4><strong>Ticari Marka Politikas\u0131<\/strong><\/h4>\n<p>Tekce Legal Consultancy SA tescilli ticari markam\u0131zd\u0131r. Hi\u00e7 kimse markam\u0131z\u0131 ve logomuzu kullanamaz.<\/p>\n<p><strong>M\u00fc\u015fteri Geri Bildirimi<\/strong><\/p>\n<p>Hizmetimizi nas\u0131l geli\u015ftirebilece\u011fimize ili\u015fkin \u00f6nerilerinizi memnuniyetle kar\u015f\u0131l\u0131yoruz. Bu \u015fartlar veya Tekce Legal Consultancy SA hakk\u0131nda herhangi bir geri bildiriminiz, sorunuz veya \u015fikayetiniz varsa l\u00fctfen a\u015fa\u011f\u0131da verilen ileti\u015fim bilgilerini kullan\u0131n.<\/p>\n<p><strong><em>Tekce Legal Consultancy SA&#8217;n\u0131n yasal tebligat adresi;<\/em><\/strong><\/p>\n<p><em>Yasal tebligat adresi: C\/El Mont\u00edculo 8, 29631, Benalm\u00e1dena M\u00e1laga, \u0130spanya<\/em><\/p>\n<p><em>Telefon: +34 951 23 59 59<\/em><\/p>\n<p><em>E-posta: info@tekcevisa.com<\/em><\/p>\n","protected":false},"excerpt":{"rendered":"<p>Kullan\u0131m \u015eartlar\u0131 https:\/\/tekcevisa.com web sitesi Tekce Legal Consultancy SA&#8217;ya aittir.<span class=\"excerpt-hellip\"> [\u2026]<\/span><\/p>\n","protected":false},"author":6,"featured_media":0,"parent":0,"menu_order":0,"comment_status":"closed","ping_status":"closed","template":"","meta":{"footnotes":""},"class_list":["post-650","page","type-page","status-publish","hentry"],"yoast_head":"<!-- This site is optimized with the Yoast SEO plugin v24.2 - https:\/\/yoast.com\/wordpress\/plugins\/seo\/ -->\n<title>Kullan\u0131m \u015eartlar\u0131 - Tekce Visa<\/title>\n<meta name=\"description\" content=\"Tekce Legal Consultancy SA \u015firketinin webistesi tekcevisa.com&#039;un uygulamalar\u0131n\u0131 ve site \u00f6zelliklerini inceleyebilirsiniz.\" \/>\n<meta name=\"robots\" content=\"noindex, nofollow\" \/>\n<meta property=\"og:locale\" content=\"tr_TR\" \/>\n<meta property=\"og:type\" content=\"article\" \/>\n<meta property=\"og:title\" content=\"Kullan\u0131m \u015eartlar\u0131 - Tekce Visa\" \/>\n<meta property=\"og:description\" content=\"Tekce Legal Consultancy SA \u015firketinin webistesi tekcevisa.com&#039;un uygulamalar\u0131n\u0131 ve site \u00f6zelliklerini inceleyebilirsiniz.\" \/>\n<meta property=\"og:url\" content=\"https:\/\/tekcevisa.com\/tr\/kullanim-sartlari\/\" \/>\n<meta property=\"og:site_name\" content=\"Tekce Visa\" \/>\n<meta property=\"article:publisher\" content=\"https:\/\/www.instagram.com\/tekcevisa\/\" \/>\n<meta property=\"article:modified_time\" content=\"2023-06-05T13:27:16+00:00\" \/>\n<meta name=\"twitter:card\" content=\"summary_large_image\" \/>\n<meta name=\"twitter:label1\" content=\"Tahmini okuma s\u00fcresi\" \/>\n\t<meta name=\"twitter:data1\" content=\"4 dakika\" \/>\n<script type=\"application\/ld+json\" class=\"yoast-schema-graph\">{\"@context\":\"https:\/\/schema.org\",\"@graph\":[{\"@type\":\"WebPage\",\"@id\":\"https:\/\/tekcevisa.com\/tr\/kullanim-sartlari\/\",\"url\":\"https:\/\/tekcevisa.com\/tr\/kullanim-sartlari\/\",\"name\":\"Kullan\u0131m \u015eartlar\u0131 - Tekce Visa\",\"isPartOf\":{\"@id\":\"https:\/\/tekcevisa.com\/tr\/#website\"},\"datePublished\":\"2023-01-16T08:50:34+00:00\",\"dateModified\":\"2023-06-05T13:27:16+00:00\",\"description\":\"Tekce Legal Consultancy SA \u015firketinin webistesi tekcevisa.com'un uygulamalar\u0131n\u0131 ve site \u00f6zelliklerini inceleyebilirsiniz.\",\"breadcrumb\":{\"@id\":\"https:\/\/tekcevisa.com\/tr\/kullanim-sartlari\/#breadcrumb\"},\"inLanguage\":\"tr\",\"potentialAction\":[{\"@type\":\"ReadAction\",\"target\":[\"https:\/\/tekcevisa.com\/tr\/kullanim-sartlari\/\"]}]},{\"@type\":\"BreadcrumbList\",\"@id\":\"https:\/\/tekcevisa.com\/tr\/kullanim-sartlari\/#breadcrumb\",\"itemListElement\":[{\"@type\":\"ListItem\",\"position\":1,\"name\":\"Ana Sayfa\",\"item\":\"https:\/\/tekcevisa.com\/tr\/\"},{\"@type\":\"ListItem\",\"position\":2,\"name\":\"Kullan\u0131m \u015eartlar\u0131\"}]},{\"@type\":\"WebSite\",\"@id\":\"https:\/\/tekcevisa.com\/tr\/#website\",\"url\":\"https:\/\/tekcevisa.com\/tr\/\",\"name\":\"Tekce Visa - Uluslararas\u0131 Hukuki Dan\u0131\u015fmanl\u0131k\",\"description\":\"Uluslararas\u0131 Hukuki Dan\u0131\u015fmanl\u0131k\",\"publisher\":{\"@id\":\"https:\/\/tekcevisa.com\/tr\/#organization\"},\"potentialAction\":[{\"@type\":\"SearchAction\",\"target\":{\"@type\":\"EntryPoint\",\"urlTemplate\":\"https:\/\/tekcevisa.com\/tr\/?s={search_term_string}\"},\"query-input\":{\"@type\":\"PropertyValueSpecification\",\"valueRequired\":true,\"valueName\":\"search_term_string\"}}],\"inLanguage\":\"tr\"},{\"@type\":\"Organization\",\"@id\":\"https:\/\/tekcevisa.com\/tr\/#organization\",\"name\":\"Tekce Visa\",\"url\":\"https:\/\/tekcevisa.com\/tr\/\",\"logo\":{\"@type\":\"ImageObject\",\"inLanguage\":\"tr\",\"@id\":\"https:\/\/tekcevisa.com\/tr\/#\/schema\/logo\/image\/\",\"url\":\"https:\/\/tekcevisa.com\/tr\/wp-content\/uploads\/2025\/08\/ah-tekce-visa-opened-1-removebg-preview.png\",\"contentUrl\":\"https:\/\/tekcevisa.com\/tr\/wp-content\/uploads\/2025\/08\/ah-tekce-visa-opened-1-removebg-preview.png\",\"width\":360,\"height\":360,\"caption\":\"Tekce Visa\"},\"image\":{\"@id\":\"https:\/\/tekcevisa.com\/tr\/#\/schema\/logo\/image\/\"},\"sameAs\":[\"https:\/\/www.instagram.com\/tekcevisa\/\"]}]}<\/script>\n<!-- \/ Yoast SEO plugin. -->","yoast_head_json":{"title":"Kullan\u0131m \u015eartlar\u0131 - Tekce Visa","description":"Tekce Legal Consultancy SA \u015firketinin webistesi tekcevisa.com'un uygulamalar\u0131n\u0131 ve site \u00f6zelliklerini inceleyebilirsiniz.","robots":{"index":"noindex","follow":"nofollow"},"og_locale":"tr_TR","og_type":"article","og_title":"Kullan\u0131m \u015eartlar\u0131 - Tekce Visa","og_description":"Tekce Legal Consultancy SA \u015firketinin webistesi tekcevisa.com'un uygulamalar\u0131n\u0131 ve site \u00f6zelliklerini inceleyebilirsiniz.","og_url":"https:\/\/tekcevisa.com\/tr\/kullanim-sartlari\/","og_site_name":"Tekce Visa","article_publisher":"https:\/\/www.instagram.com\/tekcevisa\/","article_modified_time":"2023-06-05T13:27:16+00:00","twitter_card":"summary_large_image","twitter_misc":{"Tahmini okuma s\u00fcresi":"4 dakika"},"schema":{"@context":"https:\/\/schema.org","@graph":[{"@type":"WebPage","@id":"https:\/\/tekcevisa.com\/tr\/kullanim-sartlari\/","url":"https:\/\/tekcevisa.com\/tr\/kullanim-sartlari\/","name":"Kullan\u0131m \u015eartlar\u0131 - Tekce Visa","isPartOf":{"@id":"https:\/\/tekcevisa.com\/tr\/#website"},"datePublished":"2023-01-16T08:50:34+00:00","dateModified":"2023-06-05T13:27:16+00:00","description":"Tekce Legal Consultancy SA \u015firketinin webistesi tekcevisa.com'un uygulamalar\u0131n\u0131 ve site \u00f6zelliklerini inceleyebilirsiniz.","breadcrumb":{"@id":"https:\/\/tekcevisa.com\/tr\/kullanim-sartlari\/#breadcrumb"},"inLanguage":"tr","potentialAction":[{"@type":"ReadAction","target":["https:\/\/tekcevisa.com\/tr\/kullanim-sartlari\/"]}]},{"@type":"BreadcrumbList","@id":"https:\/\/tekcevisa.com\/tr\/kullanim-sartlari\/#breadcrumb","itemListElement":[{"@type":"ListItem","position":1,"name":"Ana Sayfa","item":"https:\/\/tekcevisa.com\/tr\/"},{"@type":"ListItem","position":2,"name":"Kullan\u0131m \u015eartlar\u0131"}]},{"@type":"WebSite","@id":"https:\/\/tekcevisa.com\/tr\/#website","url":"https:\/\/tekcevisa.com\/tr\/","name":"Tekce Visa - Uluslararas\u0131 Hukuki Dan\u0131\u015fmanl\u0131k","description":"Uluslararas\u0131 Hukuki Dan\u0131\u015fmanl\u0131k","publisher":{"@id":"https:\/\/tekcevisa.com\/tr\/#organization"},"potentialAction":[{"@type":"SearchAction","target":{"@type":"EntryPoint","urlTemplate":"https:\/\/tekcevisa.com\/tr\/?s={search_term_string}"},"query-input":{"@type":"PropertyValueSpecification","valueRequired":true,"valueName":"search_term_string"}}],"inLanguage":"tr"},{"@type":"Organization","@id":"https:\/\/tekcevisa.com\/tr\/#organization","name":"Tekce Visa","url":"https:\/\/tekcevisa.com\/tr\/","logo":{"@type":"ImageObject","inLanguage":"tr","@id":"https:\/\/tekcevisa.com\/tr\/#\/schema\/logo\/image\/","url":"https:\/\/tekcevisa.com\/tr\/wp-content\/uploads\/2025\/08\/ah-tekce-visa-opened-1-removebg-preview.png","contentUrl":"https:\/\/tekcevisa.com\/tr\/wp-content\/uploads\/2025\/08\/ah-tekce-visa-opened-1-removebg-preview.png","width":360,"height":360,"caption":"Tekce Visa"},"image":{"@id":"https:\/\/tekcevisa.com\/tr\/#\/schema\/logo\/image\/"},"sameAs":["https:\/\/www.instagram.com\/tekcevisa\/"]}]}},"_links":{"self":[{"href":"https:\/\/tekcevisa.com\/tr\/wp-json\/wp\/v2\/pages\/650","targetHints":{"allow":["GET"]}}],"collection":[{"href":"https:\/\/tekcevisa.com\/tr\/wp-json\/wp\/v2\/pages"}],"about":[{"href":"https:\/\/tekcevisa.com\/tr\/wp-json\/wp\/v2\/types\/page"}],"author":[{"embeddable":true,"href":"https:\/\/tekcevisa.com\/tr\/wp-json\/wp\/v2\/users\/6"}],"replies":[{"embeddable":true,"href":"https:\/\/tekcevisa.com\/tr\/wp-json\/wp\/v2\/comments?post=650"}],"version-history":[{"count":4,"href":"https:\/\/tekcevisa.com\/tr\/wp-json\/wp\/v2\/pages\/650\/revisions"}],"predecessor-version":[{"id":4941,"href":"https:\/\/tekcevisa.com\/tr\/wp-json\/wp\/v2\/pages\/650\/revisions\/4941"}],"wp:attachment":[{"href":"https:\/\/tekcevisa.com\/tr\/wp-json\/wp\/v2\/media?parent=650"}],"curies":[{"name":"wp","href":"https:\/\/api.w.org\/{rel}","templated":true}]}}