{"id":96,"date":"2020-04-06T12:24:29","date_gmt":"2020-04-06T12:24:29","guid":{"rendered":"https:\/\/themes.muffingroup.com\/be\/politics2\/?page_id=2"},"modified":"2026-03-25T12:51:44","modified_gmt":"2026-03-25T09:51:44","slug":"sample-page","status":"publish","type":"page","link":"https:\/\/tekcevisa.com\/tr\/","title":{"rendered":"Ana Sayfa"},"content":{"rendered":"","protected":false},"excerpt":{"rendered":"","protected":false},"author":6,"featured_media":0,"parent":0,"menu_order":0,"comment_status":"closed","ping_status":"closed","template":"","meta":{"footnotes":""},"class_list":["post-96","page","type-page","status-publish","hentry"],"yoast_head":"<!-- This site is optimized with the Yoast SEO plugin v24.2 - https:\/\/yoast.com\/wordpress\/plugins\/seo\/ -->\n<title>Uluslararas\u0131 Hukuki Dan\u0131\u015fmanl\u0131k - Tekce Visa<\/title>\n<meta name=\"description\" content=\"Tekce Visa sizin dilinizi konu\u015fan, alan\u0131nda uzman avukat ekibiyle vatanda\u015fl\u0131k, oturum izni, vize, \u015firket kurulumu, miras hukuku gibi konularda hizmet verir.\" \/>\n<meta name=\"robots\" content=\"index, follow, max-snippet:-1, max-image-preview:large, max-video-preview:-1\" \/>\n<link rel=\"canonical\" href=\"https:\/\/tekcevisa.com\/tr\/\" \/>\n<meta property=\"og:locale\" content=\"tr_TR\" \/>\n<meta property=\"og:type\" content=\"article\" \/>\n<meta property=\"og:title\" content=\"Uluslararas\u0131 Hukuki Dan\u0131\u015fmanl\u0131k - Tekce Visa\" \/>\n<meta property=\"og:description\" content=\"Tekce Visa sizin dilinizi konu\u015fan, alan\u0131nda uzman avukat ekibiyle vatanda\u015fl\u0131k, oturum izni, vize, \u015firket kurulumu, miras hukuku gibi konularda hizmet verir.\" \/>\n<meta property=\"og:url\" content=\"https:\/\/tekcevisa.com\/tr\/\" \/>\n<meta property=\"og:site_name\" content=\"Tekce Visa\" \/>\n<meta property=\"article:publisher\" content=\"https:\/\/www.instagram.com\/tekcevisa\/\" \/>\n<meta property=\"article:modified_time\" content=\"2026-03-25T09:51:44+00:00\" \/>\n<meta name=\"twitter:card\" content=\"summary_large_image\" \/>\n<script type=\"application\/ld+json\" class=\"yoast-schema-graph\">{\"@context\":\"https:\/\/schema.org\",\"@graph\":[{\"@type\":\"WebPage\",\"@id\":\"https:\/\/tekcevisa.com\/tr\/\",\"url\":\"https:\/\/tekcevisa.com\/tr\/\",\"name\":\"Uluslararas\u0131 Hukuki Dan\u0131\u015fmanl\u0131k - Tekce Visa\",\"isPartOf\":{\"@id\":\"https:\/\/tekcevisa.com\/tr\/#website\"},\"datePublished\":\"2020-04-06T12:24:29+00:00\",\"dateModified\":\"2026-03-25T09:51:44+00:00\",\"description\":\"Tekce Visa sizin dilinizi konu\u015fan, alan\u0131nda uzman avukat ekibiyle vatanda\u015fl\u0131k, oturum izni, vize, \u015firket kurulumu, miras hukuku gibi konularda hizmet verir.\",\"breadcrumb\":{\"@id\":\"https:\/\/tekcevisa.com\/tr\/#breadcrumb\"},\"inLanguage\":\"tr\",\"potentialAction\":[{\"@type\":\"ReadAction\",\"target\":[\"https:\/\/tekcevisa.com\/tr\/\"]}]},{\"@type\":\"BreadcrumbList\",\"@id\":\"https:\/\/tekcevisa.com\/tr\/#breadcrumb\",\"itemListElement\":[{\"@type\":\"ListItem\",\"position\":1,\"name\":\"Ana Sayfa\",\"item\":\"https:\/\/tekcevisa.com\/tr\/\"},{\"@type\":\"ListItem\",\"position\":2,\"name\":\"Ana Sayfa\"}]},{\"@type\":\"WebSite\",\"@id\":\"https:\/\/tekcevisa.com\/tr\/#website\",\"url\":\"https:\/\/tekcevisa.com\/tr\/\",\"name\":\"Tekce Visa - Uluslararas\u0131 Hukuki Dan\u0131\u015fmanl\u0131k\",\"description\":\"Uluslararas\u0131 Hukuki Dan\u0131\u015fmanl\u0131k\",\"publisher\":{\"@id\":\"https:\/\/tekcevisa.com\/tr\/#organization\"},\"potentialAction\":[{\"@type\":\"SearchAction\",\"target\":{\"@type\":\"EntryPoint\",\"urlTemplate\":\"https:\/\/tekcevisa.com\/tr\/?s={search_term_string}\"},\"query-input\":{\"@type\":\"PropertyValueSpecification\",\"valueRequired\":true,\"valueName\":\"search_term_string\"}}],\"inLanguage\":\"tr\"},{\"@type\":\"Organization\",\"@id\":\"https:\/\/tekcevisa.com\/tr\/#organization\",\"name\":\"Tekce Visa\",\"url\":\"https:\/\/tekcevisa.com\/tr\/\",\"logo\":{\"@type\":\"ImageObject\",\"inLanguage\":\"tr\",\"@id\":\"https:\/\/tekcevisa.com\/tr\/#\/schema\/logo\/image\/\",\"url\":\"https:\/\/tekcevisa.com\/tr\/wp-content\/uploads\/2025\/08\/ah-tekce-visa-opened-1-removebg-preview.png\",\"contentUrl\":\"https:\/\/tekcevisa.com\/tr\/wp-content\/uploads\/2025\/08\/ah-tekce-visa-opened-1-removebg-preview.png\",\"width\":360,\"height\":360,\"caption\":\"Tekce Visa\"},\"image\":{\"@id\":\"https:\/\/tekcevisa.com\/tr\/#\/schema\/logo\/image\/\"},\"sameAs\":[\"https:\/\/www.instagram.com\/tekcevisa\/\"]}]}<\/script>\n<!-- \/ Yoast SEO plugin. -->","yoast_head_json":{"title":"Uluslararas\u0131 Hukuki Dan\u0131\u015fmanl\u0131k - Tekce Visa","description":"Tekce Visa sizin dilinizi konu\u015fan, alan\u0131nda uzman avukat ekibiyle vatanda\u015fl\u0131k, oturum izni, vize, \u015firket kurulumu, miras hukuku gibi konularda hizmet verir.","robots":{"index":"index","follow":"follow","max-snippet":"max-snippet:-1","max-image-preview":"max-image-preview:large","max-video-preview":"max-video-preview:-1"},"canonical":"https:\/\/tekcevisa.com\/tr\/","og_locale":"tr_TR","og_type":"article","og_title":"Uluslararas\u0131 Hukuki Dan\u0131\u015fmanl\u0131k - Tekce Visa","og_description":"Tekce Visa sizin dilinizi konu\u015fan, alan\u0131nda uzman avukat ekibiyle vatanda\u015fl\u0131k, oturum izni, vize, \u015firket kurulumu, miras hukuku gibi konularda hizmet verir.","og_url":"https:\/\/tekcevisa.com\/tr\/","og_site_name":"Tekce Visa","article_publisher":"https:\/\/www.instagram.com\/tekcevisa\/","article_modified_time":"2026-03-25T09:51:44+00:00","twitter_card":"summary_large_image","schema":{"@context":"https:\/\/schema.org","@graph":[{"@type":"WebPage","@id":"https:\/\/tekcevisa.com\/tr\/","url":"https:\/\/tekcevisa.com\/tr\/","name":"Uluslararas\u0131 Hukuki Dan\u0131\u015fmanl\u0131k - Tekce Visa","isPartOf":{"@id":"https:\/\/tekcevisa.com\/tr\/#website"},"datePublished":"2020-04-06T12:24:29+00:00","dateModified":"2026-03-25T09:51:44+00:00","description":"Tekce Visa sizin dilinizi konu\u015fan, alan\u0131nda uzman avukat ekibiyle vatanda\u015fl\u0131k, oturum izni, vize, \u015firket kurulumu, miras hukuku gibi konularda hizmet verir.","breadcrumb":{"@id":"https:\/\/tekcevisa.com\/tr\/#breadcrumb"},"inLanguage":"tr","potentialAction":[{"@type":"ReadAction","target":["https:\/\/tekcevisa.com\/tr\/"]}]},{"@type":"BreadcrumbList","@id":"https:\/\/tekcevisa.com\/tr\/#breadcrumb","itemListElement":[{"@type":"ListItem","position":1,"name":"Ana Sayfa","item":"https:\/\/tekcevisa.com\/tr\/"},{"@type":"ListItem","position":2,"name":"Ana Sayfa"}]},{"@type":"WebSite","@id":"https:\/\/tekcevisa.com\/tr\/#website","url":"https:\/\/tekcevisa.com\/tr\/","name":"Tekce Visa - Uluslararas\u0131 Hukuki Dan\u0131\u015fmanl\u0131k","description":"Uluslararas\u0131 Hukuki Dan\u0131\u015fmanl\u0131k","publisher":{"@id":"https:\/\/tekcevisa.com\/tr\/#organization"},"potentialAction":[{"@type":"SearchAction","target":{"@type":"EntryPoint","urlTemplate":"https:\/\/tekcevisa.com\/tr\/?s={search_term_string}"},"query-input":{"@type":"PropertyValueSpecification","valueRequired":true,"valueName":"search_term_string"}}],"inLanguage":"tr"},{"@type":"Organization","@id":"https:\/\/tekcevisa.com\/tr\/#organization","name":"Tekce Visa","url":"https:\/\/tekcevisa.com\/tr\/","logo":{"@type":"ImageObject","inLanguage":"tr","@id":"https:\/\/tekcevisa.com\/tr\/#\/schema\/logo\/image\/","url":"https:\/\/tekcevisa.com\/tr\/wp-content\/uploads\/2025\/08\/ah-tekce-visa-opened-1-removebg-preview.png","contentUrl":"https:\/\/tekcevisa.com\/tr\/wp-content\/uploads\/2025\/08\/ah-tekce-visa-opened-1-removebg-preview.png","width":360,"height":360,"caption":"Tekce Visa"},"image":{"@id":"https:\/\/tekcevisa.com\/tr\/#\/schema\/logo\/image\/"},"sameAs":["https:\/\/www.instagram.com\/tekcevisa\/"]}]}},"_links":{"self":[{"href":"https:\/\/tekcevisa.com\/tr\/wp-json\/wp\/v2\/pages\/96","targetHints":{"allow":["GET"]}}],"collection":[{"href":"https:\/\/tekcevisa.com\/tr\/wp-json\/wp\/v2\/pages"}],"about":[{"href":"https:\/\/tekcevisa.com\/tr\/wp-json\/wp\/v2\/types\/page"}],"author":[{"embeddable":true,"href":"https:\/\/tekcevisa.com\/tr\/wp-json\/wp\/v2\/users\/6"}],"replies":[{"embeddable":true,"href":"https:\/\/tekcevisa.com\/tr\/wp-json\/wp\/v2\/comments?post=96"}],"version-history":[{"count":3,"href":"https:\/\/tekcevisa.com\/tr\/wp-json\/wp\/v2\/pages\/96\/revisions"}],"predecessor-version":[{"id":4940,"href":"https:\/\/tekcevisa.com\/tr\/wp-json\/wp\/v2\/pages\/96\/revisions\/4940"}],"wp:attachment":[{"href":"https:\/\/tekcevisa.com\/tr\/wp-json\/wp\/v2\/media?parent=96"}],"curies":[{"name":"wp","href":"https:\/\/api.w.org\/{rel}","templated":true}]}}