{"id":644,"date":"2023-01-16T11:42:18","date_gmt":"2023-01-16T08:42:18","guid":{"rendered":"https:\/\/tekcevisa.com\/?page_id=644"},"modified":"2023-08-01T13:44:31","modified_gmt":"2023-08-01T10:44:31","slug":"legal-notices-and-disclaimer","status":"publish","type":"page","link":"https:\/\/tekcevisa.com\/zh\/legal-notices-and-disclaimer\/","title":{"rendered":"\u6cd5\u5f8b\u58f0\u660e\u548c\u514d\u8d23\u58f0\u660e"},"content":{"rendered":"<h1>\u6cd5\u5f8b\u58f0\u660e\u548c\u514d\u8d23\u58f0\u660e | Tekce Legal Consultancy SA<\/h1>\n<h2>\u6cd5\u5f8b\u58f0\u660e\u548c\u514d\u8d23\u58f0\u660e<\/h2>\n<p>Tekce Legal Consultancy SA \u662f\u4e00\u4e2a\u6ce8\u518c\u54c1\u724c\u3002 \u6211\u4eec\u5728\u897f\u73ed\u7259\u3001\u571f\u8033\u5176\u3001\u8461\u8404\u7259\u548c\u9ed1\u5c71\u63d0\u4f9b\u4e13\u4e1a\u7684\u6cd5\u5f8b\u54a8\u8be2\u670d\u52a1\u3002 https:\/\/tekcevisa.com \u5f52 Tekce Legal Consultancy SA \u6240\u6709\u3002 \u5728\u6b64\u9875\u9762\u4e0a\uff0c\u60a8\u53ef\u4ee5\u627e\u5230\u6211\u4eec\u7684\u6cd5\u5f8b\u58f0\u660e\u548c\u514d\u8d23\u58f0\u660e\u3002<\/p>\n<p><strong>Tekce Legal Consultancy SA \u7f51\u7ad9\u5185\u5bb9<\/strong><\/p>\n<p>https:\/\/tekcevisa.com \u7684\u7f51\u7ad9\u5185\u5bb9\u5305\u62ec\u516c\u6c11\u8eab\u4efd\u7533\u8bf7\u3001\u5c45\u7559\u8bb8\u53ef\u3001\u7ee7\u627f\u6cd5\u3001\u4e49\u52a1\u6cd5\u4ee5\u53ca\u5728\u6b27\u6d32\u6210\u7acb\u516c\u53f8\u7684\u6cd5\u5f8b\u5efa\u8bae\u3002<\/p>\n<p><strong>\u6cd5\u5f8b\u58f0\u660e\u548c\u514d\u8d23\u58f0\u660e<\/strong><\/p>\n<p>\u4e3a\u786e\u4fdd\u672c\u7f51\u7ad9\u4fe1\u606f\u7684\u51c6\u786e\u6027\u548c\u5168\u9762\u6027\uff0cTekce Legal Consultancy SA \u5c3d\u4e00\u5207\u52aa\u529b\u59a5\u5584\u7ef4\u62a4\u7f51\u7ad9\u3002 \u6b64\u5916\uff0c\u60a8\u5e94\u8be5\u77e5\u9053\u672c\u7f51\u7ad9\u4e0a\u7684\u4fe1\u606f\u6700\u7ec8\u53ef\u80fd\u4f1a\u8fc7\u65f6\u3002<\/p>\n<p>\u5c3d\u7ba1\u5b83\u7ecf\u8fc7\u7cbe\u5fc3\u7f16\u5236\u5e76\u7ecf\u5e38\u66f4\u65b0\uff0c\u4f46\u6211\u4eec\u5bf9\u8fd9\u4e9b\u4fe1\u606f\u7684\u51c6\u786e\u6027\u3001\u5b8c\u6574\u6027\u6216\u6700\u65b0\u6027\u4e0d\u627f\u62c5\u4efb\u4f55\u8d23\u4efb\u3002<\/p>\n<p>Tekce Legal Consultancy SA \u660e\u786e\u4fdd\u7559\u968f\u65f6\u4fee\u6539\u3001\u5220\u9664\u6216\u6682\u505c\u5168\u90e8\u6216\u90e8\u5206\u5185\u5bb9\u7684\u6743\u5229\uff0c\u6055\u4e0d\u53e6\u884c\u901a\u77e5\u3002 \u56e0\u6b64\uff0c\u5bf9\u4e8e\u56e0\u4e0d\u5f53\u4f7f\u7528\u3001\u6ee5\u7528\u6216\u6280\u672f\u9519\u8bef\u800c\u5bfc\u81f4\u7684\u4efb\u4f55\u4f24\u5bb3\u6216\u635f\u5931\uff0c\u6211\u4eec\u4e0d\u627f\u62c5\u4efb\u4f55\u8d23\u4efb\u3002<\/p>\n<p><strong>\u75c5\u6bd2\u514d\u8d23\u58f0\u660e<\/strong><\/p>\n<p>\u5c3d\u7ba1\u6211\u4eec\u91c7\u53d6\u4e86\u4e00\u5207\u5fc5\u8981\u7684\u9884\u9632\u63aa\u65bd\u6765\u9632\u6b62\u75c5\u6bd2\u8fdb\u5165\u7f51\u7ad9\uff0c\u4f46\u6211\u4eec\u4e0d\u80fd\u4fdd\u8bc1\u901a\u8fc7\u7f51\u9875\u63d0\u4f9b\u7684\u4efb\u4f55\u4fe1\u606f\u3001\u8f6f\u4ef6\u6216\u5176\u4ed6\u6750\u6599\u6ca1\u6709\u6728\u9a6c\u3001\u8815\u866b\u6216\u75c5\u6bd2\u7b49\u6076\u610f\u8f6f\u4ef6\u3002<\/p>\n<p>\u5bf9\u4e8e\u56e0\u4f7f\u7528\u3001\u8bbf\u95ee\u3001\u6d4f\u89c8\u6216\u4e0b\u8f7d\u901a\u8fc7<strong>Tekce Legal Consultancy SA<\/strong> \u63d0\u4f9b\u7684\u4efb\u4f55\u6570\u636e\u3001\u4fe1\u606f\u3001\u6587\u672c\u3001\u56fe\u50cf\u6216\u5176\u4ed6\u6750\u6599\u800c\u9020\u6210\u7684\u4efb\u4f55\u5f62\u5f0f\u7684\u635f\u5bb3\uff0c\u65e0\u8bba\u662f\u76f4\u63a5\u3001\u95f4\u63a5\u3001\u9644\u5e26\u3001\u60e9\u7f5a\u6027\u8fd8\u662f\u540e\u679c\u6027\u7684\uff0c\u6211\u4eec\u6982\u4e0d\u627f\u62c5\u4efb\u4f55\u8d23\u4efb\u3002<\/p>\n<p>\u5728\u8bbf\u95ee\u7f51\u7ad9\u3001\u5176\u5185\u5bb9\u4ee5\u53ca\u57fa\u7840\u8f6f\u4ef6\u548c\/\u6216\u76f8\u5173\u8f6f\u4ef6\u4e4b\u524d\uff0c\u60a8\u5e94\u8be5\u91c7\u53d6\u4e00\u5207\u5fc5\u8981\u7684\u75c5\u6bd2\u9884\u9632\u63aa\u65bd\u3002<\/p>\n<p><strong>\u5173\u4e8e\u5916\u90e8\u94fe\u63a5\u7684\u4fe1\u606f<\/strong><\/p>\n<p>\u6211\u4eec\u8bb0\u5f55\u7edf\u8ba1\u6570\u636e\u4ee5\u53c2\u8003\u6d4f\u89c8\u5668\u3001\u64cd\u4f5c\u7cfb\u7edf\u548c\u5b89\u5168\u7f51\u7ad9\uff0c\u5e76\u8fdb\u4e00\u6b65\u5f00\u53d1\u6211\u4eec\u7684\u7f51\u7ad9\u3002 \u8fd9\u4e9b\u4fe1\u606f\u5747\u4e0d\u4f1a\u4e0e\u7b2c\u4e09\u65b9\u5171\u4eab\u3002 \u901a\u8fc7\u7535\u5b50\u90ae\u4ef6\u4ece\u672c\u7f51\u7ad9\u6536\u96c6\u7684\u6240\u6709\u4fe1\u606f\u5c06\u4e25\u683c\u4fdd\u5bc6\uff0c\u4e0d\u4f1a\u4e0e\u4efb\u4f55\u5176\u4ed6\u65b9\u5171\u4eab\u6216\u51fa\u552e\u3002<\/p>\n<p>\u4f46\u662f\uff0c\u6211\u4eec\u7684\u7f51\u7ad9\u4e0a\u6709\u6307\u5411\u7b2c\u4e09\u65b9\u8fd0\u8425\u548c\u62e5\u6709\u7684\u5176\u4ed6\u7f51\u7ad9\u7684\u94fe\u63a5\u3002 \u5982\u679c\u60a8\u4f7f\u7528\u8fd9\u4e9b\u94fe\u63a5\uff0c\u60a8\u5c06\u91cd\u5b9a\u5411\u5230\u53e6\u4e00\u4e2a\u7f51\u7ad9\u3002 \u8fd9\u4e9b\u94fe\u63a5\u4ec5\u4f9b\u53c2\u8003\u548c\u65b9\u4fbf\u3002 \u94fe\u63a5\u7f51\u7ad9\u7684\u8d23\u4efb\u5b8c\u5168\u7531\u5176\u8fd0\u8425\u5546\u627f\u62c5\u3002<\/p>\n<p>\u6211\u4eec\u65e0\u6cd5\u63a7\u5236\u4efb\u4f55\u94fe\u63a5\u7f51\u7ad9\u7684\u5185\u5bb9\u3002 \u5f53\u60a8\u8bbf\u95ee\u5916\u90e8\u7f51\u7ad9\u65f6\uff0c\u60a8\u5e94\u8be5\u77e5\u9053 Tekce Legal Consultancy SA \u65e0\u6cd5\u63a7\u5236\u5176\u5185\u5bb9\u3002 \u6211\u4eec\u4e0d\u5bf9\u4efb\u4f55\u94fe\u63a5\u7f51\u7ad9\u6216\u5176\u5185\u5bb9\u627f\u62c5\u8d23\u4efb\u3002<\/p>\n<p><strong>\u7248\u6743<\/strong><\/p>\n<p>https:\/\/tekcevisa.com \u548c\u6240\u6709\u5185\u5bb9\u3001\u5546\u6807\u3001\u670d\u52a1\u3001\u7167\u7247\u3001\u5fbd\u6807\u3001\u56fe\u5f62\u3001\u8bbe\u8ba1\u548c\u8f6f\u4ef6\u5747\u53d7 Tekce Legal Consultancy SA \u548c\/\u6216\u5176\u5b50\u516c\u53f8\u548c\u9644\u5c5e\u516c\u53f8\u7684\u4fdd\u62a4\u3001\u63a7\u5236\u548c\/\u6216\u8bb8\u53ef\u3002<\/p>\n<p><strong>\u9664\u4ee5\u4e0b\u60c5\u51b5\u5916\uff0c\u4e0d\u5f97\u4ee5\u4efb\u4f55\u65b9\u5f0f\u91cd\u65b0\u5206\u53d1\u6216\u590d\u5236\u5168\u90e8\u6216\u90e8\u5206\u5185\u5bb9\uff1a<\/strong><\/p>\n<ul>\n<li>\u7981\u6b62\u5168\u90e8\u6216\u90e8\u5206\u4f7f\u7528 Tekce Legal Consultancy SA \u7f51\u7ad9\u4e0a\u7684\u5185\u5bb9\u3002<\/li>\n<li>\u672a\u7ecf\u6211\u4eec\u4e8b\u5148\u4e66\u9762\u540c\u610f\uff0c\u4e25\u7981\u4f7f\u7528\u6211\u4eec\u7684\u54c1\u724c\u548c\u4efb\u4f55\u5176\u4ed6 Tekce Legal Consultancy SA \u6807\u5fd7\u6216\u54c1\u724c\u3002<\/li>\n<li>\u60a8\u4e0d\u5f97\u590d\u5236\u3001\u91cd\u65b0\u53d1\u5e03\u3001\u590d\u5236\u3001\u5f20\u8d34\u3001\u4e0a\u4f20\u3001\u4f20\u8f93\u6216\u5206\u53d1\u6765\u81ea\u672c\u7f51\u7ad9\u7684\u4efb\u4f55\u4fe1\u606f\u6216\u6750\u6599\u3002<\/li>\n<li>\u672a\u7ecf\u6211\u4eec\u660e\u786e\u4e66\u9762\u540c\u610f\uff0c\u60a8\u4e0d\u5f97\u51fa\u4e8e\u5546\u4e1a\u76ee\u7684\u5206\u53d1\u6216\u4f7f\u7528\u5185\u5bb9\u3002 \u6b64\u5916\uff0c\u5185\u5bb9\u4e0d\u80fd\u4f20\u8f93\u6216\u5b58\u50a8\u5728\u4efb\u4f55\u5176\u4ed6\u7f51\u7ad9\u6216\u5176\u4ed6\u5f62\u5f0f\u7684\u7535\u5b50\u68c0\u7d22\u7cfb\u7edf\u4e0a\u3002<\/li>\n<\/ul>\n<p><strong>\u4e0d\u5f97\u4ee5\u4efb\u4f55\u65b9\u5f0f\u91cd\u65b0\u5206\u53d1\u6216\u590d\u5236\u5168\u90e8\u6216\u90e8\u5206\u5185\u5bb9\uff0c\u4ee5\u4e0b\u60c5\u51b5\u9664\u5916\uff1a<\/strong><\/p>\n<ul>\n<li>\u60a8\u53ef\u4ee5\u5c06\u5b83\u4eec\u6253\u5370\u6216\u4e0b\u8f7d\u5230\u672c\u5730\u786c\u76d8\u6458\u5f55\uff0c\u4ec5\u4f9b\u60a8\u975e\u5546\u4e1a\u548c\u4e2a\u4eba\u4f7f\u7528\u3002<\/li>\n<li>\u60a8\u53ef\u4ee5\u5c06\u5185\u5bb9\u590d\u5236\u7ed9\u4e2a\u522b\u7b2c\u4e09\u65b9\u4f9b\u4e2a\u4eba\u4f7f\u7528\uff0c\u4f46\u524d\u63d0\u662f\u60a8\u627f\u8ba4\u7f51\u7ad9\u662f\u6750\u6599\u7684\u6765\u6e90\u3002<\/li>\n<\/ul>\n<p>\u53ea\u8981\u60a8\u76f8\u4fe1\u6211\u4eec\u5e76\u53c2\u8003\u4ee5\u4e0b\u5185\u5bb9\uff0c\u60a8\u5c31\u53ef\u4ee5\u4f7f\u7528\u672c\u7f51\u7ad9\u4e0a\u7684\u4fe1\u606f\uff1a<\/p>\n<p>Tekce Legal Consultancy SA \u00a9 2022 \u2013 \u4fdd\u7559\u6240\u6709\u6743\u5229\u3002 \u60a8\u5fc5\u987b\u83b7\u5f97 Tekce Legal Consultancy SA \u7684\u8bb8\u53ef\u624d\u80fd\u4f7f\u7528\u548c\u590d\u5236\u5185\u5bb9\u3002<\/p>\n<p><strong><em>Tekce Legal Consultancy SA \u6240\u6709\u8bed\u8a00\u7684\u6cd5\u5f8b\u58f0\u660e\u5730\u5740\uff1b<\/em><\/strong><\/p>\n<p><em>\u6cd5\u5f8b\u58f0\u660e\u5730\u5740\uff1aC\/El Mont\u00edculo 8, 29631, Benalm\u00e1dena M\u00e1laga, Spain<\/em><\/p>\n<p><em>\u7535\u8bdd\uff1a+34 951 23 59 59<\/em><\/p>\n<p><em>\u90ae\u7bb1\uff1ainfo@tekcevisa.com<\/em><\/p>\n<p>\u5411\u672c\u5730\u5740\u4ee5\u5916\u7684\u5730\u5740\u53d1\u51fa\u7684\u901a\u77e5\u89c6\u4e3a\u672a\u53d1\u51fa\u3002<\/p>\n<p>\u5982\u679c\u60a8\u8ba4\u4e3a\u6211\u4eec\u7f51\u7ad9\u4e0a\u7684\u5185\u5bb9\u4ee4\u60a8\u611f\u5230\u56f0\u6270\uff0c\u8bf7\u901a\u8fc7\u6211\u4eec\u7684\u8054\u7cfb\u8868\u6216\u4e0a\u8ff0\u4fe1\u606f\u4e0e\u6211\u4eec\u8054\u7cfb\u3002<\/p>\n","protected":false},"excerpt":{"rendered":"<p>\u6cd5\u5f8b\u58f0\u660e\u548c\u514d\u8d23\u58f0\u660e | Tekce Legal Consultancy SA \u6cd5\u5f8b\u58f0\u660e\u548c\u514d\u8d23\u58f0\u660e Tekce Legal Consultancy<span class=\"excerpt-hellip\"> [\u2026]<\/span><\/p>\n","protected":false},"author":5,"featured_media":0,"parent":0,"menu_order":0,"comment_status":"closed","ping_status":"closed","template":"","meta":{"footnotes":""},"class_list":["post-644","page","type-page","status-publish","hentry"],"yoast_head":"<!-- This site is optimized with the Yoast SEO plugin v21.9.1 - https:\/\/yoast.com\/wordpress\/plugins\/seo\/ -->\n<title>\u6cd5\u5f8b\u58f0\u660e\u548c\u514d\u8d23\u58f0\u660e - Tekce Visa<\/title>\n<meta name=\"description\" content=\"\u4e86\u89e3\u6cf0\u514b\u6770\u6cd5\u5f8b\u54a8\u8be2\u516c\u53f8 (Tekce Legal Consultancy SA) \u7684\u79fb\u52a8\u5e94\u7528\u7a0b\u5e8f\u548c\u7f51\u7ad9 https:\/\/tekcevisa.com \u7684\u6cd5\u5f8b\u58f0\u660e\u548c\u514d\u8d23\u58f0\u660e\u3002\" \/>\n<meta name=\"robots\" content=\"noindex, nofollow\" \/>\n<meta property=\"og:locale\" content=\"tr_TR\" \/>\n<meta property=\"og:type\" content=\"article\" \/>\n<meta property=\"og:title\" content=\"\u6cd5\u5f8b\u58f0\u660e\u548c\u514d\u8d23\u58f0\u660e - Tekce Visa\" \/>\n<meta property=\"og:description\" content=\"\u4e86\u89e3\u6cf0\u514b\u6770\u6cd5\u5f8b\u54a8\u8be2\u516c\u53f8 (Tekce Legal Consultancy SA) \u7684\u79fb\u52a8\u5e94\u7528\u7a0b\u5e8f\u548c\u7f51\u7ad9 https:\/\/tekcevisa.com \u7684\u6cd5\u5f8b\u58f0\u660e\u548c\u514d\u8d23\u58f0\u660e\u3002\" \/>\n<meta property=\"og:url\" content=\"https:\/\/tekcevisa.com\/zh\/legal-notices-and-disclaimer\/\" \/>\n<meta property=\"og:site_name\" content=\"Tekce Visa\" \/>\n<meta property=\"article:modified_time\" content=\"2023-08-01T10:44:31+00:00\" \/>\n<meta name=\"twitter:card\" content=\"summary_large_image\" \/>\n<meta name=\"twitter:label1\" content=\"Tahmini okuma s\u00fcresi\" \/>\n\t<meta name=\"twitter:data1\" content=\"1 dakika\" \/>\n<script type=\"application\/ld+json\" class=\"yoast-schema-graph\">{\"@context\":\"https:\/\/schema.org\",\"@graph\":[{\"@type\":\"WebPage\",\"@id\":\"https:\/\/tekcevisa.com\/zh\/legal-notices-and-disclaimer\/\",\"url\":\"https:\/\/tekcevisa.com\/zh\/legal-notices-and-disclaimer\/\",\"name\":\"\u6cd5\u5f8b\u58f0\u660e\u548c\u514d\u8d23\u58f0\u660e - Tekce Visa\",\"isPartOf\":{\"@id\":\"https:\/\/tekcevisa.com\/zh\/#website\"},\"datePublished\":\"2023-01-16T08:42:18+00:00\",\"dateModified\":\"2023-08-01T10:44:31+00:00\",\"description\":\"\u4e86\u89e3\u6cf0\u514b\u6770\u6cd5\u5f8b\u54a8\u8be2\u516c\u53f8 (Tekce Legal Consultancy SA) \u7684\u79fb\u52a8\u5e94\u7528\u7a0b\u5e8f\u548c\u7f51\u7ad9 https:\/\/tekcevisa.com \u7684\u6cd5\u5f8b\u58f0\u660e\u548c\u514d\u8d23\u58f0\u660e\u3002\",\"breadcrumb\":{\"@id\":\"https:\/\/tekcevisa.com\/zh\/legal-notices-and-disclaimer\/#breadcrumb\"},\"inLanguage\":\"tr\",\"potentialAction\":[{\"@type\":\"ReadAction\",\"target\":[\"https:\/\/tekcevisa.com\/zh\/legal-notices-and-disclaimer\/\"]}]},{\"@type\":\"BreadcrumbList\",\"@id\":\"https:\/\/tekcevisa.com\/zh\/legal-notices-and-disclaimer\/#breadcrumb\",\"itemListElement\":[{\"@type\":\"ListItem\",\"position\":1,\"name\":\"Anasayfa\",\"item\":\"https:\/\/tekcevisa.com\/zh\/\"},{\"@type\":\"ListItem\",\"position\":2,\"name\":\"\u6cd5\u5f8b\u58f0\u660e\u548c\u514d\u8d23\u58f0\u660e\"}]},{\"@type\":\"WebSite\",\"@id\":\"https:\/\/tekcevisa.com\/zh\/#website\",\"url\":\"https:\/\/tekcevisa.com\/zh\/\",\"name\":\"Tekce Visa\",\"description\":\"\u56fd\u9645\u6cd5\u5f8b\u54a8\u8be2\",\"publisher\":{\"@id\":\"https:\/\/tekcevisa.com\/zh\/#organization\"},\"potentialAction\":[{\"@type\":\"SearchAction\",\"target\":{\"@type\":\"EntryPoint\",\"urlTemplate\":\"https:\/\/tekcevisa.com\/zh\/?s={search_term_string}\"},\"query-input\":\"required name=search_term_string\"}],\"inLanguage\":\"tr\"},{\"@type\":\"Organization\",\"@id\":\"https:\/\/tekcevisa.com\/zh\/#organization\",\"name\":\"Tekce Visa\",\"url\":\"https:\/\/tekcevisa.com\/zh\/\",\"logo\":{\"@type\":\"ImageObject\",\"inLanguage\":\"tr\",\"@id\":\"https:\/\/tekcevisa.com\/zh\/#\/schema\/logo\/image\/\",\"url\":\"https:\/\/tekcevisa.com\/zh\/wp-content\/uploads\/2025\/08\/ah-tekce-visa-opened-1-removebg-preview.png\",\"contentUrl\":\"https:\/\/tekcevisa.com\/zh\/wp-content\/uploads\/2025\/08\/ah-tekce-visa-opened-1-removebg-preview.png\",\"width\":360,\"height\":360,\"caption\":\"Tekce Visa\"},\"image\":{\"@id\":\"https:\/\/tekcevisa.com\/zh\/#\/schema\/logo\/image\/\"}}]}<\/script>\n<!-- \/ Yoast SEO plugin. -->","yoast_head_json":{"title":"\u6cd5\u5f8b\u58f0\u660e\u548c\u514d\u8d23\u58f0\u660e - Tekce Visa","description":"\u4e86\u89e3\u6cf0\u514b\u6770\u6cd5\u5f8b\u54a8\u8be2\u516c\u53f8 (Tekce Legal Consultancy SA) \u7684\u79fb\u52a8\u5e94\u7528\u7a0b\u5e8f\u548c\u7f51\u7ad9 https:\/\/tekcevisa.com \u7684\u6cd5\u5f8b\u58f0\u660e\u548c\u514d\u8d23\u58f0\u660e\u3002","robots":{"index":"noindex","follow":"nofollow"},"og_locale":"tr_TR","og_type":"article","og_title":"\u6cd5\u5f8b\u58f0\u660e\u548c\u514d\u8d23\u58f0\u660e - Tekce Visa","og_description":"\u4e86\u89e3\u6cf0\u514b\u6770\u6cd5\u5f8b\u54a8\u8be2\u516c\u53f8 (Tekce Legal Consultancy SA) \u7684\u79fb\u52a8\u5e94\u7528\u7a0b\u5e8f\u548c\u7f51\u7ad9 https:\/\/tekcevisa.com \u7684\u6cd5\u5f8b\u58f0\u660e\u548c\u514d\u8d23\u58f0\u660e\u3002","og_url":"https:\/\/tekcevisa.com\/zh\/legal-notices-and-disclaimer\/","og_site_name":"Tekce Visa","article_modified_time":"2023-08-01T10:44:31+00:00","twitter_card":"summary_large_image","twitter_misc":{"Tahmini okuma s\u00fcresi":"1 dakika"},"schema":{"@context":"https:\/\/schema.org","@graph":[{"@type":"WebPage","@id":"https:\/\/tekcevisa.com\/zh\/legal-notices-and-disclaimer\/","url":"https:\/\/tekcevisa.com\/zh\/legal-notices-and-disclaimer\/","name":"\u6cd5\u5f8b\u58f0\u660e\u548c\u514d\u8d23\u58f0\u660e - Tekce Visa","isPartOf":{"@id":"https:\/\/tekcevisa.com\/zh\/#website"},"datePublished":"2023-01-16T08:42:18+00:00","dateModified":"2023-08-01T10:44:31+00:00","description":"\u4e86\u89e3\u6cf0\u514b\u6770\u6cd5\u5f8b\u54a8\u8be2\u516c\u53f8 (Tekce Legal Consultancy SA) \u7684\u79fb\u52a8\u5e94\u7528\u7a0b\u5e8f\u548c\u7f51\u7ad9 https:\/\/tekcevisa.com \u7684\u6cd5\u5f8b\u58f0\u660e\u548c\u514d\u8d23\u58f0\u660e\u3002","breadcrumb":{"@id":"https:\/\/tekcevisa.com\/zh\/legal-notices-and-disclaimer\/#breadcrumb"},"inLanguage":"tr","potentialAction":[{"@type":"ReadAction","target":["https:\/\/tekcevisa.com\/zh\/legal-notices-and-disclaimer\/"]}]},{"@type":"BreadcrumbList","@id":"https:\/\/tekcevisa.com\/zh\/legal-notices-and-disclaimer\/#breadcrumb","itemListElement":[{"@type":"ListItem","position":1,"name":"Anasayfa","item":"https:\/\/tekcevisa.com\/zh\/"},{"@type":"ListItem","position":2,"name":"\u6cd5\u5f8b\u58f0\u660e\u548c\u514d\u8d23\u58f0\u660e"}]},{"@type":"WebSite","@id":"https:\/\/tekcevisa.com\/zh\/#website","url":"https:\/\/tekcevisa.com\/zh\/","name":"Tekce Visa","description":"\u56fd\u9645\u6cd5\u5f8b\u54a8\u8be2","publisher":{"@id":"https:\/\/tekcevisa.com\/zh\/#organization"},"potentialAction":[{"@type":"SearchAction","target":{"@type":"EntryPoint","urlTemplate":"https:\/\/tekcevisa.com\/zh\/?s={search_term_string}"},"query-input":"required name=search_term_string"}],"inLanguage":"tr"},{"@type":"Organization","@id":"https:\/\/tekcevisa.com\/zh\/#organization","name":"Tekce Visa","url":"https:\/\/tekcevisa.com\/zh\/","logo":{"@type":"ImageObject","inLanguage":"tr","@id":"https:\/\/tekcevisa.com\/zh\/#\/schema\/logo\/image\/","url":"https:\/\/tekcevisa.com\/zh\/wp-content\/uploads\/2025\/08\/ah-tekce-visa-opened-1-removebg-preview.png","contentUrl":"https:\/\/tekcevisa.com\/zh\/wp-content\/uploads\/2025\/08\/ah-tekce-visa-opened-1-removebg-preview.png","width":360,"height":360,"caption":"Tekce Visa"},"image":{"@id":"https:\/\/tekcevisa.com\/zh\/#\/schema\/logo\/image\/"}}]}},"_links":{"self":[{"href":"https:\/\/tekcevisa.com\/zh\/wp-json\/wp\/v2\/pages\/644","targetHints":{"allow":["GET"]}}],"collection":[{"href":"https:\/\/tekcevisa.com\/zh\/wp-json\/wp\/v2\/pages"}],"about":[{"href":"https:\/\/tekcevisa.com\/zh\/wp-json\/wp\/v2\/types\/page"}],"author":[{"embeddable":true,"href":"https:\/\/tekcevisa.com\/zh\/wp-json\/wp\/v2\/users\/5"}],"replies":[{"embeddable":true,"href":"https:\/\/tekcevisa.com\/zh\/wp-json\/wp\/v2\/comments?post=644"}],"version-history":[{"count":2,"href":"https:\/\/tekcevisa.com\/zh\/wp-json\/wp\/v2\/pages\/644\/revisions"}],"predecessor-version":[{"id":4654,"href":"https:\/\/tekcevisa.com\/zh\/wp-json\/wp\/v2\/pages\/644\/revisions\/4654"}],"wp:attachment":[{"href":"https:\/\/tekcevisa.com\/zh\/wp-json\/wp\/v2\/media?parent=644"}],"curies":[{"name":"wp","href":"https:\/\/api.w.org\/{rel}","templated":true}]}}