{"id":650,"date":"2023-01-16T11:50:34","date_gmt":"2023-01-16T08:50:34","guid":{"rendered":"https:\/\/tekcevisa.com\/?page_id=650"},"modified":"2023-07-31T15:52:05","modified_gmt":"2023-07-31T12:52:05","slug":"terms-of-use","status":"publish","type":"page","link":"https:\/\/tekcevisa.com\/zh\/terms-of-use\/","title":{"rendered":"\u7f51\u7ad9\u4f7f\u7528\u6761\u6b3e\u548c\u6761\u4ef6"},"content":{"rendered":"<h1>\u7f51\u7ad9\u4f7f\u7528\u6761\u6b3e\u548c\u6761\u4ef6<\/h1>\n<p>\u7f51\u7ad9 https:\/\/tekcevisa.com \u5f52 Tekce Legal Consultancy SA \u6240\u6709\u3002 \u6211\u4eec\u5efa\u8bae\u60a8\u5728\u6d4f\u89c8\u524d\u4ed4\u7ec6\u9605\u8bfb\u7f51\u7ad9\u7684\u6761\u6b3e\u548c\u6761\u4ef6\u3002 \u60a8\u7ee7\u7eed\u4f7f\u7528\u6211\u4eec\u7684\u7f51\u7ad9\u5373\u8868\u793a\u60a8\u540c\u610f\u5e76\u63a5\u53d7\u6211\u4eec\u7684\u4f7f\u7528\u6761\u6b3e\u3002 \u5982\u679c\u60a8\u4e0d\u63a5\u53d7\u8fd9\u4e9b\u6761\u6b3e\uff0c\u60a8\u53ef\u4ee5\u907f\u514d\u4f7f\u7528\u6211\u4eec\u7684\u7f51\u7ad9\u3002<\/p>\n<p>\u6cf0\u514b\u6770\u6cd5\u5f8b\u54a8\u8be2\u516c\u53f8 \uff08Tekce Legal Consultancy SA\uff09 \u5b8c\u5168\u9075\u5b88\u897f\u73ed\u7259\u6570\u636e\u4fdd\u62a4\u548c\u6570\u5b57\u6743\u5229\u6cd5\u6848 3\/2018 \u7684\u6570\u636e\u5b89\u5168\u548c\u5b58\u50a8\u3002<\/p>\n<h2>\u6211\u4eec\u662f\u8c01\uff1f<\/h2>\n<p>Tekce Legal Consultancy SA\uff08\u4ee5\u4e0b\u7b80\u79f0\u201c\u6211\u4eec\u201d\u6216\u201c\u6211\u4eec\u201d\uff09\u662f\u4e00\u5bb6\u5728\u897f\u73ed\u7259\u3001\u571f\u8033\u5176\u3001\u8461\u8404\u7259\u548c\u9ed1\u5c71\u7ecf\u8425\u7684\u6cd5\u5f8b\u54a8\u8be2\u670d\u52a1\u673a\u6784\u3002 \u6211\u4eec\u662f\u516c\u6c11\u8eab\u4efd\u548c\u6295\u8d44\u5c45\u7559\u8bb8\u53ef\u65b9\u9762\u7684\u4e13\u4e1a\u4eba\u58eb\u548c\u4e13\u5bb6\uff0c\u6211\u4eec\u5e2e\u52a9\u4e16\u754c\u5404\u5730\u6570\u767e\u4eba\u548c\u5bb6\u5ead\u7684\u751f\u6d3b\u3002<\/p>\n<p>\u6211\u4eec\u7684 Nace \u4ee3\u7801\u662f 68.31.01\uff0c\u6211\u4eec\u7684\u8d38\u6613\u6ce8\u518c\u53f7\u662f 145567-5\u3002<\/p>\n<p>\u6211\u4eec\u516c\u53f8\u7684\u4ef7\u503c\u89c2\u57fa\u4e8e\u53ef\u6301\u7eed\u53d1\u5c55\u3001\u5353\u8d8a\u3001\u521b\u65b0\u3001\u8bda\u4fe1\u548c\u5584\u826f\u3002 \u6211\u4eec\u4ece\u4e0d\u56e0\u80a4\u8272\u3001\u79cd\u65cf\u6216\u6027\u522b\u6b67\u89c6\u4ed6\u4eba\u3002<\/p>\n<p><strong>\u6211\u4eec\u7684\u6761\u6b3e\u548c\u7f51\u7ad9\u7684\u53d8\u66f4<\/strong><\/p>\n<p>Tekce Legal Consultancy SA \u53ef\u4ee5\u968f\u65f6\u66f4\u6539\u6216\u7ec8\u6b62\u6761\u6b3e\u548c\u7f51\u7ad9\u3002 \u60a8\u53ef\u4ee5\u67e5\u770b\u8fd9\u4e9b\u6761\u6b3e\uff0c\u4ee5\u786e\u4fdd\u60a8\u6bcf\u6b21\u5e0c\u671b\u4f7f\u7528\u6211\u4eec\u7684\u7f51\u7ad9\u65f6\u90fd\u4e86\u89e3\u5f53\u524d\u7684\u6761\u6b3e\u3002<\/p>\n<p><strong>\u6211\u4eec\u7f51\u7ad9\u7684\u76ee\u7684<\/strong><\/p>\n<p>\u5728 Tekce Legal Consultancy SA \u5185\u4ee5\u5404\u79cd\u8bed\u8a00\u548c\u9886\u57df\u5728\u6211\u4eec\u7f51\u7ad9\u4e0a\u53d1\u5e03\u7684\u51fa\u7248\u7269\u7684\u76ee\u7684\u662f\uff1b<\/p>\n<ul>\n<li>\u4ee5\u5404\u79cd\u5916\u8bed\u4ecb\u7ecd\u201cTekce Legal Consultancy SA\u201d\u7684\u670d\u52a1\u3002<\/li>\n<\/ul>\n<p><strong>\u6211\u4eec\u4f7f\u7528 Cookie<\/strong><\/p>\n<p>Cookie \u662f\u6d4f\u89c8\u7f51\u7ad9\u65f6\u5728\u60a8\u7684\u8ba1\u7b97\u673a\u4e0a\u5efa\u7acb\u7684\u5c0f\u578b\u6587\u672c\u6587\u4ef6\u3002 \u6211\u4eec\u4f7f\u7528\u6211\u4eec\u81ea\u5df1\u7684\u548c\u7b2c\u4e09\u65b9\u7684 cookie \u6765\u8bb0\u4f4f\u60a8\u548c\u60a8\u7684\u504f\u597d\uff0c\u63d0\u9ad8\u6211\u4eec\u7f51\u7ad9\u7684\u6027\u80fd\uff0c\u5e76\u751f\u6210\u7edf\u8ba1\u4fe1\u606f\u3002<\/p>\n<p><strong>\u6211\u4eec\u4e3a\u4ec0\u4e48\u6536\u96c6\u60a8\u7684\u6570\u636e\uff1f<\/strong><\/p>\n<p>Tekce Legal Consultancy SA \u6536\u96c6\u6570\u636e\u662f\u4e3a\u4e86\u5411\u4e2a\u4eba\u63d0\u4f9b\u4fe1\u606f\u548c\u6700\u597d\u7684\u5ba2\u6237\u670d\u52a1\uff0c\u4e86\u89e3\u4ed6\u4eec\u7684\u9700\u6c42\u548c\u671f\u671b\uff0c\u5c24\u5176\u662f\u51fa\u4e8e\u4ee5\u4e0b\u539f\u56e0\uff1a<\/p>\n<ul>\n<li>\u8054\u7cfb\u4eba\u548c\u4e2a\u4eba\u4fe1\u606f\uff0c\u4f8b\u5982\u59d3\u540d\u3001\u7535\u5b50\u90ae\u4ef6\u5730\u5740\u548c\u7535\u8bdd\u53f7\u7801\uff0c\u4ee5\u4fbf\u66f4\u597d\u5730\u6c9f\u901a\u3002 \u6211\u4eec\u8fd8\u4f7f\u7528\u8fd9\u4e9b\u4fe1\u606f\u901a\u8fc7\u60a8\u7684\u7535\u5b50\u90ae\u4ef6\u5730\u5740\u4ee5\u65f6\u4e8b\u901a\u8baf\u7684\u5f62\u5f0f\u5411\u60a8\u53d1\u9001\u4fe1\u606f\u5185\u5bb9\uff0c\u5e76\u901a\u77e5\u60a8\u6211\u4eec\u7684\u6700\u65b0\u670d\u52a1\u3002<\/li>\n<li>\u4eba\u53e3\u7edf\u8ba1\u7f51\u7ad9\u6216\u5e94\u7528\u7a0b\u5e8f\u6d4f\u89c8\u6570\u636e\uff0c\u7528\u4e8e\u68c0\u67e5\u548c\u6536\u96c6\u7528\u6237\u5174\u8da3\u70b9\u3002 \u6b64\u6570\u636e\u7528\u4e8e\u6539\u8fdb\u4e1a\u52a1\u548c\u8fd0\u8425\u6d3b\u52a8\uff0c\u4f8b\u5982\u8425\u9500\u3001\u91cd\u5b9a\u5411\u548c\u901a\u4fe1\u3002<\/li>\n<li>\u793e\u4ea4\u5a92\u4f53\u6570\u636e\uff08Facebook\u3001Twitter\u3001Linkedin\uff09\u4ee5\u63d0\u4f9b\u66f4\u597d\u7684\u7f51\u7ad9\u4f53\u9a8c\u3002 \u8fd9\u4e9b\u793e\u4ea4\u5a92\u4f53\u53ea\u80fd\u7528\u4e8e\u5728\u6211\u4eec\u7684\u7f51\u7ad9\u4e0a\u6ce8\u518c\u3002<\/li>\n<li>\u4f4d\u7f6e\u4fe1\u606f\uff0c\u4f8b\u5982\u73b0\u6709\u5730\u5740\u548c IP \u5730\u5740\uff0c\u7528\u4e8e\u63a8\u8350\u6211\u4eec\u7684\u670d\u52a1\u5e76\u6309\u4f4d\u7f6e\u663e\u793a\u6700\u8fd1\u7684\u529e\u4e8b\u5904\u3002<\/li>\n<\/ul>\n<p>\u6211\u4eec\u4fdd\u7559\u60a8\u81ea\u613f\u63d0\u4f9b\u7ed9\u6211\u4eec\u7684\u59d3\u540d\u3001\u7535\u8bdd\u3001\u7535\u5b50\u90ae\u4ef6\u5730\u5740\u3002<\/p>\n<p>\u53ea\u6709\u6388\u6743\u4eba\u5458\u624d\u80fd\u8bbf\u95ee\u60a8\u7684\u6570\u636e\u3002 \u6211\u4eec\u7edd\u4e0d\u4f1a\u5728\u54a8\u8be2\u670d\u52a1\u4e4b\u5916\u4f7f\u7528\u60a8\u7684\u6570\u636e\u3002 \u6211\u4eec\u7edd\u4e0d\u4f1a\u4e0e\u7b2c\u4e09\u65b9\u516c\u53f8\u5171\u4eab\u60a8\u7684\u6570\u636e\u3002<\/p>\n<p>\u6bcf\u6b21\u60a8\u81f4\u7535\u6211\u4eec\u516c\u53f8\u6216\u6211\u4eec\u7684\u4eba\u5458\uff0c\u5373\u8868\u793a\u60a8\u540c\u610f\u6211\u4eec\u53ef\u4ee5\u7ed9\u60a8\u56de\u7535\u5e76\u5411\u60a8\u53d1\u9001\u624b\u673a\u4fe1\u606f\uff08\u901a\u8fc7 Whatsapp\u3001SMS\u3001Viber \u7b49\uff09\u3002 \u6b64\u5916\uff0c\u6211\u4eec\u5047\u5b9a\u60a8\u540c\u610f\uff0c\u5982\u679c\u60a8\u5411\u6211\u4eec\u516c\u5e03\u7684\u90ae\u4ef6\u5730\u5740\u53d1\u9001\u7535\u5b50\u90ae\u4ef6\u6216\u586b\u5199\u6211\u4eec\u7684\u7f51\u7edc\u8868\u683c\uff0c\u6211\u4eec\u53ef\u4ee5\u7ed9\u60a8\u6253\u7535\u8bdd\u5e76\u5411\u60a8\u53d1\u9001\u6709\u5173\u60a8\u7684\u67e5\u8be2\u7684\u4fe1\u606f\u548c\u65f6\u4e8b\u901a\u8baf\u7535\u5b50\u90ae\u4ef6\u3002<\/p>\n<p><strong>\u6211\u4eec\u5c0a\u91cd\u7528\u6237\u7684\u9690\u79c1<\/strong><\/p>\n<p>\u6211\u4eec\u6839\u636e\u6211\u4eec\u7684\u4f01\u4e1a\u4ef7\u503c\u89c2\u4fdd\u62a4\u9690\u79c1\u3002 \u6211\u4eec\u4ec5\u4f7f\u7528\u7b2c 3 \u65b9 cookie \u6765\u589e\u5f3a\u8bbf\u95ee\u8005\u5728\u6211\u4eec\u7f51\u7ad9\u4e0a\u7684\u4f53\u9a8c\u3002 \u53ea\u6709\u6388\u6743\u4eba\u5458\u624d\u80fd\u67e5\u770b\u7535\u8bdd\u3001\u7535\u5b50\u90ae\u4ef6\u3001\u5408\u540c\u671f\u95f4\u83b7\u5f97\u7684\u8be6\u7ec6\u8eab\u4efd\u4fe1\u606f\u548c\u7a0e\u53f7\u3002<\/p>\n<p>\u4efb\u4f55\u672a\u7ecf\u516c\u53f8\u6388\u6743\u7684\u4eba\u90fd\u65e0\u6cd5\u8bbf\u95ee\u60a8\u7684\u4fe1\u606f\u3002 \u6211\u4eec\u4f7f\u7528\u8fd9\u4e9b\u4fe1\u606f\u548c\u6587\u4ef6\u4ec5\u4e3a\u5411\u60a8\u63d0\u4f9b\u670d\u52a1\u548c\u63d0\u4f9b\u4e13\u4e1a\u54a8\u8be2\u670d\u52a1\u4e3a\u76ee\u7684\u3002 \u6211\u4eec\u53ef\u4ee5\u5c31\u60a8\u611f\u5174\u8da3\u7684\u5185\u5bb9\u548c\u670d\u52a1\u62e8\u6253\u7535\u8bdd\u3001\u53d1\u9001\u7535\u5b50\u90ae\u4ef6\u548c\u65f6\u4e8b\u901a\u8baf\u3002\u5982\u679c\u60a8\u4e0d\u613f\u610f\uff0c\u6211\u4eec\u4fdd\u8bc1\u4e0d\u4f1a\u6253\u6270\u60a8\u3002<\/p>\n<p>\u60a8\u53ef\u4ee5\u9605\u8bfb\u6211\u4eec\u7684\u9690\u79c1\u653f\u7b56\uff0c\u8be6\u7ec6\u4e86\u89e3\u6211\u4eec\u5982\u4f55\u6536\u96c6\u548c\u4f7f\u7528\u60a8\u7684\u4e2a\u4eba\u6570\u636e\u4ee5\u53ca\u4fdd\u62a4\u60a8\u7684\u9690\u79c1\u3002<\/p>\n<h4>\u5c0a\u91cd\u6211\u4eec\u7684\u77e5\u8bc6\u4ea7\u6743<\/h4>\n<p>\u6240\u6709\u5185\u5bb9\u90fd\u662f\u6211\u4eec\u7684\u4f5c\u54c1\uff0c\u5e76\u4e14\u662f\u72ec\u4e00\u65e0\u4e8c\u7684\u3002 \u6211\u4eec\u5047\u8bbe\u60a8\u5c0a\u91cd\u6211\u4eec\u7684\u77e5\u8bc6\u4ea7\u6743\u3002 \u8bf7\u52ff\u590d\u5236\u6211\u4eec\u7f51\u7ad9\u4e0a\u7684\u4efb\u4f55\u5185\u5bb9\u3002<\/p>\n<p>\u60a8\u53ef\u4ee5\u901a\u8fc7\u94fe\u63a5\u5230\u6211\u4eec\u7684\u7f51\u7ad9\u6216\u5c06\u4fe1\u606f\u6765\u6e90\u6307\u5b9a\u4e3a\u201cTekce Legal Consultancy SA\u201d\u6765\u4f7f\u7528\u6211\u4eec\u7684\u4fe1\u606f\u5185\u5bb9\u3002 \u6211\u4eec\u5c0a\u91cd\u6570\u5b57\u5343\u5e74\u7248\u6743\u6cd5\uff0c\u5e76\u901a\u8fc7 DMCA \u634d\u536b\u6211\u4eec\u7684\u72ec\u7279\u6027\u3002<\/p>\n<h4>\u5546\u6807\u653f\u7b56<\/h4>\n<p>Tekce Legal Consultancy SA \u662f\u6211\u4eec\u7684\u6ce8\u518c\u5546\u6807\u3002 \u6ca1\u6709\u4eba\u53ef\u4ee5\u4f7f\u7528\u6211\u4eec\u7684\u54c1\u724c\u548c\u6807\u5fd7\u3002<\/p>\n<p>\u5ba2\u6237\u7684\u53cd\u9988\u610f\u89c1<\/p>\n<p>\u6211\u4eec\u6b22\u8fce\u60a8\u5c31\u5982\u4f55\u6539\u8fdb\u6211\u4eec\u7684\u670d\u52a1\u63d0\u51fa\u5efa\u8bae\u3002 \u5982\u679c\u60a8\u5bf9\u8fd9\u4e9b\u6761\u4ef6\u6216 Tekce Legal Consultancy SA \u6709\u4efb\u4f55\u53cd\u9988\u3001\u95ee\u9898\u6216\u6295\u8bc9\uff0c\u8bf7\u4f7f\u7528\u4e0b\u9762\u63d0\u4f9b\u7684\u8054\u7cfb\u65b9\u5f0f\u3002<\/p>\n<p><strong><em>Tekce Legal Consultancy SA \u7684\u6cd5\u5f8b\u58f0\u660e\u5730\u5740\uff1b<\/em><\/strong><\/p>\n<p><em>\u6cd5\u5f8b\u58f0\u660e\u5730\u5740\uff1aC\/El Mont\u00edculo 8, 29631, Benalm\u00e1dena M\u00e1laga, Spain<\/em><\/p>\n<p><em>\u7535\u8bdd\uff1a+34 951 23 59 59<\/em><\/p>\n<p><em>\u90ae\u7bb1\uff1ainfo@tekcevisa.com<\/em><\/p>\n","protected":false},"excerpt":{"rendered":"<p>\u7f51\u7ad9\u4f7f\u7528\u6761\u6b3e\u548c\u6761\u4ef6 \u7f51\u7ad9 https:\/\/tekcevisa.com \u5f52 Tekce Legal Consultancy SA \u6240\u6709\u3002 \u6211\u4eec\u5efa\u8bae\u60a8\u5728\u6d4f\u89c8\u524d\u4ed4\u7ec6\u9605\u8bfb\u7f51\u7ad9\u7684\u6761\u6b3e\u548c\u6761\u4ef6\u3002<span class=\"excerpt-hellip\"> [\u2026]<\/span><\/p>\n","protected":false},"author":5,"featured_media":0,"parent":0,"menu_order":0,"comment_status":"closed","ping_status":"closed","template":"","meta":{"footnotes":""},"class_list":["post-650","page","type-page","status-publish","hentry"],"yoast_head":"<!-- This site is optimized with the Yoast SEO plugin v21.9.1 - https:\/\/yoast.com\/wordpress\/plugins\/seo\/ -->\n<title>\u4f7f\u7528\u6761\u6b3e - Tekce Visa<\/title>\n<meta name=\"description\" content=\"\u60a8\u53ef\u4ee5\u67e5\u770b\u6cf0\u514b\u6770\u6cd5\u5f8b\u54a8\u8be2\u516c\u53f8 (Tekce Legal Consultancy SA)\u7684\u7f51\u7ad9\u529f\u80fd\u548c\u5e94\u7528\u7a0b\u5e8f\u3002\" \/>\n<meta name=\"robots\" content=\"noindex, nofollow\" \/>\n<meta property=\"og:locale\" content=\"tr_TR\" \/>\n<meta property=\"og:type\" content=\"article\" \/>\n<meta property=\"og:title\" content=\"\u4f7f\u7528\u6761\u6b3e - Tekce Visa\" \/>\n<meta property=\"og:description\" content=\"\u60a8\u53ef\u4ee5\u67e5\u770b\u6cf0\u514b\u6770\u6cd5\u5f8b\u54a8\u8be2\u516c\u53f8 (Tekce Legal Consultancy SA)\u7684\u7f51\u7ad9\u529f\u80fd\u548c\u5e94\u7528\u7a0b\u5e8f\u3002\" \/>\n<meta property=\"og:url\" content=\"https:\/\/tekcevisa.com\/zh\/terms-of-use\/\" \/>\n<meta property=\"og:site_name\" content=\"Tekce Visa\" \/>\n<meta property=\"article:modified_time\" content=\"2023-07-31T12:52:05+00:00\" \/>\n<meta name=\"twitter:card\" content=\"summary_large_image\" \/>\n<meta name=\"twitter:label1\" content=\"Tahmini okuma s\u00fcresi\" \/>\n\t<meta name=\"twitter:data1\" content=\"1 dakika\" \/>\n<script type=\"application\/ld+json\" class=\"yoast-schema-graph\">{\"@context\":\"https:\/\/schema.org\",\"@graph\":[{\"@type\":\"WebPage\",\"@id\":\"https:\/\/tekcevisa.com\/zh\/terms-of-use\/\",\"url\":\"https:\/\/tekcevisa.com\/zh\/terms-of-use\/\",\"name\":\"\u4f7f\u7528\u6761\u6b3e - Tekce Visa\",\"isPartOf\":{\"@id\":\"https:\/\/tekcevisa.com\/zh\/#website\"},\"datePublished\":\"2023-01-16T08:50:34+00:00\",\"dateModified\":\"2023-07-31T12:52:05+00:00\",\"description\":\"\u60a8\u53ef\u4ee5\u67e5\u770b\u6cf0\u514b\u6770\u6cd5\u5f8b\u54a8\u8be2\u516c\u53f8 (Tekce Legal Consultancy SA)\u7684\u7f51\u7ad9\u529f\u80fd\u548c\u5e94\u7528\u7a0b\u5e8f\u3002\",\"breadcrumb\":{\"@id\":\"https:\/\/tekcevisa.com\/zh\/terms-of-use\/#breadcrumb\"},\"inLanguage\":\"tr\",\"potentialAction\":[{\"@type\":\"ReadAction\",\"target\":[\"https:\/\/tekcevisa.com\/zh\/terms-of-use\/\"]}]},{\"@type\":\"BreadcrumbList\",\"@id\":\"https:\/\/tekcevisa.com\/zh\/terms-of-use\/#breadcrumb\",\"itemListElement\":[{\"@type\":\"ListItem\",\"position\":1,\"name\":\"Anasayfa\",\"item\":\"https:\/\/tekcevisa.com\/zh\/\"},{\"@type\":\"ListItem\",\"position\":2,\"name\":\"\u7f51\u7ad9\u4f7f\u7528\u6761\u6b3e\u548c\u6761\u4ef6\"}]},{\"@type\":\"WebSite\",\"@id\":\"https:\/\/tekcevisa.com\/zh\/#website\",\"url\":\"https:\/\/tekcevisa.com\/zh\/\",\"name\":\"Tekce Visa\",\"description\":\"\u56fd\u9645\u6cd5\u5f8b\u54a8\u8be2\",\"publisher\":{\"@id\":\"https:\/\/tekcevisa.com\/zh\/#organization\"},\"potentialAction\":[{\"@type\":\"SearchAction\",\"target\":{\"@type\":\"EntryPoint\",\"urlTemplate\":\"https:\/\/tekcevisa.com\/zh\/?s={search_term_string}\"},\"query-input\":\"required name=search_term_string\"}],\"inLanguage\":\"tr\"},{\"@type\":\"Organization\",\"@id\":\"https:\/\/tekcevisa.com\/zh\/#organization\",\"name\":\"Tekce Visa\",\"url\":\"https:\/\/tekcevisa.com\/zh\/\",\"logo\":{\"@type\":\"ImageObject\",\"inLanguage\":\"tr\",\"@id\":\"https:\/\/tekcevisa.com\/zh\/#\/schema\/logo\/image\/\",\"url\":\"https:\/\/tekcevisa.com\/zh\/wp-content\/uploads\/2025\/08\/ah-tekce-visa-opened-1-removebg-preview.png\",\"contentUrl\":\"https:\/\/tekcevisa.com\/zh\/wp-content\/uploads\/2025\/08\/ah-tekce-visa-opened-1-removebg-preview.png\",\"width\":360,\"height\":360,\"caption\":\"Tekce Visa\"},\"image\":{\"@id\":\"https:\/\/tekcevisa.com\/zh\/#\/schema\/logo\/image\/\"}}]}<\/script>\n<!-- \/ Yoast SEO plugin. -->","yoast_head_json":{"title":"\u4f7f\u7528\u6761\u6b3e - Tekce Visa","description":"\u60a8\u53ef\u4ee5\u67e5\u770b\u6cf0\u514b\u6770\u6cd5\u5f8b\u54a8\u8be2\u516c\u53f8 (Tekce Legal Consultancy SA)\u7684\u7f51\u7ad9\u529f\u80fd\u548c\u5e94\u7528\u7a0b\u5e8f\u3002","robots":{"index":"noindex","follow":"nofollow"},"og_locale":"tr_TR","og_type":"article","og_title":"\u4f7f\u7528\u6761\u6b3e - Tekce Visa","og_description":"\u60a8\u53ef\u4ee5\u67e5\u770b\u6cf0\u514b\u6770\u6cd5\u5f8b\u54a8\u8be2\u516c\u53f8 (Tekce Legal Consultancy SA)\u7684\u7f51\u7ad9\u529f\u80fd\u548c\u5e94\u7528\u7a0b\u5e8f\u3002","og_url":"https:\/\/tekcevisa.com\/zh\/terms-of-use\/","og_site_name":"Tekce Visa","article_modified_time":"2023-07-31T12:52:05+00:00","twitter_card":"summary_large_image","twitter_misc":{"Tahmini okuma s\u00fcresi":"1 dakika"},"schema":{"@context":"https:\/\/schema.org","@graph":[{"@type":"WebPage","@id":"https:\/\/tekcevisa.com\/zh\/terms-of-use\/","url":"https:\/\/tekcevisa.com\/zh\/terms-of-use\/","name":"\u4f7f\u7528\u6761\u6b3e - Tekce Visa","isPartOf":{"@id":"https:\/\/tekcevisa.com\/zh\/#website"},"datePublished":"2023-01-16T08:50:34+00:00","dateModified":"2023-07-31T12:52:05+00:00","description":"\u60a8\u53ef\u4ee5\u67e5\u770b\u6cf0\u514b\u6770\u6cd5\u5f8b\u54a8\u8be2\u516c\u53f8 (Tekce Legal Consultancy SA)\u7684\u7f51\u7ad9\u529f\u80fd\u548c\u5e94\u7528\u7a0b\u5e8f\u3002","breadcrumb":{"@id":"https:\/\/tekcevisa.com\/zh\/terms-of-use\/#breadcrumb"},"inLanguage":"tr","potentialAction":[{"@type":"ReadAction","target":["https:\/\/tekcevisa.com\/zh\/terms-of-use\/"]}]},{"@type":"BreadcrumbList","@id":"https:\/\/tekcevisa.com\/zh\/terms-of-use\/#breadcrumb","itemListElement":[{"@type":"ListItem","position":1,"name":"Anasayfa","item":"https:\/\/tekcevisa.com\/zh\/"},{"@type":"ListItem","position":2,"name":"\u7f51\u7ad9\u4f7f\u7528\u6761\u6b3e\u548c\u6761\u4ef6"}]},{"@type":"WebSite","@id":"https:\/\/tekcevisa.com\/zh\/#website","url":"https:\/\/tekcevisa.com\/zh\/","name":"Tekce Visa","description":"\u56fd\u9645\u6cd5\u5f8b\u54a8\u8be2","publisher":{"@id":"https:\/\/tekcevisa.com\/zh\/#organization"},"potentialAction":[{"@type":"SearchAction","target":{"@type":"EntryPoint","urlTemplate":"https:\/\/tekcevisa.com\/zh\/?s={search_term_string}"},"query-input":"required name=search_term_string"}],"inLanguage":"tr"},{"@type":"Organization","@id":"https:\/\/tekcevisa.com\/zh\/#organization","name":"Tekce Visa","url":"https:\/\/tekcevisa.com\/zh\/","logo":{"@type":"ImageObject","inLanguage":"tr","@id":"https:\/\/tekcevisa.com\/zh\/#\/schema\/logo\/image\/","url":"https:\/\/tekcevisa.com\/zh\/wp-content\/uploads\/2025\/08\/ah-tekce-visa-opened-1-removebg-preview.png","contentUrl":"https:\/\/tekcevisa.com\/zh\/wp-content\/uploads\/2025\/08\/ah-tekce-visa-opened-1-removebg-preview.png","width":360,"height":360,"caption":"Tekce Visa"},"image":{"@id":"https:\/\/tekcevisa.com\/zh\/#\/schema\/logo\/image\/"}}]}},"_links":{"self":[{"href":"https:\/\/tekcevisa.com\/zh\/wp-json\/wp\/v2\/pages\/650","targetHints":{"allow":["GET"]}}],"collection":[{"href":"https:\/\/tekcevisa.com\/zh\/wp-json\/wp\/v2\/pages"}],"about":[{"href":"https:\/\/tekcevisa.com\/zh\/wp-json\/wp\/v2\/types\/page"}],"author":[{"embeddable":true,"href":"https:\/\/tekcevisa.com\/zh\/wp-json\/wp\/v2\/users\/5"}],"replies":[{"embeddable":true,"href":"https:\/\/tekcevisa.com\/zh\/wp-json\/wp\/v2\/comments?post=650"}],"version-history":[{"count":2,"href":"https:\/\/tekcevisa.com\/zh\/wp-json\/wp\/v2\/pages\/650\/revisions"}],"predecessor-version":[{"id":4629,"href":"https:\/\/tekcevisa.com\/zh\/wp-json\/wp\/v2\/pages\/650\/revisions\/4629"}],"wp:attachment":[{"href":"https:\/\/tekcevisa.com\/zh\/wp-json\/wp\/v2\/media?parent=650"}],"curies":[{"name":"wp","href":"https:\/\/api.w.org\/{rel}","templated":true}]}}